{"id":6525,"date":"2020-04-03T09:55:55","date_gmt":"2020-04-03T09:55:55","guid":{"rendered":"https:\/\/rotobed.com\/fr\/?page_id=6525"},"modified":"2021-12-30T12:49:32","modified_gmt":"2021-12-30T12:49:32","slug":"conditions-du-commerce","status":"publish","type":"page","link":"https:\/\/rotobed.com\/fr\/conditions-du-commerce\/","title":{"rendered":"Conditions du commerce"},"content":{"rendered":"<div style='height:50px' class='hr hr-invisible  '><span class='hr-inner ' ><span class='hr-inner-style'><\/span><\/span><\/div>\n<section class=\"av_textblock_section \"  itemscope=\"itemscope\" itemtype=\"https:\/\/schema.org\/CreativeWork\" ><div class='avia_textblock  '   itemprop=\"text\" ><h1 style=\"text-align: center;\">RotoBed\u00ae ApS conditions du commerce<\/h1>\n<hr \/>\n<h2><strong>Information g\u00e9n\u00e9rales<\/strong><\/h2>\n<p>RotoBed\u00ae ApS<br \/>\nStoregade 44<br \/>\nDK-6640 Lunderskov<\/p>\n<p>CVR nr.: 25589580<\/p>\n<p>T\u00e9l\u00e9phone: +45 7550 5025<\/p>\n<p>Courriel: <a href=\"mailto:info@rotobed.com\">info@rotobed.com<\/a><\/p>\n<hr \/>\n<p><strong>Conclusion d&#8217;un accord<\/strong><\/p>\n<p>RotoBed\u00ae vend et livre des produits conform\u00e9ment aux termes et conditions mentionn\u00e9s dans un contrat sign\u00e9 ou sous la forme d&#8217;un autre accord \u00e9crit ou oral. Sauf indication contraire dans le contrat ou l&#8217;accord, tout est effectu\u00e9 conform\u00e9ment aux conditions g\u00e9n\u00e9rales des accords.<\/p>\n<hr \/>\n<p><strong>Responsabilit\u00e9<\/strong><\/p>\n<p>RotoBed\u00ae fera tout son possible pour servir tous les clients sans faute et de mani\u00e8re qualifi\u00e9e. RotoBed\u00ae corrigera toute erreur de commande\/facturation\/livraison conform\u00e9ment \u00e0 la garantie et \u00e0 condition que le client informe RotoBed\u00ae de l&#8217;erreur dans un d\u00e9lai raisonnable. En cas d&#8217;utilisation incorrecte\/violation des conditions de garantie, RotoBed\u00ae n&#8217;assume aucune responsabilit\u00e9 financi\u00e8re suppl\u00e9mentaire pour les dommages directs ou indirects r\u00e9sultant de l&#8217;utilisation des produits RotoBed\u00ae.<\/p>\n<hr \/>\n<p><strong>Des prix<\/strong><\/p>\n<p>RotoBed\u00ae se r\u00e9serve le droit de corriger toute erreur dans nos prix indiqu\u00e9s. De plus, nous nous r\u00e9servons le droit de modifier les prix indiqu\u00e9s sans accord pr\u00e9alable. RotoBed\u00ae se r\u00e9serve le droit de d\u00e9clarer un article \u00e9puis\u00e9.<\/p>\n<hr \/>\n<p><strong>Paiement <\/strong><\/p>\n<p>RotoBed\u00ae re\u00e7oit le paiement par VISA, Mastercard, Maestro, V\u00e9rifi\u00e9 par Visa, Mastercard Securecode, Yourpay et virement bancaire. Lors du paiement par carte bancaire, vous garantissez l&#8217;int\u00e9gralit\u00e9 de votre achat ainsi que les frais de livraison lors de votre commande. Le montant ne sera d\u00e9duit de votre compte que lorsque le produit sera exp\u00e9di\u00e9 de notre entrep\u00f4t. Vous recevrez un e-mail de confirmation de commande lorsque vous passerez votre commande. Vous recevrez \u00e9galement un e-mail lorsque les articles seront exp\u00e9di\u00e9s de notre entrep\u00f4t.<\/p>\n<hr \/>\n<p><strong>Livraison et exp\u00e9dition<\/strong><\/p>\n<p>RotoBed\u00ae livre conform\u00e9ment \u00e0 FOB Copenhague, Incoterms\u00ae 2020. RotoBed\u00ae a les d\u00e9lais de livraison et les tarifs d&#8217;exp\u00e9dition suivants:<\/p>\n<p><u>Hors UE: <\/u><\/p>\n<p>Fret maritime: D\u00e9lai de livraison 4-5 semaines. Tarif d&#8217;exp\u00e9dition 550 USD \/ 500 euros.<\/p>\n<p>Fret a\u00e9rien: D\u00e9lai de livraison 1 semaine. Tarif de livraison 1350 USD \/ 1225 euros.<\/p>\n<p>DPU (Delivered at Place Unloaded): Pour les livraisons internationales \u00e0 l&#8217;\u00e9tranger, les marchandises sont exp\u00e9di\u00e9es vers un terminal au port d&#8217;embarquement\/a\u00e9roport le plus proche de votre adresse, apr\u00e8s quoi vous assumez la responsabilit\u00e9 du produit.<\/p>\n<p><span style=\"text-decoration: underline;\">Au sein de l&#8217;UE:<\/span><\/p>\n<p>Pour le transport routier: D\u00e9lai de livraison 2 semaines. Prix: 190 euros.<\/p>\n<p>Pour le transport non pont\u00e9, le fret doit \u00eatre calcul\u00e9 sur demande.<\/p>\n<p>DAP (Delivered At Place): Au sein de l&#8217;UE, RotoBed\u00ae livre la commande \u00e0 votre adresse.<\/p>\n<p><em>Les r\u00e9servations sont faites pour des \u00e9v\u00e9nements impr\u00e9vus qui peuvent affecter les tarifs d&#8217;exp\u00e9dition et les d\u00e9lais de livraison. RotoBed\u00ae se r\u00e9serve le droit de modifier les tarifs d&#8217;exp\u00e9dition \u00e0 l&#8217;avenir.<\/em><\/p>\n<hr \/>\n<p><strong>Garantie<\/strong><\/p>\n<p>RotoBed\u00ae offre une garantie de 3 ans, \u00e0 condition que les instructions du manuel d&#8217;utilisation soient suivies. Tous les appareils \u00e9lectroniques de LINAK (t\u00e9l\u00e9commande, bo\u00eetier de commande et moteurs) sont couverts par une garantie de 5 ans. Ainsi, pendant les p\u00e9riodes de garantie, les pi\u00e8ces d\u00e9tach\u00e9es sont livr\u00e9es gratuitement. Dans le m\u00eame temps, RotoBed\u00ae garantit d&#8217;\u00eatre capable de livrer des pi\u00e8ces de rechange pendant au moins 10 ans \u00e0 compter de la date d&#8217;achat. Les manuels RotoBed\u00ae contiennent des descriptions pr\u00e9cises des garanties et des conditions pour maintenir la garantie. En cas de violation de ces conditions, la garantie expire. Les manuels RotoBed\u00ae contiennent une section de d\u00e9pannage. Une fois que vous avez identifi\u00e9 le probl\u00e8me, vous pouvez remplir un formulaire de garantie et l&#8217;envoyer \u00e0 RotoBed\u00ae \u00e0 <a href=\"mailto:warranty@rotobed.com\">warranty@rotobed.com<\/a>. Ci-apr\u00e8s, RotoBed\u00ae fournira une pi\u00e8ce de rechange comprenant des instructions sur la fa\u00e7on de la remplacer.<\/p>\n<hr \/>\n<p><strong>Droit de r\u00e9tractation<\/strong><\/p>\n<p>Si vous souhaitez annuler votre achat avec RotoBed\u00ae, vous devez remplir un lien de formulaire d&#8217;annulation et l\u2019envoyer \u00e0 info@rotobed.com dans les 14 jours apr\u00e8s r\u00e9ception de la livraison. Le droit de r\u00e9tractation ne s&#8217;applique que si le ou les articles sont en bon \u00e9tat et non utilis\u00e9s. Les articles doivent \u00eatre retourn\u00e9s dans leur emballage d&#8217;origine. La commande doit \u00eatre retourn\u00e9e dans les plus brefs d\u00e9lais et au plus tard 14 jours apr\u00e8s avoir exerc\u00e9 votre droit de r\u00e9tractation. L&#8217;acheteur est responsable de s&#8217;assurer que le ou les articles sont correctement emball\u00e9s. Les frais de retour sont \u00e0 la charge de l&#8217;acheteur. Vous devez joindre une copie de la confirmation de commande. Vous portez le risque de la marchandise \u00e0 partir du moment de la livraison de la marchandise jusqu&#8217;\u00e0 ce que nous ayons re\u00e7u le retour. Le prix d&#8217;achat est rembours\u00e9 lorsque RotoBed\u00ae a re\u00e7u et approuv\u00e9 l&#8217;\u00e9tat du ou des produits retourn\u00e9s.<\/p>\n<p>L&#8217;adresse de retour est la suivante:<\/p>\n<p>RotoBed\u00ae ApS<br \/>\nStoregade 44<br \/>\nDK-6640 Lunderskov<\/p>\n<p>Marchandises exempt\u00e9es du droit de r\u00e9tractation: le lit rotatif RotoBed\u00ae, qui, gr\u00e2ce au choix d&#8217;une couleur textile autre que la couleur standard, a une touche personnelle distincte.<\/p>\n<p>Remboursement:<\/p>\n<p>Si vous avez pay\u00e9 par virement bancaire, veuillez fournir les coordonn\u00e9es bancaires sous forme de num\u00e9ros IBAN et SWIFT afin de transf\u00e9rer le montant. Ces informations peuvent \u00eatre divulgu\u00e9es sans risque par courrier ou autre forme \u00e9lectronique car elles ne sont pas des informations sensibles et ne seront utilis\u00e9es que pour notre remboursement. Si vous avez pay\u00e9 par carte de cr\u00e9dit, le montant sera rembours\u00e9 sur la m\u00eame carte de cr\u00e9dit.<\/p>\n<hr \/>\n<p><strong>Stockage des informations client <\/strong><\/p>\n<p>RotoBed\u00ae collecte et stocke des donn\u00e9es personnelles \u00e0 diverses fins, y compris la facturation. Vous pouvez en savoir plus sur le traitement et le stockage dans notre lien de politique de confidentialit\u00e9.<\/p>\n<hr \/>\n<p><strong>Version 1.0 04.2020<\/strong><\/p>\n<\/div><\/section>\n","protected":false},"excerpt":{"rendered":"","protected":false},"author":2,"featured_media":0,"parent":0,"menu_order":0,"comment_status":"closed","ping_status":"closed","template":"","meta":[],"yoast_head":"<!-- This site is optimized with the Yoast SEO plugin v16.9 - https:\/\/yoast.com\/wordpress\/plugins\/seo\/ -->\n<title>conditions du commerce rotobed lit rotatif lit de soins<\/title>\n<meta name=\"description\" content=\"Conditions du commerce d\u00e9crivent les conditions lorsque vous achetez un RotoBed lit rotatif. Fret, garantie, politique de retour, etc.\" \/>\n<meta name=\"robots\" content=\"index, follow, max-snippet:-1, max-image-preview:large, max-video-preview:-1\" \/>\n<link rel=\"canonical\" href=\"https:\/\/rotobed.com\/fr\/conditions-du-commerce\/\" \/>\n<meta property=\"og:locale\" content=\"en_GB\" \/>\n<meta property=\"og:type\" content=\"article\" \/>\n<meta property=\"og:title\" content=\"conditions du commerce rotobed lit rotatif lit de soins\" \/>\n<meta property=\"og:description\" content=\"Conditions du commerce d\u00e9crivent les conditions lorsque vous achetez un RotoBed lit rotatif. Fret, garantie, politique de retour, etc.\" \/>\n<meta property=\"og:url\" content=\"https:\/\/rotobed.com\/fr\/conditions-du-commerce\/\" \/>\n<meta property=\"og:site_name\" content=\"RotoBed\" \/>\n<meta property=\"article:modified_time\" content=\"2021-12-30T12:49:32+00:00\" \/>\n<meta name=\"twitter:card\" content=\"summary\" \/>\n<meta name=\"twitter:label1\" content=\"Estimated reading time\" \/>\n\t<meta name=\"twitter:data1\" content=\"5 minutes\" \/>\n<script type=\"application\/ld+json\" class=\"yoast-schema-graph\">{\"@context\":\"https:\/\/schema.org\",\"@graph\":[{\"@type\":\"WebSite\",\"@id\":\"https:\/\/rotobed.com\/fr\/#website\",\"url\":\"https:\/\/rotobed.com\/fr\/\",\"name\":\"RotoBed\",\"description\":\"Rotate life better\",\"potentialAction\":[{\"@type\":\"SearchAction\",\"target\":{\"@type\":\"EntryPoint\",\"urlTemplate\":\"https:\/\/rotobed.com\/fr\/?s={search_term_string}\"},\"query-input\":\"required name=search_term_string\"}],\"inLanguage\":\"en-GB\"},{\"@type\":\"WebPage\",\"@id\":\"https:\/\/rotobed.com\/fr\/conditions-du-commerce\/#webpage\",\"url\":\"https:\/\/rotobed.com\/fr\/conditions-du-commerce\/\",\"name\":\"conditions du commerce rotobed lit rotatif lit de soins\",\"isPartOf\":{\"@id\":\"https:\/\/rotobed.com\/fr\/#website\"},\"datePublished\":\"2020-04-03T09:55:55+00:00\",\"dateModified\":\"2021-12-30T12:49:32+00:00\",\"description\":\"Conditions du commerce d\\u00e9crivent les conditions lorsque vous achetez un RotoBed lit rotatif. Fret, garantie, politique de retour, etc.\",\"breadcrumb\":{\"@id\":\"https:\/\/rotobed.com\/fr\/conditions-du-commerce\/#breadcrumb\"},\"inLanguage\":\"en-GB\",\"potentialAction\":[{\"@type\":\"ReadAction\",\"target\":[\"https:\/\/rotobed.com\/fr\/conditions-du-commerce\/\"]}]},{\"@type\":\"BreadcrumbList\",\"@id\":\"https:\/\/rotobed.com\/fr\/conditions-du-commerce\/#breadcrumb\",\"itemListElement\":[{\"@type\":\"ListItem\",\"position\":1,\"name\":\"Hjem\",\"item\":\"https:\/\/rotobed.com\/fr\/\"},{\"@type\":\"ListItem\",\"position\":2,\"name\":\"Conditions du commerce\"}]}]}<\/script>\n<!-- \/ Yoast SEO plugin. -->","yoast_head_json":{"title":"conditions du commerce rotobed lit rotatif lit de soins","description":"Conditions du commerce d\u00e9crivent les conditions lorsque vous achetez un RotoBed lit rotatif. Fret, garantie, politique de retour, etc.","robots":{"index":"index","follow":"follow","max-snippet":"max-snippet:-1","max-image-preview":"max-image-preview:large","max-video-preview":"max-video-preview:-1"},"canonical":"https:\/\/rotobed.com\/fr\/conditions-du-commerce\/","og_locale":"en_GB","og_type":"article","og_title":"conditions du commerce rotobed lit rotatif lit de soins","og_description":"Conditions du commerce d\u00e9crivent les conditions lorsque vous achetez un RotoBed lit rotatif. Fret, garantie, politique de retour, etc.","og_url":"https:\/\/rotobed.com\/fr\/conditions-du-commerce\/","og_site_name":"RotoBed","article_modified_time":"2021-12-30T12:49:32+00:00","twitter_card":"summary","twitter_misc":{"Estimated reading time":"5 minutes"},"schema":{"@context":"https:\/\/schema.org","@graph":[{"@type":"WebSite","@id":"https:\/\/rotobed.com\/fr\/#website","url":"https:\/\/rotobed.com\/fr\/","name":"RotoBed","description":"Rotate life better","potentialAction":[{"@type":"SearchAction","target":{"@type":"EntryPoint","urlTemplate":"https:\/\/rotobed.com\/fr\/?s={search_term_string}"},"query-input":"required name=search_term_string"}],"inLanguage":"en-GB"},{"@type":"WebPage","@id":"https:\/\/rotobed.com\/fr\/conditions-du-commerce\/#webpage","url":"https:\/\/rotobed.com\/fr\/conditions-du-commerce\/","name":"conditions du commerce rotobed lit rotatif lit de soins","isPartOf":{"@id":"https:\/\/rotobed.com\/fr\/#website"},"datePublished":"2020-04-03T09:55:55+00:00","dateModified":"2021-12-30T12:49:32+00:00","description":"Conditions du commerce d\u00e9crivent les conditions lorsque vous achetez un RotoBed lit rotatif. Fret, garantie, politique de retour, etc.","breadcrumb":{"@id":"https:\/\/rotobed.com\/fr\/conditions-du-commerce\/#breadcrumb"},"inLanguage":"en-GB","potentialAction":[{"@type":"ReadAction","target":["https:\/\/rotobed.com\/fr\/conditions-du-commerce\/"]}]},{"@type":"BreadcrumbList","@id":"https:\/\/rotobed.com\/fr\/conditions-du-commerce\/#breadcrumb","itemListElement":[{"@type":"ListItem","position":1,"name":"Hjem","item":"https:\/\/rotobed.com\/fr\/"},{"@type":"ListItem","position":2,"name":"Conditions du commerce"}]}]}},"_links":{"self":[{"href":"https:\/\/rotobed.com\/fr\/wp-json\/wp\/v2\/pages\/6525"}],"collection":[{"href":"https:\/\/rotobed.com\/fr\/wp-json\/wp\/v2\/pages"}],"about":[{"href":"https:\/\/rotobed.com\/fr\/wp-json\/wp\/v2\/types\/page"}],"author":[{"embeddable":true,"href":"https:\/\/rotobed.com\/fr\/wp-json\/wp\/v2\/users\/2"}],"replies":[{"embeddable":true,"href":"https:\/\/rotobed.com\/fr\/wp-json\/wp\/v2\/comments?post=6525"}],"version-history":[{"count":15,"href":"https:\/\/rotobed.com\/fr\/wp-json\/wp\/v2\/pages\/6525\/revisions"}],"predecessor-version":[{"id":7472,"href":"https:\/\/rotobed.com\/fr\/wp-json\/wp\/v2\/pages\/6525\/revisions\/7472"}],"wp:attachment":[{"href":"https:\/\/rotobed.com\/fr\/wp-json\/wp\/v2\/media?parent=6525"}],"curies":[{"name":"wp","href":"https:\/\/api.w.org\/{rel}","templated":true}]}}