{"id":6537,"date":"2020-04-03T10:43:10","date_gmt":"2020-04-03T10:43:10","guid":{"rendered":"https:\/\/rotobed.com\/fr\/?page_id=6537"},"modified":"2020-11-18T12:47:35","modified_gmt":"2020-11-18T12:47:35","slug":"rotobed-conditions","status":"publish","type":"page","link":"https:\/\/rotobed.com\/fr\/rotobed-conditions\/","title":{"rendered":"conditions"},"content":{"rendered":"<div style='height:50px' class='hr hr-invisible  '><span class='hr-inner ' ><span class='hr-inner-style'><\/span><\/span><\/div>\n<\/div><\/div><\/div><!-- close content main div --><\/div><\/div><div id='av-layout-grid-1' class='av-layout-grid-container entry-content-wrapper main_color av-flex-cells    container_wrap fullsize'   >\n<div class=\"flex_cell no_margin av_one_fourth   \" style='vertical-align:top; padding:30px; '><div class='flex_cell_inner' ><div class='avia-button-wrap avia-button-center '><a href='https:\/\/rotobed.com\/fr\/conditions-du-commerce\/' class='avia-button   avia-icon_select-no avia-color-theme-color avia-size-x-large avia-position-center '   ><span class='avia_iconbox_title' >Conditions du commerce<\/span><\/a><\/div>\n<\/div><\/div><div class=\"flex_cell no_margin av_one_fourth   \" style='vertical-align:top; padding:30px; '><div class='flex_cell_inner' ><div class='avia-button-wrap avia-button-center '><a href='https:\/\/rotobed.com\/fr\/politique-de-confidentialite\/' class='avia-button   avia-icon_select-no avia-color-theme-color avia-size-x-large avia-position-center '   ><span class='avia_iconbox_title' >Politique de confidentialit\u00e9<\/span><\/a><\/div>\n<\/div><\/div><div class=\"flex_cell no_margin av_one_fourth   \" style='vertical-align:top; padding:30px; '><div class='flex_cell_inner' ><div class='avia-button-wrap avia-button-center '><a href='https:\/\/rotobed.com\/fr\/wp-content\/uploads\/2020\/04\/Formulaire-de-retour.pdf' class='avia-button   avia-icon_select-no avia-color-theme-color avia-size-x-large avia-position-center '   ><span class='avia_iconbox_title' >RotoBed\u00ae formulaire de retour<\/span><\/a><\/div>\n<\/div><\/div><div class=\"flex_cell no_margin av_one_fourth   \" style='vertical-align:top; padding:30px; '><div class='flex_cell_inner' ><div class='avia-button-wrap avia-button-center '><a href='https:\/\/rotobed.com\/fr\/wp-content\/uploads\/2020\/04\/RotoBed-Rapport-de-r\u00e9clamation.pdf' class='avia-button   avia-icon_select-no avia-color-theme-color avia-size-x-large avia-position-center '   ><span class='avia_iconbox_title' >RotoBed\u00ae rapport de r\u00e9clamation<\/span><\/a><\/div>\n<\/div><\/div><\/div>\n","protected":false},"excerpt":{"rendered":"","protected":false},"author":2,"featured_media":0,"parent":0,"menu_order":0,"comment_status":"closed","ping_status":"closed","template":"","meta":[],"yoast_head":"<!-- This site is optimized with the Yoast SEO plugin v16.9 - https:\/\/yoast.com\/wordpress\/plugins\/seo\/ -->\n<title>RotoBed conditions lit rotatif lit de soin lit m\u00e9dicalis\u00e9<\/title>\n<meta name=\"description\" content=\"RotoBed conditions: Retrouvez ici notre politique de confidentialit\u00e9, nos conditions g\u00e9n\u00e9rales de vente et les formulaires importants.\" \/>\n<meta name=\"robots\" content=\"index, follow, max-snippet:-1, max-image-preview:large, max-video-preview:-1\" \/>\n<link rel=\"canonical\" href=\"https:\/\/rotobed.com\/fr\/rotobed-conditions\/\" \/>\n<meta property=\"og:locale\" content=\"en_GB\" \/>\n<meta property=\"og:type\" content=\"article\" \/>\n<meta property=\"og:title\" content=\"RotoBed conditions lit rotatif lit de soin lit m\u00e9dicalis\u00e9\" \/>\n<meta property=\"og:description\" content=\"RotoBed conditions: Retrouvez ici notre politique de confidentialit\u00e9, nos conditions g\u00e9n\u00e9rales de vente et les formulaires importants.\" \/>\n<meta property=\"og:url\" content=\"https:\/\/rotobed.com\/fr\/rotobed-conditions\/\" \/>\n<meta property=\"og:site_name\" content=\"RotoBed\" \/>\n<meta property=\"article:modified_time\" content=\"2020-11-18T12:47:35+00:00\" \/>\n<meta name=\"twitter:card\" content=\"summary\" \/>\n<meta name=\"twitter:label1\" content=\"Estimated reading time\" \/>\n\t<meta name=\"twitter:data1\" content=\"2 minutes\" \/>\n<script type=\"application\/ld+json\" class=\"yoast-schema-graph\">{\"@context\":\"https:\/\/schema.org\",\"@graph\":[{\"@type\":\"WebSite\",\"@id\":\"https:\/\/rotobed.com\/fr\/#website\",\"url\":\"https:\/\/rotobed.com\/fr\/\",\"name\":\"RotoBed\",\"description\":\"Rotate life better\",\"potentialAction\":[{\"@type\":\"SearchAction\",\"target\":{\"@type\":\"EntryPoint\",\"urlTemplate\":\"https:\/\/rotobed.com\/fr\/?s={search_term_string}\"},\"query-input\":\"required name=search_term_string\"}],\"inLanguage\":\"en-GB\"},{\"@type\":\"WebPage\",\"@id\":\"https:\/\/rotobed.com\/fr\/rotobed-conditions\/#webpage\",\"url\":\"https:\/\/rotobed.com\/fr\/rotobed-conditions\/\",\"name\":\"RotoBed conditions lit rotatif lit de soin lit m\\u00e9dicalis\\u00e9\",\"isPartOf\":{\"@id\":\"https:\/\/rotobed.com\/fr\/#website\"},\"datePublished\":\"2020-04-03T10:43:10+00:00\",\"dateModified\":\"2020-11-18T12:47:35+00:00\",\"description\":\"RotoBed conditions: Retrouvez ici notre politique de confidentialit\\u00e9, nos conditions g\\u00e9n\\u00e9rales de vente et les formulaires importants.\",\"breadcrumb\":{\"@id\":\"https:\/\/rotobed.com\/fr\/rotobed-conditions\/#breadcrumb\"},\"inLanguage\":\"en-GB\",\"potentialAction\":[{\"@type\":\"ReadAction\",\"target\":[\"https:\/\/rotobed.com\/fr\/rotobed-conditions\/\"]}]},{\"@type\":\"BreadcrumbList\",\"@id\":\"https:\/\/rotobed.com\/fr\/rotobed-conditions\/#breadcrumb\",\"itemListElement\":[{\"@type\":\"ListItem\",\"position\":1,\"name\":\"Hjem\",\"item\":\"https:\/\/rotobed.com\/fr\/\"},{\"@type\":\"ListItem\",\"position\":2,\"name\":\"conditions\"}]}]}<\/script>\n<!-- \/ Yoast SEO plugin. -->","yoast_head_json":{"title":"RotoBed conditions lit rotatif lit de soin lit m\u00e9dicalis\u00e9","description":"RotoBed conditions: Retrouvez ici notre politique de confidentialit\u00e9, nos conditions g\u00e9n\u00e9rales de vente et les formulaires importants.","robots":{"index":"index","follow":"follow","max-snippet":"max-snippet:-1","max-image-preview":"max-image-preview:large","max-video-preview":"max-video-preview:-1"},"canonical":"https:\/\/rotobed.com\/fr\/rotobed-conditions\/","og_locale":"en_GB","og_type":"article","og_title":"RotoBed conditions lit rotatif lit de soin lit m\u00e9dicalis\u00e9","og_description":"RotoBed conditions: Retrouvez ici notre politique de confidentialit\u00e9, nos conditions g\u00e9n\u00e9rales de vente et les formulaires importants.","og_url":"https:\/\/rotobed.com\/fr\/rotobed-conditions\/","og_site_name":"RotoBed","article_modified_time":"2020-11-18T12:47:35+00:00","twitter_card":"summary","twitter_misc":{"Estimated reading time":"2 minutes"},"schema":{"@context":"https:\/\/schema.org","@graph":[{"@type":"WebSite","@id":"https:\/\/rotobed.com\/fr\/#website","url":"https:\/\/rotobed.com\/fr\/","name":"RotoBed","description":"Rotate life better","potentialAction":[{"@type":"SearchAction","target":{"@type":"EntryPoint","urlTemplate":"https:\/\/rotobed.com\/fr\/?s={search_term_string}"},"query-input":"required name=search_term_string"}],"inLanguage":"en-GB"},{"@type":"WebPage","@id":"https:\/\/rotobed.com\/fr\/rotobed-conditions\/#webpage","url":"https:\/\/rotobed.com\/fr\/rotobed-conditions\/","name":"RotoBed conditions lit rotatif lit de soin lit m\u00e9dicalis\u00e9","isPartOf":{"@id":"https:\/\/rotobed.com\/fr\/#website"},"datePublished":"2020-04-03T10:43:10+00:00","dateModified":"2020-11-18T12:47:35+00:00","description":"RotoBed conditions: Retrouvez ici notre politique de confidentialit\u00e9, nos conditions g\u00e9n\u00e9rales de vente et les formulaires importants.","breadcrumb":{"@id":"https:\/\/rotobed.com\/fr\/rotobed-conditions\/#breadcrumb"},"inLanguage":"en-GB","potentialAction":[{"@type":"ReadAction","target":["https:\/\/rotobed.com\/fr\/rotobed-conditions\/"]}]},{"@type":"BreadcrumbList","@id":"https:\/\/rotobed.com\/fr\/rotobed-conditions\/#breadcrumb","itemListElement":[{"@type":"ListItem","position":1,"name":"Hjem","item":"https:\/\/rotobed.com\/fr\/"},{"@type":"ListItem","position":2,"name":"conditions"}]}]}},"_links":{"self":[{"href":"https:\/\/rotobed.com\/fr\/wp-json\/wp\/v2\/pages\/6537"}],"collection":[{"href":"https:\/\/rotobed.com\/fr\/wp-json\/wp\/v2\/pages"}],"about":[{"href":"https:\/\/rotobed.com\/fr\/wp-json\/wp\/v2\/types\/page"}],"author":[{"embeddable":true,"href":"https:\/\/rotobed.com\/fr\/wp-json\/wp\/v2\/users\/2"}],"replies":[{"embeddable":true,"href":"https:\/\/rotobed.com\/fr\/wp-json\/wp\/v2\/comments?post=6537"}],"version-history":[{"count":8,"href":"https:\/\/rotobed.com\/fr\/wp-json\/wp\/v2\/pages\/6537\/revisions"}],"predecessor-version":[{"id":7359,"href":"https:\/\/rotobed.com\/fr\/wp-json\/wp\/v2\/pages\/6537\/revisions\/7359"}],"wp:attachment":[{"href":"https:\/\/rotobed.com\/fr\/wp-json\/wp\/v2\/media?parent=6537"}],"curies":[{"name":"wp","href":"https:\/\/api.w.org\/{rel}","templated":true}]}}