{"id":6562,"date":"2020-04-03T11:41:46","date_gmt":"2020-04-03T11:41:46","guid":{"rendered":"https:\/\/rotobed.com\/fr\/?page_id=6562"},"modified":"2021-12-30T12:05:13","modified_gmt":"2021-12-30T12:05:13","slug":"pourquoi-rotobed","status":"publish","type":"page","link":"https:\/\/rotobed.com\/fr\/pourquoi-rotobed\/","title":{"rendered":"Pourquoi RotoBed"},"content":{"rendered":"<div style='height:40px' class='hr hr-invisible  '><span class='hr-inner ' ><span class='hr-inner-style'><\/span><\/span><\/div>\n<\/div><\/div><\/div><!-- close content main div --><\/div><\/div><div id='av-layout-grid-1' class='av-layout-grid-container entry-content-wrapper main_color av-flex-cells   av-border-cells container_wrap fullsize'   >\n<div class=\"flex_cell no_margin av_one_third   \" style='vertical-align:top; padding:30px; '><div class='flex_cell_inner' ><section class=\"av_textblock_section \"  itemscope=\"itemscope\" itemtype=\"https:\/\/schema.org\/CreativeWork\" ><div class='avia_textblock  '   itemprop=\"text\" ><p style=\"text-align: center;\"><strong>RotoBed\u00ae<\/strong><\/p>\n<\/div><\/section><br \/>\n<div class='avia-image-container  av-styling-    avia-align-center '  itemprop=\"ImageObject\" itemscope=\"itemscope\" itemtype=\"https:\/\/schema.org\/ImageObject\"  ><div class='avia-image-container-inner'><img class='avia_image ' src='https:\/\/rotobed.com\/fr\/wp-content\/uploads\/2020\/08\/A3-81052-Milj\u00f8-scaled-e1598869844259-1030x828.jpg' alt='Lit avec rotation RotoBed\u00aeHome' title='RotoBed\u00aeHome'   itemprop=\"thumbnailUrl\"  \/><\/div><\/div><br \/>\n<section class=\"av_textblock_section \"  itemscope=\"itemscope\" itemtype=\"https:\/\/schema.org\/CreativeWork\" ><div class='avia_textblock  '   itemprop=\"text\" ><p>RotoBed\u00ae est une entreprise danoise et fournit les lits rotatifs uniques RotoBed\u00aeChange, RotoBed\u00aeFree et RotoBed\u00aeHome pour de grandes parties du monde.<\/p>\n<p>Nos lits rotatifs sont le r\u00e9sultat d&#8217;\u00e9tudes approfondies et d&#8217;innovation &#8211; et en travaillant en \u00e9troite collaboration avec les particuliers, les soignants, la famille, les institutions et les municipalit\u00e9s, nous pr\u00e9sentons dans chaque cas individuel une solution personnelle qui r\u00e9pond aux besoins de l&#8217;utilisateur et augmente la flexibilit\u00e9 et la libert\u00e9.<\/p>\n<p>Notre entreprise est construite sur la qualit\u00e9 et le service &#8211; et sur l&#8217;individualit\u00e9. Nous respectons les besoins personnels et cherchons \u00e0 rendre nos clients plus autonomes &#8211; tout en aidant la famille, les soignants et les maisons de soins infirmiers \u00e0 r\u00e9duire les situations de travail d\u00e9sagr\u00e9ables.<\/p>\n<\/div><\/section><\/p>\n<\/div><\/div><div class=\"flex_cell no_margin av_one_third   \" style='vertical-align:top; padding:30px; '><div class='flex_cell_inner' ><section class=\"av_textblock_section \"  itemscope=\"itemscope\" itemtype=\"https:\/\/schema.org\/CreativeWork\" ><div class='avia_textblock  '   itemprop=\"text\" ><p style=\"text-align: center;\"><strong>Conception de gu\u00e9rison<\/strong><\/p>\n<\/div><\/section><br \/>\n<div class='avia-image-container  av-styling-    avia-align-center '  itemprop=\"ImageObject\" itemscope=\"itemscope\" itemtype=\"https:\/\/schema.org\/ImageObject\"  ><div class='avia-image-container-inner'><img class='avia_image ' src='https:\/\/rotobed.com\/fr\/wp-content\/uploads\/2017\/11\/rotobet_background-495x400.jpg' alt='rotobed design hans sandgren jakobsen' title='Hans Sandgren Jakobsen'   itemprop=\"thumbnailUrl\"  \/><\/div><\/div><br \/>\n<section class=\"av_textblock_section \"  itemscope=\"itemscope\" itemtype=\"https:\/\/schema.org\/CreativeWork\" ><div class='avia_textblock  '   itemprop=\"text\" ><p>Plusieurs \u00e9tudes scientifiques montrent que le bien-\u00eatre physique et mental des personnes est fortement influenc\u00e9 par l&#8217;environnement.<\/p>\n<p>RotoBed\u00ae estime qu&#8217;une bonne conception contribue \u00e9galement \u00e0 une meilleure qualit\u00e9 de vie &#8211; et que les lits froids et impersonnels en acier peuvent faire le contraire.<\/p>\n<p>C\u2019est pourquoi nous avons \u00e9tabli un partenariat avec le designer danois prim\u00e9 de meubles Hans Sandgren Jakobsen, qui a cr\u00e9\u00e9 l\u2019aspect harmonieux des RotoBed\u00ae.<\/p>\n<p>Hans Sandgren Jakobsen est un ma\u00eetre du d\u00e9tail et a cr\u00e9\u00e9 le look unique de RotoBed\u00ae ainsi que des accessoires comme la magnifique table RotoBed\u00aeBedside Table.<\/p>\n<\/div><\/section><\/p>\n<\/div><\/div><div class=\"flex_cell no_margin av_one_third   \" style='vertical-align:top; padding:30px; '><div class='flex_cell_inner' ><section class=\"av_textblock_section \"  itemscope=\"itemscope\" itemtype=\"https:\/\/schema.org\/CreativeWork\" ><div class='avia_textblock  '   itemprop=\"text\" ><p style=\"text-align: center;\"><strong>Valeurs<\/strong><\/p>\n<\/div><\/section><br \/>\n<div class='avia-image-container  av-styling-    avia-align-center '  itemprop=\"ImageObject\" itemscope=\"itemscope\" itemtype=\"https:\/\/schema.org\/ImageObject\"  ><div class='avia-image-container-inner'><img class='avia_image ' src='https:\/\/rotobed.com\/fr\/wp-content\/uploads\/2020\/08\/svaner-compressed-scaled-e1598865985201-1030x837.jpg' alt='' title='svaner compressed'   itemprop=\"thumbnailUrl\"  \/><\/div><\/div><br \/>\n<section class=\"av_textblock_section \"  itemscope=\"itemscope\" itemtype=\"https:\/\/schema.org\/CreativeWork\" ><div class='avia_textblock  '   itemprop=\"text\" ><p>RotoBed\u00ae a le respect comme valeur fondamentale.<\/p>\n<p>Depuis notre fondation il y a deux d\u00e9cennies, nous nous sommes concentr\u00e9s sur l&#8217;am\u00e9lioration de la qualit\u00e9 de vie des patients et des citoyens \u00e0 capacit\u00e9 r\u00e9duite. Par respect pour le besoin &#8211; et le droit &#8211; de chacun de vivre une vie de la plus haute qualit\u00e9, libert\u00e9 et dignit\u00e9 possible.<\/p>\n<p>Nous respectons les autres cultures et trouvons un grand plaisir \u00e0 travailler avec et \u00e0 aider les gens du monde entier. Du Canada \u00e0 la Chine, de la Su\u00e8de au Kowe\u00eft.<\/p>\n<p>Nous respectons la nature et reconnaissons notre responsabilit\u00e9 de nous efforcer de mettre le moins d&#8217;empreinte possible sur notre chemin. Nous recherchons constamment des solutions plus respectueuses de l&#8217;environnement en ce qui concerne les textiles, l&#8217;emballage, la production et plus encore.<\/p>\n<\/div><\/section><\/p>\n<\/div><\/div><\/div>\n","protected":false},"excerpt":{"rendered":"","protected":false},"author":2,"featured_media":0,"parent":0,"menu_order":0,"comment_status":"closed","ping_status":"closed","template":"","meta":[],"yoast_head":"<!-- This site is optimized with the Yoast SEO plugin v16.9 - https:\/\/yoast.com\/wordpress\/plugins\/seo\/ -->\n<title>Pourquoi RotoBed lit rotatif-conception prim\u00e9-haute qualit\u00e9-meilleure vie<\/title>\n<meta name=\"description\" content=\"Pourquoi rotobed? Nous offrons le meilleur lit rotatif, produit avec des composants de haute qualit\u00e9 de LINAK et un design prim\u00e9.\" \/>\n<meta name=\"robots\" content=\"index, follow, max-snippet:-1, max-image-preview:large, max-video-preview:-1\" \/>\n<link rel=\"canonical\" href=\"https:\/\/rotobed.com\/fr\/pourquoi-rotobed\/\" \/>\n<meta property=\"og:locale\" content=\"en_GB\" \/>\n<meta property=\"og:type\" content=\"article\" \/>\n<meta property=\"og:title\" content=\"Pourquoi RotoBed lit rotatif-conception prim\u00e9-haute qualit\u00e9-meilleure vie\" \/>\n<meta property=\"og:description\" content=\"Pourquoi rotobed? Nous offrons le meilleur lit rotatif, produit avec des composants de haute qualit\u00e9 de LINAK et un design prim\u00e9.\" \/>\n<meta property=\"og:url\" content=\"https:\/\/rotobed.com\/fr\/pourquoi-rotobed\/\" \/>\n<meta property=\"og:site_name\" content=\"RotoBed\" \/>\n<meta property=\"article:modified_time\" content=\"2021-12-30T12:05:13+00:00\" \/>\n<meta name=\"twitter:card\" content=\"summary\" \/>\n<meta name=\"twitter:label1\" content=\"Estimated reading time\" \/>\n\t<meta name=\"twitter:data1\" content=\"4 minutes\" \/>\n<script type=\"application\/ld+json\" class=\"yoast-schema-graph\">{\"@context\":\"https:\/\/schema.org\",\"@graph\":[{\"@type\":\"WebSite\",\"@id\":\"https:\/\/rotobed.com\/fr\/#website\",\"url\":\"https:\/\/rotobed.com\/fr\/\",\"name\":\"RotoBed\",\"description\":\"Rotate life better\",\"potentialAction\":[{\"@type\":\"SearchAction\",\"target\":{\"@type\":\"EntryPoint\",\"urlTemplate\":\"https:\/\/rotobed.com\/fr\/?s={search_term_string}\"},\"query-input\":\"required name=search_term_string\"}],\"inLanguage\":\"en-GB\"},{\"@type\":\"WebPage\",\"@id\":\"https:\/\/rotobed.com\/fr\/pourquoi-rotobed\/#webpage\",\"url\":\"https:\/\/rotobed.com\/fr\/pourquoi-rotobed\/\",\"name\":\"Pourquoi RotoBed lit rotatif-conception prim\\u00e9-haute qualit\\u00e9-meilleure vie\",\"isPartOf\":{\"@id\":\"https:\/\/rotobed.com\/fr\/#website\"},\"datePublished\":\"2020-04-03T11:41:46+00:00\",\"dateModified\":\"2021-12-30T12:05:13+00:00\",\"description\":\"Pourquoi rotobed? Nous offrons le meilleur lit rotatif, produit avec des composants de haute qualit\\u00e9 de LINAK et un design prim\\u00e9.\",\"breadcrumb\":{\"@id\":\"https:\/\/rotobed.com\/fr\/pourquoi-rotobed\/#breadcrumb\"},\"inLanguage\":\"en-GB\",\"potentialAction\":[{\"@type\":\"ReadAction\",\"target\":[\"https:\/\/rotobed.com\/fr\/pourquoi-rotobed\/\"]}]},{\"@type\":\"BreadcrumbList\",\"@id\":\"https:\/\/rotobed.com\/fr\/pourquoi-rotobed\/#breadcrumb\",\"itemListElement\":[{\"@type\":\"ListItem\",\"position\":1,\"name\":\"Hjem\",\"item\":\"https:\/\/rotobed.com\/fr\/\"},{\"@type\":\"ListItem\",\"position\":2,\"name\":\"Pourquoi RotoBed\"}]}]}<\/script>\n<!-- \/ Yoast SEO plugin. -->","yoast_head_json":{"title":"Pourquoi RotoBed lit rotatif-conception prim\u00e9-haute qualit\u00e9-meilleure vie","description":"Pourquoi rotobed? Nous offrons le meilleur lit rotatif, produit avec des composants de haute qualit\u00e9 de LINAK et un design prim\u00e9.","robots":{"index":"index","follow":"follow","max-snippet":"max-snippet:-1","max-image-preview":"max-image-preview:large","max-video-preview":"max-video-preview:-1"},"canonical":"https:\/\/rotobed.com\/fr\/pourquoi-rotobed\/","og_locale":"en_GB","og_type":"article","og_title":"Pourquoi RotoBed lit rotatif-conception prim\u00e9-haute qualit\u00e9-meilleure vie","og_description":"Pourquoi rotobed? Nous offrons le meilleur lit rotatif, produit avec des composants de haute qualit\u00e9 de LINAK et un design prim\u00e9.","og_url":"https:\/\/rotobed.com\/fr\/pourquoi-rotobed\/","og_site_name":"RotoBed","article_modified_time":"2021-12-30T12:05:13+00:00","twitter_card":"summary","twitter_misc":{"Estimated reading time":"4 minutes"},"schema":{"@context":"https:\/\/schema.org","@graph":[{"@type":"WebSite","@id":"https:\/\/rotobed.com\/fr\/#website","url":"https:\/\/rotobed.com\/fr\/","name":"RotoBed","description":"Rotate life better","potentialAction":[{"@type":"SearchAction","target":{"@type":"EntryPoint","urlTemplate":"https:\/\/rotobed.com\/fr\/?s={search_term_string}"},"query-input":"required name=search_term_string"}],"inLanguage":"en-GB"},{"@type":"WebPage","@id":"https:\/\/rotobed.com\/fr\/pourquoi-rotobed\/#webpage","url":"https:\/\/rotobed.com\/fr\/pourquoi-rotobed\/","name":"Pourquoi RotoBed lit rotatif-conception prim\u00e9-haute qualit\u00e9-meilleure vie","isPartOf":{"@id":"https:\/\/rotobed.com\/fr\/#website"},"datePublished":"2020-04-03T11:41:46+00:00","dateModified":"2021-12-30T12:05:13+00:00","description":"Pourquoi rotobed? Nous offrons le meilleur lit rotatif, produit avec des composants de haute qualit\u00e9 de LINAK et un design prim\u00e9.","breadcrumb":{"@id":"https:\/\/rotobed.com\/fr\/pourquoi-rotobed\/#breadcrumb"},"inLanguage":"en-GB","potentialAction":[{"@type":"ReadAction","target":["https:\/\/rotobed.com\/fr\/pourquoi-rotobed\/"]}]},{"@type":"BreadcrumbList","@id":"https:\/\/rotobed.com\/fr\/pourquoi-rotobed\/#breadcrumb","itemListElement":[{"@type":"ListItem","position":1,"name":"Hjem","item":"https:\/\/rotobed.com\/fr\/"},{"@type":"ListItem","position":2,"name":"Pourquoi RotoBed"}]}]}},"_links":{"self":[{"href":"https:\/\/rotobed.com\/fr\/wp-json\/wp\/v2\/pages\/6562"}],"collection":[{"href":"https:\/\/rotobed.com\/fr\/wp-json\/wp\/v2\/pages"}],"about":[{"href":"https:\/\/rotobed.com\/fr\/wp-json\/wp\/v2\/types\/page"}],"author":[{"embeddable":true,"href":"https:\/\/rotobed.com\/fr\/wp-json\/wp\/v2\/users\/2"}],"replies":[{"embeddable":true,"href":"https:\/\/rotobed.com\/fr\/wp-json\/wp\/v2\/comments?post=6562"}],"version-history":[{"count":15,"href":"https:\/\/rotobed.com\/fr\/wp-json\/wp\/v2\/pages\/6562\/revisions"}],"predecessor-version":[{"id":7470,"href":"https:\/\/rotobed.com\/fr\/wp-json\/wp\/v2\/pages\/6562\/revisions\/7470"}],"wp:attachment":[{"href":"https:\/\/rotobed.com\/fr\/wp-json\/wp\/v2\/media?parent=6562"}],"curies":[{"name":"wp","href":"https:\/\/api.w.org\/{rel}","templated":true}]}}