{"id":7483,"date":"2022-01-04T12:37:00","date_gmt":"2022-01-04T12:37:00","guid":{"rendered":"https:\/\/rotobed.com\/fr\/?page_id=7483"},"modified":"2022-06-08T10:11:48","modified_gmt":"2022-06-08T10:11:48","slug":"rotobedchange","status":"publish","type":"page","link":"https:\/\/rotobed.com\/fr\/rotobedchange\/","title":{"rendered":"RotoBed\u00aeChange"},"content":{"rendered":"<div style='height:20px' class='hr hr-invisible  '><span class='hr-inner ' ><span class='hr-inner-style'><\/span><\/span><\/div>\n<div class='avia-image-container  av-styling-    avia-align-center '  itemprop=\"ImageObject\" itemscope=\"itemscope\" itemtype=\"https:\/\/schema.org\/ImageObject\"  ><div class='avia-image-container-inner'><img class='avia_image ' src='https:\/\/rotobed.com\/fr\/wp-content\/uploads\/2022\/01\/Gyda-Trae-D1-3180-scaled.jpg' alt='' title='Gyda-Tr\u00e6 D1-3180'   itemprop=\"thumbnailUrl\"  \/><\/div><\/div>\n<div style='height:10px' class='hr hr-invisible  '><span class='hr-inner ' ><span class='hr-inner-style'><\/span><\/span><\/div>\n<div class=\"flex_column av_one_full  flex_column_div av-zero-column-padding first  \" style='border-radius:0px; '><section class=\"av_textblock_section \"  itemscope=\"itemscope\" itemtype=\"https:\/\/schema.org\/CreativeWork\" ><div class='avia_textblock  '   itemprop=\"text\" ><h1 style=\"text-align: center;\">Avez-vous du mal \u00e0 sortir du lit sans aide ?<\/h1>\n<\/div><\/section><br \/>\n<div class='avia-gallery  avia-gallery-1 avia_lazyload avia_animate_when_visible '  itemprop=\"ImageObject\" itemscope=\"itemscope\" itemtype=\"https:\/\/schema.org\/ImageObject\" ><div class='avia-gallery-thumb'> <a href='https:\/\/rotobed.com\/fr\/wp-content\/uploads\/2022\/01\/Gyda-Trae-A-3215-1-1030x687.jpg' data-rel='gallery-1' data-prev-img='https:\/\/rotobed.com\/fr\/wp-content\/uploads\/2022\/01\/Gyda-Trae-A-3215-1-495x400.jpg' class='first_thumb lightbox ' data-onclick='1' title=''  itemprop=\"thumbnailUrl\" ><img  src='https:\/\/rotobed.com\/fr\/wp-content\/uploads\/2022\/01\/Gyda-Trae-A-3215-1-1030x687.jpg' width='1030' height='687'  title='RotoBed Change' alt='' \/><\/a> <a href='https:\/\/rotobed.com\/fr\/wp-content\/uploads\/2022\/01\/Gyda-Trae-D1-3180-1030x687.jpg' data-rel='gallery-1' data-prev-img='https:\/\/rotobed.com\/fr\/wp-content\/uploads\/2022\/01\/Gyda-Trae-D1-3180-495x400.jpg' class='lightbox ' data-onclick='2' title=''  itemprop=\"thumbnailUrl\" ><img  src='https:\/\/rotobed.com\/fr\/wp-content\/uploads\/2022\/01\/Gyda-Trae-D1-3180-1030x687.jpg' width='1030' height='687'  title='Gyda-Tr\u00e6 D1-3180' alt='' \/><\/a> <a href='https:\/\/rotobed.com\/fr\/wp-content\/uploads\/2022\/01\/Gyda-Trae-E1-3186-1030x687.jpg' data-rel='gallery-1' data-prev-img='https:\/\/rotobed.com\/fr\/wp-content\/uploads\/2022\/01\/Gyda-Trae-E1-3186-495x400.jpg' class='lightbox ' data-onclick='3' title=''  itemprop=\"thumbnailUrl\" ><img  src='https:\/\/rotobed.com\/fr\/wp-content\/uploads\/2022\/01\/Gyda-Trae-E1-3186-1030x687.jpg' width='1030' height='687'  title='RotoBed standing' alt='' \/><\/a><\/div><\/div><\/p><\/div>\n<div style='height:10px' class='hr hr-invisible  '><span class='hr-inner ' ><span class='hr-inner-style'><\/span><\/span><\/div>\n<div class=\"flex_column av_one_half  no_margin flex_column_div av-zero-column-padding first  \" style='background-color:#a8a8a8; border-radius:0px; '><p><div style='height:27px' class='hr hr-invisible  '><span class='hr-inner ' ><span class='hr-inner-style'><\/span><\/span><\/div><br \/>\n<section class=\"av_textblock_section \"  itemscope=\"itemscope\" itemtype=\"https:\/\/schema.org\/CreativeWork\" ><div class='avia_textblock  '  style='font-size:19px; '  itemprop=\"text\" ><h3 style=\"text-align: center;\"><span style=\"color: #000000;\"><strong>La vie devient plus facile avec un RotoBed\u00aeChange<\/strong><\/span><\/h3>\n<ul>\n<li style=\"text-align: center;\">Vous serez doucement tourn\u00e9 pour sortir du lit en moins d&#8217;une minute<\/li>\n<li style=\"text-align: center;\">Tout ce que vous avez \u00e0 faire est d&#8217;appuyer sur un seul bouton<\/li>\n<li style=\"text-align: center;\">Vous obtenez plus de libert\u00e9, une mobilit\u00e9 accrue et une meilleure qualit\u00e9 de vie<\/li>\n<\/ul>\n<\/div><\/section><br \/>\n<section class=\"av_textblock_section \"  itemscope=\"itemscope\" itemtype=\"https:\/\/schema.org\/CreativeWork\" ><div class='avia_textblock  '  style='font-size:32px; '  itemprop=\"text\" ><p style=\"text-align: center;\"><span style=\"color: #ffffff;\">Selon nos utilisateurs, la vie est bien meilleure gr\u00e2ce \u00e0 leur RotoBed\u00ae<\/span><\/p>\n<\/div><\/section><br \/>\n<div class='avia-image-container  av-styling-    avia-align-center '  itemprop=\"ImageObject\" itemscope=\"itemscope\" itemtype=\"https:\/\/schema.org\/ImageObject\"  ><div class='avia-image-container-inner'><img class='avia_image ' src='https:\/\/rotobed.com\/fr\/wp-content\/uploads\/2022\/01\/Salling-01-@JonasFotografi-1.jpg' alt='' title='Salling 01 @JonasFotografi'   itemprop=\"thumbnailUrl\"  \/><\/div><\/div><br \/>\n<div style='height:2px' class='hr hr-invisible  '><span class='hr-inner ' ><span class='hr-inner-style'><\/span><\/span><\/div><br \/>\n<div class='avia-button-wrap avia-button-center '><a href='https:\/\/rotobed.com\/fr\/rotobed-temoignages\/' class='avia-button   avia-icon_select-no avia-color-theme-color avia-size-small avia-position-center '   ><span class='avia_iconbox_title' >Ce que les utilisateurs disent de RotoBed\u00ae<\/span><\/a><\/div><br \/>\n<div style='height:24px' class='hr hr-invisible  '><span class='hr-inner ' ><span class='hr-inner-style'><\/span><\/span><\/div><\/p><\/div>\n<div class=\"flex_column av_one_half  no_margin flex_column_div av-zero-column-padding   \" style='background-color:#83a846; border-radius:0px; '><p><div style='height:40px' class='hr hr-invisible  '><span class='hr-inner ' ><span class='hr-inner-style'><\/span><\/span><\/div><br \/>\n<section class=\"av_textblock_section \"  itemscope=\"itemscope\" itemtype=\"https:\/\/schema.org\/CreativeWork\" ><div class='avia_textblock  '  style='font-size:28px; '  itemprop=\"text\" ><p style=\"text-align: center;\"><a href=\"https:\/\/rotobed.com\/fr\/wp-content\/uploads\/2022\/06\/FRA-Change-Classic-Home.pdf\"><span style=\"color: #000000;\">Vous pouvez en savoir plus sur nos lits dans cette brochure<\/span><\/a><\/p>\n<\/div><\/section><br \/>\n<div style='height:19px' class='hr hr-invisible  '><span class='hr-inner ' ><span class='hr-inner-style'><\/span><\/span><\/div><br \/>\n<div class='avia-image-container  av-styling-    avia-align-center '  itemprop=\"ImageObject\" itemscope=\"itemscope\" itemtype=\"https:\/\/schema.org\/ImageObject\"  ><div class='avia-image-container-inner'><a href='https:\/\/rotobed.com\/fr\/wp-content\/uploads\/2022\/06\/FRA-Change-Classic-Home.pdf' class='avia_image'  ><img class='avia_image ' src='https:\/\/rotobed.com\/fr\/wp-content\/uploads\/2022\/01\/RotoBed\u00aeChange_FR-642x630.jpg' alt='' title='RotoBed\u00aeChange_FR'  itemprop=\"thumbnailUrl\"  \/><\/a><\/div><\/div><br \/>\n<div style='height:67px' class='hr hr-invisible  '><span class='hr-inner ' ><span class='hr-inner-style'><\/span><\/span><\/div><\/p><\/div>\n<div class=\"flex_column av_one_half  no_margin flex_column_div av-zero-column-padding first  \" style='background-color:#5e5e5e; border-radius:0px; '><section class=\"av_textblock_section \"  itemscope=\"itemscope\" itemtype=\"https:\/\/schema.org\/CreativeWork\" ><div class='avia_textblock  '   itemprop=\"text\" ><p style=\"text-align: center;\"><span style=\"color: #ffffff;\">Un lit RotoBed\u00ae ne n\u00e9cessite pas beaucoup d&#8217;espace<\/span><\/p>\n<\/div><\/section><br \/>\n<div class='avia-image-container  av-styling-    avia-align-center '  itemprop=\"ImageObject\" itemscope=\"itemscope\" itemtype=\"https:\/\/schema.org\/ImageObject\"  ><div class='avia-image-container-inner'><img class='avia_image ' src='https:\/\/rotobed.com\/fr\/wp-content\/uploads\/2022\/01\/Skitse-plan-RotoBed\u00aeChange-1030x734-1.jpg' alt='' title='Skitse-plan-RotoBed\u00aeChange-1030x734'   itemprop=\"thumbnailUrl\"  \/><\/div><\/div><br \/>\n<div style='height:23px' class='hr hr-invisible  '><span class='hr-inner ' ><span class='hr-inner-style'><\/span><\/span><\/div><br \/>\n<section class=\"av_textblock_section \"  itemscope=\"itemscope\" itemtype=\"https:\/\/schema.org\/CreativeWork\" ><div class='avia_textblock  '   itemprop=\"text\" ><h3 style=\"text-align: center;\"><span style=\"color: #ffffff;\">Avec son design harmonieux, RotoBed\u00ae a remport\u00e9 plusieurs prix de design majeurs. Vous pouvez \u00e9galement l&#8217;obtenir en lit double !<\/span><\/h3>\n<\/div><\/section><br \/>\n<div style='height:17px' class='hr hr-invisible  '><span class='hr-inner ' ><span class='hr-inner-style'><\/span><\/span><\/div><\/p><\/div>\n<div class=\"flex_column av_one_half  no_margin flex_column_div av-zero-column-padding   \" style='border-radius:0px; '><div class='avia-image-container  av-styling-    avia-align-center '  itemprop=\"ImageObject\" itemscope=\"itemscope\" itemtype=\"https:\/\/schema.org\/ImageObject\"  ><div class='avia-image-container-inner'><img class='avia_image ' src='https:\/\/rotobed.com\/fr\/wp-content\/uploads\/2022\/01\/3226-Forside-1030x1030-1-1030x1030.jpg' alt='lit rotatif rotobed change lit medicalis\u00e9' title='RotoBed\u00aeChange double'   itemprop=\"thumbnailUrl\"  \/><\/div><\/div><\/div><div class='avia-gallery  avia-gallery-2 avia_lazyload avia_animate_when_visible '  itemprop=\"ImageObject\" itemscope=\"itemscope\" itemtype=\"https:\/\/schema.org\/ImageObject\" ><div class='avia-gallery-thumb'> <a href='https:\/\/rotobed.com\/fr\/wp-content\/uploads\/2022\/01\/admin-ajax.png' data-rel='gallery-2' data-prev-img='https:\/\/rotobed.com\/fr\/wp-content\/uploads\/2022\/01\/admin-ajax.png' class='first_thumb lightbox ' data-onclick='1' title=''  itemprop=\"thumbnailUrl\" ><img  src='https:\/\/rotobed.com\/fr\/wp-content\/uploads\/2022\/01\/admin-ajax.png' width='400' height='188'  title='admin-ajax' alt='' \/><\/a> <a href='https:\/\/rotobed.com\/fr\/wp-content\/uploads\/2020\/08\/create_all_winner_seal.png' data-rel='gallery-2' data-prev-img='https:\/\/rotobed.com\/fr\/wp-content\/uploads\/2020\/08\/create_all_winner_seal-495x400.png' class='lightbox ' data-onclick='2' title=''  itemprop=\"thumbnailUrl\" ><img  src='https:\/\/rotobed.com\/fr\/wp-content\/uploads\/2020\/08\/create_all_winner_seal-648x375.png' width='648' height='375'  title='European Product Design Award for RotoBed' alt='' \/><\/a> <a href='https:\/\/rotobed.com\/fr\/wp-content\/uploads\/2019\/05\/IF-logo-vandret-1030x528.jpg' data-rel='gallery-2' data-prev-img='https:\/\/rotobed.com\/fr\/wp-content\/uploads\/2019\/05\/IF-logo-vandret-495x400.jpg' class='lightbox ' data-onclick='3' title=''  itemprop=\"thumbnailUrl\" ><img  src='https:\/\/rotobed.com\/fr\/wp-content\/uploads\/2019\/05\/IF-logo-vandret-710x375.jpg' width='710' height='375'  title='IF Award' alt='Rotobed rotating bed design' \/><\/a> <a href='https:\/\/rotobed.com\/fr\/wp-content\/uploads\/2022\/06\/IDA-21-Gold-1030x951.jpg' data-rel='gallery-2' data-prev-img='https:\/\/rotobed.com\/fr\/wp-content\/uploads\/2022\/06\/IDA-21-Gold-495x400.jpg' class='lightbox ' data-onclick='4' title=''  itemprop=\"thumbnailUrl\" ><img  src='https:\/\/rotobed.com\/fr\/wp-content\/uploads\/2022\/06\/IDA-21-Gold-710x375.jpg' width='710' height='375'  title='IDA 21-Gold' alt='' \/><\/a> <a href='https:\/\/rotobed.com\/fr\/wp-content\/uploads\/2022\/06\/PD2022_RD_BW_t.png' data-rel='gallery-2' data-prev-img='https:\/\/rotobed.com\/fr\/wp-content\/uploads\/2022\/06\/PD2022_RD_BW_t-495x400.png' class='lightbox ' data-onclick='5' title=''  itemprop=\"thumbnailUrl\" ><img  src='https:\/\/rotobed.com\/fr\/wp-content\/uploads\/2022\/06\/PD2022_RD_BW_t-710x375.png' width='710' height='375'  title='PD2022_RD_BW_t' alt='' \/><\/a><\/div><\/div><\/p>\n<div class=\"flex_column av_one_half  flex_column_div av-zero-column-padding first  \" style='border-radius:0px; '><div class='avia-gallery  avia-gallery-3 avia_lazyload avia_animate_when_visible '  itemprop=\"ImageObject\" itemscope=\"itemscope\" itemtype=\"https:\/\/schema.org\/ImageObject\" ><a class='avia-gallery-big fakeLightbox lightbox avia-gallery-big-crop-thumb ' href='https:\/\/rotobed.com\/fr\/wp-content\/uploads\/2020\/04\/RotoBed-LightPackage-kvadratisk-1030x1030.jpg'  data-onclick='1' title='RotoBed\u00aeUnderbed Light' ><span class='avia-gallery-big-inner'  itemprop=\"thumbnailUrl\" >\t<img width='495' height='400' src='https:\/\/rotobed.com\/fr\/wp-content\/uploads\/2020\/04\/RotoBed-LightPackage-kvadratisk-495x400.jpg' title='RotoBed-LightPackage-kvadratisk' alt='' \/>\t<span class='avia-gallery-caption'>RotoBed\u00aeUnderbed Light<\/span><\/span><\/a><div class='avia-gallery-thumb'> <a href='https:\/\/rotobed.com\/fr\/wp-content\/uploads\/2020\/04\/RotoBed-LightPackage-kvadratisk-1030x1030.jpg' data-rel='gallery-3' data-prev-img='https:\/\/rotobed.com\/fr\/wp-content\/uploads\/2020\/04\/RotoBed-LightPackage-kvadratisk-495x400.jpg' class='first_thumb lightbox ' data-onclick='1' title='RotoBed\u00aeUnderbed Light'  itemprop=\"thumbnailUrl\" ><img data-avia-tooltip='RotoBed\u00aeUnderbed Light' src='https:\/\/rotobed.com\/fr\/wp-content\/uploads\/2020\/04\/RotoBed-LightPackage-kvadratisk-495x400.jpg' width='495' height='400'  title='RotoBed-LightPackage-kvadratisk' alt='' \/><\/a> <a href='https:\/\/rotobed.com\/fr\/wp-content\/uploads\/2019\/12\/Rotobed-Sidetable-Wooden-parts-HSJD-06.06.19-1030x721.jpg' data-rel='gallery-3' data-prev-img='https:\/\/rotobed.com\/fr\/wp-content\/uploads\/2019\/12\/Rotobed-Sidetable-Wooden-parts-HSJD-06.06.19-495x400.jpg' class='lightbox ' data-onclick='2' title='RotoBed\u00aeBedside Table'  itemprop=\"thumbnailUrl\" ><img data-avia-tooltip='RotoBed\u00aeBedside Table' src='https:\/\/rotobed.com\/fr\/wp-content\/uploads\/2019\/12\/Rotobed-Sidetable-Wooden-parts-HSJD-06.06.19-495x400.jpg' width='495' height='400'  title='RotoBed\u00aeBedside Table' alt='table pour lit avec rotation' \/><\/a> <a href='https:\/\/rotobed.com\/fr\/wp-content\/uploads\/2020\/01\/Pude-besk\u00e5ret-1030x1030.jpg' data-rel='gallery-3' data-prev-img='https:\/\/rotobed.com\/fr\/wp-content\/uploads\/2020\/01\/Pude-besk\u00e5ret-495x400.jpg' class='lightbox ' data-onclick='3' title='RotoBed\u00aePillow'  itemprop=\"thumbnailUrl\" ><img data-avia-tooltip='RotoBed\u00aePillow' src='https:\/\/rotobed.com\/fr\/wp-content\/uploads\/2020\/01\/Pude-besk\u00e5ret-495x400.jpg' width='495' height='400'  title='RotoBed\u00aePillow' alt='Rotobed rotating bed care roto pillow' \/><\/a> <a href='https:\/\/rotobed.com\/fr\/wp-content\/uploads\/2019\/12\/RemoteControl-Wireless-1030x1030.jpg' data-rel='gallery-3' data-prev-img='https:\/\/rotobed.com\/fr\/wp-content\/uploads\/2019\/12\/RemoteControl-Wireless-495x400.jpg' class='lightbox ' data-onclick='4' title='RotoBed\u00aeWireless'  itemprop=\"thumbnailUrl\" ><img data-avia-tooltip='RotoBed\u00aeWireless' src='https:\/\/rotobed.com\/fr\/wp-content\/uploads\/2019\/12\/RemoteControl-Wireless-495x400.jpg' width='495' height='400'  title='RemoteControl Wireless' alt='RotoBed care bed nursing bed remote control' \/><\/a><\/div><\/div><\/div>\n<div class=\"flex_column av_one_half  flex_column_div av-zero-column-padding   \" style='border-radius:0px; '><p><div style='height:20px' class='hr hr-invisible  '><span class='hr-inner ' ><span class='hr-inner-style'><\/span><\/span><\/div><br \/>\n<section class=\"av_textblock_section \"  itemscope=\"itemscope\" itemtype=\"https:\/\/schema.org\/CreativeWork\" ><div class='avia_textblock  '  style='font-size:25px; '  itemprop=\"text\" ><p><strong><span style=\"color: #993300;\">RotoBed\u00ae offre un grand nombre d\u2019accessoires\u00a0 pour nos lits\u00ae. La plupart de ces accessoires de haute qualit\u00e9 sont fabriqu\u00e9e sp\u00e9cialement pour RotoBed\u00ae.<\/span><\/strong><\/p>\n<\/div><\/section><br \/>\n<div class='avia-button-wrap avia-button-center '><a href='https:\/\/rotobed.com\/fr\/rotobed-accessoires\/' class='avia-button   avia-icon_select-no avia-color-theme-color avia-size-x-large avia-position-center '   ><span class='avia_iconbox_title' >D\u00e9couvrez les accessoires RotoBed\u00ae  ici<\/span><\/a><\/div><br \/>\n<div style=' margin-top:30px; margin-bottom:30px;'  class='hr hr-custom hr-center hr-icon-no  '><span class='hr-inner   inner-border-av-border-thin' style=' width:100;' ><span class='hr-inner-style'><\/span><\/span><\/div><br \/>\n<section class=\"av_textblock_section \"  itemscope=\"itemscope\" itemtype=\"https:\/\/schema.org\/CreativeWork\" ><div class='avia_textblock  '  style='font-size:25px; '  itemprop=\"text\" ><p><strong><span style=\"color: #993300;\">Vous souhaitez plus d&#8217;informations sur nos lits rotatifs? Nous sommes pr\u00eats \u00e0 vous aider !<\/span><\/strong><\/p>\n<\/div><\/section><br \/>\n<div class='avia-button-wrap avia-button-center '><a href='https:\/\/rotobed.com\/fr\/contact-fr\/' class='avia-button   avia-icon_select-no avia-color-theme-color avia-size-x-large avia-position-center '   ><span class='avia_iconbox_title' >Comment pouvons-nous vous aider?<\/span><\/a><\/div><\/p><\/div>\n<div style='height:20px' class='hr hr-invisible  '><span class='hr-inner ' ><span class='hr-inner-style'><\/span><\/span><\/div>\n","protected":false},"excerpt":{"rendered":"","protected":false},"author":2,"featured_media":0,"parent":0,"menu_order":0,"comment_status":"closed","ping_status":"closed","template":"","meta":[],"yoast_head":"<!-- This site is optimized with the Yoast SEO plugin v16.9 - https:\/\/yoast.com\/wordpress\/plugins\/seo\/ -->\n<title>RotoBed\u00aeChange - RotoBed<\/title>\n<meta name=\"robots\" content=\"index, follow, max-snippet:-1, max-image-preview:large, max-video-preview:-1\" \/>\n<link rel=\"canonical\" href=\"https:\/\/rotobed.com\/fr\/rotobedchange\/\" \/>\n<meta property=\"og:locale\" content=\"en_GB\" \/>\n<meta property=\"og:type\" content=\"article\" \/>\n<meta property=\"og:title\" content=\"RotoBed\u00aeChange - RotoBed\" \/>\n<meta property=\"og:url\" content=\"https:\/\/rotobed.com\/fr\/rotobedchange\/\" \/>\n<meta property=\"og:site_name\" content=\"RotoBed\" \/>\n<meta property=\"article:modified_time\" content=\"2022-06-08T10:11:48+00:00\" \/>\n<meta name=\"twitter:card\" content=\"summary\" \/>\n<meta name=\"twitter:label1\" content=\"Estimated reading time\" \/>\n\t<meta name=\"twitter:data1\" content=\"4 minutes\" \/>\n<script type=\"application\/ld+json\" class=\"yoast-schema-graph\">{\"@context\":\"https:\/\/schema.org\",\"@graph\":[{\"@type\":\"WebSite\",\"@id\":\"https:\/\/rotobed.com\/fr\/#website\",\"url\":\"https:\/\/rotobed.com\/fr\/\",\"name\":\"RotoBed\",\"description\":\"Rotate life better\",\"potentialAction\":[{\"@type\":\"SearchAction\",\"target\":{\"@type\":\"EntryPoint\",\"urlTemplate\":\"https:\/\/rotobed.com\/fr\/?s={search_term_string}\"},\"query-input\":\"required name=search_term_string\"}],\"inLanguage\":\"en-GB\"},{\"@type\":\"WebPage\",\"@id\":\"https:\/\/rotobed.com\/fr\/rotobedchange\/#webpage\",\"url\":\"https:\/\/rotobed.com\/fr\/rotobedchange\/\",\"name\":\"RotoBed\\u00aeChange - RotoBed\",\"isPartOf\":{\"@id\":\"https:\/\/rotobed.com\/fr\/#website\"},\"datePublished\":\"2022-01-04T12:37:00+00:00\",\"dateModified\":\"2022-06-08T10:11:48+00:00\",\"breadcrumb\":{\"@id\":\"https:\/\/rotobed.com\/fr\/rotobedchange\/#breadcrumb\"},\"inLanguage\":\"en-GB\",\"potentialAction\":[{\"@type\":\"ReadAction\",\"target\":[\"https:\/\/rotobed.com\/fr\/rotobedchange\/\"]}]},{\"@type\":\"BreadcrumbList\",\"@id\":\"https:\/\/rotobed.com\/fr\/rotobedchange\/#breadcrumb\",\"itemListElement\":[{\"@type\":\"ListItem\",\"position\":1,\"name\":\"Hjem\",\"item\":\"https:\/\/rotobed.com\/fr\/\"},{\"@type\":\"ListItem\",\"position\":2,\"name\":\"RotoBed\\u00aeChange\"}]}]}<\/script>\n<!-- \/ Yoast SEO plugin. -->","yoast_head_json":{"title":"RotoBed\u00aeChange - RotoBed","robots":{"index":"index","follow":"follow","max-snippet":"max-snippet:-1","max-image-preview":"max-image-preview:large","max-video-preview":"max-video-preview:-1"},"canonical":"https:\/\/rotobed.com\/fr\/rotobedchange\/","og_locale":"en_GB","og_type":"article","og_title":"RotoBed\u00aeChange - RotoBed","og_url":"https:\/\/rotobed.com\/fr\/rotobedchange\/","og_site_name":"RotoBed","article_modified_time":"2022-06-08T10:11:48+00:00","twitter_card":"summary","twitter_misc":{"Estimated reading time":"4 minutes"},"schema":{"@context":"https:\/\/schema.org","@graph":[{"@type":"WebSite","@id":"https:\/\/rotobed.com\/fr\/#website","url":"https:\/\/rotobed.com\/fr\/","name":"RotoBed","description":"Rotate life better","potentialAction":[{"@type":"SearchAction","target":{"@type":"EntryPoint","urlTemplate":"https:\/\/rotobed.com\/fr\/?s={search_term_string}"},"query-input":"required name=search_term_string"}],"inLanguage":"en-GB"},{"@type":"WebPage","@id":"https:\/\/rotobed.com\/fr\/rotobedchange\/#webpage","url":"https:\/\/rotobed.com\/fr\/rotobedchange\/","name":"RotoBed\u00aeChange - RotoBed","isPartOf":{"@id":"https:\/\/rotobed.com\/fr\/#website"},"datePublished":"2022-01-04T12:37:00+00:00","dateModified":"2022-06-08T10:11:48+00:00","breadcrumb":{"@id":"https:\/\/rotobed.com\/fr\/rotobedchange\/#breadcrumb"},"inLanguage":"en-GB","potentialAction":[{"@type":"ReadAction","target":["https:\/\/rotobed.com\/fr\/rotobedchange\/"]}]},{"@type":"BreadcrumbList","@id":"https:\/\/rotobed.com\/fr\/rotobedchange\/#breadcrumb","itemListElement":[{"@type":"ListItem","position":1,"name":"Hjem","item":"https:\/\/rotobed.com\/fr\/"},{"@type":"ListItem","position":2,"name":"RotoBed\u00aeChange"}]}]}},"_links":{"self":[{"href":"https:\/\/rotobed.com\/fr\/wp-json\/wp\/v2\/pages\/7483"}],"collection":[{"href":"https:\/\/rotobed.com\/fr\/wp-json\/wp\/v2\/pages"}],"about":[{"href":"https:\/\/rotobed.com\/fr\/wp-json\/wp\/v2\/types\/page"}],"author":[{"embeddable":true,"href":"https:\/\/rotobed.com\/fr\/wp-json\/wp\/v2\/users\/2"}],"replies":[{"embeddable":true,"href":"https:\/\/rotobed.com\/fr\/wp-json\/wp\/v2\/comments?post=7483"}],"version-history":[{"count":37,"href":"https:\/\/rotobed.com\/fr\/wp-json\/wp\/v2\/pages\/7483\/revisions"}],"predecessor-version":[{"id":7561,"href":"https:\/\/rotobed.com\/fr\/wp-json\/wp\/v2\/pages\/7483\/revisions\/7561"}],"wp:attachment":[{"href":"https:\/\/rotobed.com\/fr\/wp-json\/wp\/v2\/media?parent=7483"}],"curies":[{"name":"wp","href":"https:\/\/api.w.org\/{rel}","templated":true}]}}