{"id":7598,"date":"2023-02-02T15:12:12","date_gmt":"2023-02-02T15:12:12","guid":{"rendered":"https:\/\/rotobed.com\/fr\/?page_id=7598"},"modified":"2023-02-06T11:32:36","modified_gmt":"2023-02-06T11:32:36","slug":"parkinson-psp","status":"publish","type":"page","link":"https:\/\/rotobed.com\/fr\/parkinson-psp\/","title":{"rendered":"Hans Villadsen FR"},"content":{"rendered":"<div style='height:10px' class='hr hr-invisible  '><span class='hr-inner ' ><span class='hr-inner-style'><\/span><\/span><\/div>\n<\/div><\/div><\/div><!-- close content main div --><\/div><\/div><div id='av-layout-grid-1' class='av-layout-grid-container entry-content-wrapper main_color av-flex-cells   av-border-cells container_wrap fullsize'   >\n<div class=\"flex_cell no_margin av_two_third   \" style='vertical-align:top; padding:30px; '><div class='flex_cell_inner' ><section class=\"av_textblock_section \"  itemscope=\"itemscope\" itemtype=\"https:\/\/schema.org\/CreativeWork\" ><div class='avia_textblock  '   itemprop=\"text\" ><h1 style=\"text-align: center;\"><span style=\"color: #ad1515;\"><strong>Frapp\u00e9 par parkinson PSP:<\/strong><\/span><\/h1>\n<h1 style=\"text-align: center;\">La lumi\u00e8re dans les yeux de mon mari a \u00e9t\u00e9 rallum\u00e9e par son RotoBed\u00ae<\/h1>\n<\/div><\/section><br \/>\n<div class='avia-image-container  av-styling-    avia-align-center '  itemprop=\"ImageObject\" itemscope=\"itemscope\" itemtype=\"https:\/\/schema.org\/ImageObject\"  ><div class='avia-image-container-inner'><img class='avia_image ' src='https:\/\/rotobed.com\/fr\/wp-content\/uploads\/2023\/02\/Hans-Villadsen-og-Else-1030x693.jpg' alt='lit pour parkinson lit de soins lit m\u00e9dicalis\u00e9 rotatif' title='RotoBed temoignage parkinson psp'   itemprop=\"thumbnailUrl\"  \/><\/div><\/div><br \/>\n<section class=\"av_textblock_section \"  itemscope=\"itemscope\" itemtype=\"https:\/\/schema.org\/CreativeWork\" ><div class='avia_textblock  '   itemprop=\"text\" ><h3><strong>Parkinson PSP: Apr\u00e8s une longue vie de pompier et de chauffeur d&#8217;ambulance, Hans Villadsen a \u00e9t\u00e9 frapp\u00e9 par la Parkinson PSP et avait besoin d&#8217;aide. Il a obtenu un RotoBed\u00aeFree et est devenu autonome. <\/strong><\/h3>\n<p>C&#8217;est sur la piste de danse d&#8217;un club de jazz que le corps de Hans Villadsen a montr\u00e9 pour la premi\u00e8re fois que quelque chose n&#8217;allait pas. Il avait 65 ans et dansait avec sa femme, Else, quand il a soudainement cess\u00e9 de bouger. Il se tenait juste l\u00e0, l&#8217;air choqu\u00e9.<\/p>\n<p>&#8211; Je dois retourner \u00e0 table. Mes jambes ne bougent pas, dit-il.<\/p>\n<p>Au d\u00e9but, Else n\u2019a pas r\u00e9fl\u00e9chi davantage \u00e0 l\u2019incidence. Peut-\u00eatre que son grand et fort mari venait de boire un peu trop de vin? Mais avec le temps, d&#8217;autres signes sont apparus. Bien que Hans roulait toujours \u00e0 v\u00e9lo et semblait en forme, il a commenc\u00e9 \u00e0 tra\u00eener ses pieds en marchant. Plus tard, une \u00e9paule a commenc\u00e9 \u00e0 pendre l\u00e9g\u00e8rement. En 2012, trois ans apr\u00e8s la danse au club de jazz, Hans Villadsen a \u00e9t\u00e9 diagnostiqu\u00e9 avec la maladie de Parkinson. En 2016, il est devenu clair qu&#8217;il a \u00e9t\u00e9 frapp\u00e9 par la PSP Parkinson, une forme agressive de Parkinson qui provoque une d\u00e9marche instable, des probl\u00e8mes d&#8217;\u00e9quilibre et une tendance aux chutes soudaines.<\/p>\n<p>Le couple a g\u00e9r\u00e9 les choses ensemble jusqu&#8217;\u00e0 il y a deux ans. \u00c0 ce moment-l\u00e0, Hans avait tellement de difficult\u00e9s \u00e0 contr\u00f4ler ses mouvements qu&#8217;il tombait souvent lorsqu&#8217;il se levait ou allait se coucher. Et pour Else, il n&#8217;\u00e9tait plus possible d&#8217;aider son mari seul.<\/p>\n<p>&#8211; Il ne pouvait plus soulever ses jambes du lit tout seul. C&#8217;\u00e9taient de purs poids morts, et il p\u00e8se presque deux fois plus que moi, donc naturellement je ne pouvais pas le supporter, dit Else.<\/p>\n<p>Une solution \u00e9tait n\u00e9cessaire et la municipalit\u00e9 locale a propos\u00e9 un RotoBed\u00aeFree. Le couple n&#8217;avait jamais entendu parler d&#8217;un lit qui pourrait faire pivoter l&#8217;utilisateur hors du lit.<\/p>\n<p>&#8211; Nous n&#8217;\u00e9tions pas du tout conscients de son existence, mais cela ressemblait \u00e0 un r\u00eave. Nous \u00e9tions impatients de l&#8217;essayer et cela a fait une \u00e9norme diff\u00e9rence d\u00e8s le d\u00e9but. Hans a encore besoin d&#8217;un peu de conseils &#8211; comme lui dire d&#8217;avancer un peu son pied droit et ce genre de choses, mais \u00e0 part cela, il se l\u00e8ve tout seul maintenant, dit Else.<\/p>\n<h2><strong>Une question de dignit\u00e9<\/strong><\/h2>\n<p>La maladie de Hans Villadsen s&#8217;est d\u00e9velopp\u00e9e et il y a deux ans, il a emm\u00e9nag\u00e9 dans une maison de retraite, apportant avec lui le RotoBed\u00aeFree de sa chambre. Le personnel de la maison de retraite \u00e9tait enthousiasm\u00e9 par le lit que Hans &#8211; et pour Else, c&#8217;\u00e9tait aussi une question de dignit\u00e9.<\/p>\n<p>&#8211; Je ne peux pas imaginer Hans vivre une vie o\u00f9 il doit \u00eatre hiss\u00e9 pour entrer ou sortir du lit. C\u2019est inconfortable et indigne. Mais c&#8217;\u00e9tait l&#8217;alternative au RotoBed\u00ae. Je veux qu&#8217;il garde la mobilit\u00e9 qu&#8217;il lui reste, le plus longtemps possible. C&#8217;est la seule fa\u00e7on de le faire, car \u00eatre hiss\u00e9 signifierait ne pas utiliser ses jambes, explique-t-elle.<\/p>\n<p>Pour Else, ce fut un soulagement quand son mari a obtenu un RotoBed\u00ae, car cela lui a \u00e9vit\u00e9 le grand effort physique de l&#8217;aider. Mais pour Hans, le lit a signifi\u00e9 encore plus, dit-elle. Pas seulement gr\u00e2ce \u00e0 l&#8217;aide physique, mais gr\u00e2ce \u00e0 la dignit\u00e9 de pouvoir se lever lui-m\u00eame.<\/p>\n<p>&#8211; Hans est pompier en chef et chauffeur d&#8217;ambulance depuis 40 ans. Toute sa vie, il a aid\u00e9 d&#8217;autres personnes. Soudain, il \u00e9tait incapable de faire quoi que ce soit par lui-m\u00eame et c&#8217;\u00e9tait vraiment difficile pour lui d&#8217;accepter. Lorsqu&#8217;il a obtenu son RotoBed\u00aeFree, il est redevenu plus autonome. Cela a rallum\u00e9 la lumi\u00e8re dans ses yeux.<\/p>\n<\/div><\/section><\/p>\n<\/div><\/div><div class=\"flex_cell no_margin av_one_third   \" style='vertical-align:top; padding:30px; '><div class='flex_cell_inner' ><p><div class='avia-image-container  av-styling-    avia-align-center '  itemprop=\"ImageObject\" itemscope=\"itemscope\" itemtype=\"https:\/\/schema.org\/ImageObject\"  ><div class='avia-image-container-inner'><img class='avia_image ' src='https:\/\/rotobed.com\/fr\/wp-content\/uploads\/2023\/02\/hjerne-ny.png' alt='lit pour parkinson psp lit de soin' title='Cerveau, PSP de Parkinson'   itemprop=\"thumbnailUrl\"  \/><\/div><\/div><br \/>\n<section class=\"av_textblock_section \"  itemscope=\"itemscope\" itemtype=\"https:\/\/schema.org\/CreativeWork\" ><div class='avia_textblock  '   itemprop=\"text\" ><h5 style=\"text-align: center;\"><strong>PSP et ce qu&#8217;un RotoBed\u00ae peut faire<\/strong><\/h5>\n<h5><\/h5>\n<p style=\"text-align: left;\"><strong>Qu&#8217;est-ce que la PSP ?<\/strong><\/p>\n<p>La paralysie supranucl\u00e9aire progressive (PSP) est une affection c\u00e9r\u00e9brale neurod\u00e9g\u00e9n\u00e9rative moins connue qui est parfois diagnostiqu\u00e9e \u00e0 tort comme la maladie de Parkinson ou la maladie d&#8217;Alzheimer (ou d&#8217;autres formes de d\u00e9mence). Il n&#8217;y a pas de cause ou de rem\u00e8de connu. Le plus souvent, les patients sont dans la soixantaine lorsqu&#8217;ils re\u00e7oivent un diagnostic de PSP, mais cela peut arriver d\u00e8s la quarantaine. Aux premiers stades de la PSP, il existe une similitude avec certains sympt\u00f4mes de la maladie de Parkinson. Pour cette raison, PSP Parkinson est inclus dans un groupe de maladies appel\u00e9es syndrome de Parkinson Plus ou parkinsonisme atypique. Cependant, la PSP progresse beaucoup plus rapidement, provoque des sympt\u00f4mes plus graves et r\u00e9pond tr\u00e8s mal aux m\u00e9dicaments contre la maladie de Parkinson. (<a href=\"http:\/\/www.psp.org\">source : www.psp.org<\/a>)<\/p>\n<p><strong>Sympt\u00f4mes<\/strong><\/p>\n<p>PSP Parkinson se caract\u00e9rise par une certaine lenteur avec une raideur musculaire importante dans tout le corps &#8211; en particulier dans les muscles du cou et du dos et parfois avec une posture pli\u00e9e en arri\u00e8re en cons\u00e9quence. Les troubles moteurs entra\u00eenent souvent des troubles importants de la marche et de l&#8217;\u00e9quilibre ainsi qu&#8217;une tendance cons\u00e9quente \u00e0 tomber. Cette tendance \u00e0 tomber est souvent exacerb\u00e9e par le manque de mouvement des yeux.<\/p>\n<p><strong>Quelle diff\u00e9rence un RotoBed\u00ae peut-il faire ?<\/strong><br \/>\nLes probl\u00e8mes de contr\u00f4le et de coordination des mouvements musculaires peuvent rendre tr\u00e8s difficile pour les personnes atteintes de PSP d&#8217;entrer et de sortir du lit. Un RotoBed\u00ae ne n\u00e9cessite qu&#8217;une simple pression sur un bouton, ce qui permet au lit de monter dans une position assise confortable, puis de pivoter vers la pi\u00e8ce. En \u00e9levant le lit en hauteur, l&#8217;utilisateur peut m\u00eame \u00eatre aid\u00e9 \u00e0 se mettre debout. L&#8217;ensemble du processus prend environ une minute et \u00e9vite \u00e0 l&#8217;utilisateur &#8211; et g\u00e9n\u00e9ralement aussi aux proches ou aux soignants &#8211; beaucoup d&#8217;efforts physiques.<\/p>\n<\/div><\/section><br \/>\n<div style=' margin-top:10px; margin-bottom:10px;'  class='hr hr-custom hr-center hr-icon-no  '><span class='hr-inner   inner-border-av-border-thin' style=' width:100%;' ><span class='hr-inner-style'><\/span><\/span><\/div><br \/>\n<section class=\"av_textblock_section \"  itemscope=\"itemscope\" itemtype=\"https:\/\/schema.org\/CreativeWork\" ><div class='avia_textblock  '   itemprop=\"text\" ><h5><strong>Qui d&#8217;autre peut b\u00e9n\u00e9ficier d&#8217;un RotoBed\u00ae ?<\/strong><\/h5>\n<\/div><\/section><br \/>\n<div style='height:25px' class='hr hr-invisible  '><span class='hr-inner ' ><span class='hr-inner-style'><\/span><\/span><\/div><br \/>\n<div class='avia-image-container  av-styling-    avia-align-center '  itemprop=\"ImageObject\" itemscope=\"itemscope\" itemtype=\"https:\/\/schema.org\/ImageObject\"  ><div class='avia-image-container-inner'><a href='https:\/\/rotobed.com\/fr\/rotobed-temoignages\/' class='avia_image'  ><img class='avia_image ' src='https:\/\/rotobed.com\/fr\/wp-content\/uploads\/2022\/01\/Salling-01-@JonasFotografi-1030x687.jpg' alt='rotobed lit pour sclerose MS' title='RotoBed\u00ae temoignage sclerose'  itemprop=\"thumbnailUrl\"  \/><\/a><\/div><\/div><br \/>\n<div class='avia-button-wrap avia-button-center '><a href='https:\/\/rotobed.com\/fr\/rotobed-temoignages\/' class='avia-button   avia-icon_select-no avia-color-theme-color avia-size-large avia-position-center '   ><span class='avia_iconbox_title' >Montrez-moi tous les t\u00e9moignages<\/span><\/a><\/div><\/p>\n<\/div><\/div><\/div>\n","protected":false},"excerpt":{"rendered":"","protected":false},"author":2,"featured_media":0,"parent":0,"menu_order":0,"comment_status":"closed","ping_status":"closed","template":"","meta":[],"yoast_head":"<!-- This site is optimized with the Yoast SEO plugin v16.9 - https:\/\/yoast.com\/wordpress\/plugins\/seo\/ -->\n<title>Hans Villadsen FR - RotoBed<\/title>\n<meta name=\"robots\" content=\"index, follow, max-snippet:-1, max-image-preview:large, max-video-preview:-1\" \/>\n<link rel=\"canonical\" href=\"https:\/\/rotobed.com\/fr\/parkinson-psp\/\" \/>\n<meta property=\"og:locale\" content=\"en_GB\" \/>\n<meta property=\"og:type\" content=\"article\" \/>\n<meta property=\"og:title\" content=\"Hans Villadsen FR - RotoBed\" \/>\n<meta property=\"og:url\" content=\"https:\/\/rotobed.com\/fr\/parkinson-psp\/\" \/>\n<meta property=\"og:site_name\" content=\"RotoBed\" \/>\n<meta property=\"article:modified_time\" content=\"2023-02-06T11:32:36+00:00\" \/>\n<meta name=\"twitter:card\" content=\"summary\" \/>\n<meta name=\"twitter:label1\" content=\"Estimated reading time\" \/>\n\t<meta name=\"twitter:data1\" content=\"5 minutes\" \/>\n<script type=\"application\/ld+json\" class=\"yoast-schema-graph\">{\"@context\":\"https:\/\/schema.org\",\"@graph\":[{\"@type\":\"WebSite\",\"@id\":\"https:\/\/rotobed.com\/fr\/#website\",\"url\":\"https:\/\/rotobed.com\/fr\/\",\"name\":\"RotoBed\",\"description\":\"Rotate life better\",\"potentialAction\":[{\"@type\":\"SearchAction\",\"target\":{\"@type\":\"EntryPoint\",\"urlTemplate\":\"https:\/\/rotobed.com\/fr\/?s={search_term_string}\"},\"query-input\":\"required name=search_term_string\"}],\"inLanguage\":\"en-GB\"},{\"@type\":\"WebPage\",\"@id\":\"https:\/\/rotobed.com\/fr\/parkinson-psp\/#webpage\",\"url\":\"https:\/\/rotobed.com\/fr\/parkinson-psp\/\",\"name\":\"Hans Villadsen FR - RotoBed\",\"isPartOf\":{\"@id\":\"https:\/\/rotobed.com\/fr\/#website\"},\"datePublished\":\"2023-02-02T15:12:12+00:00\",\"dateModified\":\"2023-02-06T11:32:36+00:00\",\"breadcrumb\":{\"@id\":\"https:\/\/rotobed.com\/fr\/parkinson-psp\/#breadcrumb\"},\"inLanguage\":\"en-GB\",\"potentialAction\":[{\"@type\":\"ReadAction\",\"target\":[\"https:\/\/rotobed.com\/fr\/parkinson-psp\/\"]}]},{\"@type\":\"BreadcrumbList\",\"@id\":\"https:\/\/rotobed.com\/fr\/parkinson-psp\/#breadcrumb\",\"itemListElement\":[{\"@type\":\"ListItem\",\"position\":1,\"name\":\"Hjem\",\"item\":\"https:\/\/rotobed.com\/fr\/\"},{\"@type\":\"ListItem\",\"position\":2,\"name\":\"Hans Villadsen FR\"}]}]}<\/script>\n<!-- \/ Yoast SEO plugin. -->","yoast_head_json":{"title":"Hans Villadsen FR - RotoBed","robots":{"index":"index","follow":"follow","max-snippet":"max-snippet:-1","max-image-preview":"max-image-preview:large","max-video-preview":"max-video-preview:-1"},"canonical":"https:\/\/rotobed.com\/fr\/parkinson-psp\/","og_locale":"en_GB","og_type":"article","og_title":"Hans Villadsen FR - RotoBed","og_url":"https:\/\/rotobed.com\/fr\/parkinson-psp\/","og_site_name":"RotoBed","article_modified_time":"2023-02-06T11:32:36+00:00","twitter_card":"summary","twitter_misc":{"Estimated reading time":"5 minutes"},"schema":{"@context":"https:\/\/schema.org","@graph":[{"@type":"WebSite","@id":"https:\/\/rotobed.com\/fr\/#website","url":"https:\/\/rotobed.com\/fr\/","name":"RotoBed","description":"Rotate life better","potentialAction":[{"@type":"SearchAction","target":{"@type":"EntryPoint","urlTemplate":"https:\/\/rotobed.com\/fr\/?s={search_term_string}"},"query-input":"required name=search_term_string"}],"inLanguage":"en-GB"},{"@type":"WebPage","@id":"https:\/\/rotobed.com\/fr\/parkinson-psp\/#webpage","url":"https:\/\/rotobed.com\/fr\/parkinson-psp\/","name":"Hans Villadsen FR - RotoBed","isPartOf":{"@id":"https:\/\/rotobed.com\/fr\/#website"},"datePublished":"2023-02-02T15:12:12+00:00","dateModified":"2023-02-06T11:32:36+00:00","breadcrumb":{"@id":"https:\/\/rotobed.com\/fr\/parkinson-psp\/#breadcrumb"},"inLanguage":"en-GB","potentialAction":[{"@type":"ReadAction","target":["https:\/\/rotobed.com\/fr\/parkinson-psp\/"]}]},{"@type":"BreadcrumbList","@id":"https:\/\/rotobed.com\/fr\/parkinson-psp\/#breadcrumb","itemListElement":[{"@type":"ListItem","position":1,"name":"Hjem","item":"https:\/\/rotobed.com\/fr\/"},{"@type":"ListItem","position":2,"name":"Hans Villadsen FR"}]}]}},"_links":{"self":[{"href":"https:\/\/rotobed.com\/fr\/wp-json\/wp\/v2\/pages\/7598"}],"collection":[{"href":"https:\/\/rotobed.com\/fr\/wp-json\/wp\/v2\/pages"}],"about":[{"href":"https:\/\/rotobed.com\/fr\/wp-json\/wp\/v2\/types\/page"}],"author":[{"embeddable":true,"href":"https:\/\/rotobed.com\/fr\/wp-json\/wp\/v2\/users\/2"}],"replies":[{"embeddable":true,"href":"https:\/\/rotobed.com\/fr\/wp-json\/wp\/v2\/comments?post=7598"}],"version-history":[{"count":9,"href":"https:\/\/rotobed.com\/fr\/wp-json\/wp\/v2\/pages\/7598\/revisions"}],"predecessor-version":[{"id":7621,"href":"https:\/\/rotobed.com\/fr\/wp-json\/wp\/v2\/pages\/7598\/revisions\/7621"}],"wp:attachment":[{"href":"https:\/\/rotobed.com\/fr\/wp-json\/wp\/v2\/media?parent=7598"}],"curies":[{"name":"wp","href":"https:\/\/api.w.org\/{rel}","templated":true}]}}