{"id":7677,"date":"2024-03-12T10:19:40","date_gmt":"2024-03-12T10:19:40","guid":{"rendered":"https:\/\/rotobed.com\/fr\/?page_id=7677"},"modified":"2024-03-12T13:41:01","modified_gmt":"2024-03-12T13:41:01","slug":"bent-vogn","status":"publish","type":"page","link":"https:\/\/rotobed.com\/fr\/bent-vogn\/","title":{"rendered":"Bent Vogn"},"content":{"rendered":"<\/div><\/div><\/div><!-- close content main div --><\/div><\/div><div id='av-layout-grid-1' class='av-layout-grid-container entry-content-wrapper main_color av-flex-cells   av-border-cells container_wrap fullsize'   >\n<div class=\"flex_cell no_margin av_two_third   \" style='vertical-align:top; padding:30px; '><div class='flex_cell_inner' ><p><div style='padding-bottom:10px;font-size:58px;' class='av-special-heading av-special-heading-h1  blockquote modern-quote modern-centered   av-inherit-size '><div class ='av-subheading av-subheading_above  ' style='font-size:24px;'><p>Cela ressemble \u00e0 un lit double chic, mais :<\/p>\n<\/div><h1 class='av-special-heading-tag '  itemprop=\"headline\"  >Couple heureux : nous sommes lib\u00e9r\u00e9s de la douleur<\/h1><div class='special-heading-border'><div class='special-heading-inner-border' ><\/div><\/div><\/div><br \/>\n<div style='height:15px' class='hr hr-invisible  '><span class='hr-inner ' ><span class='hr-inner-style'><\/span><\/span><\/div><br \/>\n<div class='avia-image-container  av-styling-    avia-align-center '  itemprop=\"ImageObject\" itemscope=\"itemscope\" itemtype=\"https:\/\/schema.org\/ImageObject\"  ><div class='avia-image-container-inner'><img class='avia_image ' src='https:\/\/rotobed.com\/fr\/wp-content\/uploads\/2024\/03\/Bent-Vogn-Sclerose-scaled.jpg' alt='' title='Bent Vogn Sclerose'   itemprop=\"thumbnailUrl\"  \/><\/div><\/div><br \/>\n<section class=\"av_textblock_section \"  itemscope=\"itemscope\" itemtype=\"https:\/\/schema.org\/CreativeWork\" ><div class='avia_textblock  '   itemprop=\"text\" ><p><strong><span style=\"color: #000000;\">Bent Vogn souffre de scl\u00e9rose en plaques. Elin est sa soignante. Mais c\u2019est avant tout un couple mari\u00e9 qui souhaite vivre le plus normalement possible. Leurs lits RotoBed\u00ae les y aident.<\/span><\/strong><\/p>\n<p>Bent Vogn, 61 ans, originaire de Svendborg, au Danemark, a combattu toute sa vie. D\u2019abord en tant que footballeur de division, il se bat d\u00e9sormais contre ce qu\u2019il appelle \u00ab une maladie de merde \u00bb. La scl\u00e9rose, qui l&#8217;a frapp\u00e9 subitement \u00e0 l&#8217;\u00e2ge de 44 ans. Lentement mais s\u00fbrement, la maladie lui enl\u00e8ve son agilit\u00e9 et sa force musculaire, mais Bent continue de se battre.<\/p>\n<p>\u2013 En tant que vieux footballeur, je veux gagner, m\u00eame contre cette maladie. Bien s\u00fbr, je ne peux pas, mais je me bats pour maintenir ma qualit\u00e9 de vie. Et ma dignit\u00e9. Je ne veux pas \u00eatre hiss\u00e9, ce n\u2019est pas digne, d\u00e9clare Bent.<\/p>\n<p>Mais il y a six mois, se mettre au lit et en sortir \u00e9tait devenu un v\u00e9ritable combat \u2013 tant pour Bent que pour sa femme Elin.<\/p>\n<p>\u2013 J\u2019ai fait beaucoup trop d\u2019efforts pour \u00eatre transf\u00e9r\u00e9. Le simple fait de devoir s&#8217;asseoir et garder son \u00e9quilibre sur le bord d&#8217;un lit ordinaire \u00e9tait difficile. Et c&#8217;\u00e9tait aussi tr\u00e8s difficile pour Elin de m&#8217;aider.<\/p>\n<p>C\u2019est pourquoi Elin s\u2019est enthousiasm\u00e9e lorsqu\u2019elle a vu une publicit\u00e9 pour un lit pouvant pivoter. Un RotoBed\u00ae.<\/p>\n<p>\u2013 Je l&#8217;ai montr\u00e9 \u00e0 Bent, et nous n&#8217;avions aucun doute. Aucun d&#8217;entre nous n&#8217;avait jamais vu un tel lit auparavant, mais nous \u00e9tions d&#8217;accord sur le fait qu&#8217;il devait \u00eatre le bon, explique Elin.<\/p>\n<p>Bent et Elin ont initialement lou\u00e9 deux lits. Un RotoBed\u00aeChange avec rotation pour Bent et un RotoBed\u00aeClassic pour Elin \u2013 similaires, mais sans rotation. Ils se tiennent c\u00f4te \u00e0 c\u00f4te et ressemblent \u00e0 un joli lit double, ce qui est \u00e9galement important, souligne Bent.<\/p>\n<p>\u2013 Le lit en lui-m\u00eame est agr\u00e9able. Cela ne ressemble pas \u00e0 un lit de soins, et c\u2019est un point sur lequel tous nos visiteurs commentent. Je ne veux pas de piti\u00e9, et nous faisons en sorte que notre maison ne ressemble pas \u00e0 une maison pour personnes handicap\u00e9es. Les choses doivent para\u00eetre aussi ordinaires que possible, dit-il.<\/p>\n<p><strong>Plus de libert\u00e9 et moins de douleur<\/strong><\/p>\n<p>Le plus important, cependant, est que ce n&#8217;est plus une difficult\u00e9 pour Bent de se mettre au lit et d&#8217;en sortir \u2013 ni un lourd fardeau pour Elin de l&#8217;aider.<\/p>\n<p>\u2013 Au d\u00e9but, nous avons d\u00fb trouver la bonne fa\u00e7on d&#8217;effectuer le transfert dans notre situation, o\u00f9 Bent doit monter dans un ascenseur vertical et ne doit pas glisser vers le bas. Mais cela n\u2019a pas pris longtemps, puis cela a fonctionn\u00e9, et chaque jour nous nous am\u00e9liorons dans notre utilisation, explique Elin.<\/p>\n<p>Elle et Bent insistent pour vivre ensemble. Avoir un quotidien avec du contenu. Ils vont \u00e0 des concerts, invitent leurs enfants et petits-enfants \u00e0 la maison et profitent des courts d\u00e9placements pour visiter et passer la nuit en famille.<\/p>\n<p>\u2013 Nous pouvons encore le faire aujourd\u2019hui. D\u00e8s que je commence \u00e0 utiliser un palan, je m\u2019affaiblis et nous n\u2019aurons plus cette option. Cela me limiterait compl\u00e8tement, d\u00e9clare Bent.<\/p>\n<p>D\u00e9sormais, Bent et Elin ne louent plus leurs lits. Ils les ont achet\u00e9s parce qu&#8217;en plus de la libert\u00e9, les lits ont \u00e9galement permis au couple de vivre un quotidien sans douleur.<\/p>\n<p>\u2013 J\u2019avais des douleurs dans le bas du dos et dans le dos \u2013 c\u2019est logique, car une torsion se produisait \u00e0 chaque fois qu\u2019Elin devait tirer mes jambes par-dessus le bord du lit. Je n&#8217;ai plus du tout ces douleurs, dit Bent.<\/p>\n<p>Elin se sent \u00e9galement mieux, car elle n&#8217;a plus besoin de tirer et de pousser pour aider son mari \u00e0 entrer et sortir du lit :<\/p>\n<p>\u2013 Je le sens clairement. J&#8217;ai eu des probl\u00e8mes avec mes \u00e9paules et mon dos et j&#8217;ai d\u00fb suivre un programme d&#8217;entra\u00eenement du dos et me faire masser pour soulager la douleur. Je n\u2019en ai plus du tout besoin. C\u2019est tellement sympa parce que j\u2019ai aussi envie de pouvoir tenir encore quelques ann\u00e9es. Et pour nous, le plus important, c\u2019est de pouvoir nous g\u00e9rer nous-m\u00eames. Ensemble, nous deux.<\/p>\n<\/div><\/section><br \/>\n<div class=\"flex_column av_one_half  flex_column_div av-zero-column-padding first  \" style='border-radius:0px; '><div class='avia-image-container  av-styling-    avia-align-center '  itemprop=\"ImageObject\" itemscope=\"itemscope\" itemtype=\"https:\/\/schema.org\/ImageObject\"  ><div class='avia-image-container-inner'><img class='avia_image ' src='https:\/\/rotobed.com\/fr\/wp-content\/uploads\/2024\/03\/Bent-og-Elin--1030x689.jpg' alt='' title='Bent og Elin'   itemprop=\"thumbnailUrl\"  \/><\/div><\/div><\/div><div class=\"flex_column av_one_half  flex_column_div av-zero-column-padding   \" style='border-radius:0px; '><div class='avia-image-container  av-styling-    avia-align-center '  itemprop=\"ImageObject\" itemscope=\"itemscope\" itemtype=\"https:\/\/schema.org\/ImageObject\"  ><div class='avia-image-container-inner'><img class='avia_image ' src='https:\/\/rotobed.com\/fr\/wp-content\/uploads\/2024\/03\/Bent--1030x674.jpg' alt='' title='Bent'   itemprop=\"thumbnailUrl\"  \/><\/div><\/div><\/div><\/p>\n<\/div><\/div><div class=\"flex_cell no_margin av_one_third   \" style='vertical-align:top; padding:30px; '><div class='flex_cell_inner' ><section class=\"av_textblock_section \"  itemscope=\"itemscope\" itemtype=\"https:\/\/schema.org\/CreativeWork\" ><div class='avia_textblock  '   itemprop=\"text\" ><h3>Comment les personnes souffrant de SEP peuvent-elles se lever plus facilement avec un RotoBed\u00ae ?<\/h3>\n<\/div><\/section><br \/>\n<div class='avia-image-container  av-styling-    avia-align-center '  itemprop=\"ImageObject\" itemscope=\"itemscope\" itemtype=\"https:\/\/schema.org\/ImageObject\"  ><div class='avia-image-container-inner'><img class='avia_image ' src='https:\/\/rotobed.com\/fr\/wp-content\/uploads\/2022\/01\/Gyda-Trae-A-3215-1-1030x687.jpg' alt='' title='RotoBed Change'   itemprop=\"thumbnailUrl\"  \/><\/div><\/div><br \/>\n<section class=\"av_textblock_section \"  itemscope=\"itemscope\" itemtype=\"https:\/\/schema.org\/CreativeWork\" ><div class='avia_textblock  '   itemprop=\"text\" ><p>Beaucoup de nos utilisateurs souffrent de SEP. Les sympt\u00f4mes de cette maladie comprennent une faiblesse musculaire, de la fatigue et des difficult\u00e9s \u00e0 marcher. Ces sympt\u00f4mes rendent plus difficile le contr\u00f4le des mouvements du corps. Par cons\u00e9quent, entrer et sortir du lit devient une t\u00e2che ardue, ing\u00e9rable et souvent douloureuse.<\/p>\n<\/div><\/section><br \/>\n<div class='avia-gallery  avia-gallery-1 avia_lazyload avia_animate_when_visible '  itemprop=\"ImageObject\" itemscope=\"itemscope\" itemtype=\"https:\/\/schema.org\/ImageObject\" ><div class='avia-gallery-thumb'> <a href='https:\/\/rotobed.com\/fr\/wp-content\/uploads\/2024\/03\/Gyda-Trae-B1-3207-1030x687.jpg' data-rel='gallery-1' data-prev-img='https:\/\/rotobed.com\/fr\/wp-content\/uploads\/2024\/03\/Gyda-Trae-B1-3207-495x400.jpg' class='first_thumb lightbox ' data-onclick='1' title=''  itemprop=\"thumbnailUrl\" ><img  src='https:\/\/rotobed.com\/fr\/wp-content\/uploads\/2024\/03\/Gyda-Trae-B1-3207-495x400.jpg' width='495' height='400'  title='Gyda-Tr\u00e6 B1-3207' alt='' \/><\/a> <a href='https:\/\/rotobed.com\/fr\/wp-content\/uploads\/2022\/01\/Gyda-Trae-D1-3180-1030x687.jpg' data-rel='gallery-1' data-prev-img='https:\/\/rotobed.com\/fr\/wp-content\/uploads\/2022\/01\/Gyda-Trae-D1-3180-495x400.jpg' class='lightbox ' data-onclick='2' title=''  itemprop=\"thumbnailUrl\" ><img  src='https:\/\/rotobed.com\/fr\/wp-content\/uploads\/2022\/01\/Gyda-Trae-D1-3180-495x400.jpg' width='495' height='400'  title='Gyda-Tr\u00e6 D1-3180' alt='' \/><\/a><\/div><\/div><br \/>\n<section class=\"av_textblock_section \"  itemscope=\"itemscope\" itemtype=\"https:\/\/schema.org\/CreativeWork\" ><div class='avia_textblock  '   itemprop=\"text\" ><p>Un RotoBed\u00ae fera tout le travail \u00e0 votre place. Simulant le mouvement naturel du corps, il vous am\u00e8nera doucement en position assise avant de vous faire pivoter vers la pi\u00e8ce. Un RotoBed\u00ae peut vous amener soit \u00e0 sortir du lit dans un angle de sortie perpendiculaire, soit dans un angle de sortie oblique pour faciliter le transfert vers un d\u00e9ambulateur ou un fauteuil roulant. La rotation compl\u00e8te prend moins d&#8217;une minute.<\/p>\n<\/div><\/section><br \/>\n<div class='avia-image-container  av-styling-    avia-align-center '  itemprop=\"ImageObject\" itemscope=\"itemscope\" itemtype=\"https:\/\/schema.org\/ImageObject\"  ><div class='avia-image-container-inner'><img class='avia_image ' src='https:\/\/rotobed.com\/fr\/wp-content\/uploads\/2022\/01\/Gyda-Trae-E1-3186-1030x687.jpg' alt='' title='RotoBed standing'   itemprop=\"thumbnailUrl\"  \/><\/div><\/div><br \/>\n<section class=\"av_textblock_section \"  itemscope=\"itemscope\" itemtype=\"https:\/\/schema.org\/CreativeWork\" ><div class='avia_textblock  '   itemprop=\"text\" ><p>Le dernier d\u00e9fi pour de nombreux utilisateurs sera de se mettre en position debout, ce qui, sans aide, n\u00e9cessite une puissance musculaire relativement importante. Des genoux ou des hanches tendus aggraveront le probl\u00e8me. Avec un RotoBed\u00ae avec r\u00e9glage en hauteur, le mouvement est consid\u00e9rablement facilit\u00e9.<\/p>\n<\/div><\/section><br \/>\n<div style=' margin-top:10px; margin-bottom:10px;'  class='hr hr-custom hr-center hr-icon-no  '><span class='hr-inner   inner-border-av-border-thin' style=' width:100%;' ><span class='hr-inner-style'><\/span><\/span><\/div><br \/>\n<section class=\"av_textblock_section \"  itemscope=\"itemscope\" itemtype=\"https:\/\/schema.org\/CreativeWork\" ><div class='avia_textblock  '   itemprop=\"text\" ><h3><a href=\"https:\/\/rotobed.com\/fr\/rotobed-temoignages\/\">Qui d\u2019autre peut b\u00e9n\u00e9ficier d\u2019un RotoBed ? Voyez ce que disent les autres utilisateurs et leurs proches.<\/a><\/h3>\n<\/div><\/section><br \/>\n<div class='avia-image-container  av-styling-    avia-align-center '  itemprop=\"ImageObject\" itemscope=\"itemscope\" itemtype=\"https:\/\/schema.org\/ImageObject\"  ><div class='avia-image-container-inner'><img class='avia_image ' src='https:\/\/rotobed.com\/fr\/wp-content\/uploads\/2020\/11\/Hans-04-mindre-1030x693.jpg' alt='rotobed lit m\u00e9dicalis\u00e9 temoignage' title='Temoignage Hans Villadsen'   itemprop=\"thumbnailUrl\"  \/><\/div><\/div><br \/>\n<section class=\"av_textblock_section \"  itemscope=\"itemscope\" itemtype=\"https:\/\/schema.org\/CreativeWork\" ><div class='avia_textblock  '   itemprop=\"text\" ><h3><a href=\"https:\/\/rotobed.com\/fr\/parkinson-psp\/\">Parkinson? Voir ce t\u00e9moignage<\/a><\/h3>\n<\/div><\/section><br \/>\n<div style=' margin-top:10px; margin-bottom:10px;'  class='hr hr-custom hr-center hr-icon-no  '><span class='hr-inner   inner-border-av-border-thin' style=' width:100%;' ><span class='hr-inner-style'><\/span><\/span><\/div><br \/>\n<div class='avia-image-container  av-styling-    avia-align-center '  itemprop=\"ImageObject\" itemscope=\"itemscope\" itemtype=\"https:\/\/schema.org\/ImageObject\"  ><div class='avia-image-container-inner'><a href='https:\/\/rotobed.com\/fr\/jan-ronhoff-2\/' class='avia_image'  ><img class='avia_image ' src='https:\/\/rotobed.com\/fr\/wp-content\/uploads\/2016\/08\/Jan-1030x687.jpg' alt='rotobed lit rotatif ALS' title='Jan'  itemprop=\"thumbnailUrl\"  \/><\/a><\/div><\/div><br \/>\n<section class=\"av_textblock_section \"  itemscope=\"itemscope\" itemtype=\"https:\/\/schema.org\/CreativeWork\" ><div class='avia_textblock  '   itemprop=\"text\" ><h3><a href=\"https:\/\/rotobed.com\/fr\/jan-ronhoff-2\/\">Vous souffrez de SLA ? Regardes ici<\/a><\/h3>\n<\/div><\/section><br \/>\n<div style=' margin-top:10px; margin-bottom:10px;'  class='hr hr-custom hr-center hr-icon-no  '><span class='hr-inner   inner-border-av-border-thin' style=' width:100%;' ><span class='hr-inner-style'><\/span><\/span><\/div><br \/>\n<div class='avia-button-wrap avia-button-center '><a href='https:\/\/rotobed.com\/fr\/contact-fr\/' class='avia-button   avia-icon_select-no avia-color-theme-color avia-size-x-large avia-position-center '   ><span class='avia_iconbox_title' >\u00c9crivez-nous pour plus d\u2019informations<\/span><\/a><\/div><\/p>\n<\/div><\/div><\/div>\n","protected":false},"excerpt":{"rendered":"","protected":false},"author":2,"featured_media":0,"parent":0,"menu_order":0,"comment_status":"closed","ping_status":"closed","template":"","meta":[],"yoast_head":"<!-- This site is optimized with the Yoast SEO plugin v16.9 - https:\/\/yoast.com\/wordpress\/plugins\/seo\/ -->\n<title>Bent Vogn - RotoBed<\/title>\n<meta name=\"robots\" content=\"index, follow, max-snippet:-1, max-image-preview:large, max-video-preview:-1\" \/>\n<link rel=\"canonical\" href=\"https:\/\/rotobed.com\/fr\/bent-vogn\/\" \/>\n<meta property=\"og:locale\" content=\"en_GB\" \/>\n<meta property=\"og:type\" content=\"article\" \/>\n<meta property=\"og:title\" content=\"Bent Vogn - RotoBed\" \/>\n<meta property=\"og:url\" content=\"https:\/\/rotobed.com\/fr\/bent-vogn\/\" \/>\n<meta property=\"og:site_name\" content=\"RotoBed\" \/>\n<meta property=\"article:modified_time\" content=\"2024-03-12T13:41:01+00:00\" \/>\n<meta name=\"twitter:card\" content=\"summary\" \/>\n<meta name=\"twitter:label1\" content=\"Estimated reading time\" \/>\n\t<meta name=\"twitter:data1\" content=\"10 minutes\" \/>\n<script type=\"application\/ld+json\" class=\"yoast-schema-graph\">{\"@context\":\"https:\/\/schema.org\",\"@graph\":[{\"@type\":\"WebSite\",\"@id\":\"https:\/\/rotobed.com\/fr\/#website\",\"url\":\"https:\/\/rotobed.com\/fr\/\",\"name\":\"RotoBed\",\"description\":\"Rotate life better\",\"potentialAction\":[{\"@type\":\"SearchAction\",\"target\":{\"@type\":\"EntryPoint\",\"urlTemplate\":\"https:\/\/rotobed.com\/fr\/?s={search_term_string}\"},\"query-input\":\"required name=search_term_string\"}],\"inLanguage\":\"en-GB\"},{\"@type\":\"WebPage\",\"@id\":\"https:\/\/rotobed.com\/fr\/bent-vogn\/#webpage\",\"url\":\"https:\/\/rotobed.com\/fr\/bent-vogn\/\",\"name\":\"Bent Vogn - RotoBed\",\"isPartOf\":{\"@id\":\"https:\/\/rotobed.com\/fr\/#website\"},\"datePublished\":\"2024-03-12T10:19:40+00:00\",\"dateModified\":\"2024-03-12T13:41:01+00:00\",\"breadcrumb\":{\"@id\":\"https:\/\/rotobed.com\/fr\/bent-vogn\/#breadcrumb\"},\"inLanguage\":\"en-GB\",\"potentialAction\":[{\"@type\":\"ReadAction\",\"target\":[\"https:\/\/rotobed.com\/fr\/bent-vogn\/\"]}]},{\"@type\":\"BreadcrumbList\",\"@id\":\"https:\/\/rotobed.com\/fr\/bent-vogn\/#breadcrumb\",\"itemListElement\":[{\"@type\":\"ListItem\",\"position\":1,\"name\":\"Hjem\",\"item\":\"https:\/\/rotobed.com\/fr\/\"},{\"@type\":\"ListItem\",\"position\":2,\"name\":\"Bent Vogn\"}]}]}<\/script>\n<!-- \/ Yoast SEO plugin. -->","yoast_head_json":{"title":"Bent Vogn - RotoBed","robots":{"index":"index","follow":"follow","max-snippet":"max-snippet:-1","max-image-preview":"max-image-preview:large","max-video-preview":"max-video-preview:-1"},"canonical":"https:\/\/rotobed.com\/fr\/bent-vogn\/","og_locale":"en_GB","og_type":"article","og_title":"Bent Vogn - RotoBed","og_url":"https:\/\/rotobed.com\/fr\/bent-vogn\/","og_site_name":"RotoBed","article_modified_time":"2024-03-12T13:41:01+00:00","twitter_card":"summary","twitter_misc":{"Estimated reading time":"10 minutes"},"schema":{"@context":"https:\/\/schema.org","@graph":[{"@type":"WebSite","@id":"https:\/\/rotobed.com\/fr\/#website","url":"https:\/\/rotobed.com\/fr\/","name":"RotoBed","description":"Rotate life better","potentialAction":[{"@type":"SearchAction","target":{"@type":"EntryPoint","urlTemplate":"https:\/\/rotobed.com\/fr\/?s={search_term_string}"},"query-input":"required name=search_term_string"}],"inLanguage":"en-GB"},{"@type":"WebPage","@id":"https:\/\/rotobed.com\/fr\/bent-vogn\/#webpage","url":"https:\/\/rotobed.com\/fr\/bent-vogn\/","name":"Bent Vogn - RotoBed","isPartOf":{"@id":"https:\/\/rotobed.com\/fr\/#website"},"datePublished":"2024-03-12T10:19:40+00:00","dateModified":"2024-03-12T13:41:01+00:00","breadcrumb":{"@id":"https:\/\/rotobed.com\/fr\/bent-vogn\/#breadcrumb"},"inLanguage":"en-GB","potentialAction":[{"@type":"ReadAction","target":["https:\/\/rotobed.com\/fr\/bent-vogn\/"]}]},{"@type":"BreadcrumbList","@id":"https:\/\/rotobed.com\/fr\/bent-vogn\/#breadcrumb","itemListElement":[{"@type":"ListItem","position":1,"name":"Hjem","item":"https:\/\/rotobed.com\/fr\/"},{"@type":"ListItem","position":2,"name":"Bent Vogn"}]}]}},"_links":{"self":[{"href":"https:\/\/rotobed.com\/fr\/wp-json\/wp\/v2\/pages\/7677"}],"collection":[{"href":"https:\/\/rotobed.com\/fr\/wp-json\/wp\/v2\/pages"}],"about":[{"href":"https:\/\/rotobed.com\/fr\/wp-json\/wp\/v2\/types\/page"}],"author":[{"embeddable":true,"href":"https:\/\/rotobed.com\/fr\/wp-json\/wp\/v2\/users\/2"}],"replies":[{"embeddable":true,"href":"https:\/\/rotobed.com\/fr\/wp-json\/wp\/v2\/comments?post=7677"}],"version-history":[{"count":18,"href":"https:\/\/rotobed.com\/fr\/wp-json\/wp\/v2\/pages\/7677\/revisions"}],"predecessor-version":[{"id":7701,"href":"https:\/\/rotobed.com\/fr\/wp-json\/wp\/v2\/pages\/7677\/revisions\/7701"}],"wp:attachment":[{"href":"https:\/\/rotobed.com\/fr\/wp-json\/wp\/v2\/media?parent=7677"}],"curies":[{"name":"wp","href":"https:\/\/api.w.org\/{rel}","templated":true}]}}