{"id":147,"date":"2015-11-30T10:26:23","date_gmt":"2015-11-30T10:26:23","guid":{"rendered":"https:\/\/rotobed.com\/no\/?page_id=147"},"modified":"2020-08-10T08:35:52","modified_gmt":"2020-08-10T08:35:52","slug":"als","status":"publish","type":"page","link":"https:\/\/rotobed.com\/no\/als\/","title":{"rendered":"Jan R\u00f8nhoff"},"content":{"rendered":"<div style='height:50px' class='hr hr-invisible  '><span class='hr-inner ' ><span class='hr-inner-style'><\/span><\/span><\/div>\n<div class=\"flex_column av_three_fourth  flex_column_div av-zero-column-padding first  \" style='border-radius:0px; '><p><div class='avia-image-container  av-styling-    avia-align-center '  itemprop=\"ImageObject\" itemscope=\"itemscope\" itemtype=\"https:\/\/schema.org\/ImageObject\"  ><div class='avia-image-container-inner'><img class='avia_image ' src='https:\/\/rotobed.com\/no\/wp-content\/uploads\/2015\/09\/Jan-03-1030x687.jpg' alt='' title='Jan-03'   itemprop=\"thumbnailUrl\"  \/><\/div><\/div><br \/>\n<section class=\"av_textblock_section \"  itemscope=\"itemscope\" itemtype=\"https:\/\/schema.org\/CreativeWork\" ><div class='avia_textblock  '   itemprop=\"text\" ><h1><strong>N\u00e5 orker jeg \u00e5 st\u00e5 opp<\/strong><\/h1>\n<h3>Jan R\u00f8nhoff, Holstebro. 52 \u00e5r. Fikk konstantert nervesykdommen ALS som 48-\u00e5rig. Gift med Charlotte. Fikk for et \u00e5r siden egen omsorgsbolig og en RotoBed\u00ae.<\/h3>\n<p>Jeg har l\u00f8pt, syklet og v\u00e6rt bonde i mange \u00e5r. N\u00e5 kan jeg kun st\u00e5 oppe i f\u00e5 sekunder uten st\u00f8tte. Jeg pr\u00f8ver \u00e5 fokusere p\u00e5 de positive tingene og opplevelser i stedet for \u00e5 bruke kreftene p\u00e5 noe negativt, og der har sengen v\u00e6rt et utrolig stort pluss. Med ALS s\u00e5 vet man, at det kun blir verre, og hvis jeg tenker negativt og er frustrert, s\u00e5 eskalerer sykdommen. F\u00f8r jeg fikk sengen, var det en kamp \u00e5 st\u00e5 opp og komme seg i seng; jeg brukte s\u00e5 mye krefter p\u00e5 det og ble frustrert. N\u00e5 er det lekende lett og s\u00e5 behagelig, at jeg nesten kan sove imens. Som et hjelpemiddel bidrar til, man orker \u00e5 komme ut av sengen og har lyst til at st\u00e5 opp.<\/p>\n<p>Sengen er ogs\u00e5 pen. En normal sykehusseng er s\u00e5 kald, men n\u00e5r denne her er kj\u00f8rt ned, s\u00e5 ligner den en ganske alminnelig seng. Det har stor betydning for meg ikke minst i forhold til min 11-\u00e5rige datter, som av og til sover hjemme hos meg. N\u00e5r far sklir inn i en slik sykdom, er det mange ting, som skal aksepteres. Jeg kommer nok til det punktet, hvor alt kommer til \u00e5 ligne et sykehus, men det beh\u00f8ver ikke v\u00e6re enda. Det er viktigt for meg, at min datter ogs\u00e5 kan f\u00f8lge med.<\/p>\n<p>Den psykiske virkning ved friheten til \u00e5 klare seg selv er stor. Kommunen sparer ogs\u00e5 penger, for uten sengen m\u00e5 jeg ha hjelp minst fire ganger i d\u00f8gnet. N\u00e5 har jeg en times rengj\u00f8ring hver 14. dag.<\/p>\n<\/div><\/section><\/p><\/div>\n<div class=\"flex_column av_one_fourth  flex_column_div av-zero-column-padding   \" style='border-radius:0px; '><p><div style='padding-bottom:10px;' class='av-special-heading av-special-heading-h1    '><h1 class='av-special-heading-tag '  itemprop=\"headline\"  >Brukere: 9 spennende cases med RotoBed\u00ae <\/h1><div class='special-heading-border'><div class='special-heading-inner-border' ><\/div><\/div><\/div><br \/>\n<div style='height:50px' class='hr hr-invisible  '><span class='hr-inner ' ><span class='hr-inner-style'><\/span><\/span><\/div><br \/>\n<div class='avia-button-wrap avia-button-right '><a href='https:\/\/rotobed.com\/no\/brukere\/' class='avia-button   avia-icon_select-no avia-color-theme-color avia-size-medium avia-position-right '   ><span class='avia_iconbox_title' >Se oversikten her<\/span><\/a><\/div><\/p><\/div><div style='height:50px' class='hr hr-invisible  '><span class='hr-inner ' ><span class='hr-inner-style'><\/span><\/span><\/div><\/p>\n","protected":false},"excerpt":{"rendered":"","protected":false},"author":1,"featured_media":0,"parent":0,"menu_order":0,"comment_status":"closed","ping_status":"closed","template":"","meta":[],"yoast_head":"<!-- This site is optimized with the Yoast SEO plugin v16.9 - https:\/\/yoast.com\/wordpress\/plugins\/seo\/ -->\n<title>ALS-pleieseng-rotoseng-mindre smerte-mere frihet-verdighet-livskvalitet<\/title>\n<meta name=\"description\" content=\"ALS er en krevende sykdom. En dreieseng fra RotoBed\u00ae hjelper dig \u00e5 bruke styrkene dine p\u00e5 det viktige. Kom smertefrit ut av sengen i l\u00f8pet af ett minutt.\" \/>\n<meta name=\"robots\" content=\"index, follow, max-snippet:-1, max-image-preview:large, max-video-preview:-1\" \/>\n<link rel=\"canonical\" href=\"https:\/\/rotobed.com\/no\/als\/\" \/>\n<meta property=\"og:locale\" content=\"en_US\" \/>\n<meta property=\"og:type\" content=\"article\" \/>\n<meta property=\"og:title\" content=\"ALS-pleieseng-rotoseng-mindre smerte-mere frihet-verdighet-livskvalitet\" \/>\n<meta property=\"og:description\" content=\"ALS er en krevende sykdom. En dreieseng fra RotoBed\u00ae hjelper dig \u00e5 bruke styrkene dine p\u00e5 det viktige. Kom smertefrit ut av sengen i l\u00f8pet af ett minutt.\" \/>\n<meta property=\"og:url\" content=\"https:\/\/rotobed.com\/no\/als\/\" \/>\n<meta property=\"og:site_name\" content=\"RotoBed\" \/>\n<meta property=\"article:modified_time\" content=\"2020-08-10T08:35:52+00:00\" \/>\n<meta name=\"twitter:card\" content=\"summary\" \/>\n<meta name=\"twitter:label1\" content=\"Est. reading time\" \/>\n\t<meta name=\"twitter:data1\" content=\"3 minutes\" \/>\n<script type=\"application\/ld+json\" class=\"yoast-schema-graph\">{\"@context\":\"https:\/\/schema.org\",\"@graph\":[{\"@type\":\"WebSite\",\"@id\":\"https:\/\/rotobed.com\/no\/#website\",\"url\":\"https:\/\/rotobed.com\/no\/\",\"name\":\"RotoBed\",\"description\":\"\",\"potentialAction\":[{\"@type\":\"SearchAction\",\"target\":{\"@type\":\"EntryPoint\",\"urlTemplate\":\"https:\/\/rotobed.com\/no\/?s={search_term_string}\"},\"query-input\":\"required name=search_term_string\"}],\"inLanguage\":\"en-US\"},{\"@type\":\"WebPage\",\"@id\":\"https:\/\/rotobed.com\/no\/als\/#webpage\",\"url\":\"https:\/\/rotobed.com\/no\/als\/\",\"name\":\"ALS-pleieseng-rotoseng-mindre smerte-mere frihet-verdighet-livskvalitet\",\"isPartOf\":{\"@id\":\"https:\/\/rotobed.com\/no\/#website\"},\"datePublished\":\"2015-11-30T10:26:23+00:00\",\"dateModified\":\"2020-08-10T08:35:52+00:00\",\"description\":\"ALS er en krevende sykdom. En dreieseng fra RotoBed\\u00ae hjelper dig \\u00e5 bruke styrkene dine p\\u00e5 det viktige. Kom smertefrit ut av sengen i l\\u00f8pet af ett minutt.\",\"breadcrumb\":{\"@id\":\"https:\/\/rotobed.com\/no\/als\/#breadcrumb\"},\"inLanguage\":\"en-US\",\"potentialAction\":[{\"@type\":\"ReadAction\",\"target\":[\"https:\/\/rotobed.com\/no\/als\/\"]}]},{\"@type\":\"BreadcrumbList\",\"@id\":\"https:\/\/rotobed.com\/no\/als\/#breadcrumb\",\"itemListElement\":[{\"@type\":\"ListItem\",\"position\":1,\"name\":\"Hjem\",\"item\":\"https:\/\/rotobed.com\/no\/\"},{\"@type\":\"ListItem\",\"position\":2,\"name\":\"Jan R\\u00f8nhoff\"}]}]}<\/script>\n<!-- \/ Yoast SEO plugin. -->","yoast_head_json":{"title":"ALS-pleieseng-rotoseng-mindre smerte-mere frihet-verdighet-livskvalitet","description":"ALS er en krevende sykdom. En dreieseng fra RotoBed\u00ae hjelper dig \u00e5 bruke styrkene dine p\u00e5 det viktige. Kom smertefrit ut av sengen i l\u00f8pet af ett minutt.","robots":{"index":"index","follow":"follow","max-snippet":"max-snippet:-1","max-image-preview":"max-image-preview:large","max-video-preview":"max-video-preview:-1"},"canonical":"https:\/\/rotobed.com\/no\/als\/","og_locale":"en_US","og_type":"article","og_title":"ALS-pleieseng-rotoseng-mindre smerte-mere frihet-verdighet-livskvalitet","og_description":"ALS er en krevende sykdom. En dreieseng fra RotoBed\u00ae hjelper dig \u00e5 bruke styrkene dine p\u00e5 det viktige. Kom smertefrit ut av sengen i l\u00f8pet af ett minutt.","og_url":"https:\/\/rotobed.com\/no\/als\/","og_site_name":"RotoBed","article_modified_time":"2020-08-10T08:35:52+00:00","twitter_card":"summary","twitter_misc":{"Est. reading time":"3 minutes"},"schema":{"@context":"https:\/\/schema.org","@graph":[{"@type":"WebSite","@id":"https:\/\/rotobed.com\/no\/#website","url":"https:\/\/rotobed.com\/no\/","name":"RotoBed","description":"","potentialAction":[{"@type":"SearchAction","target":{"@type":"EntryPoint","urlTemplate":"https:\/\/rotobed.com\/no\/?s={search_term_string}"},"query-input":"required name=search_term_string"}],"inLanguage":"en-US"},{"@type":"WebPage","@id":"https:\/\/rotobed.com\/no\/als\/#webpage","url":"https:\/\/rotobed.com\/no\/als\/","name":"ALS-pleieseng-rotoseng-mindre smerte-mere frihet-verdighet-livskvalitet","isPartOf":{"@id":"https:\/\/rotobed.com\/no\/#website"},"datePublished":"2015-11-30T10:26:23+00:00","dateModified":"2020-08-10T08:35:52+00:00","description":"ALS er en krevende sykdom. En dreieseng fra RotoBed\u00ae hjelper dig \u00e5 bruke styrkene dine p\u00e5 det viktige. Kom smertefrit ut av sengen i l\u00f8pet af ett minutt.","breadcrumb":{"@id":"https:\/\/rotobed.com\/no\/als\/#breadcrumb"},"inLanguage":"en-US","potentialAction":[{"@type":"ReadAction","target":["https:\/\/rotobed.com\/no\/als\/"]}]},{"@type":"BreadcrumbList","@id":"https:\/\/rotobed.com\/no\/als\/#breadcrumb","itemListElement":[{"@type":"ListItem","position":1,"name":"Hjem","item":"https:\/\/rotobed.com\/no\/"},{"@type":"ListItem","position":2,"name":"Jan R\u00f8nhoff"}]}]}},"_links":{"self":[{"href":"https:\/\/rotobed.com\/no\/wp-json\/wp\/v2\/pages\/147"}],"collection":[{"href":"https:\/\/rotobed.com\/no\/wp-json\/wp\/v2\/pages"}],"about":[{"href":"https:\/\/rotobed.com\/no\/wp-json\/wp\/v2\/types\/page"}],"author":[{"embeddable":true,"href":"https:\/\/rotobed.com\/no\/wp-json\/wp\/v2\/users\/1"}],"replies":[{"embeddable":true,"href":"https:\/\/rotobed.com\/no\/wp-json\/wp\/v2\/comments?post=147"}],"version-history":[{"count":18,"href":"https:\/\/rotobed.com\/no\/wp-json\/wp\/v2\/pages\/147\/revisions"}],"predecessor-version":[{"id":7350,"href":"https:\/\/rotobed.com\/no\/wp-json\/wp\/v2\/pages\/147\/revisions\/7350"}],"wp:attachment":[{"href":"https:\/\/rotobed.com\/no\/wp-json\/wp\/v2\/media?parent=147"}],"curies":[{"name":"wp","href":"https:\/\/api.w.org\/{rel}","templated":true}]}}