{"id":160,"date":"2015-11-30T10:38:48","date_gmt":"2015-11-30T10:38:48","guid":{"rendered":"https:\/\/rotobed.com\/no\/?page_id=160"},"modified":"2020-08-10T08:36:22","modified_gmt":"2020-08-10T08:36:22","slug":"hjemmehjelp","status":"publish","type":"page","link":"https:\/\/rotobed.com\/no\/hjemmehjelp\/","title":{"rendered":"Lisbeth Buhl"},"content":{"rendered":"<div style='height:50px' class='hr hr-invisible  '><span class='hr-inner ' ><span class='hr-inner-style'><\/span><\/span><\/div>\n<div class=\"flex_column av_three_fourth  flex_column_div av-zero-column-padding first  \" style='border-radius:0px; '><p><div class='avia-image-container  av-styling-    avia-align-center '  itemprop=\"ImageObject\" itemscope=\"itemscope\" itemtype=\"https:\/\/schema.org\/ImageObject\"  ><div class='avia-image-container-inner'><img class='avia_image ' src='https:\/\/rotobed.com\/no\/wp-content\/uploads\/2020\/01\/Lisbeth-02A-\u00a9-Jonas-Fotografi--1030x686.jpg' alt='' title='Lisbeth 02A - \u00a9 Jonas Fotografi'   itemprop=\"thumbnailUrl\"  \/><\/div><\/div><br \/>\n<section class=\"av_textblock_section \"  itemscope=\"itemscope\" itemtype=\"https:\/\/schema.org\/CreativeWork\" ><div class='avia_textblock  '   itemprop=\"text\" ><h1><strong>Den <\/strong><strong>utsetter <\/strong><strong>behovet for <\/strong><strong>hjemmehjelp<\/strong><\/h1>\n<h3>Lisbeth Buhl, Ergoterapeut i Aabenraa Kommune.<\/h3>\n<p>Vi har pr\u00f8vet RotoBed\u00ae som del av et prosjekt. Form\u00e5let var prim\u00e6rt \u00e5 unders\u00f8ke, om sengen kunne gj\u00f8re en beboer s\u00e5 selvhjulpen, at behovet for hjemmehjelp for \u00e5 komme inn\/ut av seng kunne utsettes eller unnv\u00e6res helt. Sengen ble pr\u00f8vet ut hos 11 beboere, som normalt f\u00e5r hjelp, alle med positivt resultat.<\/p>\n<p>Risikoen for trykks\u00e5r er nedsatt, fordi det er mindre risiko for at huden strekkes og vris b\u00e5de ved inn- og utstigning og i fors\u00f8ket p\u00e5 at finne en god liggestilling. Sengen forebygger fallulykker, og beboere med osteoporose har f\u00e6rre smerter og lavere risiko for brudd, fordi der er f\u00e6rre vridniger i kroppen.<\/p>\n<p>Vi gjorde mye for \u00e5 treffe m\u00e5lgruppen. F\u00f8rst med et innledende hjemmebes\u00f8k med en faglig funksjonsutredning, COPM, basert p\u00e5 beboeren sin egen vurdering. Deretter en utpr\u00f8ving av sengen i Hj\u00e6lpemiddelhuset for \u00e5 sikre at beboeren klarer \u00e5 utnytte sengens funksjoner. Ett oppf\u00f8lgende hjemmebes\u00f8k like etter utl\u00e5n av sengen med en ekstra gjennomgang av betjeningen og etter 3-4 uker enda et hjemmebes\u00f8k med en sluttevaluering.<\/p>\n<p>Det er viktig \u00e5 gj\u00f8re et godt forarbeid i starten, s\u00e5 beboeren er introdusert til sengen og trygg p\u00e5 \u00e5 bruke den. Alle er blitt mere selvhjulpne og er veldig glade for friheten, det gir b\u00e5de dem og deres familie, at de igjen selv kan st\u00e5 opp og g\u00e5 i seng.<\/p>\n<p>Det er beboere med kroniske diagnoser som Parkinson og artrose, som har en begrenset mengde energi til r\u00e5dighet, og da er det trist \u00e5 bruke opp den p\u00e5 \u00e5 komme seg ut av sengen. De fleste er eldre, og deres ektefeller har ofte fysiske vanskeligheter ved \u00e5 hjelpe til. Med en RotoBed\u00ae f\u00e5r ekteparet bedre mulighet for \u00e5 v\u00e6re mann og kone i stedet for handicappet og hjelper, s\u00e5 ektefellene er ogs\u00e5 veldig glade for den.<\/p>\n<\/div><\/section><\/p><\/div>\n<div class=\"flex_column av_one_fourth  flex_column_div av-zero-column-padding   \" style='border-radius:0px; '><p><div style='padding-bottom:10px;' class='av-special-heading av-special-heading-h1    '><h1 class='av-special-heading-tag '  itemprop=\"headline\"  >Brukere: 9 spennende cases med RotoBed\u00ae<\/h1><div class='special-heading-border'><div class='special-heading-inner-border' ><\/div><\/div><\/div><br \/>\n<div style='height:50px' class='hr hr-invisible  '><span class='hr-inner ' ><span class='hr-inner-style'><\/span><\/span><\/div><br \/>\n<div class='avia-button-wrap avia-button-right '><a href='https:\/\/rotobed.com\/no\/brukere\/' class='avia-button   avia-icon_select-no avia-color-theme-color avia-size-medium avia-position-right '   ><span class='avia_iconbox_title' >Se oversikten her<\/span><\/a><\/div><\/p><\/div><div style='height:50px' class='hr hr-invisible  '><span class='hr-inner ' ><span class='hr-inner-style'><\/span><\/span><\/div><\/p>\n","protected":false},"excerpt":{"rendered":"","protected":false},"author":1,"featured_media":0,"parent":0,"menu_order":0,"comment_status":"closed","ping_status":"closed","template":"","meta":[],"yoast_head":"<!-- This site is optimized with the Yoast SEO plugin v16.9 - https:\/\/yoast.com\/wordpress\/plugins\/seo\/ -->\n<title>Hjemmehjelp - RotoBed pleieseng - dreieseng - mindre smerte - mer frihet<\/title>\n<meta name=\"description\" content=\"Hjemmehjelp kan utsettes med en svingbar seng fra RotoBed. I l\u00f8pet av ett minutt vil RotoBed hjelpe deg ut av sengen - uten smerter!\" \/>\n<meta name=\"robots\" content=\"index, follow, max-snippet:-1, max-image-preview:large, max-video-preview:-1\" \/>\n<link rel=\"canonical\" href=\"https:\/\/rotobed.com\/no\/hjemmehjelp\/\" \/>\n<meta property=\"og:locale\" content=\"en_US\" \/>\n<meta property=\"og:type\" content=\"article\" \/>\n<meta property=\"og:title\" content=\"Hjemmehjelp - RotoBed pleieseng - dreieseng - mindre smerte - mer frihet\" \/>\n<meta property=\"og:description\" content=\"Hjemmehjelp kan utsettes med en svingbar seng fra RotoBed. I l\u00f8pet av ett minutt vil RotoBed hjelpe deg ut av sengen - uten smerter!\" \/>\n<meta property=\"og:url\" content=\"https:\/\/rotobed.com\/no\/hjemmehjelp\/\" \/>\n<meta property=\"og:site_name\" content=\"RotoBed\" \/>\n<meta property=\"article:modified_time\" content=\"2020-08-10T08:36:22+00:00\" \/>\n<meta name=\"twitter:card\" content=\"summary\" \/>\n<meta name=\"twitter:label1\" content=\"Est. reading time\" \/>\n\t<meta name=\"twitter:data1\" content=\"4 minutes\" \/>\n<script type=\"application\/ld+json\" class=\"yoast-schema-graph\">{\"@context\":\"https:\/\/schema.org\",\"@graph\":[{\"@type\":\"WebSite\",\"@id\":\"https:\/\/rotobed.com\/no\/#website\",\"url\":\"https:\/\/rotobed.com\/no\/\",\"name\":\"RotoBed\",\"description\":\"\",\"potentialAction\":[{\"@type\":\"SearchAction\",\"target\":{\"@type\":\"EntryPoint\",\"urlTemplate\":\"https:\/\/rotobed.com\/no\/?s={search_term_string}\"},\"query-input\":\"required name=search_term_string\"}],\"inLanguage\":\"en-US\"},{\"@type\":\"WebPage\",\"@id\":\"https:\/\/rotobed.com\/no\/hjemmehjelp\/#webpage\",\"url\":\"https:\/\/rotobed.com\/no\/hjemmehjelp\/\",\"name\":\"Hjemmehjelp - RotoBed pleieseng - dreieseng - mindre smerte - mer frihet\",\"isPartOf\":{\"@id\":\"https:\/\/rotobed.com\/no\/#website\"},\"datePublished\":\"2015-11-30T10:38:48+00:00\",\"dateModified\":\"2020-08-10T08:36:22+00:00\",\"description\":\"Hjemmehjelp kan utsettes med en svingbar seng fra RotoBed. I l\\u00f8pet av ett minutt vil RotoBed hjelpe deg ut av sengen - uten smerter!\",\"breadcrumb\":{\"@id\":\"https:\/\/rotobed.com\/no\/hjemmehjelp\/#breadcrumb\"},\"inLanguage\":\"en-US\",\"potentialAction\":[{\"@type\":\"ReadAction\",\"target\":[\"https:\/\/rotobed.com\/no\/hjemmehjelp\/\"]}]},{\"@type\":\"BreadcrumbList\",\"@id\":\"https:\/\/rotobed.com\/no\/hjemmehjelp\/#breadcrumb\",\"itemListElement\":[{\"@type\":\"ListItem\",\"position\":1,\"name\":\"Hjem\",\"item\":\"https:\/\/rotobed.com\/no\/\"},{\"@type\":\"ListItem\",\"position\":2,\"name\":\"Lisbeth Buhl\"}]}]}<\/script>\n<!-- \/ Yoast SEO plugin. -->","yoast_head_json":{"title":"Hjemmehjelp - RotoBed pleieseng - dreieseng - mindre smerte - mer frihet","description":"Hjemmehjelp kan utsettes med en svingbar seng fra RotoBed. I l\u00f8pet av ett minutt vil RotoBed hjelpe deg ut av sengen - uten smerter!","robots":{"index":"index","follow":"follow","max-snippet":"max-snippet:-1","max-image-preview":"max-image-preview:large","max-video-preview":"max-video-preview:-1"},"canonical":"https:\/\/rotobed.com\/no\/hjemmehjelp\/","og_locale":"en_US","og_type":"article","og_title":"Hjemmehjelp - RotoBed pleieseng - dreieseng - mindre smerte - mer frihet","og_description":"Hjemmehjelp kan utsettes med en svingbar seng fra RotoBed. I l\u00f8pet av ett minutt vil RotoBed hjelpe deg ut av sengen - uten smerter!","og_url":"https:\/\/rotobed.com\/no\/hjemmehjelp\/","og_site_name":"RotoBed","article_modified_time":"2020-08-10T08:36:22+00:00","twitter_card":"summary","twitter_misc":{"Est. reading time":"4 minutes"},"schema":{"@context":"https:\/\/schema.org","@graph":[{"@type":"WebSite","@id":"https:\/\/rotobed.com\/no\/#website","url":"https:\/\/rotobed.com\/no\/","name":"RotoBed","description":"","potentialAction":[{"@type":"SearchAction","target":{"@type":"EntryPoint","urlTemplate":"https:\/\/rotobed.com\/no\/?s={search_term_string}"},"query-input":"required name=search_term_string"}],"inLanguage":"en-US"},{"@type":"WebPage","@id":"https:\/\/rotobed.com\/no\/hjemmehjelp\/#webpage","url":"https:\/\/rotobed.com\/no\/hjemmehjelp\/","name":"Hjemmehjelp - RotoBed pleieseng - dreieseng - mindre smerte - mer frihet","isPartOf":{"@id":"https:\/\/rotobed.com\/no\/#website"},"datePublished":"2015-11-30T10:38:48+00:00","dateModified":"2020-08-10T08:36:22+00:00","description":"Hjemmehjelp kan utsettes med en svingbar seng fra RotoBed. I l\u00f8pet av ett minutt vil RotoBed hjelpe deg ut av sengen - uten smerter!","breadcrumb":{"@id":"https:\/\/rotobed.com\/no\/hjemmehjelp\/#breadcrumb"},"inLanguage":"en-US","potentialAction":[{"@type":"ReadAction","target":["https:\/\/rotobed.com\/no\/hjemmehjelp\/"]}]},{"@type":"BreadcrumbList","@id":"https:\/\/rotobed.com\/no\/hjemmehjelp\/#breadcrumb","itemListElement":[{"@type":"ListItem","position":1,"name":"Hjem","item":"https:\/\/rotobed.com\/no\/"},{"@type":"ListItem","position":2,"name":"Lisbeth Buhl"}]}]}},"_links":{"self":[{"href":"https:\/\/rotobed.com\/no\/wp-json\/wp\/v2\/pages\/160"}],"collection":[{"href":"https:\/\/rotobed.com\/no\/wp-json\/wp\/v2\/pages"}],"about":[{"href":"https:\/\/rotobed.com\/no\/wp-json\/wp\/v2\/types\/page"}],"author":[{"embeddable":true,"href":"https:\/\/rotobed.com\/no\/wp-json\/wp\/v2\/users\/1"}],"replies":[{"embeddable":true,"href":"https:\/\/rotobed.com\/no\/wp-json\/wp\/v2\/comments?post=160"}],"version-history":[{"count":10,"href":"https:\/\/rotobed.com\/no\/wp-json\/wp\/v2\/pages\/160\/revisions"}],"predecessor-version":[{"id":7352,"href":"https:\/\/rotobed.com\/no\/wp-json\/wp\/v2\/pages\/160\/revisions\/7352"}],"wp:attachment":[{"href":"https:\/\/rotobed.com\/no\/wp-json\/wp\/v2\/media?parent=160"}],"curies":[{"name":"wp","href":"https:\/\/api.w.org\/{rel}","templated":true}]}}