{"id":163,"date":"2015-11-30T10:41:55","date_gmt":"2015-11-30T10:41:55","guid":{"rendered":"https:\/\/rotobed.com\/no\/?page_id=163"},"modified":"2020-08-10T08:36:58","modified_gmt":"2020-08-10T08:36:58","slug":"lymfodem","status":"publish","type":"page","link":"https:\/\/rotobed.com\/no\/lymfodem\/","title":{"rendered":"Esther S\u00f8gaard"},"content":{"rendered":"<div style='height:50px' class='hr hr-invisible  '><span class='hr-inner ' ><span class='hr-inner-style'><\/span><\/span><\/div>\n<div class=\"flex_column av_three_fourth  flex_column_div av-zero-column-padding first  \" style='border-radius:0px; '><p><div class='avia-image-container  av-styling-    avia-align-center '  itemprop=\"ImageObject\" itemscope=\"itemscope\" itemtype=\"https:\/\/schema.org\/ImageObject\"  ><div class='avia-image-container-inner'><img class='avia_image ' src='https:\/\/rotobed.com\/no\/wp-content\/uploads\/2015\/09\/Ester-03A_02-295x300.jpg' alt='Lymf\u00f8dem RotoBed' title='Ester-03A_02'   itemprop=\"thumbnailUrl\"  \/><\/div><\/div><br \/>\n<section class=\"av_textblock_section \"  itemscope=\"itemscope\" itemtype=\"https:\/\/schema.org\/CreativeWork\" ><div class='avia_textblock  '   itemprop=\"text\" ><h1><strong>Jeg har <\/strong><strong>f\u00e5tt <\/strong><strong>min livskvalitet <\/strong><strong>tilbake<\/strong><\/h1>\n<h3>Lymf\u00f8dem: Esther S\u00f8gaard, Hodsager. 77 \u00e5r. Har lymf\u00f8dem og kan ikke selv l\u00f8fte sine ben. Fikk RotoBed\u00ae for tre \u00e5r siden.<\/h3>\n<p>I mange \u00e5r har mitt liv v\u00e6rt styrt av klokken. Jeg har veldig hovne ben p\u00e5 grunn af lymf\u00f8dem, omkretsen av mine kn\u00e6r er 92 centimeter, s\u00e5 jeg kan ikke l\u00f8fte de selv.<\/p>\n<p>F\u00f8r jeg fikk sengen, fikk jeg bes\u00f8k av en hjelper opp til seks ganger om dagen. Avtalen var, at jeg skulle ligge i seng til middag klokken 12.30, s\u00e5 der skulle jeg v\u00e6re ferdig med frokosten.<\/p>\n<p>Om kvelden ble jeg lagt i seng mellom 21.30 og 22.30 alt etter, hva som passet inn i kommunens program. Det var trist at jeg ikke selv kunne g\u00e5 i seng, n\u00e5r jeg \u00f8nsket det, og enda verre, hvis jeg hadde gjester. De var jo n\u00f8dt til at forlate huset, f\u00f8r hjelperne kom, selv om vi hygget oss og jeg satt midt i et slag kort med en god h\u00e5nd. N\u00e5r jeg hadde mitt toalettbes\u00f8k p\u00e5 natten, satt jeg \u00e5 ventet p\u00e5 at hjelperne skulle komme og f\u00e5 meg i seng igjen. Det gav en veldig d\u00e5rlig s\u00f8vn.<\/p>\n<p>Da jeg fikk min RotoBed\u00ae seng, kunne jeg plutselig komme i seng uten hjelp. Jeg sluttet med \u00e5 sove fast til middag, fordi jeg fikk en mye bedre nattes\u00f8vn, og hjelpen ble satt ned til to ganger om dagen. Jeg beh\u00f8vde heller ikke lenger \u00e5 spise etter klokken, men etter min egen sultf\u00f8lelse.<\/p>\n<p>Det har gitt meg stor livskvalitet, at jeg selv kan styre min hverdag. Og regner jeg litt p\u00e5 tiden, som sengen sparer kommunen for, er vi visst alle glade.<\/p>\n<\/div><\/section><\/p><\/div>\n<div class=\"flex_column av_one_fourth  flex_column_div av-zero-column-padding   \" style='border-radius:0px; '><p><div style='padding-bottom:10px;' class='av-special-heading av-special-heading-h1    '><h1 class='av-special-heading-tag '  itemprop=\"headline\"  >Brukere: 9 spennende cases med RotoBed\u00ae <\/h1><div class='special-heading-border'><div class='special-heading-inner-border' ><\/div><\/div><\/div><br \/>\n<div style='height:50px' class='hr hr-invisible  '><span class='hr-inner ' ><span class='hr-inner-style'><\/span><\/span><\/div><br \/>\n<div class='avia-button-wrap avia-button-right '><a href='https:\/\/rotobed.com\/no\/brukere\/' class='avia-button   avia-icon_select-no avia-color-theme-color avia-size-medium avia-position-right '   ><span class='avia_iconbox_title' >Se oversikten her<\/span><\/a><\/div><\/p><\/div><div style='height:50px' class='hr hr-invisible  '><span class='hr-inner ' ><span class='hr-inner-style'><\/span><\/span><\/div><\/p>\n","protected":false},"excerpt":{"rendered":"","protected":false},"author":1,"featured_media":0,"parent":0,"menu_order":0,"comment_status":"closed","ping_status":"closed","template":"","meta":[],"yoast_head":"<!-- This site is optimized with the Yoast SEO plugin v16.9 - https:\/\/yoast.com\/wordpress\/plugins\/seo\/ -->\n<title>Lymf\u00f8dem - RotoBed - pleieseng - mindre smerte - mer frihet - livskvalitet<\/title>\n<meta name=\"description\" content=\"Lymf\u00f8dem kan v\u00e6re smertefullt og gj\u00f8re det vanskelig \u00e5 komme inn og ut av sengen. RotoBed hjelper deg ut av sengen p\u00e5 mindre enn ett minutt - uten smerter.\" \/>\n<meta name=\"robots\" content=\"index, follow, max-snippet:-1, max-image-preview:large, max-video-preview:-1\" \/>\n<link rel=\"canonical\" href=\"https:\/\/rotobed.com\/no\/lymfodem\/\" \/>\n<meta property=\"og:locale\" content=\"en_US\" \/>\n<meta property=\"og:type\" content=\"article\" \/>\n<meta property=\"og:title\" content=\"Lymf\u00f8dem - RotoBed - pleieseng - mindre smerte - mer frihet - livskvalitet\" \/>\n<meta property=\"og:description\" content=\"Lymf\u00f8dem kan v\u00e6re smertefullt og gj\u00f8re det vanskelig \u00e5 komme inn og ut av sengen. RotoBed hjelper deg ut av sengen p\u00e5 mindre enn ett minutt - uten smerter.\" \/>\n<meta property=\"og:url\" content=\"https:\/\/rotobed.com\/no\/lymfodem\/\" \/>\n<meta property=\"og:site_name\" content=\"RotoBed\" \/>\n<meta property=\"article:modified_time\" content=\"2020-08-10T08:36:58+00:00\" \/>\n<meta name=\"twitter:card\" content=\"summary\" \/>\n<meta name=\"twitter:label1\" content=\"Est. reading time\" \/>\n\t<meta name=\"twitter:data1\" content=\"3 minutes\" \/>\n<script type=\"application\/ld+json\" class=\"yoast-schema-graph\">{\"@context\":\"https:\/\/schema.org\",\"@graph\":[{\"@type\":\"WebSite\",\"@id\":\"https:\/\/rotobed.com\/no\/#website\",\"url\":\"https:\/\/rotobed.com\/no\/\",\"name\":\"RotoBed\",\"description\":\"\",\"potentialAction\":[{\"@type\":\"SearchAction\",\"target\":{\"@type\":\"EntryPoint\",\"urlTemplate\":\"https:\/\/rotobed.com\/no\/?s={search_term_string}\"},\"query-input\":\"required name=search_term_string\"}],\"inLanguage\":\"en-US\"},{\"@type\":\"WebPage\",\"@id\":\"https:\/\/rotobed.com\/no\/lymfodem\/#webpage\",\"url\":\"https:\/\/rotobed.com\/no\/lymfodem\/\",\"name\":\"Lymf\\u00f8dem - RotoBed - pleieseng - mindre smerte - mer frihet - livskvalitet\",\"isPartOf\":{\"@id\":\"https:\/\/rotobed.com\/no\/#website\"},\"datePublished\":\"2015-11-30T10:41:55+00:00\",\"dateModified\":\"2020-08-10T08:36:58+00:00\",\"description\":\"Lymf\\u00f8dem kan v\\u00e6re smertefullt og gj\\u00f8re det vanskelig \\u00e5 komme inn og ut av sengen. RotoBed hjelper deg ut av sengen p\\u00e5 mindre enn ett minutt - uten smerter.\",\"breadcrumb\":{\"@id\":\"https:\/\/rotobed.com\/no\/lymfodem\/#breadcrumb\"},\"inLanguage\":\"en-US\",\"potentialAction\":[{\"@type\":\"ReadAction\",\"target\":[\"https:\/\/rotobed.com\/no\/lymfodem\/\"]}]},{\"@type\":\"BreadcrumbList\",\"@id\":\"https:\/\/rotobed.com\/no\/lymfodem\/#breadcrumb\",\"itemListElement\":[{\"@type\":\"ListItem\",\"position\":1,\"name\":\"Hjem\",\"item\":\"https:\/\/rotobed.com\/no\/\"},{\"@type\":\"ListItem\",\"position\":2,\"name\":\"Esther S\\u00f8gaard\"}]}]}<\/script>\n<!-- \/ Yoast SEO plugin. -->","yoast_head_json":{"title":"Lymf\u00f8dem - RotoBed - pleieseng - mindre smerte - mer frihet - livskvalitet","description":"Lymf\u00f8dem kan v\u00e6re smertefullt og gj\u00f8re det vanskelig \u00e5 komme inn og ut av sengen. RotoBed hjelper deg ut av sengen p\u00e5 mindre enn ett minutt - uten smerter.","robots":{"index":"index","follow":"follow","max-snippet":"max-snippet:-1","max-image-preview":"max-image-preview:large","max-video-preview":"max-video-preview:-1"},"canonical":"https:\/\/rotobed.com\/no\/lymfodem\/","og_locale":"en_US","og_type":"article","og_title":"Lymf\u00f8dem - RotoBed - pleieseng - mindre smerte - mer frihet - livskvalitet","og_description":"Lymf\u00f8dem kan v\u00e6re smertefullt og gj\u00f8re det vanskelig \u00e5 komme inn og ut av sengen. RotoBed hjelper deg ut av sengen p\u00e5 mindre enn ett minutt - uten smerter.","og_url":"https:\/\/rotobed.com\/no\/lymfodem\/","og_site_name":"RotoBed","article_modified_time":"2020-08-10T08:36:58+00:00","twitter_card":"summary","twitter_misc":{"Est. reading time":"3 minutes"},"schema":{"@context":"https:\/\/schema.org","@graph":[{"@type":"WebSite","@id":"https:\/\/rotobed.com\/no\/#website","url":"https:\/\/rotobed.com\/no\/","name":"RotoBed","description":"","potentialAction":[{"@type":"SearchAction","target":{"@type":"EntryPoint","urlTemplate":"https:\/\/rotobed.com\/no\/?s={search_term_string}"},"query-input":"required name=search_term_string"}],"inLanguage":"en-US"},{"@type":"WebPage","@id":"https:\/\/rotobed.com\/no\/lymfodem\/#webpage","url":"https:\/\/rotobed.com\/no\/lymfodem\/","name":"Lymf\u00f8dem - RotoBed - pleieseng - mindre smerte - mer frihet - livskvalitet","isPartOf":{"@id":"https:\/\/rotobed.com\/no\/#website"},"datePublished":"2015-11-30T10:41:55+00:00","dateModified":"2020-08-10T08:36:58+00:00","description":"Lymf\u00f8dem kan v\u00e6re smertefullt og gj\u00f8re det vanskelig \u00e5 komme inn og ut av sengen. RotoBed hjelper deg ut av sengen p\u00e5 mindre enn ett minutt - uten smerter.","breadcrumb":{"@id":"https:\/\/rotobed.com\/no\/lymfodem\/#breadcrumb"},"inLanguage":"en-US","potentialAction":[{"@type":"ReadAction","target":["https:\/\/rotobed.com\/no\/lymfodem\/"]}]},{"@type":"BreadcrumbList","@id":"https:\/\/rotobed.com\/no\/lymfodem\/#breadcrumb","itemListElement":[{"@type":"ListItem","position":1,"name":"Hjem","item":"https:\/\/rotobed.com\/no\/"},{"@type":"ListItem","position":2,"name":"Esther S\u00f8gaard"}]}]}},"_links":{"self":[{"href":"https:\/\/rotobed.com\/no\/wp-json\/wp\/v2\/pages\/163"}],"collection":[{"href":"https:\/\/rotobed.com\/no\/wp-json\/wp\/v2\/pages"}],"about":[{"href":"https:\/\/rotobed.com\/no\/wp-json\/wp\/v2\/types\/page"}],"author":[{"embeddable":true,"href":"https:\/\/rotobed.com\/no\/wp-json\/wp\/v2\/users\/1"}],"replies":[{"embeddable":true,"href":"https:\/\/rotobed.com\/no\/wp-json\/wp\/v2\/comments?post=163"}],"version-history":[{"count":11,"href":"https:\/\/rotobed.com\/no\/wp-json\/wp\/v2\/pages\/163\/revisions"}],"predecessor-version":[{"id":7355,"href":"https:\/\/rotobed.com\/no\/wp-json\/wp\/v2\/pages\/163\/revisions\/7355"}],"wp:attachment":[{"href":"https:\/\/rotobed.com\/no\/wp-json\/wp\/v2\/media?parent=163"}],"curies":[{"name":"wp","href":"https:\/\/api.w.org\/{rel}","templated":true}]}}