{"id":200,"date":"2015-12-06T22:01:09","date_gmt":"2015-12-06T22:01:09","guid":{"rendered":"https:\/\/rotobed.com\/no\/?page_id=200"},"modified":"2020-08-10T08:41:31","modified_gmt":"2020-08-10T08:41:31","slug":"blodpropp","status":"publish","type":"page","link":"https:\/\/rotobed.com\/no\/blodpropp\/","title":{"rendered":"Jack J\u00f8nsson"},"content":{"rendered":"<div style='height:50px' class='hr hr-invisible  '><span class='hr-inner ' ><span class='hr-inner-style'><\/span><\/span><\/div>\n<div class=\"flex_column av_three_fourth  flex_column_div av-zero-column-padding first  \" style='border-radius:0px; '><p><div class='avia-image-container  av-styling-    avia-align-center '  itemprop=\"ImageObject\" itemscope=\"itemscope\" itemtype=\"https:\/\/schema.org\/ImageObject\"  ><div class='avia-image-container-inner'><img class='avia_image ' src='https:\/\/rotobed.com\/no\/wp-content\/uploads\/2015\/09\/Jack-1030x687.jpg' alt='' title='Jack'   itemprop=\"thumbnailUrl\"  \/><\/div><\/div><br \/>\n<section class=\"av_textblock_section \"  itemscope=\"itemscope\" itemtype=\"https:\/\/schema.org\/CreativeWork\" ><div class='avia_textblock  '   itemprop=\"text\" ><h1><strong>Hjelperne viser frem min seng <\/strong><\/h1>\n<h3 style=\"font-style: inherit;\">Jack J\u00f8nsson, Ish\u00f8j. 71 \u00e5r. Er lam i h\u00f8yre side etter en blodpropp. Har hatt RotoBed\u00ae i et \u00e5r.<\/h3>\n<p>F\u00f8r hadde jeg en sykehusseng, men den kunne ikke dreie. S\u00e5 n\u00e5r pleierne skulle ha meg ut av sengen, la de et h\u00e5ndkle rundt om meg og dro. Det var belastende for de og det jeg fikk ogs\u00e5 smerter av det.<\/p>\n<p>S\u00e5 hadde jeg en fornuftig forflytningsveileder, som hadde sett RotoBed\u00ae p\u00e5 en utstilling og tenkte, at det var noe for meg. Jeg pr\u00f8vde den der de har hjelpemidler, og jeg f\u00f8lte det bare slik: \u2013 Den skal det v\u00e6re! Ogs\u00e5 fikk jeg den samme ettermiddag, det var helt fantastisk.<\/p>\n<p>F\u00f8r f\u00f8lte jeg meg veldig handikappet, og det var et stort irritasjonsmoment. N\u00e5 f\u00f8ler jeg det ikke s\u00e5nn lengre, og stemningen er ogs\u00e5 blitt mye bedre, n\u00e5r hjelperne skal ha meg ut av sengen. F\u00f8r gjorde det jo vondt; s\u00e5 sa jeg kanskje noen stygge ord, og s\u00e5 ble de ogs\u00e5 sure.<\/p>\n<p>N\u00e5 ringer de ti minutter f\u00f8r de kommer, og da har jeg kj\u00f8rt meg opp til sittende. De ordner alt med sko og bukser og str\u00f8mper, mens sengen er kj\u00f8rt ut mot gulvet, og de er s\u00e5 glade for den, at de tar familien med p\u00e5 arbeid for \u00e5 se vidunderet. De er veldig imponert.<\/p>\n<\/div><\/section><\/p><\/div>\n<div class=\"flex_column av_one_fourth  flex_column_div av-zero-column-padding   \" style='border-radius:0px; '><p><div style='padding-bottom:10px;' class='av-special-heading av-special-heading-h1    '><h1 class='av-special-heading-tag '  itemprop=\"headline\"  >Brukere: 9 spennende cases med RotoBed\u00ae <\/h1><div class='special-heading-border'><div class='special-heading-inner-border' ><\/div><\/div><\/div><br \/>\n<div style='height:50px' class='hr hr-invisible  '><span class='hr-inner ' ><span class='hr-inner-style'><\/span><\/span><\/div><br \/>\n<div class='avia-button-wrap avia-button-right '><a href='https:\/\/rotobed.com\/no\/brukere\/' class='avia-button   avia-icon_select-no avia-color-theme-color avia-size-medium avia-position-right '   ><span class='avia_iconbox_title' >Se oversikten her<\/span><\/a><\/div><\/p><\/div><div class=\"flex_column av_one_half  flex_column_div av-zero-column-padding first  \" style='border-radius:0px; '><section class=\"av_textblock_section \"  itemscope=\"itemscope\" itemtype=\"https:\/\/schema.org\/CreativeWork\" ><div class='avia_textblock  '   itemprop=\"text\" ><h2><strong>Det er det <\/strong><strong>beste<\/strong><strong>, <\/strong><strong>som har skjedd <\/strong><strong>for Jack<\/strong><\/h2>\n<p><em>Kirsten J\u00f8nsson, <\/em><em>konen <\/em><em>til Jack.<\/em><\/p>\n<p>Det er helt fantastisk, hvor mye sengen har gjort for Jack. Han har blitt s\u00e5 glad i den. Glad, fordi han har mer verdighet n\u00e5. Og glad, fordi han ikke er til bry for andre.<\/p>\n<p>For meg var det den rene svir, da han fikk sengen, for jeg hadde jo v\u00e6rt vant til \u00e5 bryderiet med \u00e5 f\u00e5 ham ut av den gamle. N\u00e5 har Jack flyttet i en eldrebolig, fordi han syntes det var for hardt for meg. S\u00e5 n\u00e5 er det hjelperne, som har glede av den. Vi er virkelig takknemlige overfor kommunen. Hvis man skal bli syk og handikappet, s\u00e5 er Ish\u00f8j bare den beste kommune \u00e5 bo i.<\/p>\n<\/div><\/section><\/div><\/p>\n<div class=\"flex_column av_one_fourth  flex_column_div av-zero-column-padding   \" style='border-radius:0px; '><div class='avia-image-container  av-styling-    avia-align-center '  itemprop=\"ImageObject\" itemscope=\"itemscope\" itemtype=\"https:\/\/schema.org\/ImageObject\"  ><div class='avia-image-container-inner'><img class='avia_image ' src='https:\/\/rotobed.com\/no\/wp-content\/uploads\/2015\/09\/Kirsten-1030x687.jpg' alt='' title='Kirsten'   itemprop=\"thumbnailUrl\"  \/><\/div><\/div><\/div>\n<div style='height:50px' class='hr hr-invisible  '><span class='hr-inner ' ><span class='hr-inner-style'><\/span><\/span><\/div>\n","protected":false},"excerpt":{"rendered":"","protected":false},"author":1,"featured_media":0,"parent":0,"menu_order":0,"comment_status":"closed","ping_status":"closed","template":"","meta":[],"yoast_head":"<!-- This site is optimized with the Yoast SEO plugin v16.9 - https:\/\/yoast.com\/wordpress\/plugins\/seo\/ -->\n<title>blodpropp - vanskelig \u00e5 komme ut av sengen? Pr\u00f8v en RotoBed!<\/title>\n<meta name=\"description\" content=\"En blodpropp for\u00e5rsaker ofte lammelse og gj\u00f8r det vanskelig \u00e5 komme ut av sengen. RotoBed dreiesengen gj\u00f8r det for deg p\u00e5 mindre enn et minutt.\" \/>\n<meta name=\"robots\" content=\"index, follow, max-snippet:-1, max-image-preview:large, max-video-preview:-1\" \/>\n<link rel=\"canonical\" href=\"https:\/\/rotobed.com\/no\/blodpropp\/\" \/>\n<meta property=\"og:locale\" content=\"en_US\" \/>\n<meta property=\"og:type\" content=\"article\" \/>\n<meta property=\"og:title\" content=\"blodpropp - vanskelig \u00e5 komme ut av sengen? Pr\u00f8v en RotoBed!\" \/>\n<meta property=\"og:description\" content=\"En blodpropp for\u00e5rsaker ofte lammelse og gj\u00f8r det vanskelig \u00e5 komme ut av sengen. RotoBed dreiesengen gj\u00f8r det for deg p\u00e5 mindre enn et minutt.\" \/>\n<meta property=\"og:url\" content=\"https:\/\/rotobed.com\/no\/blodpropp\/\" \/>\n<meta property=\"og:site_name\" content=\"RotoBed\" \/>\n<meta property=\"article:modified_time\" content=\"2020-08-10T08:41:31+00:00\" \/>\n<meta name=\"twitter:card\" content=\"summary\" \/>\n<meta name=\"twitter:label1\" content=\"Est. reading time\" \/>\n\t<meta name=\"twitter:data1\" content=\"5 minutes\" \/>\n<script type=\"application\/ld+json\" class=\"yoast-schema-graph\">{\"@context\":\"https:\/\/schema.org\",\"@graph\":[{\"@type\":\"WebSite\",\"@id\":\"https:\/\/rotobed.com\/no\/#website\",\"url\":\"https:\/\/rotobed.com\/no\/\",\"name\":\"RotoBed\",\"description\":\"\",\"potentialAction\":[{\"@type\":\"SearchAction\",\"target\":{\"@type\":\"EntryPoint\",\"urlTemplate\":\"https:\/\/rotobed.com\/no\/?s={search_term_string}\"},\"query-input\":\"required name=search_term_string\"}],\"inLanguage\":\"en-US\"},{\"@type\":\"WebPage\",\"@id\":\"https:\/\/rotobed.com\/no\/blodpropp\/#webpage\",\"url\":\"https:\/\/rotobed.com\/no\/blodpropp\/\",\"name\":\"blodpropp - vanskelig \\u00e5 komme ut av sengen? Pr\\u00f8v en RotoBed!\",\"isPartOf\":{\"@id\":\"https:\/\/rotobed.com\/no\/#website\"},\"datePublished\":\"2015-12-06T22:01:09+00:00\",\"dateModified\":\"2020-08-10T08:41:31+00:00\",\"description\":\"En blodpropp for\\u00e5rsaker ofte lammelse og gj\\u00f8r det vanskelig \\u00e5 komme ut av sengen. RotoBed dreiesengen gj\\u00f8r det for deg p\\u00e5 mindre enn et minutt.\",\"breadcrumb\":{\"@id\":\"https:\/\/rotobed.com\/no\/blodpropp\/#breadcrumb\"},\"inLanguage\":\"en-US\",\"potentialAction\":[{\"@type\":\"ReadAction\",\"target\":[\"https:\/\/rotobed.com\/no\/blodpropp\/\"]}]},{\"@type\":\"BreadcrumbList\",\"@id\":\"https:\/\/rotobed.com\/no\/blodpropp\/#breadcrumb\",\"itemListElement\":[{\"@type\":\"ListItem\",\"position\":1,\"name\":\"Hjem\",\"item\":\"https:\/\/rotobed.com\/no\/\"},{\"@type\":\"ListItem\",\"position\":2,\"name\":\"Jack J\\u00f8nsson\"}]}]}<\/script>\n<!-- \/ Yoast SEO plugin. -->","yoast_head_json":{"title":"blodpropp - vanskelig \u00e5 komme ut av sengen? Pr\u00f8v en RotoBed!","description":"En blodpropp for\u00e5rsaker ofte lammelse og gj\u00f8r det vanskelig \u00e5 komme ut av sengen. RotoBed dreiesengen gj\u00f8r det for deg p\u00e5 mindre enn et minutt.","robots":{"index":"index","follow":"follow","max-snippet":"max-snippet:-1","max-image-preview":"max-image-preview:large","max-video-preview":"max-video-preview:-1"},"canonical":"https:\/\/rotobed.com\/no\/blodpropp\/","og_locale":"en_US","og_type":"article","og_title":"blodpropp - vanskelig \u00e5 komme ut av sengen? Pr\u00f8v en RotoBed!","og_description":"En blodpropp for\u00e5rsaker ofte lammelse og gj\u00f8r det vanskelig \u00e5 komme ut av sengen. RotoBed dreiesengen gj\u00f8r det for deg p\u00e5 mindre enn et minutt.","og_url":"https:\/\/rotobed.com\/no\/blodpropp\/","og_site_name":"RotoBed","article_modified_time":"2020-08-10T08:41:31+00:00","twitter_card":"summary","twitter_misc":{"Est. reading time":"5 minutes"},"schema":{"@context":"https:\/\/schema.org","@graph":[{"@type":"WebSite","@id":"https:\/\/rotobed.com\/no\/#website","url":"https:\/\/rotobed.com\/no\/","name":"RotoBed","description":"","potentialAction":[{"@type":"SearchAction","target":{"@type":"EntryPoint","urlTemplate":"https:\/\/rotobed.com\/no\/?s={search_term_string}"},"query-input":"required name=search_term_string"}],"inLanguage":"en-US"},{"@type":"WebPage","@id":"https:\/\/rotobed.com\/no\/blodpropp\/#webpage","url":"https:\/\/rotobed.com\/no\/blodpropp\/","name":"blodpropp - vanskelig \u00e5 komme ut av sengen? Pr\u00f8v en RotoBed!","isPartOf":{"@id":"https:\/\/rotobed.com\/no\/#website"},"datePublished":"2015-12-06T22:01:09+00:00","dateModified":"2020-08-10T08:41:31+00:00","description":"En blodpropp for\u00e5rsaker ofte lammelse og gj\u00f8r det vanskelig \u00e5 komme ut av sengen. RotoBed dreiesengen gj\u00f8r det for deg p\u00e5 mindre enn et minutt.","breadcrumb":{"@id":"https:\/\/rotobed.com\/no\/blodpropp\/#breadcrumb"},"inLanguage":"en-US","potentialAction":[{"@type":"ReadAction","target":["https:\/\/rotobed.com\/no\/blodpropp\/"]}]},{"@type":"BreadcrumbList","@id":"https:\/\/rotobed.com\/no\/blodpropp\/#breadcrumb","itemListElement":[{"@type":"ListItem","position":1,"name":"Hjem","item":"https:\/\/rotobed.com\/no\/"},{"@type":"ListItem","position":2,"name":"Jack J\u00f8nsson"}]}]}},"_links":{"self":[{"href":"https:\/\/rotobed.com\/no\/wp-json\/wp\/v2\/pages\/200"}],"collection":[{"href":"https:\/\/rotobed.com\/no\/wp-json\/wp\/v2\/pages"}],"about":[{"href":"https:\/\/rotobed.com\/no\/wp-json\/wp\/v2\/types\/page"}],"author":[{"embeddable":true,"href":"https:\/\/rotobed.com\/no\/wp-json\/wp\/v2\/users\/1"}],"replies":[{"embeddable":true,"href":"https:\/\/rotobed.com\/no\/wp-json\/wp\/v2\/comments?post=200"}],"version-history":[{"count":9,"href":"https:\/\/rotobed.com\/no\/wp-json\/wp\/v2\/pages\/200\/revisions"}],"predecessor-version":[{"id":7366,"href":"https:\/\/rotobed.com\/no\/wp-json\/wp\/v2\/pages\/200\/revisions\/7366"}],"wp:attachment":[{"href":"https:\/\/rotobed.com\/no\/wp-json\/wp\/v2\/media?parent=200"}],"curies":[{"name":"wp","href":"https:\/\/api.w.org\/{rel}","templated":true}]}}