{"id":202,"date":"2015-12-06T22:04:30","date_gmt":"2015-12-06T22:04:30","guid":{"rendered":"https:\/\/rotobed.com\/no\/?page_id=202"},"modified":"2020-08-10T08:40:54","modified_gmt":"2020-08-10T08:40:54","slug":"seng","status":"publish","type":"page","link":"https:\/\/rotobed.com\/no\/seng\/","title":{"rendered":"Peter Kristoffersen"},"content":{"rendered":"<div style='height:50px' class='hr hr-invisible  '><span class='hr-inner ' ><span class='hr-inner-style'><\/span><\/span><\/div>\n<div class=\"flex_column av_three_fourth  flex_column_div av-zero-column-padding first  \" style='border-radius:0px; '><p><div class='avia-image-container  av-styling-    avia-align-center '  itemprop=\"ImageObject\" itemscope=\"itemscope\" itemtype=\"https:\/\/schema.org\/ImageObject\"  ><div class='avia-image-container-inner'><img class='avia_image ' src='https:\/\/rotobed.com\/no\/wp-content\/uploads\/2015\/09\/Peter-1030x687.jpg' alt='' title='Peter'   itemprop=\"thumbnailUrl\"  \/><\/div><\/div><br \/>\n<section class=\"av_textblock_section \"  itemscope=\"itemscope\" itemtype=\"https:\/\/schema.org\/CreativeWork\" ><div class='avia_textblock  '   itemprop=\"text\" ><h1><strong>Jeg g\u00e5r i seng n\u00e5r jeg vil<\/strong><\/h1>\n<h3 style=\"font-style: inherit;\">Peter Kristoffersen, Odense. 56 \u00e5r, f\u00f8dt spastisk. Bor p\u00e5 omsorgssenteret Munkehatten.<\/h3>\n<p>Da jeg flyttet hit til Munkehatten sist sommer, hadde jeg min gamle seng med. Det var en helt alminnelig seng. Den kunne jeg ikke selv komme ut av, jeg m\u00e5tte vente, til personalet hadde tid. Det var syns jeg var kjedelig. Jeg liker \u00e5 st\u00e5 opp tidlig.<\/p>\n<p>Jeg var ikke s\u00e5 glad i starten, da de foreslo den nye sengen. Men jeg sa ja til at pr\u00f8ve en liten periode. Det var litt vanskelig \u00e5 l\u00e6re \u00e5 styre den, men etter noen dager sto jeg selv opp om morgenen. Ha, s\u00e5 kunne de ikke finne meg.<\/p>\n<p>Jeg g\u00e5r selv p\u00e5 badet ved \u00e5 st\u00f8tte meg til kommoden og d\u00f8rkarmen. Jeg kler p\u00e5 meg og gj\u00f8r meg klar, og s\u00e5 trykker jeg p\u00e5 knappen. S\u00e5 kommer de med min vogn, s\u00e5 jeg kan komme ut og f\u00e5 mitt rugbr\u00f8d med syltet\u00f8y.<\/p>\n<p>Jeg er glad for sengen, fordi jeg ikke trenger \u00e5 vente lengre. Om kvelden gj\u00f8r de meg i stand, og s\u00e5 g\u00e5r jeg i seng, n\u00e5r jeg vil.<\/p>\n<\/div><\/section><\/p><\/div><div class=\"flex_column av_one_fourth  flex_column_div av-zero-column-padding   \" style='border-radius:0px; '><p><div style='padding-bottom:10px;' class='av-special-heading av-special-heading-h1    '><h1 class='av-special-heading-tag '  itemprop=\"headline\"  >Brukere: 9 spennende cases med RotoBed\u00ae <\/h1><div class='special-heading-border'><div class='special-heading-inner-border' ><\/div><\/div><\/div><br \/>\n<div style='height:50px' class='hr hr-invisible  '><span class='hr-inner ' ><span class='hr-inner-style'><\/span><\/span><\/div><br \/>\n<div class='avia-button-wrap avia-button-right '><a href='https:\/\/rotobed.com\/no\/brukere\/' class='avia-button   avia-icon_select-no avia-color-theme-color avia-size-medium avia-position-right '   ><span class='avia_iconbox_title' >Se oversigten her<\/span><\/a><\/div><\/p><\/div><div style='height:50px' class='hr hr-invisible  '><span class='hr-inner ' ><span class='hr-inner-style'><\/span><\/span><\/div><\/p>\n","protected":false},"excerpt":{"rendered":"","protected":false},"author":1,"featured_media":0,"parent":0,"menu_order":0,"comment_status":"closed","ping_status":"closed","template":"","meta":[],"yoast_head":"<!-- This site is optimized with the Yoast SEO plugin v16.9 - https:\/\/yoast.com\/wordpress\/plugins\/seo\/ -->\n<title>Seng til spastisk - RotoBed - dreiseng - pleieseng - f\u00e5 mer frihet<\/title>\n<meta name=\"description\" content=\"Svingbar seng: En RotoBed hjalp Peter, som er spastisk. Han pleide \u00e5 m\u00e5tte f\u00e5 hjelp - n\u00e5 legger han seg selv n\u00e5r han vil. Det er en enorm frihet for ham.\" \/>\n<meta name=\"robots\" content=\"index, follow, max-snippet:-1, max-image-preview:large, max-video-preview:-1\" \/>\n<link rel=\"canonical\" href=\"https:\/\/rotobed.com\/no\/seng\/\" \/>\n<meta property=\"og:locale\" content=\"en_US\" \/>\n<meta property=\"og:type\" content=\"article\" \/>\n<meta property=\"og:title\" content=\"Seng til spastisk - RotoBed - dreiseng - pleieseng - f\u00e5 mer frihet\" \/>\n<meta property=\"og:description\" content=\"Svingbar seng: En RotoBed hjalp Peter, som er spastisk. Han pleide \u00e5 m\u00e5tte f\u00e5 hjelp - n\u00e5 legger han seg selv n\u00e5r han vil. Det er en enorm frihet for ham.\" \/>\n<meta property=\"og:url\" content=\"https:\/\/rotobed.com\/no\/seng\/\" \/>\n<meta property=\"og:site_name\" content=\"RotoBed\" \/>\n<meta property=\"article:modified_time\" content=\"2020-08-10T08:40:54+00:00\" \/>\n<meta name=\"twitter:card\" content=\"summary\" \/>\n<meta name=\"twitter:label1\" content=\"Est. reading time\" \/>\n\t<meta name=\"twitter:data1\" content=\"3 minutes\" \/>\n<script type=\"application\/ld+json\" class=\"yoast-schema-graph\">{\"@context\":\"https:\/\/schema.org\",\"@graph\":[{\"@type\":\"WebSite\",\"@id\":\"https:\/\/rotobed.com\/no\/#website\",\"url\":\"https:\/\/rotobed.com\/no\/\",\"name\":\"RotoBed\",\"description\":\"\",\"potentialAction\":[{\"@type\":\"SearchAction\",\"target\":{\"@type\":\"EntryPoint\",\"urlTemplate\":\"https:\/\/rotobed.com\/no\/?s={search_term_string}\"},\"query-input\":\"required name=search_term_string\"}],\"inLanguage\":\"en-US\"},{\"@type\":\"WebPage\",\"@id\":\"https:\/\/rotobed.com\/no\/seng\/#webpage\",\"url\":\"https:\/\/rotobed.com\/no\/seng\/\",\"name\":\"Seng til spastisk - RotoBed - dreiseng - pleieseng - f\\u00e5 mer frihet\",\"isPartOf\":{\"@id\":\"https:\/\/rotobed.com\/no\/#website\"},\"datePublished\":\"2015-12-06T22:04:30+00:00\",\"dateModified\":\"2020-08-10T08:40:54+00:00\",\"description\":\"Svingbar seng: En RotoBed hjalp Peter, som er spastisk. Han pleide \\u00e5 m\\u00e5tte f\\u00e5 hjelp - n\\u00e5 legger han seg selv n\\u00e5r han vil. Det er en enorm frihet for ham.\",\"breadcrumb\":{\"@id\":\"https:\/\/rotobed.com\/no\/seng\/#breadcrumb\"},\"inLanguage\":\"en-US\",\"potentialAction\":[{\"@type\":\"ReadAction\",\"target\":[\"https:\/\/rotobed.com\/no\/seng\/\"]}]},{\"@type\":\"BreadcrumbList\",\"@id\":\"https:\/\/rotobed.com\/no\/seng\/#breadcrumb\",\"itemListElement\":[{\"@type\":\"ListItem\",\"position\":1,\"name\":\"Hjem\",\"item\":\"https:\/\/rotobed.com\/no\/\"},{\"@type\":\"ListItem\",\"position\":2,\"name\":\"Peter Kristoffersen\"}]}]}<\/script>\n<!-- \/ Yoast SEO plugin. -->","yoast_head_json":{"title":"Seng til spastisk - RotoBed - dreiseng - pleieseng - f\u00e5 mer frihet","description":"Svingbar seng: En RotoBed hjalp Peter, som er spastisk. Han pleide \u00e5 m\u00e5tte f\u00e5 hjelp - n\u00e5 legger han seg selv n\u00e5r han vil. Det er en enorm frihet for ham.","robots":{"index":"index","follow":"follow","max-snippet":"max-snippet:-1","max-image-preview":"max-image-preview:large","max-video-preview":"max-video-preview:-1"},"canonical":"https:\/\/rotobed.com\/no\/seng\/","og_locale":"en_US","og_type":"article","og_title":"Seng til spastisk - RotoBed - dreiseng - pleieseng - f\u00e5 mer frihet","og_description":"Svingbar seng: En RotoBed hjalp Peter, som er spastisk. Han pleide \u00e5 m\u00e5tte f\u00e5 hjelp - n\u00e5 legger han seg selv n\u00e5r han vil. Det er en enorm frihet for ham.","og_url":"https:\/\/rotobed.com\/no\/seng\/","og_site_name":"RotoBed","article_modified_time":"2020-08-10T08:40:54+00:00","twitter_card":"summary","twitter_misc":{"Est. reading time":"3 minutes"},"schema":{"@context":"https:\/\/schema.org","@graph":[{"@type":"WebSite","@id":"https:\/\/rotobed.com\/no\/#website","url":"https:\/\/rotobed.com\/no\/","name":"RotoBed","description":"","potentialAction":[{"@type":"SearchAction","target":{"@type":"EntryPoint","urlTemplate":"https:\/\/rotobed.com\/no\/?s={search_term_string}"},"query-input":"required name=search_term_string"}],"inLanguage":"en-US"},{"@type":"WebPage","@id":"https:\/\/rotobed.com\/no\/seng\/#webpage","url":"https:\/\/rotobed.com\/no\/seng\/","name":"Seng til spastisk - RotoBed - dreiseng - pleieseng - f\u00e5 mer frihet","isPartOf":{"@id":"https:\/\/rotobed.com\/no\/#website"},"datePublished":"2015-12-06T22:04:30+00:00","dateModified":"2020-08-10T08:40:54+00:00","description":"Svingbar seng: En RotoBed hjalp Peter, som er spastisk. Han pleide \u00e5 m\u00e5tte f\u00e5 hjelp - n\u00e5 legger han seg selv n\u00e5r han vil. Det er en enorm frihet for ham.","breadcrumb":{"@id":"https:\/\/rotobed.com\/no\/seng\/#breadcrumb"},"inLanguage":"en-US","potentialAction":[{"@type":"ReadAction","target":["https:\/\/rotobed.com\/no\/seng\/"]}]},{"@type":"BreadcrumbList","@id":"https:\/\/rotobed.com\/no\/seng\/#breadcrumb","itemListElement":[{"@type":"ListItem","position":1,"name":"Hjem","item":"https:\/\/rotobed.com\/no\/"},{"@type":"ListItem","position":2,"name":"Peter Kristoffersen"}]}]}},"_links":{"self":[{"href":"https:\/\/rotobed.com\/no\/wp-json\/wp\/v2\/pages\/202"}],"collection":[{"href":"https:\/\/rotobed.com\/no\/wp-json\/wp\/v2\/pages"}],"about":[{"href":"https:\/\/rotobed.com\/no\/wp-json\/wp\/v2\/types\/page"}],"author":[{"embeddable":true,"href":"https:\/\/rotobed.com\/no\/wp-json\/wp\/v2\/users\/1"}],"replies":[{"embeddable":true,"href":"https:\/\/rotobed.com\/no\/wp-json\/wp\/v2\/comments?post=202"}],"version-history":[{"count":9,"href":"https:\/\/rotobed.com\/no\/wp-json\/wp\/v2\/pages\/202\/revisions"}],"predecessor-version":[{"id":7364,"href":"https:\/\/rotobed.com\/no\/wp-json\/wp\/v2\/pages\/202\/revisions\/7364"}],"wp:attachment":[{"href":"https:\/\/rotobed.com\/no\/wp-json\/wp\/v2\/media?parent=202"}],"curies":[{"name":"wp","href":"https:\/\/api.w.org\/{rel}","templated":true}]}}