{"id":204,"date":"2015-12-06T22:06:22","date_gmt":"2015-12-06T22:06:22","guid":{"rendered":"https:\/\/rotobed.com\/no\/?page_id=204"},"modified":"2020-08-10T08:39:35","modified_gmt":"2020-08-10T08:39:35","slug":"sclerose","status":"publish","type":"page","link":"https:\/\/rotobed.com\/no\/sclerose\/","title":{"rendered":"Helle Pedersen"},"content":{"rendered":"<div style='height:50px' class='hr hr-invisible  '><span class='hr-inner ' ><span class='hr-inner-style'><\/span><\/span><\/div>\n<div class=\"flex_column av_three_fourth  flex_column_div av-zero-column-padding first  \" style='border-radius:0px; '><p><div class='avia-image-container  av-styling-    avia-align-center '  itemprop=\"ImageObject\" itemscope=\"itemscope\" itemtype=\"https:\/\/schema.org\/ImageObject\"  ><div class='avia-image-container-inner'><img class='avia_image ' src='https:\/\/rotobed.com\/no\/wp-content\/uploads\/2015\/09\/Helle-Pedersen-1030x687.jpg' alt='' title='Helle-Pedersen'   itemprop=\"thumbnailUrl\"  \/><\/div><\/div><br \/>\n<section class=\"av_textblock_section \"  itemscope=\"itemscope\" itemtype=\"https:\/\/schema.org\/CreativeWork\" ><div class='avia_textblock  '   itemprop=\"text\" ><h1><strong>Den har <\/strong><strong>hurtig tjent seg inn<\/strong><\/h1>\n<h3>Helle Pedersen, H\u00f8ng. 61 \u00e5r. Fikk sclerose i 1999. Har hatt RotoBed\u00ae i et \u00e5r.<\/h3>\n<p>Jeg har gradvis ingen styrke i benene og kan ikke selv svinge meg ut av sengen. Min mann er halvsidig lammet etter en blodpropp og kan kun bruke den ene h\u00e5nden, s\u00e5 for ham er det ogs\u00e5 vanskelig \u00e5 hjelpe. Hvis det skulle komme hjelpere i v\u00e5rt soverom om natten, ville han nok flyttet ut, og det ville g\u00e5 ut over v\u00e5rt ekteskap.<\/p>\n<p>Kommunen ga meg f\u00f8rst avslag p\u00e5 en RotoBed\u00ae pleieseng. Men jeg klagde og forklarte hvordan v\u00e5r hverdag er, og hvor mye hjelp jeg ellers trengte, og s\u00e5 fikk jeg den innvilget. Det er en tendens til at man ikke tror at handikappede har et liv. Min mann og jeg g\u00e5r b\u00e5de p\u00e5 kino og p\u00e5 teater, og jeg vil da ikke v\u00e6re avhengig av \u00e5 komme hjem for \u00e5 legges, n\u00e5r det passer kommunen. Jeg vil gjerne bevare min selvstendighet.<\/p>\n<p>Hvis jeg bare skulle sitte her hjemme og passe meg selv hele dagen, ville jeg bli mere og mere deprimert, og s\u00e5 ville min sclerose ogs\u00e5 bli verre. S\u00e5nn fungerer det jo.<\/p>\n<p>For kommunen er \u00f8konomien det viktigste, og der m\u00e5 man si, at en RotoBed\u00ae hurtig kan tjene seg selv inn, n\u00e5r den st\u00e5r i stedet for hjelp fem ganger i d\u00f8gnet.<\/p>\n<p>For meg betyr sengen alt. Jeg kan g\u00e5 i seng, n\u00e5r jeg \u00f8nsker, st\u00e5 opp, n\u00e5r jeg \u00f8nsker, og jeg er fri for \u00e5 ha hjelpere i huset til forskjellige tider og for \u00e5 skulle v\u00e6re hjemme p\u00e5 et bestemt tidspunkt. Jeg kan selv, og det er frihet.<\/p>\n<\/div><\/section><\/p><\/div>\n<div class=\"flex_column av_one_fourth  flex_column_div av-zero-column-padding   \" style='border-radius:0px; '><p><div style='padding-bottom:10px;' class='av-special-heading av-special-heading-h1    '><h1 class='av-special-heading-tag '  itemprop=\"headline\"  >Brukere: 9 spennende cases med RotoBed\u00ae <\/h1><div class='special-heading-border'><div class='special-heading-inner-border' ><\/div><\/div><\/div><br \/>\n<div style='height:50px' class='hr hr-invisible  '><span class='hr-inner ' ><span class='hr-inner-style'><\/span><\/span><\/div><br \/>\n<div class='avia-button-wrap avia-button-right '><a href='https:\/\/rotobed.com\/no\/brukere\/' class='avia-button   avia-icon_select-no avia-color-theme-color avia-size-medium avia-position-right '   ><span class='avia_iconbox_title' >Se oversigten her<\/span><\/a><\/div><\/p><\/div>\n","protected":false},"excerpt":{"rendered":"","protected":false},"author":1,"featured_media":0,"parent":0,"menu_order":0,"comment_status":"closed","ping_status":"closed","template":"","meta":[],"yoast_head":"<!-- This site is optimized with the Yoast SEO plugin v16.9 - https:\/\/yoast.com\/wordpress\/plugins\/seo\/ -->\n<title>sclerose - RotoBed dreiseng - pleieseng - mindre smerte-mer frihet<\/title>\n<meta name=\"description\" content=\"Sclerose kan gj\u00f8re det vanskelig og smertefullt \u00e5 komme ut av sengen. RotoBed dreiesengen kan gj\u00f8re det for deg p\u00e5 mindre enn et minutt - uten smerter!\" \/>\n<meta name=\"robots\" content=\"index, follow, max-snippet:-1, max-image-preview:large, max-video-preview:-1\" \/>\n<link rel=\"canonical\" href=\"https:\/\/rotobed.com\/no\/sclerose\/\" \/>\n<meta property=\"og:locale\" content=\"en_US\" \/>\n<meta property=\"og:type\" content=\"article\" \/>\n<meta property=\"og:title\" content=\"sclerose - RotoBed dreiseng - pleieseng - mindre smerte-mer frihet\" \/>\n<meta property=\"og:description\" content=\"Sclerose kan gj\u00f8re det vanskelig og smertefullt \u00e5 komme ut av sengen. RotoBed dreiesengen kan gj\u00f8re det for deg p\u00e5 mindre enn et minutt - uten smerter!\" \/>\n<meta property=\"og:url\" content=\"https:\/\/rotobed.com\/no\/sclerose\/\" \/>\n<meta property=\"og:site_name\" content=\"RotoBed\" \/>\n<meta property=\"article:modified_time\" content=\"2020-08-10T08:39:35+00:00\" \/>\n<meta name=\"twitter:card\" content=\"summary\" \/>\n<meta name=\"twitter:label1\" content=\"Est. reading time\" \/>\n\t<meta name=\"twitter:data1\" content=\"3 minutes\" \/>\n<script type=\"application\/ld+json\" class=\"yoast-schema-graph\">{\"@context\":\"https:\/\/schema.org\",\"@graph\":[{\"@type\":\"WebSite\",\"@id\":\"https:\/\/rotobed.com\/no\/#website\",\"url\":\"https:\/\/rotobed.com\/no\/\",\"name\":\"RotoBed\",\"description\":\"\",\"potentialAction\":[{\"@type\":\"SearchAction\",\"target\":{\"@type\":\"EntryPoint\",\"urlTemplate\":\"https:\/\/rotobed.com\/no\/?s={search_term_string}\"},\"query-input\":\"required name=search_term_string\"}],\"inLanguage\":\"en-US\"},{\"@type\":\"WebPage\",\"@id\":\"https:\/\/rotobed.com\/no\/sclerose\/#webpage\",\"url\":\"https:\/\/rotobed.com\/no\/sclerose\/\",\"name\":\"sclerose - RotoBed dreiseng - pleieseng - mindre smerte-mer frihet\",\"isPartOf\":{\"@id\":\"https:\/\/rotobed.com\/no\/#website\"},\"datePublished\":\"2015-12-06T22:06:22+00:00\",\"dateModified\":\"2020-08-10T08:39:35+00:00\",\"description\":\"Sclerose kan gj\\u00f8re det vanskelig og smertefullt \\u00e5 komme ut av sengen. RotoBed dreiesengen kan gj\\u00f8re det for deg p\\u00e5 mindre enn et minutt - uten smerter!\",\"breadcrumb\":{\"@id\":\"https:\/\/rotobed.com\/no\/sclerose\/#breadcrumb\"},\"inLanguage\":\"en-US\",\"potentialAction\":[{\"@type\":\"ReadAction\",\"target\":[\"https:\/\/rotobed.com\/no\/sclerose\/\"]}]},{\"@type\":\"BreadcrumbList\",\"@id\":\"https:\/\/rotobed.com\/no\/sclerose\/#breadcrumb\",\"itemListElement\":[{\"@type\":\"ListItem\",\"position\":1,\"name\":\"Hjem\",\"item\":\"https:\/\/rotobed.com\/no\/\"},{\"@type\":\"ListItem\",\"position\":2,\"name\":\"Helle Pedersen\"}]}]}<\/script>\n<!-- \/ Yoast SEO plugin. -->","yoast_head_json":{"title":"sclerose - RotoBed dreiseng - pleieseng - mindre smerte-mer frihet","description":"Sclerose kan gj\u00f8re det vanskelig og smertefullt \u00e5 komme ut av sengen. RotoBed dreiesengen kan gj\u00f8re det for deg p\u00e5 mindre enn et minutt - uten smerter!","robots":{"index":"index","follow":"follow","max-snippet":"max-snippet:-1","max-image-preview":"max-image-preview:large","max-video-preview":"max-video-preview:-1"},"canonical":"https:\/\/rotobed.com\/no\/sclerose\/","og_locale":"en_US","og_type":"article","og_title":"sclerose - RotoBed dreiseng - pleieseng - mindre smerte-mer frihet","og_description":"Sclerose kan gj\u00f8re det vanskelig og smertefullt \u00e5 komme ut av sengen. RotoBed dreiesengen kan gj\u00f8re det for deg p\u00e5 mindre enn et minutt - uten smerter!","og_url":"https:\/\/rotobed.com\/no\/sclerose\/","og_site_name":"RotoBed","article_modified_time":"2020-08-10T08:39:35+00:00","twitter_card":"summary","twitter_misc":{"Est. reading time":"3 minutes"},"schema":{"@context":"https:\/\/schema.org","@graph":[{"@type":"WebSite","@id":"https:\/\/rotobed.com\/no\/#website","url":"https:\/\/rotobed.com\/no\/","name":"RotoBed","description":"","potentialAction":[{"@type":"SearchAction","target":{"@type":"EntryPoint","urlTemplate":"https:\/\/rotobed.com\/no\/?s={search_term_string}"},"query-input":"required name=search_term_string"}],"inLanguage":"en-US"},{"@type":"WebPage","@id":"https:\/\/rotobed.com\/no\/sclerose\/#webpage","url":"https:\/\/rotobed.com\/no\/sclerose\/","name":"sclerose - RotoBed dreiseng - pleieseng - mindre smerte-mer frihet","isPartOf":{"@id":"https:\/\/rotobed.com\/no\/#website"},"datePublished":"2015-12-06T22:06:22+00:00","dateModified":"2020-08-10T08:39:35+00:00","description":"Sclerose kan gj\u00f8re det vanskelig og smertefullt \u00e5 komme ut av sengen. RotoBed dreiesengen kan gj\u00f8re det for deg p\u00e5 mindre enn et minutt - uten smerter!","breadcrumb":{"@id":"https:\/\/rotobed.com\/no\/sclerose\/#breadcrumb"},"inLanguage":"en-US","potentialAction":[{"@type":"ReadAction","target":["https:\/\/rotobed.com\/no\/sclerose\/"]}]},{"@type":"BreadcrumbList","@id":"https:\/\/rotobed.com\/no\/sclerose\/#breadcrumb","itemListElement":[{"@type":"ListItem","position":1,"name":"Hjem","item":"https:\/\/rotobed.com\/no\/"},{"@type":"ListItem","position":2,"name":"Helle Pedersen"}]}]}},"_links":{"self":[{"href":"https:\/\/rotobed.com\/no\/wp-json\/wp\/v2\/pages\/204"}],"collection":[{"href":"https:\/\/rotobed.com\/no\/wp-json\/wp\/v2\/pages"}],"about":[{"href":"https:\/\/rotobed.com\/no\/wp-json\/wp\/v2\/types\/page"}],"author":[{"embeddable":true,"href":"https:\/\/rotobed.com\/no\/wp-json\/wp\/v2\/users\/1"}],"replies":[{"embeddable":true,"href":"https:\/\/rotobed.com\/no\/wp-json\/wp\/v2\/comments?post=204"}],"version-history":[{"count":10,"href":"https:\/\/rotobed.com\/no\/wp-json\/wp\/v2\/pages\/204\/revisions"}],"predecessor-version":[{"id":7362,"href":"https:\/\/rotobed.com\/no\/wp-json\/wp\/v2\/pages\/204\/revisions\/7362"}],"wp:attachment":[{"href":"https:\/\/rotobed.com\/no\/wp-json\/wp\/v2\/media?parent=204"}],"curies":[{"name":"wp","href":"https:\/\/api.w.org\/{rel}","templated":true}]}}