{"id":206,"date":"2015-12-06T22:07:37","date_gmt":"2015-12-06T22:07:37","guid":{"rendered":"https:\/\/rotobed.com\/no\/?page_id=206"},"modified":"2020-08-10T08:38:38","modified_gmt":"2020-08-10T08:38:38","slug":"parkinsons","status":"publish","type":"page","link":"https:\/\/rotobed.com\/no\/parkinsons\/","title":{"rendered":"Bonnich Petersen"},"content":{"rendered":"<div style='height:50px' class='hr hr-invisible  '><span class='hr-inner ' ><span class='hr-inner-style'><\/span><\/span><\/div>\n<div class=\"flex_column av_three_fourth  flex_column_div av-zero-column-padding first  \" style='border-radius:0px; '><p><div class='avia-image-container  av-styling-    avia-align-center '  itemprop=\"ImageObject\" itemscope=\"itemscope\" itemtype=\"https:\/\/schema.org\/ImageObject\"  ><div class='avia-image-container-inner'><img class='avia_image ' src='https:\/\/rotobed.com\/no\/wp-content\/uploads\/2015\/09\/Bonnich_web-300x300.jpg' alt='RotoBed Parkinsons' title='Bonnich_web'   itemprop=\"thumbnailUrl\"  \/><\/div><\/div><br \/>\n<section class=\"av_textblock_section \"  itemscope=\"itemscope\" itemtype=\"https:\/\/schema.org\/CreativeWork\" ><div class='avia_textblock  '   itemprop=\"text\" ><h1><strong>Det er virkelig en lettelse for <\/strong><strong>meg<\/strong><\/h1>\n<h3>Bonnich Petersen, Aabenraa. 77 \u00e5r, pensjonert konditor. Lider av Parkinsons og artrose. Har hatt RotoBed\u00ae sengen\u00a0i 15 m\u00e5neder.<\/h3>\n<p>Jeg har hatt Parkinsons i 12 \u00e5r, men de seneste par \u00e5r er det blitt noe verre. Jeg har vanskeligheter med \u00e5 g\u00e5, kroppen vil ikke lystre meg, og jeg har smerter.<br \/>\nF\u00f8r hadde jeg en alminnelig seng med h\u00f8ydejustering, men det er ikke noe i forhold til den her. Jeg kan styre den helt n\u00f8yaktig, et lite hakk frem her, et lite hakk tilbake der, inntil jeg ligger riktig godt.<br \/>\nTidligere var det en kamp \u00e5 komme i seng, og jeg m\u00e5tte vekke min kone hver natt, s\u00e5 hun kunne hjelpe meg opp, n\u00e5r jeg skulle tisse.<\/p>\n<p>Siden jeg har f\u00e5tt sengen, har jeg ikke en eneste gang v\u00e6rt n\u00f8dt til \u00e5 vekke min kone om natten. Det er virkelig en lettelse. Det er meget tilfredsstillende for meg, at jeg kan klare meg selv, og at jeg ikke skal g\u00e5 og sp\u00f8rre om hjelp. Middagsluren kan jeg ogs\u00e5 klare selv med sengen, s\u00e5 n\u00e5 kan min kone dra ut av huset igjen.<\/p>\n<\/div><\/section><\/p><\/div>\n<div class=\"flex_column av_one_fourth  flex_column_div av-zero-column-padding   \" style='border-radius:0px; '><p><div style='padding-bottom:10px;' class='av-special-heading av-special-heading-h1    '><h1 class='av-special-heading-tag '  itemprop=\"headline\"  >Brukere: 9 spennende cases med RotoBed\u00ae <\/h1><div class='special-heading-border'><div class='special-heading-inner-border' ><\/div><\/div><\/div><br \/>\n<div style='height:50px' class='hr hr-invisible  '><span class='hr-inner ' ><span class='hr-inner-style'><\/span><\/span><\/div><br \/>\n<div class='avia-button-wrap avia-button-right '><a href='https:\/\/rotobed.com\/no\/brukere\/' class='avia-button   avia-icon_select-no avia-color-theme-color avia-size-medium avia-position-right '   ><span class='avia_iconbox_title' >Se oversikten her<\/span><\/a><\/div><\/p><\/div><div style='height:50px' class='hr hr-invisible  '><span class='hr-inner ' ><span class='hr-inner-style'><\/span><\/span><\/div><\/p>\n<div style='height:50px' class='hr hr-invisible  '><span class='hr-inner ' ><span class='hr-inner-style'><\/span><\/span><\/div>\n","protected":false},"excerpt":{"rendered":"","protected":false},"author":1,"featured_media":0,"parent":0,"menu_order":0,"comment_status":"closed","ping_status":"closed","template":"","meta":[],"yoast_head":"<!-- This site is optimized with the Yoast SEO plugin v16.9 - https:\/\/yoast.com\/wordpress\/plugins\/seo\/ -->\n<title>Parkinsons - RotoBed\u00ae - pleieseng - mindre smerte - mer frihet<\/title>\n<meta name=\"description\" content=\"Stive muskler og smerter p\u00e5 grunn av Parkinsons? En RotoBed\u00ae pleieseng roterer deg helt ut av sengen uten smerter p\u00e5 under ett minutt!\" \/>\n<meta name=\"robots\" content=\"index, follow, max-snippet:-1, max-image-preview:large, max-video-preview:-1\" \/>\n<link rel=\"canonical\" href=\"https:\/\/rotobed.com\/no\/parkinsons\/\" \/>\n<meta property=\"og:locale\" content=\"en_US\" \/>\n<meta property=\"og:type\" content=\"article\" \/>\n<meta property=\"og:title\" content=\"Parkinsons - RotoBed\u00ae - pleieseng - mindre smerte - mer frihet\" \/>\n<meta property=\"og:description\" content=\"Stive muskler og smerter p\u00e5 grunn av Parkinsons? En RotoBed\u00ae pleieseng roterer deg helt ut av sengen uten smerter p\u00e5 under ett minutt!\" \/>\n<meta property=\"og:url\" content=\"https:\/\/rotobed.com\/no\/parkinsons\/\" \/>\n<meta property=\"og:site_name\" content=\"RotoBed\" \/>\n<meta property=\"article:modified_time\" content=\"2020-08-10T08:38:38+00:00\" \/>\n<meta name=\"twitter:card\" content=\"summary\" \/>\n<meta name=\"twitter:label1\" content=\"Est. reading time\" \/>\n\t<meta name=\"twitter:data1\" content=\"3 minutes\" \/>\n<script type=\"application\/ld+json\" class=\"yoast-schema-graph\">{\"@context\":\"https:\/\/schema.org\",\"@graph\":[{\"@type\":\"WebSite\",\"@id\":\"https:\/\/rotobed.com\/no\/#website\",\"url\":\"https:\/\/rotobed.com\/no\/\",\"name\":\"RotoBed\",\"description\":\"\",\"potentialAction\":[{\"@type\":\"SearchAction\",\"target\":{\"@type\":\"EntryPoint\",\"urlTemplate\":\"https:\/\/rotobed.com\/no\/?s={search_term_string}\"},\"query-input\":\"required name=search_term_string\"}],\"inLanguage\":\"en-US\"},{\"@type\":\"WebPage\",\"@id\":\"https:\/\/rotobed.com\/no\/parkinsons\/#webpage\",\"url\":\"https:\/\/rotobed.com\/no\/parkinsons\/\",\"name\":\"Parkinsons - RotoBed\\u00ae - pleieseng - mindre smerte - mer frihet\",\"isPartOf\":{\"@id\":\"https:\/\/rotobed.com\/no\/#website\"},\"datePublished\":\"2015-12-06T22:07:37+00:00\",\"dateModified\":\"2020-08-10T08:38:38+00:00\",\"description\":\"Stive muskler og smerter p\\u00e5 grunn av Parkinsons? En RotoBed\\u00ae pleieseng roterer deg helt ut av sengen uten smerter p\\u00e5 under ett minutt!\",\"breadcrumb\":{\"@id\":\"https:\/\/rotobed.com\/no\/parkinsons\/#breadcrumb\"},\"inLanguage\":\"en-US\",\"potentialAction\":[{\"@type\":\"ReadAction\",\"target\":[\"https:\/\/rotobed.com\/no\/parkinsons\/\"]}]},{\"@type\":\"BreadcrumbList\",\"@id\":\"https:\/\/rotobed.com\/no\/parkinsons\/#breadcrumb\",\"itemListElement\":[{\"@type\":\"ListItem\",\"position\":1,\"name\":\"Hjem\",\"item\":\"https:\/\/rotobed.com\/no\/\"},{\"@type\":\"ListItem\",\"position\":2,\"name\":\"Bonnich Petersen\"}]}]}<\/script>\n<!-- \/ Yoast SEO plugin. -->","yoast_head_json":{"title":"Parkinsons - RotoBed\u00ae - pleieseng - mindre smerte - mer frihet","description":"Stive muskler og smerter p\u00e5 grunn av Parkinsons? En RotoBed\u00ae pleieseng roterer deg helt ut av sengen uten smerter p\u00e5 under ett minutt!","robots":{"index":"index","follow":"follow","max-snippet":"max-snippet:-1","max-image-preview":"max-image-preview:large","max-video-preview":"max-video-preview:-1"},"canonical":"https:\/\/rotobed.com\/no\/parkinsons\/","og_locale":"en_US","og_type":"article","og_title":"Parkinsons - RotoBed\u00ae - pleieseng - mindre smerte - mer frihet","og_description":"Stive muskler og smerter p\u00e5 grunn av Parkinsons? En RotoBed\u00ae pleieseng roterer deg helt ut av sengen uten smerter p\u00e5 under ett minutt!","og_url":"https:\/\/rotobed.com\/no\/parkinsons\/","og_site_name":"RotoBed","article_modified_time":"2020-08-10T08:38:38+00:00","twitter_card":"summary","twitter_misc":{"Est. reading time":"3 minutes"},"schema":{"@context":"https:\/\/schema.org","@graph":[{"@type":"WebSite","@id":"https:\/\/rotobed.com\/no\/#website","url":"https:\/\/rotobed.com\/no\/","name":"RotoBed","description":"","potentialAction":[{"@type":"SearchAction","target":{"@type":"EntryPoint","urlTemplate":"https:\/\/rotobed.com\/no\/?s={search_term_string}"},"query-input":"required name=search_term_string"}],"inLanguage":"en-US"},{"@type":"WebPage","@id":"https:\/\/rotobed.com\/no\/parkinsons\/#webpage","url":"https:\/\/rotobed.com\/no\/parkinsons\/","name":"Parkinsons - RotoBed\u00ae - pleieseng - mindre smerte - mer frihet","isPartOf":{"@id":"https:\/\/rotobed.com\/no\/#website"},"datePublished":"2015-12-06T22:07:37+00:00","dateModified":"2020-08-10T08:38:38+00:00","description":"Stive muskler og smerter p\u00e5 grunn av Parkinsons? En RotoBed\u00ae pleieseng roterer deg helt ut av sengen uten smerter p\u00e5 under ett minutt!","breadcrumb":{"@id":"https:\/\/rotobed.com\/no\/parkinsons\/#breadcrumb"},"inLanguage":"en-US","potentialAction":[{"@type":"ReadAction","target":["https:\/\/rotobed.com\/no\/parkinsons\/"]}]},{"@type":"BreadcrumbList","@id":"https:\/\/rotobed.com\/no\/parkinsons\/#breadcrumb","itemListElement":[{"@type":"ListItem","position":1,"name":"Hjem","item":"https:\/\/rotobed.com\/no\/"},{"@type":"ListItem","position":2,"name":"Bonnich Petersen"}]}]}},"_links":{"self":[{"href":"https:\/\/rotobed.com\/no\/wp-json\/wp\/v2\/pages\/206"}],"collection":[{"href":"https:\/\/rotobed.com\/no\/wp-json\/wp\/v2\/pages"}],"about":[{"href":"https:\/\/rotobed.com\/no\/wp-json\/wp\/v2\/types\/page"}],"author":[{"embeddable":true,"href":"https:\/\/rotobed.com\/no\/wp-json\/wp\/v2\/users\/1"}],"replies":[{"embeddable":true,"href":"https:\/\/rotobed.com\/no\/wp-json\/wp\/v2\/comments?post=206"}],"version-history":[{"count":12,"href":"https:\/\/rotobed.com\/no\/wp-json\/wp\/v2\/pages\/206\/revisions"}],"predecessor-version":[{"id":7360,"href":"https:\/\/rotobed.com\/no\/wp-json\/wp\/v2\/pages\/206\/revisions\/7360"}],"wp:attachment":[{"href":"https:\/\/rotobed.com\/no\/wp-json\/wp\/v2\/media?parent=206"}],"curies":[{"name":"wp","href":"https:\/\/api.w.org\/{rel}","templated":true}]}}