{"id":208,"date":"2015-12-06T22:08:56","date_gmt":"2015-12-06T22:08:56","guid":{"rendered":"https:\/\/rotobed.com\/no\/?page_id=208"},"modified":"2020-08-10T08:38:04","modified_gmt":"2020-08-10T08:38:04","slug":"lammelse","status":"publish","type":"page","link":"https:\/\/rotobed.com\/no\/lammelse\/","title":{"rendered":"Kristina Sangvita"},"content":{"rendered":"<div style='height:50px' class='hr hr-invisible  '><span class='hr-inner ' ><span class='hr-inner-style'><\/span><\/span><\/div>\n<div class=\"flex_column av_three_fourth  flex_column_div av-zero-column-padding first  \" style='border-radius:0px; '><p><div class='avia-image-container  av-styling-    avia-align-center '  itemprop=\"ImageObject\" itemscope=\"itemscope\" itemtype=\"https:\/\/schema.org\/ImageObject\"  ><div class='avia-image-container-inner'><img class='avia_image ' src='https:\/\/rotobed.com\/no\/wp-content\/uploads\/2015\/09\/Kristina-1030x687.jpg' alt='' title='Kristina'   itemprop=\"thumbnailUrl\"  \/><\/div><\/div><br \/>\n<section class=\"av_textblock_section \"  itemscope=\"itemscope\" itemtype=\"https:\/\/schema.org\/CreativeWork\" ><div class='avia_textblock  '   itemprop=\"text\" ><h1><strong>Det er en <\/strong><strong>solskinns<\/strong><strong>historie<\/strong><\/h1>\n<h3>Kristina Sangvita, R\u00f8dovre. 39 \u00e5r. Lider av delvis lammelse etter en trafikkulykke for 16 \u00e5r siden. Hadde en RotoBed\u00ae i halvannet \u00e5r, men har ikke lengre bruk for den.<\/h3>\n<p>Livet jeg hadde f\u00f8r, var ikke verdt \u00e5 leve. \u00c5 bli flyttet rundt p\u00e5 hele tiden, \u00e5 v\u00e6re innesperret fordi man ikke selv kan komme ut av sengen, \u00e5 ligge og holde seg hele natten, fordi man ikke kan komme p\u00e5 toalettet selv \u2013 det var forferdelig.<\/p>\n<p>Jeg kjempet veldig lenge for \u00e5 f\u00e5 en RotoBed\u00ae, men kommunen avviste hele tiden. Til slutt fikk jeg lov \u00e5 l\u00e5ne sengen av RotoBed\u00ae. Da oppdaget jeg at jeg plutselig kunne komme ut og inn av sengen selv.<\/p>\n<p>Jeg fikk det fysisk mye bedre, fordi det ikke lengre ble hevet og trukket i mine ledd. Men jeg fikk det ogs\u00e5 mentalt bedre, fordi jeg ikke lengre skulle kjempe for \u00e5 f\u00e5 en bedre seng.<\/p>\n<p>Det ga b\u00e5de fysisk og mental ro, og jeg fikk en bedre bl\u00e6refunksjon, fordi jeg ikke skulle holde meg hver morgen, inntil hjelperne kom. Og det viktigste var det at jeg ikke bare skulle konsentrere meg om \u00e5 overleve og bli oppbevart og flyttet rundt p\u00e5 som en ting, men at jeg rent faktisk kunne leve et meningsfylt liv.<\/p>\n<p>Da jeg hadde hatt RotoBed\u00ae i et \u00e5r, ba jeg selv om f\u00e6rre hjelpertimer, fordi jeg klarte mye selv. Jeg trodde ikke, det noensinne kunne skje, men plutselig kunne jeg merke mitt ene ben for f\u00f8rste gang p\u00e5 mange \u00e5r.\u00a0 Senere kunne jeg vippe litt med t\u00e6rne, og i dag kan jeg sitte p\u00e5 en kontorstol og skubbe meg rundt p\u00e5 gulvet.\u00a0 P\u00e5 gode dager kan jeg st\u00e5 opp i noen sekunder.<\/p>\n<p>Jeg kan jo ikke si, om det er RotoBed\u00ae sengen, som har gjort det, men jeg er sikker p\u00e5, at den er medvirkende. N\u00e5 har jeg f\u00e5tt det s\u00e5 godt, at jeg ikke lengre beh\u00f8ver den. Jeg sover i en helt alminnelig h\u00f8ydejusterende seng. Det er en solskinnshistorie.<\/p>\n<\/div><\/section><\/p><\/div>\n<div class=\"flex_column av_one_fourth  flex_column_div av-zero-column-padding   \" style='border-radius:0px; '><p><div style='padding-bottom:10px;' class='av-special-heading av-special-heading-h1    '><h1 class='av-special-heading-tag '  itemprop=\"headline\"  >Brukere: 9 spennende cases med RotoBed\u00ae <\/h1><div class='special-heading-border'><div class='special-heading-inner-border' ><\/div><\/div><\/div><br \/>\n<div style='height:50px' class='hr hr-invisible  '><span class='hr-inner ' ><span class='hr-inner-style'><\/span><\/span><\/div><br \/>\n<div class='avia-button-wrap avia-button-right '><a href='https:\/\/rotobed.com\/no\/brukere\/' class='avia-button   avia-icon_select-no avia-color-theme-color avia-size-medium avia-position-right '   ><span class='avia_iconbox_title' >Se oversikten her<\/span><\/a><\/div><\/p><\/div><div style='height:50px' class='hr hr-invisible  '><span class='hr-inner ' ><span class='hr-inner-style'><\/span><\/span><\/div><\/p>\n","protected":false},"excerpt":{"rendered":"","protected":false},"author":1,"featured_media":0,"parent":0,"menu_order":0,"comment_status":"closed","ping_status":"closed","template":"","meta":[],"yoast_head":"<!-- This site is optimized with the Yoast SEO plugin v16.9 - https:\/\/yoast.com\/wordpress\/plugins\/seo\/ -->\n<title>lammelse-RotoBed dreieseng-pleieseng-mindre smerte-mer frihet<\/title>\n<meta name=\"description\" content=\"Delvis lammelse gj\u00f8r det vanskelig \u00e5 komme ut av sengen. En svingbar RotoBed hjelper deg ut av sengen p\u00e5 mindre enn ett minutt!\" \/>\n<meta name=\"robots\" content=\"index, follow, max-snippet:-1, max-image-preview:large, max-video-preview:-1\" \/>\n<link rel=\"canonical\" href=\"https:\/\/rotobed.com\/no\/lammelse\/\" \/>\n<meta property=\"og:locale\" content=\"en_US\" \/>\n<meta property=\"og:type\" content=\"article\" \/>\n<meta property=\"og:title\" content=\"lammelse-RotoBed dreieseng-pleieseng-mindre smerte-mer frihet\" \/>\n<meta property=\"og:description\" content=\"Delvis lammelse gj\u00f8r det vanskelig \u00e5 komme ut av sengen. En svingbar RotoBed hjelper deg ut av sengen p\u00e5 mindre enn ett minutt!\" \/>\n<meta property=\"og:url\" content=\"https:\/\/rotobed.com\/no\/lammelse\/\" \/>\n<meta property=\"og:site_name\" content=\"RotoBed\" \/>\n<meta property=\"article:modified_time\" content=\"2020-08-10T08:38:04+00:00\" \/>\n<meta name=\"twitter:card\" content=\"summary\" \/>\n<meta name=\"twitter:label1\" content=\"Est. reading time\" \/>\n\t<meta name=\"twitter:data1\" content=\"4 minutes\" \/>\n<script type=\"application\/ld+json\" class=\"yoast-schema-graph\">{\"@context\":\"https:\/\/schema.org\",\"@graph\":[{\"@type\":\"WebSite\",\"@id\":\"https:\/\/rotobed.com\/no\/#website\",\"url\":\"https:\/\/rotobed.com\/no\/\",\"name\":\"RotoBed\",\"description\":\"\",\"potentialAction\":[{\"@type\":\"SearchAction\",\"target\":{\"@type\":\"EntryPoint\",\"urlTemplate\":\"https:\/\/rotobed.com\/no\/?s={search_term_string}\"},\"query-input\":\"required name=search_term_string\"}],\"inLanguage\":\"en-US\"},{\"@type\":\"WebPage\",\"@id\":\"https:\/\/rotobed.com\/no\/lammelse\/#webpage\",\"url\":\"https:\/\/rotobed.com\/no\/lammelse\/\",\"name\":\"lammelse-RotoBed dreieseng-pleieseng-mindre smerte-mer frihet\",\"isPartOf\":{\"@id\":\"https:\/\/rotobed.com\/no\/#website\"},\"datePublished\":\"2015-12-06T22:08:56+00:00\",\"dateModified\":\"2020-08-10T08:38:04+00:00\",\"description\":\"Delvis lammelse gj\\u00f8r det vanskelig \\u00e5 komme ut av sengen. En svingbar RotoBed hjelper deg ut av sengen p\\u00e5 mindre enn ett minutt!\",\"breadcrumb\":{\"@id\":\"https:\/\/rotobed.com\/no\/lammelse\/#breadcrumb\"},\"inLanguage\":\"en-US\",\"potentialAction\":[{\"@type\":\"ReadAction\",\"target\":[\"https:\/\/rotobed.com\/no\/lammelse\/\"]}]},{\"@type\":\"BreadcrumbList\",\"@id\":\"https:\/\/rotobed.com\/no\/lammelse\/#breadcrumb\",\"itemListElement\":[{\"@type\":\"ListItem\",\"position\":1,\"name\":\"Hjem\",\"item\":\"https:\/\/rotobed.com\/no\/\"},{\"@type\":\"ListItem\",\"position\":2,\"name\":\"Kristina Sangvita\"}]}]}<\/script>\n<!-- \/ Yoast SEO plugin. -->","yoast_head_json":{"title":"lammelse-RotoBed dreieseng-pleieseng-mindre smerte-mer frihet","description":"Delvis lammelse gj\u00f8r det vanskelig \u00e5 komme ut av sengen. En svingbar RotoBed hjelper deg ut av sengen p\u00e5 mindre enn ett minutt!","robots":{"index":"index","follow":"follow","max-snippet":"max-snippet:-1","max-image-preview":"max-image-preview:large","max-video-preview":"max-video-preview:-1"},"canonical":"https:\/\/rotobed.com\/no\/lammelse\/","og_locale":"en_US","og_type":"article","og_title":"lammelse-RotoBed dreieseng-pleieseng-mindre smerte-mer frihet","og_description":"Delvis lammelse gj\u00f8r det vanskelig \u00e5 komme ut av sengen. En svingbar RotoBed hjelper deg ut av sengen p\u00e5 mindre enn ett minutt!","og_url":"https:\/\/rotobed.com\/no\/lammelse\/","og_site_name":"RotoBed","article_modified_time":"2020-08-10T08:38:04+00:00","twitter_card":"summary","twitter_misc":{"Est. reading time":"4 minutes"},"schema":{"@context":"https:\/\/schema.org","@graph":[{"@type":"WebSite","@id":"https:\/\/rotobed.com\/no\/#website","url":"https:\/\/rotobed.com\/no\/","name":"RotoBed","description":"","potentialAction":[{"@type":"SearchAction","target":{"@type":"EntryPoint","urlTemplate":"https:\/\/rotobed.com\/no\/?s={search_term_string}"},"query-input":"required name=search_term_string"}],"inLanguage":"en-US"},{"@type":"WebPage","@id":"https:\/\/rotobed.com\/no\/lammelse\/#webpage","url":"https:\/\/rotobed.com\/no\/lammelse\/","name":"lammelse-RotoBed dreieseng-pleieseng-mindre smerte-mer frihet","isPartOf":{"@id":"https:\/\/rotobed.com\/no\/#website"},"datePublished":"2015-12-06T22:08:56+00:00","dateModified":"2020-08-10T08:38:04+00:00","description":"Delvis lammelse gj\u00f8r det vanskelig \u00e5 komme ut av sengen. En svingbar RotoBed hjelper deg ut av sengen p\u00e5 mindre enn ett minutt!","breadcrumb":{"@id":"https:\/\/rotobed.com\/no\/lammelse\/#breadcrumb"},"inLanguage":"en-US","potentialAction":[{"@type":"ReadAction","target":["https:\/\/rotobed.com\/no\/lammelse\/"]}]},{"@type":"BreadcrumbList","@id":"https:\/\/rotobed.com\/no\/lammelse\/#breadcrumb","itemListElement":[{"@type":"ListItem","position":1,"name":"Hjem","item":"https:\/\/rotobed.com\/no\/"},{"@type":"ListItem","position":2,"name":"Kristina Sangvita"}]}]}},"_links":{"self":[{"href":"https:\/\/rotobed.com\/no\/wp-json\/wp\/v2\/pages\/208"}],"collection":[{"href":"https:\/\/rotobed.com\/no\/wp-json\/wp\/v2\/pages"}],"about":[{"href":"https:\/\/rotobed.com\/no\/wp-json\/wp\/v2\/types\/page"}],"author":[{"embeddable":true,"href":"https:\/\/rotobed.com\/no\/wp-json\/wp\/v2\/users\/1"}],"replies":[{"embeddable":true,"href":"https:\/\/rotobed.com\/no\/wp-json\/wp\/v2\/comments?post=208"}],"version-history":[{"count":10,"href":"https:\/\/rotobed.com\/no\/wp-json\/wp\/v2\/pages\/208\/revisions"}],"predecessor-version":[{"id":7359,"href":"https:\/\/rotobed.com\/no\/wp-json\/wp\/v2\/pages\/208\/revisions\/7359"}],"wp:attachment":[{"href":"https:\/\/rotobed.com\/no\/wp-json\/wp\/v2\/media?parent=208"}],"curies":[{"name":"wp","href":"https:\/\/api.w.org\/{rel}","templated":true}]}}