{"id":210,"date":"2015-12-06T22:13:31","date_gmt":"2015-12-06T22:13:31","guid":{"rendered":"https:\/\/rotobed.com\/no\/?page_id=210"},"modified":"2020-08-10T08:37:36","modified_gmt":"2020-08-10T08:37:36","slug":"spastisk","status":"publish","type":"page","link":"https:\/\/rotobed.com\/no\/spastisk\/","title":{"rendered":"Tommy Hansen"},"content":{"rendered":"<div style='height:50px' class='hr hr-invisible  '><span class='hr-inner ' ><span class='hr-inner-style'><\/span><\/span><\/div>\n<div class=\"flex_column av_three_fourth  flex_column_div av-zero-column-padding first  \" style='border-radius:0px; '><p><div class='avia-image-container  av-styling-    avia-align-center '  itemprop=\"ImageObject\" itemscope=\"itemscope\" itemtype=\"https:\/\/schema.org\/ImageObject\"  ><div class='avia-image-container-inner'><img class='avia_image ' src='https:\/\/rotobed.com\/no\/wp-content\/uploads\/2015\/09\/Tommy-1030x687.jpg' alt='' title='Tommy'   itemprop=\"thumbnailUrl\"  \/><\/div><\/div><br \/>\n<section class=\"av_textblock_section \"  itemscope=\"itemscope\" itemtype=\"https:\/\/schema.org\/CreativeWork\" ><div class='avia_textblock  '   itemprop=\"text\" ><h1><strong>Den er genial<\/strong><\/h1>\n<h3>Tommy Hansen, Sorgenfri. 47 \u00e5r. F\u00f8dt spastisk. Har hatt en RotoBed\u00ae i 10 m\u00e5neder.<\/h3>\n<p>Jeg har store problemer med min mage, og noen ganger g\u00e5r det galt for meg om natten. Det ga meg store problemer tidligere, for jeg er jo spastiker, og n\u00e5r jeg skulle dra meg ut av sengen, ble det hele smurt rundt. Det var b\u00e5de ydmykende og bryderi, for jeg skulle selv gj\u00f8re det rent.<\/p>\n<p>Egentlig var jeg ikke godkjent til \u00e5 f\u00e5 en pleieseng, men denne var blitt til overs et sted, og s\u00e5 fikk jeg lov \u00e5 f\u00e5 den. Der var jeg heldig. N\u00e5 dreier madrassen meg rundt, og det betyr, at hvis jeg har hatt et uhell om natten, s\u00e5 blir det ikke lengre smurt ut over hele sengen, men blir p\u00e5 madrassen. S\u00e5 blir man ikke s\u00e5 sur og lei av det, for det kan ordnes raskt.<\/p>\n<p>Jeg har ikke noe \u00e5 utsette p\u00e5 sengen overhodet. Jeg har til og med funnet ut, at det er mange andre fordeler for meg \u00e5 ha en RotoBed\u00ae. N\u00e5r kroppen er flat, s\u00e5 sparer jeg krefter p\u00e5 \u00e5 komme meg ut av sengen. Det gir meg mulighet for \u00e5 bruke kreftene p\u00e5 noe annet, og det er jo genialt.<\/p>\n<p>Hjelperne er ogs\u00e5 glade i den. De fleste har aldri sett en s\u00e5nn seng f\u00f8r. De \u00f8nsker ogs\u00e5 at deres kolleger skal se den, s\u00e5 jeg har n\u00e6rmest hatt \u00e5pent hus for pleiepersonale. Og s\u00e5 er den pen. Selvf\u00f8lgelig vet man godt, at det er en pleieseng. Derfor beh\u00f8ver den jo ikke se ut som om man skal d\u00f8 om et halvt \u00e5r.<\/p>\n<\/div><\/section><\/p><\/div>\n<div class=\"flex_column av_one_fourth  flex_column_div av-zero-column-padding   \" style='border-radius:0px; '><p><div style='padding-bottom:10px;' class='av-special-heading av-special-heading-h1    '><h1 class='av-special-heading-tag '  itemprop=\"headline\"  > Brukere: 9 spennende cases med RotoBed\u00ae<\/h1><div class='special-heading-border'><div class='special-heading-inner-border' ><\/div><\/div><\/div><br \/>\n<div style='height:50px' class='hr hr-invisible  '><span class='hr-inner ' ><span class='hr-inner-style'><\/span><\/span><\/div><br \/>\n<div class='avia-button-wrap avia-button-right '><a href='https:\/\/rotobed.com\/no\/brukere\/' class='avia-button   avia-icon_select-no avia-color-theme-color avia-size-medium avia-position-right '   ><span class='avia_iconbox_title' >Se oversikten her<\/span><\/a><\/div><\/p><\/div><div style='height:50px' class='hr hr-invisible  '><span class='hr-inner ' ><span class='hr-inner-style'><\/span><\/span><\/div><\/p>\n","protected":false},"excerpt":{"rendered":"","protected":false},"author":1,"featured_media":0,"parent":0,"menu_order":0,"comment_status":"closed","ping_status":"closed","template":"","meta":[],"yoast_head":"<!-- This site is optimized with the Yoast SEO plugin v16.9 - https:\/\/yoast.com\/wordpress\/plugins\/seo\/ -->\n<title>spastisk - RotoBed - dreieseng - pleieseng - rotoseng<\/title>\n<meta name=\"description\" content=\"For en spastisk kan en svingbar Roto-seng gj\u00f8re en stor forskjell. F\u00e5 hjelp med \u00e5 komme deg ut av sengen p\u00e5 mindre enn ett minutt.\" \/>\n<meta name=\"robots\" content=\"index, follow, max-snippet:-1, max-image-preview:large, max-video-preview:-1\" \/>\n<link rel=\"canonical\" href=\"https:\/\/rotobed.com\/no\/spastisk\/\" \/>\n<meta property=\"og:locale\" content=\"en_US\" \/>\n<meta property=\"og:type\" content=\"article\" \/>\n<meta property=\"og:title\" content=\"spastisk - RotoBed - dreieseng - pleieseng - rotoseng\" \/>\n<meta property=\"og:description\" content=\"For en spastisk kan en svingbar Roto-seng gj\u00f8re en stor forskjell. F\u00e5 hjelp med \u00e5 komme deg ut av sengen p\u00e5 mindre enn ett minutt.\" \/>\n<meta property=\"og:url\" content=\"https:\/\/rotobed.com\/no\/spastisk\/\" \/>\n<meta property=\"og:site_name\" content=\"RotoBed\" \/>\n<meta property=\"article:modified_time\" content=\"2020-08-10T08:37:36+00:00\" \/>\n<meta name=\"twitter:card\" content=\"summary\" \/>\n<meta name=\"twitter:label1\" content=\"Est. reading time\" \/>\n\t<meta name=\"twitter:data1\" content=\"3 minutes\" \/>\n<script type=\"application\/ld+json\" class=\"yoast-schema-graph\">{\"@context\":\"https:\/\/schema.org\",\"@graph\":[{\"@type\":\"WebSite\",\"@id\":\"https:\/\/rotobed.com\/no\/#website\",\"url\":\"https:\/\/rotobed.com\/no\/\",\"name\":\"RotoBed\",\"description\":\"\",\"potentialAction\":[{\"@type\":\"SearchAction\",\"target\":{\"@type\":\"EntryPoint\",\"urlTemplate\":\"https:\/\/rotobed.com\/no\/?s={search_term_string}\"},\"query-input\":\"required name=search_term_string\"}],\"inLanguage\":\"en-US\"},{\"@type\":\"WebPage\",\"@id\":\"https:\/\/rotobed.com\/no\/spastisk\/#webpage\",\"url\":\"https:\/\/rotobed.com\/no\/spastisk\/\",\"name\":\"spastisk - RotoBed - dreieseng - pleieseng - rotoseng\",\"isPartOf\":{\"@id\":\"https:\/\/rotobed.com\/no\/#website\"},\"datePublished\":\"2015-12-06T22:13:31+00:00\",\"dateModified\":\"2020-08-10T08:37:36+00:00\",\"description\":\"For en spastisk kan en svingbar Roto-seng gj\\u00f8re en stor forskjell. F\\u00e5 hjelp med \\u00e5 komme deg ut av sengen p\\u00e5 mindre enn ett minutt.\",\"breadcrumb\":{\"@id\":\"https:\/\/rotobed.com\/no\/spastisk\/#breadcrumb\"},\"inLanguage\":\"en-US\",\"potentialAction\":[{\"@type\":\"ReadAction\",\"target\":[\"https:\/\/rotobed.com\/no\/spastisk\/\"]}]},{\"@type\":\"BreadcrumbList\",\"@id\":\"https:\/\/rotobed.com\/no\/spastisk\/#breadcrumb\",\"itemListElement\":[{\"@type\":\"ListItem\",\"position\":1,\"name\":\"Hjem\",\"item\":\"https:\/\/rotobed.com\/no\/\"},{\"@type\":\"ListItem\",\"position\":2,\"name\":\"Tommy Hansen\"}]}]}<\/script>\n<!-- \/ Yoast SEO plugin. -->","yoast_head_json":{"title":"spastisk - RotoBed - dreieseng - pleieseng - rotoseng","description":"For en spastisk kan en svingbar Roto-seng gj\u00f8re en stor forskjell. F\u00e5 hjelp med \u00e5 komme deg ut av sengen p\u00e5 mindre enn ett minutt.","robots":{"index":"index","follow":"follow","max-snippet":"max-snippet:-1","max-image-preview":"max-image-preview:large","max-video-preview":"max-video-preview:-1"},"canonical":"https:\/\/rotobed.com\/no\/spastisk\/","og_locale":"en_US","og_type":"article","og_title":"spastisk - RotoBed - dreieseng - pleieseng - rotoseng","og_description":"For en spastisk kan en svingbar Roto-seng gj\u00f8re en stor forskjell. F\u00e5 hjelp med \u00e5 komme deg ut av sengen p\u00e5 mindre enn ett minutt.","og_url":"https:\/\/rotobed.com\/no\/spastisk\/","og_site_name":"RotoBed","article_modified_time":"2020-08-10T08:37:36+00:00","twitter_card":"summary","twitter_misc":{"Est. reading time":"3 minutes"},"schema":{"@context":"https:\/\/schema.org","@graph":[{"@type":"WebSite","@id":"https:\/\/rotobed.com\/no\/#website","url":"https:\/\/rotobed.com\/no\/","name":"RotoBed","description":"","potentialAction":[{"@type":"SearchAction","target":{"@type":"EntryPoint","urlTemplate":"https:\/\/rotobed.com\/no\/?s={search_term_string}"},"query-input":"required name=search_term_string"}],"inLanguage":"en-US"},{"@type":"WebPage","@id":"https:\/\/rotobed.com\/no\/spastisk\/#webpage","url":"https:\/\/rotobed.com\/no\/spastisk\/","name":"spastisk - RotoBed - dreieseng - pleieseng - rotoseng","isPartOf":{"@id":"https:\/\/rotobed.com\/no\/#website"},"datePublished":"2015-12-06T22:13:31+00:00","dateModified":"2020-08-10T08:37:36+00:00","description":"For en spastisk kan en svingbar Roto-seng gj\u00f8re en stor forskjell. F\u00e5 hjelp med \u00e5 komme deg ut av sengen p\u00e5 mindre enn ett minutt.","breadcrumb":{"@id":"https:\/\/rotobed.com\/no\/spastisk\/#breadcrumb"},"inLanguage":"en-US","potentialAction":[{"@type":"ReadAction","target":["https:\/\/rotobed.com\/no\/spastisk\/"]}]},{"@type":"BreadcrumbList","@id":"https:\/\/rotobed.com\/no\/spastisk\/#breadcrumb","itemListElement":[{"@type":"ListItem","position":1,"name":"Hjem","item":"https:\/\/rotobed.com\/no\/"},{"@type":"ListItem","position":2,"name":"Tommy Hansen"}]}]}},"_links":{"self":[{"href":"https:\/\/rotobed.com\/no\/wp-json\/wp\/v2\/pages\/210"}],"collection":[{"href":"https:\/\/rotobed.com\/no\/wp-json\/wp\/v2\/pages"}],"about":[{"href":"https:\/\/rotobed.com\/no\/wp-json\/wp\/v2\/types\/page"}],"author":[{"embeddable":true,"href":"https:\/\/rotobed.com\/no\/wp-json\/wp\/v2\/users\/1"}],"replies":[{"embeddable":true,"href":"https:\/\/rotobed.com\/no\/wp-json\/wp\/v2\/comments?post=210"}],"version-history":[{"count":9,"href":"https:\/\/rotobed.com\/no\/wp-json\/wp\/v2\/pages\/210\/revisions"}],"predecessor-version":[{"id":7356,"href":"https:\/\/rotobed.com\/no\/wp-json\/wp\/v2\/pages\/210\/revisions\/7356"}],"wp:attachment":[{"href":"https:\/\/rotobed.com\/no\/wp-json\/wp\/v2\/media?parent=210"}],"curies":[{"name":"wp","href":"https:\/\/api.w.org\/{rel}","templated":true}]}}