{"id":5788,"date":"2020-03-24T08:47:28","date_gmt":"2020-03-24T08:47:28","guid":{"rendered":"https:\/\/rotobed.com\/pt\/?page_id=5788"},"modified":"2021-05-20T11:54:36","modified_gmt":"2021-05-20T11:54:36","slug":"customizeyourbed","status":"publish","type":"page","link":"https:\/\/rotobed.com\/pt\/customizeyourbed\/","title":{"rendered":"Customizeyourbed PT"},"content":{"rendered":"<div style='height:50px' class='hr hr-invisible  '><span class='hr-inner ' ><span class='hr-inner-style'><\/span><\/span><\/div>\n<section class=\"av_textblock_section \"  itemscope=\"itemscope\" itemtype=\"https:\/\/schema.org\/CreativeWork\" ><div class='avia_textblock  '   itemprop=\"text\" ><h1 style=\"text-align: center;\"><strong><span style=\"color: #003366;\">Perso<\/span><span style=\"color: #999999;\">nalize<\/span> <span style=\"color: #008000;\">RotoBed<\/span><span style=\"color: #ff9900;\">\u00ae<span style=\"color: #800000;\">Home<\/span><\/span><\/strong><\/h1>\n<p style=\"text-align: center;\">Gostaria que a sua cama tivesse uma destas cores?<\/p>\n<p style=\"text-align: center;\">Na nossa loja online pode personalizar a sua RotoBed\u00aeHome de acordo com as suas necessidades e prefer\u00eancias.<\/p>\n<p style=\"text-align: center;\">Seguem-se explica\u00e7\u00f5es das diferentes possibilidades.<\/p>\n<p style=\"text-align: center;\">Quando estiver pronto a encomendar, pode faz\u00ea-lo na nossa\u00a0<a href=\"https:\/\/rotobed.com\/en\/products\/\"><strong>loja online.<\/strong><\/a><\/p>\n<\/div><\/section>\n<div  class='hr hr-default  '><span class='hr-inner ' ><span class='hr-inner-style'><\/span><\/span><\/div>\n<\/div><\/div><\/div><!-- close content main div --><\/div><\/div><div id='av-layout-grid-1' class='av-layout-grid-container entry-content-wrapper main_color av-flex-cells    container_wrap fullsize'   >\n<div class=\"flex_cell no_margin av_one_fifth   \" style='vertical-align:top; padding:30px; '><div class='flex_cell_inner' ><p><div class='avia-image-container  av-styling-    avia-align-center '  itemprop=\"ImageObject\" itemscope=\"itemscope\" itemtype=\"https:\/\/schema.org\/ImageObject\"  ><div class='avia-image-container-inner'><img class='avia_image ' src='https:\/\/rotobed.com\/pt\/wp-content\/uploads\/2019\/12\/background-low-low-0024-300x225.jpg' alt='RotoBed rotating bed care bed' title='RotoBed\u00aeHome Low-Low'   itemprop=\"thumbnailUrl\"  \/><\/div><\/div><br \/>\n<section class=\"av_textblock_section \"  itemscope=\"itemscope\" itemtype=\"https:\/\/schema.org\/CreativeWork\" ><div class='avia_textblock  '   itemprop=\"text\" ><p style=\"text-align: center;\"><strong>Low-Low<\/strong><\/p>\n<\/div><\/section><\/p>\n<\/div><\/div><div class=\"flex_cell no_margin av_one_fifth   \" style='vertical-align:top; padding:30px; '><div class='flex_cell_inner' ><p><div class='avia-image-container  av-styling-    avia-align-center '  itemprop=\"ImageObject\" itemscope=\"itemscope\" itemtype=\"https:\/\/schema.org\/ImageObject\"  ><div class='avia-image-container-inner'><img class='avia_image ' src='https:\/\/rotobed.com\/pt\/wp-content\/uploads\/2019\/12\/background-low-high-0024-300x225.jpg' alt='rotobed rotative bed' title='RotoBed\u00aeHome low-high'   itemprop=\"thumbnailUrl\"  \/><\/div><\/div><br \/>\n<section class=\"av_textblock_section \"  itemscope=\"itemscope\" itemtype=\"https:\/\/schema.org\/CreativeWork\" ><div class='avia_textblock  '   itemprop=\"text\" ><p style=\"text-align: center;\"><strong>Low-High<\/strong><\/p>\n<\/div><\/section><\/p>\n<\/div><\/div><div class=\"flex_cell no_margin av_one_fifth   \" style='vertical-align:top; padding:30px; '><div class='flex_cell_inner' ><p><div class='avia-image-container  av-styling-    avia-align-center '  itemprop=\"ImageObject\" itemscope=\"itemscope\" itemtype=\"https:\/\/schema.org\/ImageObject\"  ><div class='avia-image-container-inner'><img class='avia_image ' src='https:\/\/rotobed.com\/pt\/wp-content\/uploads\/2019\/12\/background-high-high-0024-300x225.jpg' alt='rotobed rotative bed' title='RotoBed high high'   itemprop=\"thumbnailUrl\"  \/><\/div><\/div><br \/>\n<section class=\"av_textblock_section \"  itemscope=\"itemscope\" itemtype=\"https:\/\/schema.org\/CreativeWork\" ><div class='avia_textblock  '   itemprop=\"text\" ><p style=\"text-align: center;\"><strong>High-High<\/strong><\/p>\n<\/div><\/section><\/p>\n<\/div><\/div><div class=\"flex_cell no_margin av_two_fifth   \" style='vertical-align:top; padding:30px; '><div class='flex_cell_inner' ><section class=\"av_textblock_section \"  itemscope=\"itemscope\" itemtype=\"https:\/\/schema.org\/CreativeWork\" ><div class='avia_textblock  '   itemprop=\"text\" ><h3><strong>Escolha o modelo<\/strong><\/h3>\n<p>Primeiro, tem de escolher o look global da sua cama: <strong>Low-Low<\/strong> com cabeceira baixa e peseira baixa forradas com tecido.\u00a0<strong>Low-High<\/strong> com peseira baixa forrada com tecido e cabeceira alta em folheado de carvalho com tecido no exterior. <strong>High-High<\/strong>\u00a0com peseira e cabeceira altas, ambas em folheado de carvalho com tecido no exterior.<\/p>\n<\/div><\/section>\n<\/div><\/div><\/div><div style='height:40px' class='hr hr-invisible  '><span class='hr-inner ' ><span class='hr-inner-style'><\/span><\/span><\/div><\/p>\n<div class=\"flex_column av_one_half  flex_column_div av-zero-column-padding first  \" style='border-radius:0px; '><p><div style='height:20px' class='hr hr-invisible  '><span class='hr-inner ' ><span class='hr-inner-style'><\/span><\/span><\/div><br \/>\n<section class=\"av_textblock_section \"  itemscope=\"itemscope\" itemtype=\"https:\/\/schema.org\/CreativeWork\" ><div class='avia_textblock  '   itemprop=\"text\" ><h3><\/h3>\n<p><a href=\"https:\/\/rotobed.com\/pt\/wp-content\/uploads\/2020\/04\/3333.png\"><img decoding=\"async\" class=\"alignnone size-medium wp-image-6753\" src=\"https:\/\/rotobed.com\/pt\/wp-content\/uploads\/2020\/04\/3333-300x106.png\" alt=\"\" width=\"300\" height=\"106\" srcset=\"https:\/\/rotobed.com\/pt\/wp-content\/uploads\/2020\/04\/3333-300x106.png 300w, https:\/\/rotobed.com\/pt\/wp-content\/uploads\/2020\/04\/3333-450x159.png 450w, https:\/\/rotobed.com\/pt\/wp-content\/uploads\/2020\/04\/3333.png 522w\" sizes=\"(max-width: 300px) 100vw, 300px\" \/><\/a><\/p>\n<\/div><\/section><\/p><\/div>\n<div class=\"flex_column av_one_half  flex_column_div av-zero-column-padding   \" style='border-radius:0px; '><section class=\"av_textblock_section \"  itemscope=\"itemscope\" itemtype=\"https:\/\/schema.org\/CreativeWork\" ><div class='avia_textblock  '   itemprop=\"text\" ><h3><strong>Procure a altura de sa\u00edda correta<\/strong><\/h3>\n<p>A RotoBed\u00aeHome adapta-se a utilizadores altos e baixos. Se medir a altura das suas pernas, da sola do p\u00e9 \u00e0 concavidade do joelho, encontra uma das quatro alturas de sa\u00edda que melhor lhe serve. Se lhe agradar a altura de sa\u00edda da sua cama atual, tamb\u00e9m pode medir a dist\u00e2ncia do ch\u00e3o \u00e0 parte superior do seu colch\u00e3o. Em seguida, \u00e9 poss\u00edvel alterar a altura de sa\u00edda movendo alguns parafusos. A cama tamb\u00e9m est\u00e1 equipada com parafusos de ajuste para regular a altura de sa\u00edda com precis\u00e3o.<\/p>\n<\/div><\/section><\/div>\n<div  class='hr hr-default  '><span class='hr-inner ' ><span class='hr-inner-style'><\/span><\/span><\/div>\n<div class=\"flex_column av_one_half  flex_column_div av-zero-column-padding first  \" style='border-radius:0px; '><p><div style='height:40px' class='hr hr-invisible  '><span class='hr-inner ' ><span class='hr-inner-style'><\/span><\/span><\/div><br \/>\n<section class=\"av_textblock_section \"  itemscope=\"itemscope\" itemtype=\"https:\/\/schema.org\/CreativeWork\" ><div class='avia_textblock  '   itemprop=\"text\" ><p><a href=\"https:\/\/rotobed.com\/pt\/wp-content\/uploads\/2020\/04\/2222.png\"><img decoding=\"async\" class=\"alignnone size-medium wp-image-6751\" src=\"https:\/\/rotobed.com\/pt\/wp-content\/uploads\/2020\/04\/2222-300x105.png\" alt=\"\" width=\"300\" height=\"105\" srcset=\"https:\/\/rotobed.com\/pt\/wp-content\/uploads\/2020\/04\/2222-300x105.png 300w, https:\/\/rotobed.com\/pt\/wp-content\/uploads\/2020\/04\/2222.png 373w\" sizes=\"(max-width: 300px) 100vw, 300px\" \/><\/a><\/p>\n<\/div><\/section><\/p><\/div>\n<div class=\"flex_column av_one_half  flex_column_div av-zero-column-padding   \" style='border-radius:0px; '><section class=\"av_textblock_section \"  itemscope=\"itemscope\" itemtype=\"https:\/\/schema.org\/CreativeWork\" ><div class='avia_textblock  '   itemprop=\"text\" ><h3><strong>Escolha o seu colch\u00e3o<\/strong><\/h3>\n<p>A RotoBed\u00aeHome pode ser entregue com diversos tipos de colch\u00f5es. O colch\u00e3o padr\u00e3o \u00e9 o colch\u00e3o de espuma de 2 camadas RotoBed\u00aeErgoSleep recomendado para utilizadores com um peso entre 60 e 140 quilos. As alternativas s\u00e3o o RotoBed\u00aeSafeSleep e RotoBed\u00aeROHO DRY FLOTATION. Pode obter informa\u00e7\u00f5es sobre os colch\u00f5es e as diferen\u00e7as entre eles\u00a0<a href=\"https:\/\/rotobed.com\/en\/accessories\/\">aqui.<\/a><\/p>\n<\/div><\/section><\/div>\n<div  class='hr hr-default  '><span class='hr-inner ' ><span class='hr-inner-style'><\/span><\/span><\/div>\n<div class=\"flex_column av_one_half  flex_column_div av-zero-column-padding first  \" style='border-radius:0px; '><p><div style='height:40px' class='hr hr-invisible  '><span class='hr-inner ' ><span class='hr-inner-style'><\/span><\/span><\/div><br \/>\n<section class=\"av_textblock_section \"  itemscope=\"itemscope\" itemtype=\"https:\/\/schema.org\/CreativeWork\" ><div class='avia_textblock  '   itemprop=\"text\" ><p><a href=\"https:\/\/rotobed.com\/pt\/wp-content\/uploads\/2020\/04\/2.png\"><img decoding=\"async\" class=\"alignnone size-medium wp-image-6796\" src=\"https:\/\/rotobed.com\/pt\/wp-content\/uploads\/2020\/04\/2-300x83.png\" alt=\"\" width=\"300\" height=\"83\" srcset=\"https:\/\/rotobed.com\/pt\/wp-content\/uploads\/2020\/04\/2-300x83.png 300w, https:\/\/rotobed.com\/pt\/wp-content\/uploads\/2020\/04\/2.png 332w\" sizes=\"(max-width: 300px) 100vw, 300px\" \/><\/a><\/p>\n<\/div><\/section><\/p><\/div>\n<div class=\"flex_column av_one_half  flex_column_div av-zero-column-padding   \" style='border-radius:0px; '><section class=\"av_textblock_section \"  itemscope=\"itemscope\" itemtype=\"https:\/\/schema.org\/CreativeWork\" ><div class='avia_textblock  '   itemprop=\"text\" ><h3><strong>Escolher guardas laterais<\/strong><\/h3>\n<p>Se pretender guardas laterais para a RotoBed\u00aeHome, pode escolher entre dois tamanhos. As mais pequenas s\u00e3o colocadas perto do encosto para oferecer prote\u00e7\u00e3o e apoio para as transfer\u00eancias na cama. Os modelos mais compridos na sec\u00e7\u00e3o central da cama proporcionam um bom apoio quando entra ou sai da cama. Ambos os modelos est\u00e3o dispon\u00edveis em metal ou em folheado de carvalho que oferece um aspeto mais agrad\u00e1vel.<\/p>\n<\/div><\/section><\/div>\n<div  class='hr hr-default  '><span class='hr-inner ' ><span class='hr-inner-style'><\/span><\/span><\/div>\n<div class=\"flex_column av_one_half  flex_column_div av-zero-column-padding first  \" style='border-radius:0px; '><section class=\"av_textblock_section \"  itemscope=\"itemscope\" itemtype=\"https:\/\/schema.org\/CreativeWork\" ><div class='avia_textblock  '   itemprop=\"text\" ><p><a href=\"https:\/\/rotobed.com\/pt\/wp-content\/uploads\/2020\/04\/coler.png\"><img decoding=\"async\" class=\"alignnone size-medium wp-image-6745\" src=\"https:\/\/rotobed.com\/pt\/wp-content\/uploads\/2020\/04\/coler-300x139.png\" alt=\"\" width=\"300\" height=\"139\" srcset=\"https:\/\/rotobed.com\/pt\/wp-content\/uploads\/2020\/04\/coler-300x139.png 300w, https:\/\/rotobed.com\/pt\/wp-content\/uploads\/2020\/04\/coler-450x209.png 450w, https:\/\/rotobed.com\/pt\/wp-content\/uploads\/2020\/04\/coler.png 493w\" sizes=\"(max-width: 300px) 100vw, 300px\" \/><\/a><\/p>\n<\/div><\/section><\/div>\n<div class=\"flex_column av_one_half  flex_column_div av-zero-column-padding   \" style='border-radius:0px; '><section class=\"av_textblock_section \"  itemscope=\"itemscope\" itemtype=\"https:\/\/schema.org\/CreativeWork\" ><div class='avia_textblock  '   itemprop=\"text\" ><h3><strong>Escolha os tecidos<\/strong><\/h3>\n<p>Dependendo do modelo, a cabeceira e os p\u00e9s da cama ser\u00e3o forradas com tecido. O tecido normal \u00e9 um tecido de excelente qualidade da Kvadrat, em cinzento antracite feito de 51% de poli\u00e9ster reciclado. Tem tamb\u00e9m a possibilidade de escolher outras cores, pele preta ou o lindo tecido de riscas, em pura l\u00e3, desenhado por Paul Smith.<\/p>\n<\/div><\/section><\/div>\n<div  class='hr hr-default  '><span class='hr-inner ' ><span class='hr-inner-style'><\/span><\/span><\/div>\n","protected":false},"excerpt":{"rendered":"","protected":false},"author":2,"featured_media":0,"parent":0,"menu_order":0,"comment_status":"closed","ping_status":"closed","template":"","meta":[],"yoast_head":"<!-- This site is optimized with the Yoast SEO plugin v16.9 - https:\/\/yoast.com\/wordpress\/plugins\/seo\/ -->\n<title>Customize rotobed-rotating bed-mobility-dignity-freedom-quality-of-life<\/title>\n<meta name=\"description\" content=\"Customize your rotating RotoBed\u00ae. Choose exit height, textiles, mattress and headboards. The rotating bed that helps you out of bed in less than a minute!\" \/>\n<meta name=\"robots\" content=\"index, follow, max-snippet:-1, max-image-preview:large, max-video-preview:-1\" \/>\n<link rel=\"canonical\" href=\"https:\/\/rotobed.com\/pt\/customizeyourbed\/\" \/>\n<meta property=\"og:locale\" content=\"en_US\" \/>\n<meta property=\"og:type\" content=\"article\" \/>\n<meta property=\"og:title\" content=\"Customize rotobed-rotating bed-mobility-dignity-freedom-quality-of-life\" \/>\n<meta property=\"og:description\" content=\"Customize your rotating RotoBed\u00ae. Choose exit height, textiles, mattress and headboards. The rotating bed that helps you out of bed in less than a minute!\" \/>\n<meta property=\"og:url\" content=\"https:\/\/rotobed.com\/pt\/customizeyourbed\/\" \/>\n<meta property=\"og:site_name\" content=\"RotoBed\" \/>\n<meta property=\"article:modified_time\" content=\"2021-05-20T11:54:36+00:00\" \/>\n<meta property=\"og:image\" content=\"https:\/\/rotobed.com\/pt\/wp-content\/uploads\/2020\/04\/3333-300x106.png\" \/>\n<meta name=\"twitter:card\" content=\"summary\" \/>\n<meta name=\"twitter:label1\" content=\"Est. reading time\" \/>\n\t<meta name=\"twitter:data1\" content=\"10 minutes\" \/>\n<script type=\"application\/ld+json\" class=\"yoast-schema-graph\">{\"@context\":\"https:\/\/schema.org\",\"@graph\":[{\"@type\":\"WebSite\",\"@id\":\"https:\/\/rotobed.com\/pt\/#website\",\"url\":\"https:\/\/rotobed.com\/pt\/\",\"name\":\"RotoBed\",\"description\":\"\",\"potentialAction\":[{\"@type\":\"SearchAction\",\"target\":{\"@type\":\"EntryPoint\",\"urlTemplate\":\"https:\/\/rotobed.com\/pt\/?s={search_term_string}\"},\"query-input\":\"required name=search_term_string\"}],\"inLanguage\":\"en-US\"},{\"@type\":\"ImageObject\",\"@id\":\"https:\/\/rotobed.com\/pt\/customizeyourbed\/#primaryimage\",\"inLanguage\":\"en-US\",\"url\":\"https:\/\/rotobed.com\/pt\/wp-content\/uploads\/2020\/04\/3333.png\",\"contentUrl\":\"https:\/\/rotobed.com\/pt\/wp-content\/uploads\/2020\/04\/3333.png\",\"width\":522,\"height\":185},{\"@type\":\"WebPage\",\"@id\":\"https:\/\/rotobed.com\/pt\/customizeyourbed\/#webpage\",\"url\":\"https:\/\/rotobed.com\/pt\/customizeyourbed\/\",\"name\":\"Customize rotobed-rotating bed-mobility-dignity-freedom-quality-of-life\",\"isPartOf\":{\"@id\":\"https:\/\/rotobed.com\/pt\/#website\"},\"primaryImageOfPage\":{\"@id\":\"https:\/\/rotobed.com\/pt\/customizeyourbed\/#primaryimage\"},\"datePublished\":\"2020-03-24T08:47:28+00:00\",\"dateModified\":\"2021-05-20T11:54:36+00:00\",\"description\":\"Customize your rotating RotoBed\\u00ae. Choose exit height, textiles, mattress and headboards. The rotating bed that helps you out of bed in less than a minute!\",\"breadcrumb\":{\"@id\":\"https:\/\/rotobed.com\/pt\/customizeyourbed\/#breadcrumb\"},\"inLanguage\":\"en-US\",\"potentialAction\":[{\"@type\":\"ReadAction\",\"target\":[\"https:\/\/rotobed.com\/pt\/customizeyourbed\/\"]}]},{\"@type\":\"BreadcrumbList\",\"@id\":\"https:\/\/rotobed.com\/pt\/customizeyourbed\/#breadcrumb\",\"itemListElement\":[{\"@type\":\"ListItem\",\"position\":1,\"name\":\"Hjem\",\"item\":\"https:\/\/rotobed.com\/pt\/\"},{\"@type\":\"ListItem\",\"position\":2,\"name\":\"Customizeyourbed PT\"}]}]}<\/script>\n<!-- \/ Yoast SEO plugin. -->","yoast_head_json":{"title":"Customize rotobed-rotating bed-mobility-dignity-freedom-quality-of-life","description":"Customize your rotating RotoBed\u00ae. Choose exit height, textiles, mattress and headboards. The rotating bed that helps you out of bed in less than a minute!","robots":{"index":"index","follow":"follow","max-snippet":"max-snippet:-1","max-image-preview":"max-image-preview:large","max-video-preview":"max-video-preview:-1"},"canonical":"https:\/\/rotobed.com\/pt\/customizeyourbed\/","og_locale":"en_US","og_type":"article","og_title":"Customize rotobed-rotating bed-mobility-dignity-freedom-quality-of-life","og_description":"Customize your rotating RotoBed\u00ae. Choose exit height, textiles, mattress and headboards. The rotating bed that helps you out of bed in less than a minute!","og_url":"https:\/\/rotobed.com\/pt\/customizeyourbed\/","og_site_name":"RotoBed","article_modified_time":"2021-05-20T11:54:36+00:00","og_image":[{"url":"https:\/\/rotobed.com\/pt\/wp-content\/uploads\/2020\/04\/3333-300x106.png"}],"twitter_card":"summary","twitter_misc":{"Est. reading time":"10 minutes"},"schema":{"@context":"https:\/\/schema.org","@graph":[{"@type":"WebSite","@id":"https:\/\/rotobed.com\/pt\/#website","url":"https:\/\/rotobed.com\/pt\/","name":"RotoBed","description":"","potentialAction":[{"@type":"SearchAction","target":{"@type":"EntryPoint","urlTemplate":"https:\/\/rotobed.com\/pt\/?s={search_term_string}"},"query-input":"required name=search_term_string"}],"inLanguage":"en-US"},{"@type":"ImageObject","@id":"https:\/\/rotobed.com\/pt\/customizeyourbed\/#primaryimage","inLanguage":"en-US","url":"https:\/\/rotobed.com\/pt\/wp-content\/uploads\/2020\/04\/3333.png","contentUrl":"https:\/\/rotobed.com\/pt\/wp-content\/uploads\/2020\/04\/3333.png","width":522,"height":185},{"@type":"WebPage","@id":"https:\/\/rotobed.com\/pt\/customizeyourbed\/#webpage","url":"https:\/\/rotobed.com\/pt\/customizeyourbed\/","name":"Customize rotobed-rotating bed-mobility-dignity-freedom-quality-of-life","isPartOf":{"@id":"https:\/\/rotobed.com\/pt\/#website"},"primaryImageOfPage":{"@id":"https:\/\/rotobed.com\/pt\/customizeyourbed\/#primaryimage"},"datePublished":"2020-03-24T08:47:28+00:00","dateModified":"2021-05-20T11:54:36+00:00","description":"Customize your rotating RotoBed\u00ae. Choose exit height, textiles, mattress and headboards. The rotating bed that helps you out of bed in less than a minute!","breadcrumb":{"@id":"https:\/\/rotobed.com\/pt\/customizeyourbed\/#breadcrumb"},"inLanguage":"en-US","potentialAction":[{"@type":"ReadAction","target":["https:\/\/rotobed.com\/pt\/customizeyourbed\/"]}]},{"@type":"BreadcrumbList","@id":"https:\/\/rotobed.com\/pt\/customizeyourbed\/#breadcrumb","itemListElement":[{"@type":"ListItem","position":1,"name":"Hjem","item":"https:\/\/rotobed.com\/pt\/"},{"@type":"ListItem","position":2,"name":"Customizeyourbed PT"}]}]}},"_links":{"self":[{"href":"https:\/\/rotobed.com\/pt\/wp-json\/wp\/v2\/pages\/5788"}],"collection":[{"href":"https:\/\/rotobed.com\/pt\/wp-json\/wp\/v2\/pages"}],"about":[{"href":"https:\/\/rotobed.com\/pt\/wp-json\/wp\/v2\/types\/page"}],"author":[{"embeddable":true,"href":"https:\/\/rotobed.com\/pt\/wp-json\/wp\/v2\/users\/2"}],"replies":[{"embeddable":true,"href":"https:\/\/rotobed.com\/pt\/wp-json\/wp\/v2\/comments?post=5788"}],"version-history":[{"count":78,"href":"https:\/\/rotobed.com\/pt\/wp-json\/wp\/v2\/pages\/5788\/revisions"}],"predecessor-version":[{"id":8000,"href":"https:\/\/rotobed.com\/pt\/wp-json\/wp\/v2\/pages\/5788\/revisions\/8000"}],"wp:attachment":[{"href":"https:\/\/rotobed.com\/pt\/wp-json\/wp\/v2\/media?parent=5788"}],"curies":[{"name":"wp","href":"https:\/\/api.w.org\/{rel}","templated":true}]}}