{"id":6431,"date":"2020-04-01T19:08:33","date_gmt":"2020-04-01T19:08:33","guid":{"rendered":"https:\/\/rotobed.com\/pt\/?page_id=6431"},"modified":"2022-01-03T09:31:38","modified_gmt":"2022-01-03T09:31:38","slug":"privacy-policy","status":"publish","type":"page","link":"https:\/\/rotobed.com\/pt\/privacy-policy\/","title":{"rendered":"Privacy Policy PT"},"content":{"rendered":"<h1 style=\"text-align: center;\">Pol\u00edtica de Privacidade da RotoBed\u00ae ApS<\/h1>\n<p>&nbsp;<\/p>\n<p><strong>Considera\u00e7\u00f5es gerais<\/strong><\/p>\n<p>1.1 Esta pol\u00edtica de tratamento de dados pessoais (&#8220;Pol\u00edtica de Privacidade&#8221;) regula o processo de recolha e tratamento das informa\u00e7\u00f5es que lhe dizem respeito por parte da RotoBed\u00ae ApS (daqui em diante RotoBed\u00ae, &#8220;n\u00f3s&#8221;, &#8220;nosso(a)\/nossos(as)&#8221;, \u201cconnosco\u201d).<\/p>\n<p>1.2 A pol\u00edtica de dados pessoais aplica-se aos dados pessoais que nos envia ou que recolhemos atrav\u00e9s do website partilhado com os nomes de dom\u00ednio <a href=\"http:\/\/www.rotobed.com\">www.rotobed.com<\/a> e <a href=\"http:\/\/www.rotobed.dk\">www.rotobed.dk<\/a> (daqui em diante &#8220;website&#8221;) e RotoBed\u00ae Facebook.<\/p>\n<p>1.3 A RotoBed\u00ae \u00e9 o respons\u00e1vel pelo tratamento dos seus dados pessoais. Todos os pedidos de informa\u00e7\u00e3o a este respeito destinados \u00e0 RotoBed\u00ae podem ser apresentados atrav\u00e9s dos dados de contacto indicados na cl\u00e1usula 7\u00aa.<\/p>\n<p><strong>Que dados pessoais recolhemos, para que finalidades e qual a base legal para o tratamento<\/strong><\/p>\n<p>2.1 Quando visita o website, recolhemos automaticamente informa\u00e7\u00f5es sobre si e a sua utiliza\u00e7\u00e3o do website, tais como o tipo de navegador que utiliza, que termos de pesquisa utiliza no website, o seu endere\u00e7o IP, incluindo a localiza\u00e7\u00e3o da sua rede, e informa\u00e7\u00f5es sobre o seu computador.<\/p>\n<ul>\n<li>2.1.1 O objetivo \u00e9 otimizar a experi\u00eancia do utilizador e o funcionamento do website, bem como realizar marketing direcionado, incluindo o redirecionamento atrav\u00e9s do Facebook e Google. Este tratamento da informa\u00e7\u00e3o \u00e9 essencial para garantirmos o cumprimento do nosso objetivo de melhorar o website.<\/li>\n<li>2.1.2 A base jur\u00eddica para o tratamento \u00e9 o ponto f) do art.\u00ba 1\u00ba do Regulamento de Dados Pessoais da UE.<\/li>\n<\/ul>\n<p>2.2 Quando adquire um produto ou comunica connosco atrav\u00e9s do website,\u00a0 recolhemos as informa\u00e7\u00f5es que nos forneA base jur\u00eddica para o tratamento \u00e9 o ponto f) do art.\u00ba 1\u00ba do Regulamento de Dados Pessoais da UE.ce, tais como o nome, endere\u00e7o, endere\u00e7o de e-mail, n\u00famero de telefone, m\u00e9todo de pagamento, informa\u00e7\u00f5es sobre quais os produtos que compra e possa ter devolvido, pedidos de entrega e informa\u00e7\u00f5es sobre o endere\u00e7o IP a partir do qual a encomenda foi efetuada.<\/p>\n<ul>\n<li>2.2.1 O nosso objetivo \u00e9 entregar os produtos encomendados e cumprir o nosso acordo consigo, nomeadamente atrav\u00e9s da gest\u00e3o dos seus direitos relativos a devolu\u00e7\u00e3o e publicidade. Tamb\u00e9m podemos tratar informa\u00e7\u00f5es sobre as suas compras para cumprir os requisitos regulamentares, nomeadamente em termos de contabilidade. No momento da compra, o endere\u00e7o IP \u00e9 recolhido para o efeito e para garantirmos o cumprimento do nosso objetivo de prevenir a fraude.<\/li>\n<li>2.2.2 A base jur\u00eddica para o tratamento \u00e9 o art.\u00ba 1\u00ba, pontos b), c) e f), do Regulamento de Dados Pessoais da UE.<\/li>\n<\/ul>\n<p><strong>Destinat\u00e1rios de informa\u00e7\u00f5es pessoais<\/strong><\/p>\n<p>3.1 As informa\u00e7\u00f5es sobre o seu nome, endere\u00e7o, e-mail, n\u00famero de telefone e n\u00famero de encomenda e pedidos de entrega espec\u00edficos ser\u00e3o transmitidas ao transportador respons\u00e1vel pela entrega dos bens adquiridos. Para confirma\u00e7\u00f5es de encomendas e fatura\u00e7\u00e3o, utilizamos o sistema financeiro &#8220;E-conomic&#8221;. A RotoBed\u00ae celebrou um acordo de tratamento de dados com a E-conomic e os seus dados n\u00e3o ser\u00e3o divulgados a terceiros.<\/p>\n<p><strong>Os seus direitos<\/strong><\/p>\n<p>4.1 A fim de garantir transpar\u00eancia no tratamento da sua informa\u00e7\u00e3o, cabe-nos, enquanto respons\u00e1vel pelo tratamento dos dados, inform\u00e1-lo dos seus direitos.<\/p>\n<p><span style=\"text-decoration: underline;\">Direito de esclarecimento<\/span><\/p>\n<ul>\n<li>4.2.1 Tem sempre o direito de nos solicitar esclarecimentos, nomeadamente no que respeita \u00e0s informa\u00e7\u00f5es que regist\u00e1mos sobre si, \u00e0 finalidade do registo, \u00e0s categorias de dados pessoais e aos destinat\u00e1rios das informa\u00e7\u00f5es, bem como \u00e0s fontes de onde prov\u00eam as informa\u00e7\u00f5es.<\/li>\n<li>4.2.2 Tem o direito de obter uma c\u00f3pia dos dados pessoais que detemos sobre si. Se desejar uma c\u00f3pia das suas informa\u00e7\u00f5es pessoais, pode enviar um pedido por escrito para <a href=\"mailto:info@rotobed.com\">info@rotobed.com<\/a>. Poder\u00e1 ser-lhe pedida prova de identidade.<\/li>\n<\/ul>\n<p><span style=\"text-decoration: underline;\">O direito de retifica\u00e7\u00e3o<\/span><\/p>\n<ul>\n<li>4.3.1 Tem o direito de nos solicitar a corre\u00e7\u00e3o dos seus dados pessoais que estejam incorretos. Se tomar conhecimento de que existe um erro nas informa\u00e7\u00f5es que regist\u00e1mos sobre si, dever\u00e1 contactar-nos por escrito para que as informa\u00e7\u00f5es possam ser corrigidas.<\/li>\n<\/ul>\n<p><span style=\"text-decoration: underline;\">O direito de elimina\u00e7\u00e3o<\/span><\/p>\n<ul>\n<li>4.4.1 Em determinadas circunst\u00e2ncias, tem o direito de solicitar que todos ou alguns dos seus dados pessoais sejam eliminados por n\u00f3s, nomeadamente no caso de revogar o seu consentimento e se n\u00e3o tivermos outra base legal para continuar o tratamento. N\u00e3o somos obrigados a eliminar os seus dados quando o tratamento dos dados for necess\u00e1rio, nomeadamente para garantirmos o cumprimento das nossas obriga\u00e7\u00f5es legais, ou para a instaura\u00e7\u00e3o ou instru\u00e7\u00e3o de a\u00e7\u00f5es judiciais.<\/li>\n<\/ul>\n<p><span style=\"text-decoration: underline;\">O direito de restri\u00e7\u00e3o do registo ao tratamento dos dados<\/span><\/p>\n<ul>\n<li>4.5.1 Em determinadas circunst\u00e2ncias, tem o direito de restringir o tratamento dos seus dados pessoais apenas ao registo, nomeadamente se considerar que as informa\u00e7\u00f5es que tratamos sobre si est\u00e3o incorretas.<\/li>\n<\/ul>\n<p><span style=\"text-decoration: underline;\">O direito \u00e0 portabilidade de dados<\/span><\/p>\n<ul>\n<li>4.6.1 Em determinadas circunst\u00e2ncias, tem o direito de receber os dados pessoais que nos tenha fornecido, num formato estruturado, de uso corrente e de leitura autom\u00e1tica, e tem o direito de transmitir esses dados a outro respons\u00e1vel pelo tratamento.<\/li>\n<\/ul>\n<p><span style=\"text-decoration: underline;\">O direito de oposi\u00e7\u00e3o<\/span><\/p>\n<ul>\n<li>4.7.1 Tem o direito de, a qualquer momento, se opor ao nosso tratamento dos seus dados pessoais.<\/li>\n<li>4.7.2 Tem ainda o direito de, em qualquer altura, por raz\u00f5es relacionadas com a sua situa\u00e7\u00e3o pessoal, se opor ao tratamento dos seus dados pessoais que realizamos com base nos nossos leg\u00edtimos interesses, cf. sec\u00e7\u00e3o. 2.1 e 2.3.<\/li>\n<\/ul>\n<p><span style=\"text-decoration: underline;\">O direito de revoga\u00e7\u00e3o do consentimento<\/span><\/p>\n<ul>\n<li>4.8.1 Tem o direito de, a qualquer momento, revogar o consentimento que nos deu para qualquer tratamento de dados pessoais. Se desejar retirar o seu consentimento, por favor contacte-nos para o endere\u00e7o de e-mail <a href=\"mailto:info@rotobed.com\">info@rotobed.com<\/a>.<\/li>\n<\/ul>\n<p><span style=\"text-decoration: underline;\">O direito de reclama\u00e7\u00e3o<\/span><\/p>\n<ul>\n<li>4.9.1 Tem o direito de, em qualquer altura, apresentar uma queixa \u00e0 Entidade de Inspe\u00e7\u00e3o de Dados, Borgergade 28, 5, 1300 K\u00f8benhavn K relativamente ao tratamento dos seus dados pessoais. A queixa pode ser apresentada, nomeadamente, pelo correio para <a href=\"mailto:dt@datatilsynet.dk\">dt@datatilsynet.dk<\/a> ou pelo telefone +45 33 19 32 00.<\/li>\n<\/ul>\n<p><strong>Elimina\u00e7\u00e3o de dados pessoais<\/strong><\/p>\n<p>5.1 A informa\u00e7\u00e3o recolhida sobre a sua utiliza\u00e7\u00e3o do website, cf. sec\u00e7\u00e3o. 2.1., \u00e9 eliminada ap\u00f3s dois anos sem que utilize o website, o mais tardar.<\/p>\n<p>5.2 As informa\u00e7\u00f5es recolhidas no \u00e2mbito de compras efetuadas no website, cf. sec\u00e7\u00e3o 2.2, ser\u00e3o, em regra, eliminadas tr\u00eas anos ap\u00f3s o final do ano civil em que efetuou a sua compra. Contudo, a informa\u00e7\u00e3o pode ser registada por um per\u00edodo maior de tempo, se existir uma necessidade leg\u00edtima para tal, nomeadamente, em caso de necessidade de instaura\u00e7\u00e3o ou instru\u00e7\u00e3o de a\u00e7\u00f5es judiciais, ou se o registo for necess\u00e1rio para garantirmos o cumprimento de requisitos legais. O material contabil\u00edstico \u00e9 conservado durante cinco anos, e at\u00e9 ao final do exerc\u00edcio financeiro, para cumprir os requisitos da Lei da Contabilidade.<\/p>\n<p><strong>Seguran\u00e7a<\/strong><\/p>\n<p>6.1 Tom\u00e1mos as medidas de seguran\u00e7a t\u00e9cnicas e organizacionais adequadas contra a destrui\u00e7\u00e3o acidental ou ilegal, perda, altera\u00e7\u00e3o ou deteriora\u00e7\u00e3o de dados pessoais e contra o conhecimento ou utiliza\u00e7\u00e3o indevida por parte de pessoas n\u00e3o autorizadas.<\/p>\n<p>6.2 Apenas os trabalhadores que tenham uma necessidade real de aceder aos seus dados pessoais para realizar o seu trabalho ter\u00e3o acesso aos mesmos.<\/p>\n<p><strong>Informa\u00e7\u00f5es de contacto<\/strong><\/p>\n<p>7.1 A RotoBed\u00ae ApS \u00e9 o respons\u00e1vel pelo tratamento dos dados pessoais que s\u00e3o recolhidos atrav\u00e9s do website.<\/p>\n<p>7.2 Se tiver quaisquer quest\u00f5es ou coment\u00e1rios sobre esta Pol\u00edtica de Privacidade, ou se quiser fazer uso de um ou mais dos seus direitos descritos na Sec\u00e7\u00e3o 4, dever\u00e1 contactar:<\/p>\n<p>RotoBed\u00ae Aps<br \/>\nStoregade 44<br \/>\nDK- 640 Lunderskov<\/p>\n<p>Tel. n\u00ba: + 45 7550 5025<\/p>\n<p>Email: <a href=\"mailto:info@rotobed.dk\">info@rotobed.dk<\/a><\/p>\n<p><strong>Altera\u00e7\u00f5es \u00e0 Pol\u00edtica de Privacidade<\/strong><\/p>\n<p>8.1 Se forem feitas quaisquer altera\u00e7\u00f5es \u00e0 nossa Pol\u00edtica de Privacidade, esta ser\u00e1 atualizada e poder\u00e1 sempre encontrar a vers\u00e3o mais recente no website em &#8220;Informa\u00e7\u00e3o&#8221; &#8211; &#8220;Pol\u00edtica de Privacidade&#8221;.<\/p>\n<p><strong>V<\/strong><strong>ers\u00f5es<\/strong><\/p>\n<p>Esta \u00e9 a vers\u00e3o 1.0 da Pol\u00edtica de Privacidade da RotoBed\u00ae datada de 14\/03\/2020<\/p>\n","protected":false},"excerpt":{"rendered":"<p>Pol\u00edtica de Privacidade da RotoBed\u00ae ApS &nbsp; Considera\u00e7\u00f5es gerais 1.1 Esta pol\u00edtica de tratamento de dados pessoais (&#8220;Pol\u00edtica de Privacidade&#8221;) regula o processo de recolha e tratamento das informa\u00e7\u00f5es que lhe dizem respeito por parte da RotoBed\u00ae ApS (daqui em diante RotoBed\u00ae, &#8220;n\u00f3s&#8221;, &#8220;nosso(a)\/nossos(as)&#8221;, \u201cconnosco\u201d). 1.2 A pol\u00edtica de dados pessoais aplica-se aos dados pessoais [&hellip;]<\/p>\n","protected":false},"author":1,"featured_media":0,"parent":0,"menu_order":0,"comment_status":"closed","ping_status":"closed","template":"","meta":[],"yoast_head":"<!-- This site is optimized with the Yoast SEO plugin v16.9 - https:\/\/yoast.com\/wordpress\/plugins\/seo\/ -->\n<title>Privacy Policy PT - RotoBed<\/title>\n<meta name=\"description\" content=\"Pol\u00edtica de Privacidade da RotoBed\u00ae ApS &nbsp; Considera\u00e7\u00f5es gerais 1.1 Esta pol\u00edtica de tratamento de dados pessoais (&quot;Pol\u00edtica de Privacidade&quot;) regula o\" \/>\n<meta name=\"robots\" content=\"index, follow, max-snippet:-1, max-image-preview:large, max-video-preview:-1\" \/>\n<link rel=\"canonical\" href=\"https:\/\/rotobed.com\/pt\/privacy-policy\/\" \/>\n<meta property=\"og:locale\" content=\"en_US\" \/>\n<meta property=\"og:type\" content=\"article\" \/>\n<meta property=\"og:title\" content=\"Privacy Policy PT - RotoBed\" \/>\n<meta property=\"og:description\" content=\"Pol\u00edtica de Privacidade da RotoBed\u00ae ApS &nbsp; Considera\u00e7\u00f5es gerais 1.1 Esta pol\u00edtica de tratamento de dados pessoais (&quot;Pol\u00edtica de Privacidade&quot;) regula o\" \/>\n<meta property=\"og:url\" content=\"https:\/\/rotobed.com\/pt\/privacy-policy\/\" \/>\n<meta property=\"og:site_name\" content=\"RotoBed\" \/>\n<meta property=\"article:modified_time\" content=\"2022-01-03T09:31:38+00:00\" \/>\n<meta name=\"twitter:card\" content=\"summary\" \/>\n<meta name=\"twitter:label1\" content=\"Est. reading time\" \/>\n\t<meta name=\"twitter:data1\" content=\"6 minutes\" \/>\n<script type=\"application\/ld+json\" class=\"yoast-schema-graph\">{\"@context\":\"https:\/\/schema.org\",\"@graph\":[{\"@type\":\"WebSite\",\"@id\":\"https:\/\/rotobed.com\/pt\/#website\",\"url\":\"https:\/\/rotobed.com\/pt\/\",\"name\":\"RotoBed\",\"description\":\"\",\"potentialAction\":[{\"@type\":\"SearchAction\",\"target\":{\"@type\":\"EntryPoint\",\"urlTemplate\":\"https:\/\/rotobed.com\/pt\/?s={search_term_string}\"},\"query-input\":\"required name=search_term_string\"}],\"inLanguage\":\"en-US\"},{\"@type\":\"WebPage\",\"@id\":\"https:\/\/rotobed.com\/pt\/privacy-policy\/#webpage\",\"url\":\"https:\/\/rotobed.com\/pt\/privacy-policy\/\",\"name\":\"Privacy Policy PT - RotoBed\",\"isPartOf\":{\"@id\":\"https:\/\/rotobed.com\/pt\/#website\"},\"datePublished\":\"2020-04-01T19:08:33+00:00\",\"dateModified\":\"2022-01-03T09:31:38+00:00\",\"description\":\"Pol\\u00edtica de Privacidade da RotoBed\\u00ae ApS &nbsp; Considera\\u00e7\\u00f5es gerais 1.1 Esta pol\\u00edtica de tratamento de dados pessoais (\\\"Pol\\u00edtica de Privacidade\\\") regula o\",\"breadcrumb\":{\"@id\":\"https:\/\/rotobed.com\/pt\/privacy-policy\/#breadcrumb\"},\"inLanguage\":\"en-US\",\"potentialAction\":[{\"@type\":\"ReadAction\",\"target\":[\"https:\/\/rotobed.com\/pt\/privacy-policy\/\"]}]},{\"@type\":\"BreadcrumbList\",\"@id\":\"https:\/\/rotobed.com\/pt\/privacy-policy\/#breadcrumb\",\"itemListElement\":[{\"@type\":\"ListItem\",\"position\":1,\"name\":\"Hjem\",\"item\":\"https:\/\/rotobed.com\/pt\/\"},{\"@type\":\"ListItem\",\"position\":2,\"name\":\"Privacy Policy PT\"}]}]}<\/script>\n<!-- \/ Yoast SEO plugin. -->","yoast_head_json":{"title":"Privacy Policy PT - RotoBed","description":"Pol\u00edtica de Privacidade da RotoBed\u00ae ApS &nbsp; Considera\u00e7\u00f5es gerais 1.1 Esta pol\u00edtica de tratamento de dados pessoais (\"Pol\u00edtica de Privacidade\") regula o","robots":{"index":"index","follow":"follow","max-snippet":"max-snippet:-1","max-image-preview":"max-image-preview:large","max-video-preview":"max-video-preview:-1"},"canonical":"https:\/\/rotobed.com\/pt\/privacy-policy\/","og_locale":"en_US","og_type":"article","og_title":"Privacy Policy PT - RotoBed","og_description":"Pol\u00edtica de Privacidade da RotoBed\u00ae ApS &nbsp; Considera\u00e7\u00f5es gerais 1.1 Esta pol\u00edtica de tratamento de dados pessoais (\"Pol\u00edtica de Privacidade\") regula o","og_url":"https:\/\/rotobed.com\/pt\/privacy-policy\/","og_site_name":"RotoBed","article_modified_time":"2022-01-03T09:31:38+00:00","twitter_card":"summary","twitter_misc":{"Est. reading time":"6 minutes"},"schema":{"@context":"https:\/\/schema.org","@graph":[{"@type":"WebSite","@id":"https:\/\/rotobed.com\/pt\/#website","url":"https:\/\/rotobed.com\/pt\/","name":"RotoBed","description":"","potentialAction":[{"@type":"SearchAction","target":{"@type":"EntryPoint","urlTemplate":"https:\/\/rotobed.com\/pt\/?s={search_term_string}"},"query-input":"required name=search_term_string"}],"inLanguage":"en-US"},{"@type":"WebPage","@id":"https:\/\/rotobed.com\/pt\/privacy-policy\/#webpage","url":"https:\/\/rotobed.com\/pt\/privacy-policy\/","name":"Privacy Policy PT - RotoBed","isPartOf":{"@id":"https:\/\/rotobed.com\/pt\/#website"},"datePublished":"2020-04-01T19:08:33+00:00","dateModified":"2022-01-03T09:31:38+00:00","description":"Pol\u00edtica de Privacidade da RotoBed\u00ae ApS &nbsp; Considera\u00e7\u00f5es gerais 1.1 Esta pol\u00edtica de tratamento de dados pessoais (\"Pol\u00edtica de Privacidade\") regula o","breadcrumb":{"@id":"https:\/\/rotobed.com\/pt\/privacy-policy\/#breadcrumb"},"inLanguage":"en-US","potentialAction":[{"@type":"ReadAction","target":["https:\/\/rotobed.com\/pt\/privacy-policy\/"]}]},{"@type":"BreadcrumbList","@id":"https:\/\/rotobed.com\/pt\/privacy-policy\/#breadcrumb","itemListElement":[{"@type":"ListItem","position":1,"name":"Hjem","item":"https:\/\/rotobed.com\/pt\/"},{"@type":"ListItem","position":2,"name":"Privacy Policy PT"}]}]}},"_links":{"self":[{"href":"https:\/\/rotobed.com\/pt\/wp-json\/wp\/v2\/pages\/6431"}],"collection":[{"href":"https:\/\/rotobed.com\/pt\/wp-json\/wp\/v2\/pages"}],"about":[{"href":"https:\/\/rotobed.com\/pt\/wp-json\/wp\/v2\/types\/page"}],"author":[{"embeddable":true,"href":"https:\/\/rotobed.com\/pt\/wp-json\/wp\/v2\/users\/1"}],"replies":[{"embeddable":true,"href":"https:\/\/rotobed.com\/pt\/wp-json\/wp\/v2\/comments?post=6431"}],"version-history":[{"count":12,"href":"https:\/\/rotobed.com\/pt\/wp-json\/wp\/v2\/pages\/6431\/revisions"}],"predecessor-version":[{"id":8174,"href":"https:\/\/rotobed.com\/pt\/wp-json\/wp\/v2\/pages\/6431\/revisions\/8174"}],"wp:attachment":[{"href":"https:\/\/rotobed.com\/pt\/wp-json\/wp\/v2\/media?parent=6431"}],"curies":[{"name":"wp","href":"https:\/\/api.w.org\/{rel}","templated":true}]}}