{"id":6525,"date":"2020-04-03T09:55:55","date_gmt":"2020-04-03T09:55:55","guid":{"rendered":"https:\/\/rotobed.com\/pt\/?page_id=6525"},"modified":"2021-12-30T13:22:45","modified_gmt":"2021-12-30T13:22:45","slug":"terms-of-trade","status":"publish","type":"page","link":"https:\/\/rotobed.com\/pt\/terms-of-trade\/","title":{"rendered":"Terms of trade PT"},"content":{"rendered":"<div style='height:50px' class='hr hr-invisible  '><span class='hr-inner ' ><span class='hr-inner-style'><\/span><\/span><\/div>\n<section class=\"av_textblock_section \"  itemscope=\"itemscope\" itemtype=\"https:\/\/schema.org\/CreativeWork\" ><div class='avia_textblock  '   itemprop=\"text\" ><h1 style=\"text-align: center;\">RotoBed\u00ae ApS<\/h1>\n<h1 style=\"text-align: center;\">Termos e condi\u00e7\u00f5es gerais<\/h1>\n<hr \/>\n<h2><strong>I<\/strong><strong>nforma\u00e7\u00f5es gerais<\/strong><\/h2>\n<p>RotoBed\u00ae ApS<br \/>\nStoregade 44<br \/>\nDK-6640 Lunderskov<\/p>\n<p>NIPC: 25589580<\/p>\n<p>Telefone: +45 7550 5025<\/p>\n<p>E-mail: <a href=\"mailto:info@rotobed.com\">info@rotobed.com<\/a><\/p>\n<hr \/>\n<p><strong>Celebra\u00e7\u00e3o de acordos\u00a0 \u00a0 \u00a0 \u00a0 \u00a0 \u00a0 \u00a0 \u00a0 \u00a0 \u00a0 \u00a0 \u00a0 \u00a0 \u00a0 \u00a0 \u00a0 \u00a0 \u00a0 \u00a0 \u00a0 \u00a0 \u00a0 \u00a0 \u00a0 \u00a0 \u00a0 \u00a0 \u00a0 \u00a0 \u00a0 \u00a0 \u00a0 \u00a0\u00a0<\/strong><\/p>\n<p>A RotoBed\u00ae vende e entrega produtos em conformidade com os termos e condi\u00e7\u00f5es estipulados num contrato assinado ou sob a forma de outro acordo escrito ou oral. Salvo disposi\u00e7\u00e3o em contr\u00e1rio no contrato ou acordo, todo o processo tem lugar em conformidade com os Termos e Condi\u00e7\u00f5es Gerais dos acordos.<\/p>\n<hr \/>\n<p><strong>Responsabilidade <\/strong><\/p>\n<p>A RotoBed\u00ae envidar\u00e1 os seus melhores esfor\u00e7os para servir todos os clientes sem falhas e com qualidade. A RotoBed\u00ae corrigir\u00e1 quaisquer erros na encomenda\/fatura\u00e7\u00e3o\/entrega, de acordo com a garantia e desde que o cliente notifique a RotoBed\u00ae do erro dentro de um prazo razo\u00e1vel. Em caso de utiliza\u00e7\u00e3o indevida\/viola\u00e7\u00e3o dos termos da garantia, a RotoBed\u00ae n\u00e3o assume qualquer responsabilidade financeira adicional por danos diretos ou indiretos resultantes da utiliza\u00e7\u00e3o dos produtos RotoBed\u00ae.<\/p>\n<hr \/>\n<p><strong>Pre\u00e7os<\/strong><\/p>\n<p>A RotoBed\u00ae reserva-se o direito de corrigir quaisquer erros nos nossos pre\u00e7os cotados. Al\u00e9m disso, reservamo-nos o direito de alterar os pre\u00e7os indicados sem consentimento pr\u00e9vio. A RotoBed\u00ae reserva-se o direito de indicar que um artigo est\u00e1 esgotado.<\/p>\n<hr \/>\n<p><strong>Pagamento<\/strong><\/p>\n<p>A RotoBed\u00ae aceita pagamentos por VISA, Mastercard, Maestro, Verificado por Visa, Mastercard Securecode, Yourpay e transfer\u00eancia banc\u00e1ria. Ao pagar com cart\u00e3o de cr\u00e9dito, garante a totalidade da sua compra e garante os custos de entrega quando efetua uma encomenda. O montante s\u00f3 ser\u00e1 deduzido da sua conta quando o produto sair do nosso armaz\u00e9m e for enviado. Quando fizer a sua encomenda, receber\u00e1 um e-mail de confirma\u00e7\u00e3o da encomenda. Receber\u00e1 tamb\u00e9m um e-mail quando o artigo ou artigos sa\u00edrem do nosso armaz\u00e9m e forem enviados.<\/p>\n<hr \/>\n<p><strong>Entrega e expedi\u00e7\u00e3o<\/strong><\/p>\n<p>A RotoBed\u00ae entrega em conformidade com FOB Copenhaga, Incoterms\u00ae 2020.\u00a0 A RotoBed\u00ae tem os seguintes prazos de entrega e tarifas de envio:<\/p>\n<p><u>Fora da UE<\/u>:<\/p>\n<p>Transporte mar\u00edtimo: Prazo de entrega: 4-5 semanas. Pre\u00e7o de envio 550 USD\/500 euros.<\/p>\n<p>Transporte a\u00e9reo: Prazo de entrega 1 semana. Pre\u00e7o de envio 1.350 USD \/ 1.225 euros.<\/p>\n<p>DPU (Entregue no Local de Descarga): Para entregas internacionais no estrangeiro, as mercadorias s\u00e3o enviadas para o terminal no porto\/aeroporto de embarque mais pr\u00f3ximo da sua morada, ap\u00f3s o que cliente assume a responsabilidade pelo produto.<\/p>\n<p><u>Dentro da UE:<\/u><\/p>\n<p>Transporte rodovi\u00e1rio: Prazo de entrega: 2 semanas. Pre\u00e7o: a partir de 190 euros.<\/p>\n<p>No caso de transporte n\u00e3o combinado, o custo deve ser calculado a pedido.<\/p>\n<p>DAP (Entregue no local): Dentro da UE, a RotoBed\u00ae entrega a encomenda na sua morada.<\/p>\n<p><em>Aplicam-se reservas face a eventos imprevistos que possam afetar as taxas de envio e os prazos de entrega. A RotoBed\u00ae reserva-se o direito de alterar as taxas de envio no futuro.<\/em><\/p>\n<hr \/>\n<p><strong>Garantia<\/strong><\/p>\n<p>A RotoBed\u00ae oferece uma garantia de 3 anos, desde que sejam seguidas as instru\u00e7\u00f5es do manual do utilizador. Toda a eletr\u00f3nica da LINAK (telecomando, caixa de controlo e motores) est\u00e1 coberta por uma garantia de 5 anos. Assim, dentro dos per\u00edodos de garantia, as pe\u00e7as sobressalentes s\u00e3o entregues gratuitamente. Ao mesmo tempo, a RotoBed\u00ae d\u00e1 a garantia de entrega de pe\u00e7as de substitui\u00e7\u00e3o durante pelo menos 10 anos a partir da data de compra. Os manuais da RotoBed\u00ae cont\u00eam descri\u00e7\u00f5es precisas das garantias e das condi\u00e7\u00f5es para manter a garantia. Em caso de viola\u00e7\u00e3o destas condi\u00e7\u00f5es, a garantia caduca. Os manuais da RotoBed\u00ae incluem uma sec\u00e7\u00e3o de resolu\u00e7\u00e3o de problemas. Depois de ter identificado o problema, pode preencher um <a href=\"https:\/\/rotobed.com\/pt\/wp-content\/uploads\/2021\/06\/PT-RotoBed-Claim-Report.pdf\">Relat\u00f3rio de reclama\u00e7\u00e3o<\/a> e envi\u00e1-lo para a RotoBed\u00ae em <a href=\"mailto:warranty@rotobed.com\">warranty@rotobed.com<\/a>. A RotoBed\u00ae fornecer\u00e1 uma pe\u00e7a de substitui\u00e7\u00e3o bem como as instru\u00e7\u00f5es sobre como substitu\u00ed-la.<\/p>\n<hr \/>\n<p><strong>Direito de desist\u00eancia esist\u00eancia\u00a0 <\/strong><\/p>\n<p>Se deseja cancelar a compra feita \u00e0 RotoBed\u00ae, deve preencher um formul\u00e1rio de desist\u00eancia e envi\u00e1-lo para <a href=\"mailto:info@rotobed.com\">info@rotobed.com<\/a> no prazo de 14 dias ap\u00f3s a rece\u00e7\u00e3o da encomenda. O direito de desist\u00eancia s\u00f3 se aplica se o(s) artigo(s) n\u00e3o estiver(em) danificado(s) e n\u00e3o tiver(em) sido utilizado(s). O(s) artigo(s) deve(m) ser devolvido(s) na embalagem original. A encomenda deve ser devolvida sem demoras indevidas e o mais tardar 14 dias ap\u00f3s ter exercido o seu direito de desist\u00eancia. O comprador \u00e9 respons\u00e1vel por assegurar que o(s) artigo(s) est\u00e1(\u00e3o) devidamente embalado(s). O transporte da devolu\u00e7\u00e3o \u00e9 pago pelo comprador. Deve anexar uma c\u00f3pia da confirma\u00e7\u00e3o da encomenda. Os riscos referentes \u00e0 mercadoria s\u00e3o da sua responsabilidade desde o momento da entrega da mercadoria at\u00e9 termos recebido a devolu\u00e7\u00e3o. O pre\u00e7o de compra \u00e9 reembolsado quando a RotoBed\u00ae tiver recebido e aprovado o estado do(s) produto(s) devolvido(s).<\/p>\n<p>O endere\u00e7o para devolu\u00e7\u00e3o \u00e9 o seguinte:<\/p>\n<p>RotoBed\u00ae ApS<br \/>\nStoregade 44<br \/>\nDK-6640 Lunderskov<\/p>\n<p><u>Bens n\u00e3o cobertos pelo direito de desist\u00eancia:<\/u><\/p>\n<p>Cama rotativa RotoBed\u00ae, que, devido \u00e0 escolha de uma cor de tecido diferente da cor padr\u00e3o, tenha um toque pessoal distinto.<\/p>\n<p><u>Reembolso:<\/u><\/p>\n<p>Se fez o pagamento por transfer\u00eancia banc\u00e1ria, forne\u00e7a, por favor, os dados banc\u00e1rios, indicando o IBAN e o SWIFT, para que o montante possa ser transferido. Esta informa\u00e7\u00e3o pode ser divulgada sem risco por correio ou outro formul\u00e1rio eletr\u00f3nico, uma vez que n\u00e3o \u00e9 informa\u00e7\u00e3o sens\u00edvel e s\u00f3 ser\u00e1 utilizada para o nosso reembolso. Se tiver pago com cart\u00e3o de cr\u00e9dito, o montante ser\u00e1 devolvido para o mesmo cart\u00e3o de cr\u00e9dito.<\/p>\n<hr \/>\n<p><strong>Registo de informa\u00e7\u00e3o do cliente<\/strong><\/p>\n<p>A RotoBed\u00ae recolhe e regista dados pessoais com v\u00e1rias finalidades, nomeadamente para fins de fatura\u00e7\u00e3o. Pode ler mais sobre o tratamento e registo de dados na nossa <a href=\"https:\/\/rotobed.com\/pt\/privacy-policy\/\">pol\u00edtica de privacidade.<\/a><\/p>\n<hr \/>\n<p><strong>Vers\u00e3o 1.0 atualizada 14.03.2020<\/strong><\/p>\n<\/div><\/section>\n","protected":false},"excerpt":{"rendered":"","protected":false},"author":2,"featured_media":0,"parent":0,"menu_order":0,"comment_status":"closed","ping_status":"closed","template":"","meta":[],"yoast_head":"<!-- This site is optimized with the Yoast SEO plugin v16.9 - https:\/\/yoast.com\/wordpress\/plugins\/seo\/ -->\n<title>Terms of trade PT - RotoBed<\/title>\n<meta name=\"robots\" content=\"index, follow, max-snippet:-1, max-image-preview:large, max-video-preview:-1\" \/>\n<link rel=\"canonical\" href=\"https:\/\/rotobed.com\/pt\/terms-of-trade\/\" \/>\n<meta property=\"og:locale\" content=\"en_US\" \/>\n<meta property=\"og:type\" content=\"article\" \/>\n<meta property=\"og:title\" content=\"Terms of trade PT - RotoBed\" \/>\n<meta property=\"og:url\" content=\"https:\/\/rotobed.com\/pt\/terms-of-trade\/\" \/>\n<meta property=\"og:site_name\" content=\"RotoBed\" \/>\n<meta property=\"article:modified_time\" content=\"2021-12-30T13:22:45+00:00\" \/>\n<meta name=\"twitter:card\" content=\"summary\" \/>\n<meta name=\"twitter:label1\" content=\"Est. reading time\" \/>\n\t<meta name=\"twitter:data1\" content=\"5 minutes\" \/>\n<script type=\"application\/ld+json\" class=\"yoast-schema-graph\">{\"@context\":\"https:\/\/schema.org\",\"@graph\":[{\"@type\":\"WebSite\",\"@id\":\"https:\/\/rotobed.com\/pt\/#website\",\"url\":\"https:\/\/rotobed.com\/pt\/\",\"name\":\"RotoBed\",\"description\":\"\",\"potentialAction\":[{\"@type\":\"SearchAction\",\"target\":{\"@type\":\"EntryPoint\",\"urlTemplate\":\"https:\/\/rotobed.com\/pt\/?s={search_term_string}\"},\"query-input\":\"required name=search_term_string\"}],\"inLanguage\":\"en-US\"},{\"@type\":\"WebPage\",\"@id\":\"https:\/\/rotobed.com\/pt\/terms-of-trade\/#webpage\",\"url\":\"https:\/\/rotobed.com\/pt\/terms-of-trade\/\",\"name\":\"Terms of trade PT - RotoBed\",\"isPartOf\":{\"@id\":\"https:\/\/rotobed.com\/pt\/#website\"},\"datePublished\":\"2020-04-03T09:55:55+00:00\",\"dateModified\":\"2021-12-30T13:22:45+00:00\",\"breadcrumb\":{\"@id\":\"https:\/\/rotobed.com\/pt\/terms-of-trade\/#breadcrumb\"},\"inLanguage\":\"en-US\",\"potentialAction\":[{\"@type\":\"ReadAction\",\"target\":[\"https:\/\/rotobed.com\/pt\/terms-of-trade\/\"]}]},{\"@type\":\"BreadcrumbList\",\"@id\":\"https:\/\/rotobed.com\/pt\/terms-of-trade\/#breadcrumb\",\"itemListElement\":[{\"@type\":\"ListItem\",\"position\":1,\"name\":\"Hjem\",\"item\":\"https:\/\/rotobed.com\/pt\/\"},{\"@type\":\"ListItem\",\"position\":2,\"name\":\"Terms of trade PT\"}]}]}<\/script>\n<!-- \/ Yoast SEO plugin. -->","yoast_head_json":{"title":"Terms of trade PT - RotoBed","robots":{"index":"index","follow":"follow","max-snippet":"max-snippet:-1","max-image-preview":"max-image-preview:large","max-video-preview":"max-video-preview:-1"},"canonical":"https:\/\/rotobed.com\/pt\/terms-of-trade\/","og_locale":"en_US","og_type":"article","og_title":"Terms of trade PT - RotoBed","og_url":"https:\/\/rotobed.com\/pt\/terms-of-trade\/","og_site_name":"RotoBed","article_modified_time":"2021-12-30T13:22:45+00:00","twitter_card":"summary","twitter_misc":{"Est. reading time":"5 minutes"},"schema":{"@context":"https:\/\/schema.org","@graph":[{"@type":"WebSite","@id":"https:\/\/rotobed.com\/pt\/#website","url":"https:\/\/rotobed.com\/pt\/","name":"RotoBed","description":"","potentialAction":[{"@type":"SearchAction","target":{"@type":"EntryPoint","urlTemplate":"https:\/\/rotobed.com\/pt\/?s={search_term_string}"},"query-input":"required name=search_term_string"}],"inLanguage":"en-US"},{"@type":"WebPage","@id":"https:\/\/rotobed.com\/pt\/terms-of-trade\/#webpage","url":"https:\/\/rotobed.com\/pt\/terms-of-trade\/","name":"Terms of trade PT - RotoBed","isPartOf":{"@id":"https:\/\/rotobed.com\/pt\/#website"},"datePublished":"2020-04-03T09:55:55+00:00","dateModified":"2021-12-30T13:22:45+00:00","breadcrumb":{"@id":"https:\/\/rotobed.com\/pt\/terms-of-trade\/#breadcrumb"},"inLanguage":"en-US","potentialAction":[{"@type":"ReadAction","target":["https:\/\/rotobed.com\/pt\/terms-of-trade\/"]}]},{"@type":"BreadcrumbList","@id":"https:\/\/rotobed.com\/pt\/terms-of-trade\/#breadcrumb","itemListElement":[{"@type":"ListItem","position":1,"name":"Hjem","item":"https:\/\/rotobed.com\/pt\/"},{"@type":"ListItem","position":2,"name":"Terms of trade PT"}]}]}},"_links":{"self":[{"href":"https:\/\/rotobed.com\/pt\/wp-json\/wp\/v2\/pages\/6525"}],"collection":[{"href":"https:\/\/rotobed.com\/pt\/wp-json\/wp\/v2\/pages"}],"about":[{"href":"https:\/\/rotobed.com\/pt\/wp-json\/wp\/v2\/types\/page"}],"author":[{"embeddable":true,"href":"https:\/\/rotobed.com\/pt\/wp-json\/wp\/v2\/users\/2"}],"replies":[{"embeddable":true,"href":"https:\/\/rotobed.com\/pt\/wp-json\/wp\/v2\/comments?post=6525"}],"version-history":[{"count":10,"href":"https:\/\/rotobed.com\/pt\/wp-json\/wp\/v2\/pages\/6525\/revisions"}],"predecessor-version":[{"id":8172,"href":"https:\/\/rotobed.com\/pt\/wp-json\/wp\/v2\/pages\/6525\/revisions\/8172"}],"wp:attachment":[{"href":"https:\/\/rotobed.com\/pt\/wp-json\/wp\/v2\/media?parent=6525"}],"curies":[{"name":"wp","href":"https:\/\/api.w.org\/{rel}","templated":true}]}}