{"id":6562,"date":"2020-04-03T11:41:46","date_gmt":"2020-04-03T11:41:46","guid":{"rendered":"https:\/\/rotobed.com\/pt\/?page_id=6562"},"modified":"2021-12-30T12:15:41","modified_gmt":"2021-12-30T12:15:41","slug":"por-que-rotobed","status":"publish","type":"page","link":"https:\/\/rotobed.com\/pt\/por-que-rotobed\/","title":{"rendered":"why rotobed &#8211; PT"},"content":{"rendered":"<div style='height:40px' class='hr hr-invisible  '><span class='hr-inner ' ><span class='hr-inner-style'><\/span><\/span><\/div>\n<\/div><\/div><\/div><!-- close content main div --><\/div><\/div><div id='av-layout-grid-1' class='av-layout-grid-container entry-content-wrapper main_color av-flex-cells   av-border-cells container_wrap fullsize'   >\n<div class=\"flex_cell no_margin av_one_third   \" style='vertical-align:top; padding:30px; '><div class='flex_cell_inner' ><section class=\"av_textblock_section \"  itemscope=\"itemscope\" itemtype=\"https:\/\/schema.org\/CreativeWork\" ><div class='avia_textblock  '   itemprop=\"text\" ><p style=\"text-align: center;\"><strong>Sobre RotoBed\u00ae<\/strong><\/p>\n<\/div><\/section><br \/>\n<div class='avia-image-container  av-styling-    avia-align-center '  itemprop=\"ImageObject\" itemscope=\"itemscope\" itemtype=\"https:\/\/schema.org\/ImageObject\"  ><div class='avia-image-container-inner'><img class='avia_image ' src='https:\/\/rotobed.com\/pt\/wp-content\/uploads\/2020\/01\/A3-81052-Milj\u00f8-495x400.jpg' alt='rotating bed rotobed care' title='RotoBed\u00aeHome stripes'   itemprop=\"thumbnailUrl\"  \/><\/div><\/div><br \/>\n<section class=\"av_textblock_section \"  itemscope=\"itemscope\" itemtype=\"https:\/\/schema.org\/CreativeWork\" ><div class='avia_textblock  '   itemprop=\"text\" ><p>A RotoBed\u00ae \u00e9 uma empresa dinamarquesa que fornece as camas rotativas exclusivas RotoBed\u00aeChange, RotoBed\u00aeFree e RotoBed\u00aeHome para grande parte do mundo.<\/p>\n<p>As nossas camas rotativas s\u00e3o o resultado pr\u00e1tico de estudos exaustivos e inova\u00e7\u00e3o \u2013 e gra\u00e7as ao trabalho em estreita colabora\u00e7\u00e3o com pessoas individuais, cuidadores, fam\u00edlias, institui\u00e7\u00f5es e munic\u00edpios, podemos apresentar, para cada caso individual, uma solu\u00e7\u00e3o personalizada que d\u00e1 resposta \u00e0s necessidades do utilizador e aumenta a sua flexibilidade e liberdade.<\/p>\n<p>A nossa empresa baseia-se em elevada qualidade e assist\u00eancia \u2013 e na individualidade. Respeitamos as necessidades pessoais e procuramos que os nossos clientes se sintam mais autoconfiantes \u2013 facilitando simultaneamente o trabalho de apoio das fam\u00edlias, cuidadores e centros de enfermagem.<\/p>\n<\/div><\/section><\/p>\n<\/div><\/div><div class=\"flex_cell no_margin av_one_third   \" style='vertical-align:top; padding:30px; '><div class='flex_cell_inner' ><section class=\"av_textblock_section \"  itemscope=\"itemscope\" itemtype=\"https:\/\/schema.org\/CreativeWork\" ><div class='avia_textblock  '   itemprop=\"text\" ><p style=\"text-align: center;\"><strong>Design de cura<\/strong><\/p>\n<\/div><\/section><br \/>\n<div class='avia-image-container  av-styling-    avia-align-center '  itemprop=\"ImageObject\" itemscope=\"itemscope\" itemtype=\"https:\/\/schema.org\/ImageObject\"  ><div class='avia-image-container-inner'><img class='avia_image ' src='https:\/\/rotobed.com\/pt\/wp-content\/uploads\/2017\/11\/rotobet_background-495x400.jpg' alt='rotobed design hans sandgren jakobsen' title='Hans Sandgren Jakobsen'   itemprop=\"thumbnailUrl\"  \/><\/div><\/div><br \/>\n<section class=\"av_textblock_section \"  itemscope=\"itemscope\" itemtype=\"https:\/\/schema.org\/CreativeWork\" ><div class='avia_textblock  '   itemprop=\"text\" ><p>Diversos estudos cient\u00edficos mostram que o bem-estar f\u00edsico e mental das pessoas \u00e9 altamente influenciado pelo ambiente que as rodeia.<\/p>\n<p>Na RotoBed\u00ae acreditamos que um bom design tamb\u00e9m contribui para otimizar a qualidade de vida \u2013 e que os equipamentos hospitalares em a\u00e7o podem fazer o oposto.<\/p>\n<p>Da\u00ed termos estabelecido uma parceria com o premiado designer de mobili\u00e1rio dinamarqu\u00eas Hans Sandgren Jakobsen, que criou a apar\u00eancia harmoniosa das RotoBed\u00ae.<\/p>\n<p>Hans Sandgren Jakobsen \u00e9 um mestre do pormenor e criou o look exclusivo da RotoBed\u00ae, desde os acess\u00f3rios arredondados at\u00e9 \u00e0 mesa de cabeceira especialmente desenhada.<\/p>\n<\/div><\/section><\/p>\n<\/div><\/div><div class=\"flex_cell no_margin av_one_third   \" style='vertical-align:top; padding:30px; '><div class='flex_cell_inner' ><section class=\"av_textblock_section \"  itemscope=\"itemscope\" itemtype=\"https:\/\/schema.org\/CreativeWork\" ><div class='avia_textblock  '   itemprop=\"text\" ><p style=\"text-align: center;\"><strong>Valores<\/strong><\/p>\n<\/div><\/section><br \/>\n<div class='avia-image-container  av-styling-    avia-align-center '  itemprop=\"ImageObject\" itemscope=\"itemscope\" itemtype=\"https:\/\/schema.org\/ImageObject\"  ><div class='avia-image-container-inner'><img class='avia_image ' src='https:\/\/rotobed.com\/pt\/wp-content\/uploads\/2020\/04\/Hvidkilde-svane-495x400.jpg' alt='rotobed rotating care bed values' title='RotoBed\u00ae Park'   itemprop=\"thumbnailUrl\"  \/><\/div><\/div><br \/>\n<section class=\"av_textblock_section \"  itemscope=\"itemscope\" itemtype=\"https:\/\/schema.org\/CreativeWork\" ><div class='avia_textblock  '   itemprop=\"text\" ><p>Na RotoBed\u00ae o respeito \u00e9 um valor fundamental.<\/p>\n<p>Desde a nossa funda\u00e7\u00e3o h\u00e1 duas d\u00e9cadas que o foco da empresa tem sido o aumento da qualidade de vida de doentes e cidad\u00e3os com capacidades limitadas. Respeitando sempre as necessidades \u2013 e os direitos \u2013 de cada indiv\u00edduo de viver a vida com o m\u00e1ximo de qualidade, liberdade e dignidade.<\/p>\n<p>Respeitamos outras culturas e temos o maior prazer em ajudar e trabalhar com pessoas de todos os cantos do mundo. Do Canad\u00e1 \u00e0 China, da Su\u00e9cia ao Kuwait.<\/p>\n<p>Respeitamos a natureza e reconhecemos a nossa responsabilidade em envidar todos os esfor\u00e7os no sentido de diminuir ao m\u00e1ximo a nossa pegada ecol\u00f3gica. Estamos constantemente \u00e0 procura de mais solu\u00e7\u00f5es amigas do ambiente a n\u00edvel de t\u00eaxteis, embalagens, produ\u00e7\u00e3o e muito mais.<\/p>\n<\/div><\/section><\/p>\n<\/div><\/div><\/div>\n","protected":false},"excerpt":{"rendered":"","protected":false},"author":2,"featured_media":0,"parent":0,"menu_order":0,"comment_status":"closed","ping_status":"closed","template":"","meta":[],"yoast_head":"<!-- This site is optimized with the Yoast SEO plugin v16.9 - https:\/\/yoast.com\/wordpress\/plugins\/seo\/ -->\n<title>why rotobed - PT - RotoBed<\/title>\n<meta name=\"robots\" content=\"index, follow, max-snippet:-1, max-image-preview:large, max-video-preview:-1\" \/>\n<link rel=\"canonical\" href=\"https:\/\/rotobed.com\/pt\/por-que-rotobed\/\" \/>\n<meta property=\"og:locale\" content=\"en_US\" \/>\n<meta property=\"og:type\" content=\"article\" \/>\n<meta property=\"og:title\" content=\"why rotobed - PT - RotoBed\" \/>\n<meta property=\"og:url\" content=\"https:\/\/rotobed.com\/pt\/por-que-rotobed\/\" \/>\n<meta property=\"og:site_name\" content=\"RotoBed\" \/>\n<meta property=\"article:modified_time\" content=\"2021-12-30T12:15:41+00:00\" \/>\n<meta name=\"twitter:card\" content=\"summary\" \/>\n<meta name=\"twitter:label1\" content=\"Est. reading time\" \/>\n\t<meta name=\"twitter:data1\" content=\"4 minutes\" \/>\n<script type=\"application\/ld+json\" class=\"yoast-schema-graph\">{\"@context\":\"https:\/\/schema.org\",\"@graph\":[{\"@type\":\"WebSite\",\"@id\":\"https:\/\/rotobed.com\/pt\/#website\",\"url\":\"https:\/\/rotobed.com\/pt\/\",\"name\":\"RotoBed\",\"description\":\"\",\"potentialAction\":[{\"@type\":\"SearchAction\",\"target\":{\"@type\":\"EntryPoint\",\"urlTemplate\":\"https:\/\/rotobed.com\/pt\/?s={search_term_string}\"},\"query-input\":\"required name=search_term_string\"}],\"inLanguage\":\"en-US\"},{\"@type\":\"WebPage\",\"@id\":\"https:\/\/rotobed.com\/pt\/por-que-rotobed\/#webpage\",\"url\":\"https:\/\/rotobed.com\/pt\/por-que-rotobed\/\",\"name\":\"why rotobed - PT - RotoBed\",\"isPartOf\":{\"@id\":\"https:\/\/rotobed.com\/pt\/#website\"},\"datePublished\":\"2020-04-03T11:41:46+00:00\",\"dateModified\":\"2021-12-30T12:15:41+00:00\",\"breadcrumb\":{\"@id\":\"https:\/\/rotobed.com\/pt\/por-que-rotobed\/#breadcrumb\"},\"inLanguage\":\"en-US\",\"potentialAction\":[{\"@type\":\"ReadAction\",\"target\":[\"https:\/\/rotobed.com\/pt\/por-que-rotobed\/\"]}]},{\"@type\":\"BreadcrumbList\",\"@id\":\"https:\/\/rotobed.com\/pt\/por-que-rotobed\/#breadcrumb\",\"itemListElement\":[{\"@type\":\"ListItem\",\"position\":1,\"name\":\"Hjem\",\"item\":\"https:\/\/rotobed.com\/pt\/\"},{\"@type\":\"ListItem\",\"position\":2,\"name\":\"why rotobed &#8211; PT\"}]}]}<\/script>\n<!-- \/ Yoast SEO plugin. -->","yoast_head_json":{"title":"why rotobed - PT - RotoBed","robots":{"index":"index","follow":"follow","max-snippet":"max-snippet:-1","max-image-preview":"max-image-preview:large","max-video-preview":"max-video-preview:-1"},"canonical":"https:\/\/rotobed.com\/pt\/por-que-rotobed\/","og_locale":"en_US","og_type":"article","og_title":"why rotobed - PT - RotoBed","og_url":"https:\/\/rotobed.com\/pt\/por-que-rotobed\/","og_site_name":"RotoBed","article_modified_time":"2021-12-30T12:15:41+00:00","twitter_card":"summary","twitter_misc":{"Est. reading time":"4 minutes"},"schema":{"@context":"https:\/\/schema.org","@graph":[{"@type":"WebSite","@id":"https:\/\/rotobed.com\/pt\/#website","url":"https:\/\/rotobed.com\/pt\/","name":"RotoBed","description":"","potentialAction":[{"@type":"SearchAction","target":{"@type":"EntryPoint","urlTemplate":"https:\/\/rotobed.com\/pt\/?s={search_term_string}"},"query-input":"required name=search_term_string"}],"inLanguage":"en-US"},{"@type":"WebPage","@id":"https:\/\/rotobed.com\/pt\/por-que-rotobed\/#webpage","url":"https:\/\/rotobed.com\/pt\/por-que-rotobed\/","name":"why rotobed - PT - RotoBed","isPartOf":{"@id":"https:\/\/rotobed.com\/pt\/#website"},"datePublished":"2020-04-03T11:41:46+00:00","dateModified":"2021-12-30T12:15:41+00:00","breadcrumb":{"@id":"https:\/\/rotobed.com\/pt\/por-que-rotobed\/#breadcrumb"},"inLanguage":"en-US","potentialAction":[{"@type":"ReadAction","target":["https:\/\/rotobed.com\/pt\/por-que-rotobed\/"]}]},{"@type":"BreadcrumbList","@id":"https:\/\/rotobed.com\/pt\/por-que-rotobed\/#breadcrumb","itemListElement":[{"@type":"ListItem","position":1,"name":"Hjem","item":"https:\/\/rotobed.com\/pt\/"},{"@type":"ListItem","position":2,"name":"why rotobed &#8211; PT"}]}]}},"_links":{"self":[{"href":"https:\/\/rotobed.com\/pt\/wp-json\/wp\/v2\/pages\/6562"}],"collection":[{"href":"https:\/\/rotobed.com\/pt\/wp-json\/wp\/v2\/pages"}],"about":[{"href":"https:\/\/rotobed.com\/pt\/wp-json\/wp\/v2\/types\/page"}],"author":[{"embeddable":true,"href":"https:\/\/rotobed.com\/pt\/wp-json\/wp\/v2\/users\/2"}],"replies":[{"embeddable":true,"href":"https:\/\/rotobed.com\/pt\/wp-json\/wp\/v2\/comments?post=6562"}],"version-history":[{"count":8,"href":"https:\/\/rotobed.com\/pt\/wp-json\/wp\/v2\/pages\/6562\/revisions"}],"predecessor-version":[{"id":8170,"href":"https:\/\/rotobed.com\/pt\/wp-json\/wp\/v2\/pages\/6562\/revisions\/8170"}],"wp:attachment":[{"href":"https:\/\/rotobed.com\/pt\/wp-json\/wp\/v2\/media?parent=6562"}],"curies":[{"name":"wp","href":"https:\/\/api.w.org\/{rel}","templated":true}]}}