{"id":662,"date":"2016-02-02T13:48:17","date_gmt":"2016-02-02T13:48:17","guid":{"rendered":"https:\/\/rotobed.com\/pt\/?page_id=662"},"modified":"2023-06-01T13:02:36","modified_gmt":"2023-06-01T13:02:36","slug":"contato","status":"publish","type":"page","link":"https:\/\/rotobed.com\/pt\/contato\/","title":{"rendered":"Contato PT"},"content":{"rendered":"<h3><\/h3>\n<h3>Envie-nos um email<\/h3>\n\n<div class=\"wpcf7 no-js\" id=\"wpcf7-f8347-o1\" lang=\"en-US\" dir=\"ltr\">\n<div class=\"screen-reader-response\"><p role=\"status\" aria-live=\"polite\" aria-atomic=\"true\"><\/p> <ul><\/ul><\/div>\n<form action=\"\/pt\/wp-json\/wp\/v2\/pages\/662#wpcf7-f8347-o1\" method=\"post\" class=\"wpcf7-form init\" aria-label=\"Contact form\" novalidate=\"novalidate\" data-status=\"init\">\n<div style=\"display: none;\">\n<input type=\"hidden\" name=\"_wpcf7\" value=\"8347\" \/>\n<input type=\"hidden\" name=\"_wpcf7_version\" value=\"5.7.7\" \/>\n<input type=\"hidden\" name=\"_wpcf7_locale\" value=\"en_US\" \/>\n<input type=\"hidden\" name=\"_wpcf7_unit_tag\" value=\"wpcf7-f8347-o1\" \/>\n<input type=\"hidden\" name=\"_wpcf7_container_post\" value=\"0\" \/>\n<input type=\"hidden\" name=\"_wpcf7_posted_data_hash\" value=\"\" \/>\n<input type=\"hidden\" name=\"_wpcf7_recaptcha_response\" value=\"\" \/>\n<\/div>\n<p><label> Seu nome*<br \/>\n<span class=\"wpcf7-form-control-wrap\" data-name=\"your-name\"><input size=\"40\" class=\"wpcf7-form-control wpcf7-text wpcf7-validates-as-required\" autocomplete=\"name\" aria-required=\"true\" aria-invalid=\"false\" value=\"\" type=\"text\" name=\"your-name\" \/><\/span> <\/label><label> Seu e-mail*<br \/>\n<span class=\"wpcf7-form-control-wrap\" data-name=\"your-email\"><input size=\"40\" class=\"wpcf7-form-control wpcf7-text wpcf7-email wpcf7-validates-as-required wpcf7-validates-as-email\" autocomplete=\"email\" aria-required=\"true\" aria-invalid=\"false\" value=\"\" type=\"email\" name=\"your-email\" \/><\/span> <\/label><label> Telefone<br \/>\n<span class=\"wpcf7-form-control-wrap\" data-name=\"your-phonenumber\"><input size=\"40\" class=\"wpcf7-form-control wpcf7-text wpcf7-validates-as-required\" aria-required=\"true\" aria-invalid=\"false\" value=\"\" type=\"text\" name=\"your-phonenumber\" \/><\/span> <\/label><br \/>\n<label> Assunto<br \/>\n<span class=\"wpcf7-form-control-wrap\" data-name=\"your-subject\"><input size=\"40\" class=\"wpcf7-form-control wpcf7-text wpcf7-validates-as-required\" aria-required=\"true\" aria-invalid=\"false\" value=\"\" type=\"text\" name=\"your-subject\" \/><\/span> <\/label><label> Sua mensagem*<br \/>\n<span class=\"wpcf7-form-control-wrap\" data-name=\"your-message\"><textarea cols=\"40\" rows=\"10\" class=\"wpcf7-form-control wpcf7-textarea\" aria-invalid=\"false\" name=\"your-message\"><\/textarea><\/span> <\/label>\n<\/p>\n<p><input class=\"wpcf7-form-control has-spinner wpcf7-submit\" type=\"submit\" value=\"Enviar\" \/>\n<\/p><div class=\"wpcf7-response-output\" aria-hidden=\"true\"><\/div>\n<\/form>\n<\/div>\n\n","protected":false},"excerpt":{"rendered":"<p>Envie-nos um email<\/p>\n","protected":false},"author":1,"featured_media":0,"parent":0,"menu_order":0,"comment_status":"closed","ping_status":"closed","template":"","meta":[],"yoast_head":"<!-- This site is optimized with the Yoast SEO plugin v16.9 - https:\/\/yoast.com\/wordpress\/plugins\/seo\/ -->\n<title>Contato PT - RotoBed<\/title>\n<meta name=\"description\" content=\"Voc\u00ea gostaria de saber mais sobre os benef\u00edcios de uma RotoBed? Entre em contato conosco, e em breve estaremos ao seu servi\u00e7o!\" \/>\n<meta name=\"robots\" content=\"index, follow, max-snippet:-1, max-image-preview:large, max-video-preview:-1\" \/>\n<link rel=\"canonical\" href=\"https:\/\/rotobed.com\/pt\/contato\/\" \/>\n<meta property=\"og:locale\" content=\"en_US\" \/>\n<meta property=\"og:type\" content=\"article\" \/>\n<meta property=\"og:title\" content=\"Contato PT - RotoBed\" \/>\n<meta property=\"og:description\" content=\"Voc\u00ea gostaria de saber mais sobre os benef\u00edcios de uma RotoBed? Entre em contato conosco, e em breve estaremos ao seu servi\u00e7o!\" \/>\n<meta property=\"og:url\" content=\"https:\/\/rotobed.com\/pt\/contato\/\" \/>\n<meta property=\"og:site_name\" content=\"RotoBed\" \/>\n<meta property=\"article:modified_time\" content=\"2023-06-01T13:02:36+00:00\" \/>\n<meta name=\"twitter:card\" content=\"summary\" \/>\n<script type=\"application\/ld+json\" class=\"yoast-schema-graph\">{\"@context\":\"https:\/\/schema.org\",\"@graph\":[{\"@type\":\"WebSite\",\"@id\":\"https:\/\/rotobed.com\/pt\/#website\",\"url\":\"https:\/\/rotobed.com\/pt\/\",\"name\":\"RotoBed\",\"description\":\"\",\"potentialAction\":[{\"@type\":\"SearchAction\",\"target\":{\"@type\":\"EntryPoint\",\"urlTemplate\":\"https:\/\/rotobed.com\/pt\/?s={search_term_string}\"},\"query-input\":\"required name=search_term_string\"}],\"inLanguage\":\"en-US\"},{\"@type\":\"WebPage\",\"@id\":\"https:\/\/rotobed.com\/pt\/contato\/#webpage\",\"url\":\"https:\/\/rotobed.com\/pt\/contato\/\",\"name\":\"Contato PT - RotoBed\",\"isPartOf\":{\"@id\":\"https:\/\/rotobed.com\/pt\/#website\"},\"datePublished\":\"2016-02-02T13:48:17+00:00\",\"dateModified\":\"2023-06-01T13:02:36+00:00\",\"description\":\"Voc\\u00ea gostaria de saber mais sobre os benef\\u00edcios de uma RotoBed? Entre em contato conosco, e em breve estaremos ao seu servi\\u00e7o!\",\"breadcrumb\":{\"@id\":\"https:\/\/rotobed.com\/pt\/contato\/#breadcrumb\"},\"inLanguage\":\"en-US\",\"potentialAction\":[{\"@type\":\"ReadAction\",\"target\":[\"https:\/\/rotobed.com\/pt\/contato\/\"]}]},{\"@type\":\"BreadcrumbList\",\"@id\":\"https:\/\/rotobed.com\/pt\/contato\/#breadcrumb\",\"itemListElement\":[{\"@type\":\"ListItem\",\"position\":1,\"name\":\"Hjem\",\"item\":\"https:\/\/rotobed.com\/pt\/\"},{\"@type\":\"ListItem\",\"position\":2,\"name\":\"Contato PT\"}]}]}<\/script>\n<!-- \/ Yoast SEO plugin. -->","yoast_head_json":{"title":"Contato PT - RotoBed","description":"Voc\u00ea gostaria de saber mais sobre os benef\u00edcios de uma RotoBed? Entre em contato conosco, e em breve estaremos ao seu servi\u00e7o!","robots":{"index":"index","follow":"follow","max-snippet":"max-snippet:-1","max-image-preview":"max-image-preview:large","max-video-preview":"max-video-preview:-1"},"canonical":"https:\/\/rotobed.com\/pt\/contato\/","og_locale":"en_US","og_type":"article","og_title":"Contato PT - RotoBed","og_description":"Voc\u00ea gostaria de saber mais sobre os benef\u00edcios de uma RotoBed? Entre em contato conosco, e em breve estaremos ao seu servi\u00e7o!","og_url":"https:\/\/rotobed.com\/pt\/contato\/","og_site_name":"RotoBed","article_modified_time":"2023-06-01T13:02:36+00:00","twitter_card":"summary","schema":{"@context":"https:\/\/schema.org","@graph":[{"@type":"WebSite","@id":"https:\/\/rotobed.com\/pt\/#website","url":"https:\/\/rotobed.com\/pt\/","name":"RotoBed","description":"","potentialAction":[{"@type":"SearchAction","target":{"@type":"EntryPoint","urlTemplate":"https:\/\/rotobed.com\/pt\/?s={search_term_string}"},"query-input":"required name=search_term_string"}],"inLanguage":"en-US"},{"@type":"WebPage","@id":"https:\/\/rotobed.com\/pt\/contato\/#webpage","url":"https:\/\/rotobed.com\/pt\/contato\/","name":"Contato PT - RotoBed","isPartOf":{"@id":"https:\/\/rotobed.com\/pt\/#website"},"datePublished":"2016-02-02T13:48:17+00:00","dateModified":"2023-06-01T13:02:36+00:00","description":"Voc\u00ea gostaria de saber mais sobre os benef\u00edcios de uma RotoBed? Entre em contato conosco, e em breve estaremos ao seu servi\u00e7o!","breadcrumb":{"@id":"https:\/\/rotobed.com\/pt\/contato\/#breadcrumb"},"inLanguage":"en-US","potentialAction":[{"@type":"ReadAction","target":["https:\/\/rotobed.com\/pt\/contato\/"]}]},{"@type":"BreadcrumbList","@id":"https:\/\/rotobed.com\/pt\/contato\/#breadcrumb","itemListElement":[{"@type":"ListItem","position":1,"name":"Hjem","item":"https:\/\/rotobed.com\/pt\/"},{"@type":"ListItem","position":2,"name":"Contato PT"}]}]}},"_links":{"self":[{"href":"https:\/\/rotobed.com\/pt\/wp-json\/wp\/v2\/pages\/662"}],"collection":[{"href":"https:\/\/rotobed.com\/pt\/wp-json\/wp\/v2\/pages"}],"about":[{"href":"https:\/\/rotobed.com\/pt\/wp-json\/wp\/v2\/types\/page"}],"author":[{"embeddable":true,"href":"https:\/\/rotobed.com\/pt\/wp-json\/wp\/v2\/users\/1"}],"replies":[{"embeddable":true,"href":"https:\/\/rotobed.com\/pt\/wp-json\/wp\/v2\/comments?post=662"}],"version-history":[{"count":30,"href":"https:\/\/rotobed.com\/pt\/wp-json\/wp\/v2\/pages\/662\/revisions"}],"predecessor-version":[{"id":8351,"href":"https:\/\/rotobed.com\/pt\/wp-json\/wp\/v2\/pages\/662\/revisions\/8351"}],"wp:attachment":[{"href":"https:\/\/rotobed.com\/pt\/wp-json\/wp\/v2\/media?parent=662"}],"curies":[{"name":"wp","href":"https:\/\/api.w.org\/{rel}","templated":true}]}}