{"id":7864,"date":"2021-04-22T12:53:10","date_gmt":"2021-04-22T12:53:10","guid":{"rendered":"https:\/\/rotobed.com\/pt\/?page_id=7864"},"modified":"2021-06-15T13:30:52","modified_gmt":"2021-06-15T13:30:52","slug":"rotobedfree-pt","status":"publish","type":"page","link":"https:\/\/rotobed.com\/pt\/rotobedfree-pt\/","title":{"rendered":"RotoBed\u00aeFree PT"},"content":{"rendered":"<div id='fullscreen_slider_1' class='avia-fullscreen-slider main_color   container_wrap fullsize'   ><div  data-size='extra_large'  data-lightbox_size='large'  data-animation='slide'  data-ids='7039,3113'  data-video_counter='0'  data-autoplay='true'  data-bg_slider='true'  data-slide_height='100'  data-handle='av_fullscreen'  data-interval='10'  data-class=' '  data-css_id='fullscreen_slider_1'  data-scroll_down=''  data-control_layout='av-control-default'  data-custom_markup=''  data-perma_caption=''  data-autoplay_stopper=''  data-image_attachment=''  data-min_height='0px'  data-stretch=''  data-default-height='100'  class='avia-slideshow avia-slideshow-1  av-control-default av-default-height-applied avia-slideshow-extra_large av_fullscreen   avia-slide-slider '  itemprop=\"ImageObject\" itemscope=\"itemscope\" itemtype=\"https:\/\/schema.org\/ImageObject\" ><ul class='avia-slideshow-inner' style='padding-bottom: 48.666666666667%;'><li style='background-position:center center;' data-img-url='https:\/\/rotobed.com\/pt\/wp-content\/uploads\/2020\/05\/Free-Milj\u00f8-til-web-1500x730.jpg' class=' slide-1 ' ><div data-rel='slideshow-1' class='avia-slide-wrap'  ><\/div><\/li><li style='background-position:center center;' data-img-url='https:\/\/rotobed.com\/pt\/wp-content\/uploads\/2016\/02\/Forside-jpg-Kopi-1500x1126.jpg' class=' slide-2 ' ><div data-rel='slideshow-1' class='avia-slide-wrap'  ><\/div><\/li><\/ul><div class='avia-slideshow-arrows avia-slideshow-controls'><a href='#prev' class='prev-slide' aria-hidden='true' data-av_icon='\ue87c' data-av_iconfont='entypo-fontello'>Previous<\/a><a href='#next' class='next-slide' aria-hidden='true' data-av_icon='\ue87d' data-av_iconfont='entypo-fontello'>Next<\/a><\/div><div class='avia-slideshow-dots avia-slideshow-controls'><a href='#1' class='goto-slide active' >1<\/a><a href='#2' class='goto-slide ' >2<\/a><\/div><\/div><\/div>\n<div style='height:50px' class='hr hr-invisible  '><span class='hr-inner ' ><span class='hr-inner-style'><\/span><\/span><\/div>\n<div class=\"flex_column av_one_fifth  flex_column_div av-zero-column-padding first  \" style='border-radius:0px; '><div class='avia-image-container  av-styling-    avia-align-center '  itemprop=\"ImageObject\" itemscope=\"itemscope\" itemtype=\"https:\/\/schema.org\/ImageObject\"  ><div class='avia-image-container-inner'><img class='avia_image ' src='https:\/\/rotobed.com\/pt\/wp-content\/uploads\/2019\/05\/IF-logo-vandret-300x154.jpg' alt='Rotobed rotating bed design' title='IF Award'   itemprop=\"thumbnailUrl\"  \/><\/div><\/div><\/div>\n<div class=\"flex_column av_four_fifth  flex_column_div av-zero-column-padding   \" style='border-radius:0px; '><section class=\"av_textblock_section \"  itemscope=\"itemscope\" itemtype=\"https:\/\/schema.org\/CreativeWork\" ><div class='avia_textblock  '   itemprop=\"text\" ><h1>Cama articulada RotoBed\u00aeFree com ajuste de altura<\/h1>\n<h1>&#8211; a mais \u00fatil cama de cuidados de sempre!<\/h1>\n<\/div><\/section><\/div>\n<div  class='hr hr-default  '><span class='hr-inner ' ><span class='hr-inner-style'><\/span><\/span><\/div>\n<div class=\"flex_column av_one_half  flex_column_div av-zero-column-padding first  \" style='border-radius:0px; '><section class=\"av_textblock_section \"  itemscope=\"itemscope\" itemtype=\"https:\/\/schema.org\/CreativeWork\" ><div class='avia_textblock  '   itemprop=\"text\" ><h3><span style=\"color: #993300;\"><strong>Cama articulada \u00fanica:<\/strong><\/span><strong>\u00a0A RotoBed\u00aeFree \u00e9 uma cama de cuidados inovadora com muitas fun\u00e7\u00f5es tecnol\u00f3gicas de bem-estar. O seu design harmonioso foi premiado e enfatiza a alta qualidade desta cama \u00fanica.<\/strong><\/h3>\n<ul>\n<li>Com uma cama articulada RotoBed\u00aeFree, as pessoas que t\u00eam dificuldade em entrar e sair da cama s\u00e3o agora capazes de o fazer sem esfor\u00e7o f\u00edsico.<\/li>\n<li>Apenas com um simples toque num controlo remoto, a cama \u00e9 elevada \u00e0 posi\u00e7\u00e3o de cadeira e rodada perpendicularmente em dire\u00e7\u00e3o ao quarto.<\/li>\n<li>Isto facilita tanto a sa\u00edda como a transi\u00e7\u00e3o para uma cadeira de rodas ou auxiliar de eleva\u00e7\u00e3o.<\/li>\n<li>Para al\u00e9m da fun\u00e7\u00e3o rotativa, tamb\u00e9m a altura, o encosto e o assento s\u00e3o ajustados com controlo remoto.<\/li>\n<li>O mecanismo de rota\u00e7\u00e3o \u00e9, ao mesmo tempo, silencioso e muito confort\u00e1vel para o utilizador.<\/li>\n<li>Controlo remoto simples e abrangente.<\/li>\n<li>V\u00e1rios inqu\u00e9ritos sobre tecnologia de bem-estar mostraram que uma cama articulada RotoBed\u00ae melhora o n\u00edvel de mobilidade e a qualidade de vida do utilizador, reduz a carga de trabalho dos funcion\u00e1rios e economiza tempo e dinheiro.<\/li>\n<li>Pode acrescentar o seu toque pessoal escolhendo entre 9 cores diferentes dos nossos tecidos de alta qualidade &#8211; ou as bonitas tiras &#8220;Stripes&#8221; em pura l\u00e3 desenhadas por Paul Smith.<\/li>\n<\/ul>\n<\/div><\/section><\/div>\n<div class=\"flex_column av_one_half  flex_column_div av-zero-column-padding   \" style='border-radius:0px; '><p><div class='avia-gallery  avia-gallery-1 avia_lazyload avia_animate_when_visible '  itemprop=\"ImageObject\" itemscope=\"itemscope\" itemtype=\"https:\/\/schema.org\/ImageObject\" ><div class='avia-gallery-thumb'> <a href='https:\/\/rotobed.com\/pt\/wp-content\/uploads\/2020\/03\/Home-i-sandet-1030x687.jpg' data-rel='gallery-1' data-prev-img='https:\/\/rotobed.com\/pt\/wp-content\/uploads\/2020\/03\/Home-i-sandet-495x400.jpg' class='first_thumb lightbox ' data-onclick='1' title='RotoBed\u00ae by nature'  itemprop=\"thumbnailUrl\" ><img data-avia-tooltip='RotoBed\u00ae by nature' src='https:\/\/rotobed.com\/pt\/wp-content\/uploads\/2020\/03\/Home-i-sandet-495x400.jpg' width='495' height='400'  title='RotoBed\u00aeHome' alt='rotobed faq rotating bed design' \/><\/a> <a href='https:\/\/rotobed.com\/pt\/wp-content\/uploads\/2019\/12\/HD-f-458640-c0045-1030x1030.jpg' data-rel='gallery-1' data-prev-img='https:\/\/rotobed.com\/pt\/wp-content\/uploads\/2019\/12\/HD-f-458640-c0045-495x400.jpg' class='lightbox ' data-onclick='2' title='Green textile for RotoBed\u00aeFree'  itemprop=\"thumbnailUrl\" ><img data-avia-tooltip='Green textile for RotoBed\u00aeFree' src='https:\/\/rotobed.com\/pt\/wp-content\/uploads\/2019\/12\/HD-f-458640-c0045-495x400.jpg' width='495' height='400'  title='RotoBed\u00aeHome Emerald' alt='rotobed color rotating care bed' \/><\/a> <a href='https:\/\/rotobed.com\/pt\/wp-content\/uploads\/2020\/04\/RotoBed-lagen-besk\u00e5ret-1.jpg' data-rel='gallery-1' data-prev-img='https:\/\/rotobed.com\/pt\/wp-content\/uploads\/2020\/04\/RotoBed-lagen-besk\u00e5ret-1-495x400.jpg' class='lightbox ' data-onclick='3' title='Sheets for RotoBed\u00aeFree'  itemprop=\"thumbnailUrl\" ><img data-avia-tooltip='Sheets for RotoBed\u00aeFree' src='https:\/\/rotobed.com\/pt\/wp-content\/uploads\/2020\/04\/RotoBed-lagen-besk\u00e5ret-1-495x400.jpg' width='495' height='400'  title='RotoBed\u00aeSheet' alt='rotobed laken v\u00e5rds\u00e4ng rotation' \/><\/a> <a href='https:\/\/rotobed.com\/pt\/wp-content\/uploads\/2019\/12\/HD-f-463980-c0005-1030x1030.jpg' data-rel='gallery-1' data-prev-img='https:\/\/rotobed.com\/pt\/wp-content\/uploads\/2019\/12\/HD-f-463980-c0005-495x400.jpg' class='lightbox ' data-onclick='4' title='Paul Smith textile for RotoBed\u00aeFree'  itemprop=\"thumbnailUrl\" ><img data-avia-tooltip='Paul Smith textile for RotoBed\u00aeFree' src='https:\/\/rotobed.com\/pt\/wp-content\/uploads\/2019\/12\/HD-f-463980-c0005-495x400.jpg' width='495' height='400'  title='RotoBed\u00aeHome Stripes by Paul Smith' alt='rotobed rotating bed care bed' \/><\/a> <a href='https:\/\/rotobed.com\/pt\/wp-content\/uploads\/2020\/05\/Free-Milj\u00f8-1030x773.jpg' data-rel='gallery-1' data-prev-img='https:\/\/rotobed.com\/pt\/wp-content\/uploads\/2020\/05\/Free-Milj\u00f8-495x400.jpg' class='lightbox ' data-onclick='5' title='Danish design by Hans Sandgren Jakobsen'  itemprop=\"thumbnailUrl\" ><img data-avia-tooltip='Danish design by Hans Sandgren Jakobsen' src='https:\/\/rotobed.com\/pt\/wp-content\/uploads\/2020\/05\/Free-Milj\u00f8-495x400.jpg' width='495' height='400'  title='Free Milj\u00f8' alt='RotoBed free rotating care bed' \/><\/a><\/div><\/div><br \/>\n<div style='height:20px' class='hr hr-invisible  '><span class='hr-inner ' ><span class='hr-inner-style'><\/span><\/span><\/div><br \/>\n<section class=\"av_textblock_section \"  itemscope=\"itemscope\" itemtype=\"https:\/\/schema.org\/CreativeWork\" ><div class='avia_textblock  '   itemprop=\"text\" ><p><iframe src=\"https:\/\/www.youtube.com\/embed\/HKmO45m7yvc?rel=0\" width=\"560\" height=\"315\" frameborder=\"0\" allowfullscreen=\"allowfullscreen\"><\/iframe><\/p>\n<\/div><\/section><br \/>\n<div style='height:20px' class='hr hr-invisible  '><span class='hr-inner ' ><span class='hr-inner-style'><\/span><\/span><\/div><br \/>\n<div class='avia-gallery  avia-gallery-2 avia_lazyload avia_animate_when_visible '  itemprop=\"ImageObject\" itemscope=\"itemscope\" itemtype=\"https:\/\/schema.org\/ImageObject\" ><div class='avia-gallery-thumb'> <a href='https:\/\/rotobed.com\/pt\/wp-content\/uploads\/2019\/12\/Rotobed-Sidetable-Wooden-parts-HSJD-06.06.19-1030x721.jpg' data-rel='gallery-2' data-prev-img='https:\/\/rotobed.com\/pt\/wp-content\/uploads\/2019\/12\/Rotobed-Sidetable-Wooden-parts-HSJD-06.06.19-495x400.jpg' class='first_thumb lightbox ' data-onclick='1' title='RotoBed\u00aeBedside Table'  itemprop=\"thumbnailUrl\" ><img data-avia-tooltip='RotoBed\u00aeBedside Table' src='https:\/\/rotobed.com\/pt\/wp-content\/uploads\/2019\/12\/Rotobed-Sidetable-Wooden-parts-HSJD-06.06.19-495x400.jpg' width='495' height='400'  title='RotoBed\u00aeBedside Table' alt='pivot bed bedside table' \/><\/a> <a href='https:\/\/rotobed.com\/pt\/wp-content\/uploads\/2019\/12\/HD-f-466014-c0013-1030x1030.jpg' data-rel='gallery-2' data-prev-img='https:\/\/rotobed.com\/pt\/wp-content\/uploads\/2019\/12\/HD-f-466014-c0013-495x400.jpg' class='lightbox ' data-onclick='2' title='Orange textil for RotoBed\u00ae'  itemprop=\"thumbnailUrl\" ><img data-avia-tooltip='Orange textil for RotoBed\u00ae' src='https:\/\/rotobed.com\/pt\/wp-content\/uploads\/2019\/12\/HD-f-466014-c0013-495x400.jpg' width='495' height='400'  title='RotoBed\u00aeHome orange' alt='rotating bed rotobed roto care bed textile color' \/><\/a> <a href='https:\/\/rotobed.com\/pt\/wp-content\/uploads\/2016\/01\/Forside-jpg-Kopi-1030x773.jpg' data-rel='gallery-2' data-prev-img='https:\/\/rotobed.com\/pt\/wp-content\/uploads\/2016\/01\/Forside-jpg-Kopi-495x400.jpg' class='lightbox ' data-onclick='3' title='RotoBed\u00aeFree'  itemprop=\"thumbnailUrl\" ><img data-avia-tooltip='RotoBed\u00aeFree' src='https:\/\/rotobed.com\/pt\/wp-content\/uploads\/2016\/01\/Forside-jpg-Kopi-495x400.jpg' width='495' height='400'  title='RotoBed\u00aeFree' alt='RotoBed care bed' \/><\/a> <a href='https:\/\/rotobed.com\/pt\/wp-content\/uploads\/2019\/12\/HD-f-466014-c0018-1030x1030.jpg' data-rel='gallery-2' data-prev-img='https:\/\/rotobed.com\/pt\/wp-content\/uploads\/2019\/12\/HD-f-466014-c0018-495x400.jpg' class='lightbox ' data-onclick='4' title='Yellow textile for RotoBed\u00ae'  itemprop=\"thumbnailUrl\" ><img data-avia-tooltip='Yellow textile for RotoBed\u00ae' src='https:\/\/rotobed.com\/pt\/wp-content\/uploads\/2019\/12\/HD-f-466014-c0018-495x400.jpg' width='495' height='400'  title='RotoBed\u00aeHome Curry' alt='Rotobed rotating care bed textile' \/><\/a> <a href='https:\/\/rotobed.com\/pt\/wp-content\/uploads\/2019\/12\/incontinence-kvadratisk-ny.jpg' data-rel='gallery-2' data-prev-img='https:\/\/rotobed.com\/pt\/wp-content\/uploads\/2019\/12\/incontinence-kvadratisk-ny-495x400.jpg' class='lightbox ' data-onclick='5' title='RotoBed\u00ae protection cover'  itemprop=\"thumbnailUrl\" ><img data-avia-tooltip='RotoBed\u00ae protection cover' src='https:\/\/rotobed.com\/pt\/wp-content\/uploads\/2019\/12\/incontinence-kvadratisk-ny-495x400.jpg' width='495' height='400'  title='RotoBed\u00aeProtection cover' alt='rotobed incontinence pivot bed' \/><\/a><\/div><\/div><\/p><\/div>\n<div class=\"flex_column av_one_full  flex_column_div av-zero-column-padding first  \" style='border-radius:0px; '><div class='avia-button-wrap avia-button-center '><a href='https:\/\/rotobed.com\/pt\/contato\/' class='avia-button   avia-icon_select-no avia-color-theme-color avia-size-x-large avia-position-center '   ><span class='avia_iconbox_title' >Gostaria de saber mais sobre as nossas camas articuladas?<\/span><\/a><\/div><\/div>\n<div  class='hr hr-default  '><span class='hr-inner ' ><span class='hr-inner-style'><\/span><\/span><\/div>\n<div class=\"flex_column av_two_fifth  flex_column_div av-zero-column-padding first  \" style='border-radius:0px; '><p><div  data-size='no scaling'  data-lightbox_size='large'  data-animation='fade'  data-ids='2751,2752,2753,2754,2755,2756'  data-video_counter='0'  data-autoplay='true'  data-bg_slider='false'  data-slide_height=''  data-handle='av_slideshow'  data-interval='3'  data-class=' '  data-css_id=''  data-scroll_down=''  data-control_layout='av-control-default'  data-custom_markup=''  data-perma_caption=''  data-autoplay_stopper=''  data-image_attachment=''  data-min_height='0px'  class='avia-slideshow avia-slideshow-2  av-control-default av-default-height-applied avia-slideshow-no scaling av_slideshow   avia-fade-slider '  itemprop=\"ImageObject\" itemscope=\"itemscope\" itemtype=\"https:\/\/schema.org\/ImageObject\" ><ul class='avia-slideshow-inner' style='padding-bottom: 71.40625%;'><li  class=' slide-1 ' ><div data-rel='slideshow-2' class='avia-slide-wrap'  ><img src='https:\/\/rotobed.com\/pt\/wp-content\/uploads\/2016\/01\/Free-1-jpg-scaled.jpg' width='2560' height='1828' title='RotoBed\u00aeFree lying position' alt='Pivot bed RotoBed care bed'  itemprop=\"thumbnailUrl\"   \/><\/div><\/li><li  class=' slide-2 ' ><div data-rel='slideshow-2' class='avia-slide-wrap'  ><img src='https:\/\/rotobed.com\/pt\/wp-content\/uploads\/2016\/01\/free-2-jpg-scaled.jpg' width='2560' height='1828' title='RotoBed\u00aeFree comfort position' alt='Pivot bed RotoBed care bed'  itemprop=\"thumbnailUrl\"   \/><\/div><\/li><li  class=' slide-3 ' ><div data-rel='slideshow-2' class='avia-slide-wrap'  ><img src='https:\/\/rotobed.com\/pt\/wp-content\/uploads\/2016\/01\/free-3-jpg-scaled.jpg' width='2560' height='1828' title='RotoBed\u00aeFree rotation' alt='Pivot bed RotoBed care bed'  itemprop=\"thumbnailUrl\"   \/><\/div><\/li><li  class=' slide-4 ' ><div data-rel='slideshow-2' class='avia-slide-wrap'  ><img src='https:\/\/rotobed.com\/pt\/wp-content\/uploads\/2016\/01\/free-4-jpg-scaled.jpg' width='2560' height='1828' title='RotoBed\u00aeFree rotation' alt='Pivot bed RotoBed care bed'  itemprop=\"thumbnailUrl\"   \/><\/div><\/li><li  class=' slide-5 ' ><div data-rel='slideshow-2' class='avia-slide-wrap'  ><img src='https:\/\/rotobed.com\/pt\/wp-content\/uploads\/2016\/01\/free-5-jpg-scaled.jpg' width='2560' height='1828' title='RotoBed\u00aeFree exit position' alt='Pivot bed RotoBed care bed'  itemprop=\"thumbnailUrl\"   \/><\/div><\/li><li  class=' slide-6 ' ><div data-rel='slideshow-2' class='avia-slide-wrap'  ><img src='https:\/\/rotobed.com\/pt\/wp-content\/uploads\/2016\/01\/free-6-jpg-scaled.jpg' width='2560' height='1828' title='RotoBed\u00aeFree high position' alt='Pivot bed RotoBed care bed'  itemprop=\"thumbnailUrl\"   \/><\/div><\/li><\/ul><div class='avia-slideshow-arrows avia-slideshow-controls'><a href='#prev' class='prev-slide' aria-hidden='true' data-av_icon='\ue87c' data-av_iconfont='entypo-fontello'>Previous<\/a><a href='#next' class='next-slide' aria-hidden='true' data-av_icon='\ue87d' data-av_iconfont='entypo-fontello'>Next<\/a><\/div><div class='avia-slideshow-dots avia-slideshow-controls'><a href='#1' class='goto-slide active' >1<\/a><a href='#2' class='goto-slide ' >2<\/a><a href='#3' class='goto-slide ' >3<\/a><a href='#4' class='goto-slide ' >4<\/a><a href='#5' class='goto-slide ' >5<\/a><a href='#6' class='goto-slide ' >6<\/a><\/div><\/div><br \/>\n<div  class='hr hr-default  '><span class='hr-inner ' ><span class='hr-inner-style'><\/span><\/span><\/div><br \/>\n<section class=\"av_textblock_section \"  itemscope=\"itemscope\" itemtype=\"https:\/\/schema.org\/CreativeWork\" ><div class='avia_textblock  '   itemprop=\"text\" ><p><strong>Esbo\u00e7o da cama em posi\u00e7\u00e3o rodada<\/strong><\/p>\n<\/div><\/section><br \/>\n<div style='height:20px' class='hr hr-invisible  '><span class='hr-inner ' ><span class='hr-inner-style'><\/span><\/span><\/div><br \/>\n<div class='avia-image-container  av-styling-    avia-align-center '  itemprop=\"ImageObject\" itemscope=\"itemscope\" itemtype=\"https:\/\/schema.org\/ImageObject\"  ><div class='avia-image-container-inner'><img class='avia_image ' src='https:\/\/rotobed.com\/pt\/wp-content\/uploads\/2020\/03\/Ny-skitse-Free-med-st\u00f8rre-m\u00e5l-e1585224138416-300x196.jpg' alt='Rotobed rotating bed care bed' title='RotoBed\u00ae sketch'   itemprop=\"thumbnailUrl\"  \/><\/div><\/div><br \/>\n<div style='height:20px' class='hr hr-invisible  '><span class='hr-inner ' ><span class='hr-inner-style'><\/span><\/span><\/div><br \/>\n<section class=\"av_textblock_section \"  itemscope=\"itemscope\" itemtype=\"https:\/\/schema.org\/CreativeWork\" ><div class='avia_textblock  '   itemprop=\"text\" ><p>A cama de cuidados RotoBed\u00aeFree ocupa menos espa\u00e7o do que se pensa. 20 cm de espa\u00e7o livre atr\u00e1s da cama \u00e9 tudo o que precisa, e \u00e9 livre de escolher a dire\u00e7\u00e3o de rota\u00e7\u00e3o que preferir.<\/p>\n<\/div><\/section><\/p><\/div>\n<div class=\"flex_column av_one_third  flex_column_div av-zero-column-padding   \" style='border-width:4px; border-color:#938a7f; border-style:solid; border-radius:0px; '><article class=\"iconbox iconbox_top main_color    \"  itemscope=\"itemscope\" itemtype=\"https:\/\/schema.org\/CreativeWork\" ><div class=\"iconbox_content\"><header class=\"entry-content-header\"><div class=\"iconbox_icon heading-color \" aria-hidden='true' data-av_icon='\ue81f' data-av_iconfont='entypo-fontello'  ><\/div><h3 class='iconbox_content_title '  itemprop=\"headline\"  >INFORMA\u00c7\u00c3O T\u00c9CNICA<\/h3><\/header><div class='iconbox_content_container  '  itemprop=\"text\"  ><p>Alcance em altura: 32-82 cm<\/p>\n<p>Largura do colch\u00e3o: 85 \/ 100 cm<\/p>\n<p>Comprimento do colch\u00e3o:\u00a0 205 \/ 215 \/ 225 cm<\/p>\n<p>Madeira: Folheado de carvalho<\/p>\n<p>Peso do utilizador: m\u00e1ximo 190 kg<\/p>\n<p>Carga nominal: 225 kg<\/p>\n<p><strong>Indica\u00e7\u00e3o de peso<\/strong><\/p>\n<p>Cabeceira: 39 kg<\/p>\n<p>P\u00e9s da cama: 46 kg<\/p>\n<p>Estrutura: 80 kg<\/p>\n<p>Peso total: 165 kg<\/p>\n<p>Dispon\u00edvel com v\u00e1rios\u00a0<a href=\"https:\/\/rotobed.com\/pt\/accessories\/\">acess\u00f3rios<\/a><\/p>\n<p><strong>Requisitos e normas<\/strong><\/p>\n<p>A RotoBed\u00aeFree \u00e9 aprovada pela CE e cumpre as mais recentes normas e requisitos europeus para camas de cuidados.<\/p>\n<p>Norma internacional IEC 60601-2-52.<\/p>\n<p>As camas s\u00e3o resistentes \u00e0 lavagem e aprovadas de acordo com a norma IPX6W.<\/p>\n<p>Motores de alta qualidade e caixa de controlo da\u00a0<a href=\"https:\/\/www.linak.com\/\">LINAK<\/a>.<\/p>\n<\/div><\/div><footer class=\"entry-footer\"><\/footer><\/article><\/div><div class=\"flex_column av_one_fourth  flex_column_div av-zero-column-padding   \" style='border-radius:0px; '><p><div class='avia-button-wrap avia-button-center '><a href='https:\/\/rotobed.com\/pt\/cases-pt\/' class='avia-button   avia-icon_select-no avia-color-theme-color avia-size-large avia-position-center '   ><span class='avia_iconbox_title' >N\u00e3o acredite na nossa palavra - deixe que os utilizadores o conven\u00e7am<\/span><\/a><\/div><br \/>\n<div style='height:20px' class='hr hr-invisible  '><span class='hr-inner ' ><span class='hr-inner-style'><\/span><\/span><\/div><br \/>\n<div class='avia-image-container  av-styling-    avia-align-center '  itemprop=\"ImageObject\" itemscope=\"itemscope\" itemtype=\"https:\/\/schema.org\/ImageObject\"  ><div class='avia-image-container-inner'><a href='https:\/\/rotobed.com\/pt\/cases-pt\/' class='avia_image'  ><img class='avia_image ' src='https:\/\/rotobed.com\/pt\/wp-content\/uploads\/2020\/11\/Hans-04-\u00a9-Jonas-Fotografi-300x200.jpg' alt='rotation bed user testemony' title='Hans Villadsen has a RotoBed\u00ae'  itemprop=\"thumbnailUrl\"  \/><\/a><\/div><\/div><br \/>\n<section class=\"av_textblock_section \"  itemscope=\"itemscope\" itemtype=\"https:\/\/schema.org\/CreativeWork\" ><div class='avia_textblock  '   itemprop=\"text\" ><p>Conforto, dignidade, mobilidade, liberdade e uma maior qualidade de vida. Veja porque \u00e9 que estas s\u00e3o as palavras que os utilizadores da RotoBed\u00ae escolhem para descrever a sua vida depois de terem tido a cama.<\/p>\n<\/div><\/section><br \/>\n<div  class='hr hr-default  '><span class='hr-inner ' ><span class='hr-inner-style'><\/span><\/span><\/div><br \/>\n<section class=\"av_textblock_section \"  itemscope=\"itemscope\" itemtype=\"https:\/\/schema.org\/CreativeWork\" ><div class='avia_textblock  '   itemprop=\"text\" ><p><strong>A cama articulada RotoBed\u00aeFree embalada sobre uma palete<\/strong><\/p>\n<\/div><\/section><br \/>\n<div class='avia-image-container  av-styling-    avia-align-center '  itemprop=\"ImageObject\" itemscope=\"itemscope\" itemtype=\"https:\/\/schema.org\/ImageObject\"  ><div class='avia-image-container-inner'><img class='avia_image ' src='https:\/\/rotobed.com\/pt\/wp-content\/uploads\/2020\/01\/Skitse-RotoBed\u00aeHome-p\u00e5-palle-210x300.jpg' alt='packing rotobed' title='RotoBed\u00aeHome transport'   itemprop=\"thumbnailUrl\"  \/><\/div><\/div><\/p><\/div><\/p>\n","protected":false},"excerpt":{"rendered":"","protected":false},"author":2,"featured_media":0,"parent":0,"menu_order":0,"comment_status":"closed","ping_status":"closed","template":"","meta":[],"yoast_head":"<!-- This site is optimized with the Yoast SEO plugin v16.9 - https:\/\/yoast.com\/wordpress\/plugins\/seo\/ -->\n<title>RotoBed\u00aeFree PT - RotoBed<\/title>\n<meta name=\"robots\" content=\"index, follow, max-snippet:-1, max-image-preview:large, max-video-preview:-1\" \/>\n<link rel=\"canonical\" href=\"https:\/\/rotobed.com\/pt\/rotobedfree-pt\/\" \/>\n<meta property=\"og:locale\" content=\"en_US\" \/>\n<meta property=\"og:type\" content=\"article\" \/>\n<meta property=\"og:title\" content=\"RotoBed\u00aeFree PT - RotoBed\" \/>\n<meta property=\"og:url\" content=\"https:\/\/rotobed.com\/pt\/rotobedfree-pt\/\" \/>\n<meta property=\"og:site_name\" content=\"RotoBed\" \/>\n<meta property=\"article:modified_time\" content=\"2021-06-15T13:30:52+00:00\" \/>\n<meta name=\"twitter:card\" content=\"summary\" \/>\n<meta name=\"twitter:label1\" content=\"Est. reading time\" \/>\n\t<meta name=\"twitter:data1\" content=\"12 minutes\" \/>\n<script type=\"application\/ld+json\" class=\"yoast-schema-graph\">{\"@context\":\"https:\/\/schema.org\",\"@graph\":[{\"@type\":\"WebSite\",\"@id\":\"https:\/\/rotobed.com\/pt\/#website\",\"url\":\"https:\/\/rotobed.com\/pt\/\",\"name\":\"RotoBed\",\"description\":\"\",\"potentialAction\":[{\"@type\":\"SearchAction\",\"target\":{\"@type\":\"EntryPoint\",\"urlTemplate\":\"https:\/\/rotobed.com\/pt\/?s={search_term_string}\"},\"query-input\":\"required name=search_term_string\"}],\"inLanguage\":\"en-US\"},{\"@type\":\"WebPage\",\"@id\":\"https:\/\/rotobed.com\/pt\/rotobedfree-pt\/#webpage\",\"url\":\"https:\/\/rotobed.com\/pt\/rotobedfree-pt\/\",\"name\":\"RotoBed\\u00aeFree PT - RotoBed\",\"isPartOf\":{\"@id\":\"https:\/\/rotobed.com\/pt\/#website\"},\"datePublished\":\"2021-04-22T12:53:10+00:00\",\"dateModified\":\"2021-06-15T13:30:52+00:00\",\"breadcrumb\":{\"@id\":\"https:\/\/rotobed.com\/pt\/rotobedfree-pt\/#breadcrumb\"},\"inLanguage\":\"en-US\",\"potentialAction\":[{\"@type\":\"ReadAction\",\"target\":[\"https:\/\/rotobed.com\/pt\/rotobedfree-pt\/\"]}]},{\"@type\":\"BreadcrumbList\",\"@id\":\"https:\/\/rotobed.com\/pt\/rotobedfree-pt\/#breadcrumb\",\"itemListElement\":[{\"@type\":\"ListItem\",\"position\":1,\"name\":\"Hjem\",\"item\":\"https:\/\/rotobed.com\/pt\/\"},{\"@type\":\"ListItem\",\"position\":2,\"name\":\"RotoBed\\u00aeFree PT\"}]}]}<\/script>\n<!-- \/ Yoast SEO plugin. -->","yoast_head_json":{"title":"RotoBed\u00aeFree PT - RotoBed","robots":{"index":"index","follow":"follow","max-snippet":"max-snippet:-1","max-image-preview":"max-image-preview:large","max-video-preview":"max-video-preview:-1"},"canonical":"https:\/\/rotobed.com\/pt\/rotobedfree-pt\/","og_locale":"en_US","og_type":"article","og_title":"RotoBed\u00aeFree PT - RotoBed","og_url":"https:\/\/rotobed.com\/pt\/rotobedfree-pt\/","og_site_name":"RotoBed","article_modified_time":"2021-06-15T13:30:52+00:00","twitter_card":"summary","twitter_misc":{"Est. reading time":"12 minutes"},"schema":{"@context":"https:\/\/schema.org","@graph":[{"@type":"WebSite","@id":"https:\/\/rotobed.com\/pt\/#website","url":"https:\/\/rotobed.com\/pt\/","name":"RotoBed","description":"","potentialAction":[{"@type":"SearchAction","target":{"@type":"EntryPoint","urlTemplate":"https:\/\/rotobed.com\/pt\/?s={search_term_string}"},"query-input":"required name=search_term_string"}],"inLanguage":"en-US"},{"@type":"WebPage","@id":"https:\/\/rotobed.com\/pt\/rotobedfree-pt\/#webpage","url":"https:\/\/rotobed.com\/pt\/rotobedfree-pt\/","name":"RotoBed\u00aeFree PT - RotoBed","isPartOf":{"@id":"https:\/\/rotobed.com\/pt\/#website"},"datePublished":"2021-04-22T12:53:10+00:00","dateModified":"2021-06-15T13:30:52+00:00","breadcrumb":{"@id":"https:\/\/rotobed.com\/pt\/rotobedfree-pt\/#breadcrumb"},"inLanguage":"en-US","potentialAction":[{"@type":"ReadAction","target":["https:\/\/rotobed.com\/pt\/rotobedfree-pt\/"]}]},{"@type":"BreadcrumbList","@id":"https:\/\/rotobed.com\/pt\/rotobedfree-pt\/#breadcrumb","itemListElement":[{"@type":"ListItem","position":1,"name":"Hjem","item":"https:\/\/rotobed.com\/pt\/"},{"@type":"ListItem","position":2,"name":"RotoBed\u00aeFree PT"}]}]}},"_links":{"self":[{"href":"https:\/\/rotobed.com\/pt\/wp-json\/wp\/v2\/pages\/7864"}],"collection":[{"href":"https:\/\/rotobed.com\/pt\/wp-json\/wp\/v2\/pages"}],"about":[{"href":"https:\/\/rotobed.com\/pt\/wp-json\/wp\/v2\/types\/page"}],"author":[{"embeddable":true,"href":"https:\/\/rotobed.com\/pt\/wp-json\/wp\/v2\/users\/2"}],"replies":[{"embeddable":true,"href":"https:\/\/rotobed.com\/pt\/wp-json\/wp\/v2\/comments?post=7864"}],"version-history":[{"count":7,"href":"https:\/\/rotobed.com\/pt\/wp-json\/wp\/v2\/pages\/7864\/revisions"}],"predecessor-version":[{"id":8036,"href":"https:\/\/rotobed.com\/pt\/wp-json\/wp\/v2\/pages\/7864\/revisions\/8036"}],"wp:attachment":[{"href":"https:\/\/rotobed.com\/pt\/wp-json\/wp\/v2\/media?parent=7864"}],"curies":[{"name":"wp","href":"https:\/\/api.w.org\/{rel}","templated":true}]}}