{"id":7963,"date":"2021-06-15T09:42:09","date_gmt":"2021-06-15T09:42:09","guid":{"rendered":"https:\/\/rotobed.com\/pt\/?page_id=7963"},"modified":"2021-06-16T07:57:15","modified_gmt":"2021-06-16T07:57:15","slug":"hans-villadsen-pt","status":"publish","type":"page","link":"https:\/\/rotobed.com\/pt\/hans-villadsen-pt\/","title":{"rendered":"Hans Villadsen PT"},"content":{"rendered":"<div style='height:10px' class='hr hr-invisible  '><span class='hr-inner ' ><span class='hr-inner-style'><\/span><\/span><\/div>\n<\/div><\/div><\/div><!-- close content main div --><\/div><\/div><div id='av-layout-grid-1' class='av-layout-grid-container entry-content-wrapper main_color av-flex-cells   av-border-cells container_wrap fullsize'   >\n<div class=\"flex_cell no_margin av_two_third   \" style='vertical-align:top; padding:30px; '><div class='flex_cell_inner' ><section class=\"av_textblock_section \"  itemscope=\"itemscope\" itemtype=\"https:\/\/schema.org\/CreativeWork\" ><div class='avia_textblock  '   itemprop=\"text\" ><h1 style=\"text-align: center;\"><strong><span style=\"color: #b50202;\">Diagnosticado com PSP:<\/span><\/strong><\/h1>\n<h1 style=\"text-align: center;\"><strong>Comprar a RotoBed\u00ae voltou a<\/strong><\/h1>\n<h1 style=\"text-align: center;\"><strong>dar vida ao meu marido<\/strong><\/h1>\n<\/div><\/section><br \/>\n<div class='avia-image-container  av-styling-    avia-align-center '  itemprop=\"ImageObject\" itemscope=\"itemscope\" itemtype=\"https:\/\/schema.org\/ImageObject\"  ><div class='avia-image-container-inner'><img class='avia_image ' src='https:\/\/rotobed.com\/pt\/wp-content\/uploads\/2020\/11\/Hans-Villadsen-og-Else-1030x693.jpg' alt='' title='Hans Villadsen og Else'   itemprop=\"thumbnailUrl\"  \/><\/div><\/div><br \/>\n<section class=\"av_textblock_section \"  itemscope=\"itemscope\" itemtype=\"https:\/\/schema.org\/CreativeWork\" ><div class='avia_textblock  '   itemprop=\"text\" ><h3><span style=\"color: #000000;\"><strong>PSP Parkinson: Ap\u00f3s uma longa vida como bombeiro e condutor de ambul\u00e2ncias, Hans Villadsen foi diagnosticado com PSP Parkinson e precisou de ajuda. Foi-lhe concedida uma RotoBed\u00aeFree e tornou-se autossuficiente. Mais tarde a cama foi-lhe retirada, mas a sua esposa recusou-se a aceit\u00e1-lo. Pelo seu bem.<\/strong><\/span><\/h3>\n<p>Foi na pista de dan\u00e7a de um clube de jazz que o corpo de Hans Villadsen mostrou pela primeira vez sinais de que algo n\u00e3o estava bem. Tinha 65 anos de idade e estava a desfrutar de uma dan\u00e7a com a sua Else quando, de repente deixou de se mexer. Ficou ali parado, no meio da pista de dan\u00e7a.<\/p>\n<p>&#8211; Tenho de voltar para a mesa. As minhas pernas n\u00e3o se mexem, disse ele.<\/p>\n<p>No in\u00edcio, Else n\u00e3o pensou mais no que acontecera. Teria o seu grande e forte marido bebido um copo de vinho a mais? Mas com o tempo, outros sinais foram aparecendo. Embora Hans ainda andasse de bicicleta e parecesse em forma, ele come\u00e7ou a arrastar os p\u00e9s enquanto caminhava. Mais tarde, um ombro come\u00e7ou a ficar ligeiramente pendurado. Em 2012, tr\u00eas anos ap\u00f3s a dan\u00e7a no clube de jazz, Hans Villadsen foi diagnosticado com Parkinson. Em 2016, tornou-se claro que tinha PSP Parkinson, uma forma agressiva de Parkinson que causa um andar inst\u00e1vel, problemas de equil\u00edbrio e uma tend\u00eancia para quedas s\u00fabitas.<\/p>\n<p>O casal conseguiu lidar com a situa\u00e7\u00e3o at\u00e9 h\u00e1 dois anos. Nessa altura, Hans tinha tanta dificuldade em controlar os seus movimentos que muitas vezes ca\u00eda quando entrava ou sa\u00eda da cama. E, para Else, j\u00e1 n\u00e3o era poss\u00edvel ajudar o seu marido sozinha.<\/p>\n<p>&#8211; Ele j\u00e1 n\u00e3o conseguia levantar as pernas da cama sozinho. Eram puro peso morto, e ele pesa quase o dobro do que eu, por isso, naturalmente, n\u00e3o consegui lidar com a situa\u00e7\u00e3o, diz Else.<\/p>\n<p>Era necess\u00e1ria uma solu\u00e7\u00e3o e o munic\u00edpio local prop\u00f4s uma RotoBed\u00aeFree. O casal nunca antes tinha ouvido falar de uma cama que pudesse rodar o utilizador para que ele pudesse sair da cama.<\/p>\n<p>&#8211; N\u00e3o t\u00ednhamos de todo conhecimento da sua exist\u00eancia, mas parecia um sonho. Est\u00e1vamos ansiosos por experimentar, e fez uma enorme diferen\u00e7a logo desde o in\u00edcio. Hans ainda precisa de um pouco de orienta\u00e7\u00e3o &#8211; como dizer-lhe para mover um pouco o p\u00e9 direito para a frente e esse tipo de coisas, mas tirando isso, ele agora sai da cama sozinho, diz Else.<\/p>\n<h2>Quando a cama de Hans passou a ser, de repente, a cama do pessoal<\/h2>\n<p>A doen\u00e7a de Hans Villadsen evoluiu e, pouco depois do Ano Novo de 2020, Hans mudou-se para um lar de idosos, trazendo consigo a sua RotoBed\u00aeFree. E o pessoal do lar de idosos estava t\u00e3o entusiasmado com a cama como Hans. No entanto, posteriormente, o casal tomou uma decis\u00e3o que infelizmente se tornou dispendiosa para eles.<\/p>\n<p>&#8211; Escolhemos mudar-nos para um munic\u00edpio diferente, onde t\u00ednhamos encontrado um bom centro de cuidados com um jardim sensorial, que se adequava muito bem a Hans. No entanto, o antigo munic\u00edpio disse que a cama era uma ajuda em benef\u00edcio do pessoal, n\u00e3o de Hans. Por conseguinte, n\u00e3o nos foi permitido trazer a cama, e o novo munic\u00edpio n\u00e3o iria conceder uma RotoBed\u00ae a Hans.<\/p>\n<p>De repente, j\u00e1 n\u00e3o havia uma cama rotativa para ajudar Hans a entrar e sair da cama. E Else sentia-se frustrada.<\/p>\n<p>&#8211; N\u00e3o consigo imaginar Hans a viver uma vida a ser levantado para entrar e sair da cama. Pendurado ali e&#8230; \u00e9 desconfort\u00e1vel e indigno. Mas essa era a alternativa \u00e0 RotoBed\u00ae. Quero que ele mantenha a mobilidade que lhe resta, durante o m\u00e1ximo de tempo poss\u00edvel. Esta \u00e9 a \u00fanica forma de o fazer, porque ser i\u00e7ado significaria n\u00e3o usar as suas pernas, explica ela.<\/p>\n<p>Por fim, Else e Hans conseguiram o dinheiro para pagarem eles pr\u00f3prios uma RotoBed\u00aeFree. No in\u00edcio, Hans estava relutante; n\u00e3o queria que tanto dinheiro fosse gasto com ele, mas Else n\u00e3o cedeu.<\/p>\n<p>&#8211; Tive de perguntar no novo centro de cuidados se Hans estava autorizado a traz\u00ea-la com ele, se n\u00f3s pr\u00f3prios compr\u00e1ssemos uma RotoBed\u00ae. Felizmente, estavam entusiasmados, e assim que souberam, procuraram v\u00eddeos do YouTube para ver &#8220;a maravilha&#8221;, diz ela, acrescentando:<\/p>\n<p>&#8211; Realmente n\u00e3o compreendo porque \u00e9 que nem todos os munic\u00edpios investem nelas. \u00c9 uma grande inven\u00e7\u00e3o, e penso que compensa, porque ajuda a manter a mobilidade e, al\u00e9m disso, o pessoal evita as les\u00f5es nos ombros e costas.<\/p>\n<p>Para Else, foi um al\u00edvio quando o seu marido recebeu uma RotoBed\u00ae, uma vez que lhe poupou o grande esfor\u00e7o f\u00edsico de o ajudar. Mas para Hans a cama tem ainda mais significado, diz ela. N\u00e3o apenas gra\u00e7as \u00e0 ajuda f\u00edsica, mas gra\u00e7as \u00e0 dignidade de poder sair ele pr\u00f3prio da cama.<\/p>\n<p>&#8211; Hans foi chefe de bombeiros e condutor de ambul\u00e2ncias durante 40 anos. Toda a sua vida ajudou outras pessoas. De repente, n\u00e3o conseguia fazer nada sozinho e isso foi-lhe muito dif\u00edcil de aceitar. Quando obteve a sua RotoBed\u00aeFree, tornou-se novamente mais autossuficiente, o que devolveu a vida.<\/p>\n<\/div><\/section><\/p>\n<\/div><\/div><div class=\"flex_cell no_margin av_one_third   \" style='vertical-align:top; padding:30px; '><div class='flex_cell_inner' ><p><div class='avia-image-container  av-styling-    avia-align-center '  itemprop=\"ImageObject\" itemscope=\"itemscope\" itemtype=\"https:\/\/schema.org\/ImageObject\"  ><div class='avia-image-container-inner'><img class='avia_image ' src='https:\/\/rotobed.com\/pt\/wp-content\/uploads\/2020\/11\/hjerne-2.png' alt='bed for parkinson psp' title='RotoBed Parkinson'   itemprop=\"thumbnailUrl\"  \/><\/div><\/div><br \/>\n<section class=\"av_textblock_section \"  itemscope=\"itemscope\" itemtype=\"https:\/\/schema.org\/CreativeWork\" ><div class='avia_textblock  '   itemprop=\"text\" ><h5 style=\"text-align: center;\">O QUE \u00c9 A PSP?<\/h5>\n<p>A paralisia progressiva de supranuclear (PSP) \u00e9 uma condi\u00e7\u00e3o cerebral neurodegenerativa menos conhecida, por vezes mal diagnosticada como doen\u00e7a de Parkinson ou doen\u00e7a de Alzheimer (ou outras formas de dem\u00eancia). N\u00e3o h\u00e1 nenhuma causa conhecida ou cura. Na maioria das vezes, os pacientes est\u00e3o na casa dos sessenta anos quando s\u00e3o diagnosticados com PSP, mas pode aparecer logo aos quarenta anos. Nas fases iniciais da PSP, h\u00e1 uma semelhan\u00e7a com alguns sintomas de Parkinson. Por essa raz\u00e3o, a PSP Parkinson est\u00e1 inclu\u00edda num grupo de doen\u00e7as chamado S\u00edndrome de Parkinson Plus ou Parkinson At\u00edpico. Contudo, a PSP progride muito mais rapidamente, causa sintomas mais graves, responde muito mal \u00e0 medica\u00e7\u00e3o de Parkinson, e tem uma esperan\u00e7a de vida significativamente reduzida. 5-6 pessoas em 100.000 t\u00eam PSP (fonte:\u00a0<a href=\"http:\/\/www.psp.org\/\">www.psp.org<\/a>).<\/p>\n<p><strong>Sintomas<\/strong><\/p>\n<p>A PSP Parkinson caracteriza-se por alguma lentid\u00e3o, com rigidez muscular significativa em todo o corpo &#8211; especialmente nos m\u00fasculos do pesco\u00e7o e das costas e, por vezes, com uma postura curvada para tr\u00e1s como resultado. O tremor raramente \u00e9 observado. H\u00e1 normalmente uma quantidade igual de parkinsonismo em ambos os lados do corpo. Os problemas motores levam frequentemente a grandes dist\u00farbios de marcha e equil\u00edbrio, bem como a uma consequente tend\u00eancia para quedas. Esta tend\u00eancia para quedas \u00e9 muitas vezes exacerbada pela falta de movimento dos olhos.<\/p>\n<p>Os movimentos lentos dos olhos complicam as fun\u00e7\u00f5es quotidianas, por exemplo, na situa\u00e7\u00e3o alimentar ou em liga\u00e7\u00e3o com a marcha. As dificuldades visuais tamb\u00e9m podem causar problemas em termos de leitura de legendas na televis\u00e3o, uma vez que n\u00e3o se consegue mover os olhos suficientemente depressa. A leitura em geral pode ser problem\u00e1tica, uma vez que pode ser dif\u00edcil manter um olho na linha individual, dif\u00edcil fazer quebras de linha e dif\u00edcil descobrir at\u00e9 que ponto no texto se desceu.<\/p>\n<p>Pode haver um efeito na fala e na fun\u00e7\u00e3o de degluti\u00e7\u00e3o devido \u00e0 m\u00e1 coordena\u00e7\u00e3o e lentid\u00e3o dos m\u00fasculos da boca e da garganta. A obstipa\u00e7\u00e3o e a dificuldade em esvaziar a bexiga podem ocorrer.<\/p>\n<p><strong>Tratamento<\/strong><\/p>\n<p>Ao contr\u00e1rio da doen\u00e7a de Parkinson, a PSP encurta a esperan\u00e7a de vida. No entanto, existem op\u00e7\u00f5es de forma\u00e7\u00e3o e tratamento que suprimem os sintomas e, portanto, ser\u00e3o capazes de aumentar a qualidade de vida do indiv\u00edduo.<\/p>\n<p>\u00c9 importante que tanto o paciente como os familiares tenham uma conversa aprofundada com o neurologista, onde poder\u00e3o esclarecer quaisquer quest\u00f5es sobre a doen\u00e7a e o diagn\u00f3stico individual. Tal como a doen\u00e7a e os sintomas s\u00e3o individuais, o tratamento \u00e9 adaptado individualmente.<\/p>\n<\/div><\/section><br \/>\n<div  class='hr hr-default  '><span class='hr-inner ' ><span class='hr-inner-style'><\/span><\/span><\/div><br \/>\n<section class=\"av_textblock_section \"  itemscope=\"itemscope\" itemtype=\"https:\/\/schema.org\/CreativeWork\" ><div class='avia_textblock  '   itemprop=\"text\" ><h5>Porqu\u00ea escolher uma cama rotativa da RotoBed\u00ae?<\/h5>\n<h5>Veja o que os usu\u00e1rios e parentes dizem sobre suas experi\u00eancias.<\/h5>\n<\/div><\/section><br \/>\n<div style='height:25px' class='hr hr-invisible  '><span class='hr-inner ' ><span class='hr-inner-style'><\/span><\/span><\/div><br \/>\n<div class='avia-image-container  av-styling-    avia-align-center '  itemprop=\"ImageObject\" itemscope=\"itemscope\" itemtype=\"https:\/\/schema.org\/ImageObject\"  ><div class='avia-image-container-inner'><a href='https:\/\/rotobed.com\/pt\/cases-pt\/' class='avia_image'  ><img class='avia_image ' src='https:\/\/rotobed.com\/pt\/wp-content\/uploads\/2020\/01\/Lisbeth-02A-\u00a9-Jonas-Fotografi-1-4-300x200.jpg' alt='psp parkinson bed' title='RotoBed\u00ae testimonies'  itemprop=\"thumbnailUrl\"  \/><\/a><\/div><\/div><br \/>\n<div style='height:20px' class='hr hr-invisible  '><span class='hr-inner ' ><span class='hr-inner-style'><\/span><\/span><\/div><br \/>\n<div class='avia-button-wrap avia-button-center '><a href='https:\/\/rotobed.com\/pt\/cases-pt\/' class='avia-button   avia-icon_select-no avia-color-theme-color avia-size-x-large avia-position-center '   ><span class='avia_iconbox_title' >Mostre-me os depoimentos RotoBed\u00ae<\/span><\/a><\/div><\/p>\n<\/div><\/div><\/div>\n","protected":false},"excerpt":{"rendered":"","protected":false},"author":2,"featured_media":0,"parent":0,"menu_order":0,"comment_status":"closed","ping_status":"closed","template":"","meta":[],"yoast_head":"<!-- This site is optimized with the Yoast SEO plugin v16.9 - https:\/\/yoast.com\/wordpress\/plugins\/seo\/ -->\n<title>Hans Villadsen PT - RotoBed<\/title>\n<meta name=\"robots\" content=\"index, follow, max-snippet:-1, max-image-preview:large, max-video-preview:-1\" \/>\n<link rel=\"canonical\" href=\"https:\/\/rotobed.com\/pt\/hans-villadsen-pt\/\" \/>\n<meta property=\"og:locale\" content=\"en_US\" \/>\n<meta property=\"og:type\" content=\"article\" \/>\n<meta property=\"og:title\" content=\"Hans Villadsen PT - RotoBed\" \/>\n<meta property=\"og:url\" content=\"https:\/\/rotobed.com\/pt\/hans-villadsen-pt\/\" \/>\n<meta property=\"og:site_name\" content=\"RotoBed\" \/>\n<meta property=\"article:modified_time\" content=\"2021-06-16T07:57:15+00:00\" \/>\n<meta name=\"twitter:card\" content=\"summary\" \/>\n<meta name=\"twitter:label1\" content=\"Est. reading time\" \/>\n\t<meta name=\"twitter:data1\" content=\"10 minutes\" \/>\n<script type=\"application\/ld+json\" class=\"yoast-schema-graph\">{\"@context\":\"https:\/\/schema.org\",\"@graph\":[{\"@type\":\"WebSite\",\"@id\":\"https:\/\/rotobed.com\/pt\/#website\",\"url\":\"https:\/\/rotobed.com\/pt\/\",\"name\":\"RotoBed\",\"description\":\"\",\"potentialAction\":[{\"@type\":\"SearchAction\",\"target\":{\"@type\":\"EntryPoint\",\"urlTemplate\":\"https:\/\/rotobed.com\/pt\/?s={search_term_string}\"},\"query-input\":\"required name=search_term_string\"}],\"inLanguage\":\"en-US\"},{\"@type\":\"WebPage\",\"@id\":\"https:\/\/rotobed.com\/pt\/hans-villadsen-pt\/#webpage\",\"url\":\"https:\/\/rotobed.com\/pt\/hans-villadsen-pt\/\",\"name\":\"Hans Villadsen PT - RotoBed\",\"isPartOf\":{\"@id\":\"https:\/\/rotobed.com\/pt\/#website\"},\"datePublished\":\"2021-06-15T09:42:09+00:00\",\"dateModified\":\"2021-06-16T07:57:15+00:00\",\"breadcrumb\":{\"@id\":\"https:\/\/rotobed.com\/pt\/hans-villadsen-pt\/#breadcrumb\"},\"inLanguage\":\"en-US\",\"potentialAction\":[{\"@type\":\"ReadAction\",\"target\":[\"https:\/\/rotobed.com\/pt\/hans-villadsen-pt\/\"]}]},{\"@type\":\"BreadcrumbList\",\"@id\":\"https:\/\/rotobed.com\/pt\/hans-villadsen-pt\/#breadcrumb\",\"itemListElement\":[{\"@type\":\"ListItem\",\"position\":1,\"name\":\"Hjem\",\"item\":\"https:\/\/rotobed.com\/pt\/\"},{\"@type\":\"ListItem\",\"position\":2,\"name\":\"Hans Villadsen PT\"}]}]}<\/script>\n<!-- \/ Yoast SEO plugin. -->","yoast_head_json":{"title":"Hans Villadsen PT - RotoBed","robots":{"index":"index","follow":"follow","max-snippet":"max-snippet:-1","max-image-preview":"max-image-preview:large","max-video-preview":"max-video-preview:-1"},"canonical":"https:\/\/rotobed.com\/pt\/hans-villadsen-pt\/","og_locale":"en_US","og_type":"article","og_title":"Hans Villadsen PT - RotoBed","og_url":"https:\/\/rotobed.com\/pt\/hans-villadsen-pt\/","og_site_name":"RotoBed","article_modified_time":"2021-06-16T07:57:15+00:00","twitter_card":"summary","twitter_misc":{"Est. reading time":"10 minutes"},"schema":{"@context":"https:\/\/schema.org","@graph":[{"@type":"WebSite","@id":"https:\/\/rotobed.com\/pt\/#website","url":"https:\/\/rotobed.com\/pt\/","name":"RotoBed","description":"","potentialAction":[{"@type":"SearchAction","target":{"@type":"EntryPoint","urlTemplate":"https:\/\/rotobed.com\/pt\/?s={search_term_string}"},"query-input":"required name=search_term_string"}],"inLanguage":"en-US"},{"@type":"WebPage","@id":"https:\/\/rotobed.com\/pt\/hans-villadsen-pt\/#webpage","url":"https:\/\/rotobed.com\/pt\/hans-villadsen-pt\/","name":"Hans Villadsen PT - RotoBed","isPartOf":{"@id":"https:\/\/rotobed.com\/pt\/#website"},"datePublished":"2021-06-15T09:42:09+00:00","dateModified":"2021-06-16T07:57:15+00:00","breadcrumb":{"@id":"https:\/\/rotobed.com\/pt\/hans-villadsen-pt\/#breadcrumb"},"inLanguage":"en-US","potentialAction":[{"@type":"ReadAction","target":["https:\/\/rotobed.com\/pt\/hans-villadsen-pt\/"]}]},{"@type":"BreadcrumbList","@id":"https:\/\/rotobed.com\/pt\/hans-villadsen-pt\/#breadcrumb","itemListElement":[{"@type":"ListItem","position":1,"name":"Hjem","item":"https:\/\/rotobed.com\/pt\/"},{"@type":"ListItem","position":2,"name":"Hans Villadsen PT"}]}]}},"_links":{"self":[{"href":"https:\/\/rotobed.com\/pt\/wp-json\/wp\/v2\/pages\/7963"}],"collection":[{"href":"https:\/\/rotobed.com\/pt\/wp-json\/wp\/v2\/pages"}],"about":[{"href":"https:\/\/rotobed.com\/pt\/wp-json\/wp\/v2\/types\/page"}],"author":[{"embeddable":true,"href":"https:\/\/rotobed.com\/pt\/wp-json\/wp\/v2\/users\/2"}],"replies":[{"embeddable":true,"href":"https:\/\/rotobed.com\/pt\/wp-json\/wp\/v2\/comments?post=7963"}],"version-history":[{"count":4,"href":"https:\/\/rotobed.com\/pt\/wp-json\/wp\/v2\/pages\/7963\/revisions"}],"predecessor-version":[{"id":8072,"href":"https:\/\/rotobed.com\/pt\/wp-json\/wp\/v2\/pages\/7963\/revisions\/8072"}],"wp:attachment":[{"href":"https:\/\/rotobed.com\/pt\/wp-json\/wp\/v2\/media?parent=7963"}],"curies":[{"name":"wp","href":"https:\/\/api.w.org\/{rel}","templated":true}]}}