{"id":7970,"date":"2021-06-15T09:56:34","date_gmt":"2021-06-15T09:56:34","guid":{"rendered":"https:\/\/rotobed.com\/pt\/?page_id=7970"},"modified":"2021-06-16T07:58:31","modified_gmt":"2021-06-16T07:58:31","slug":"lisbeth-buhl-pt","status":"publish","type":"page","link":"https:\/\/rotobed.com\/pt\/lisbeth-buhl-pt\/","title":{"rendered":"Lisbeth Buhl PT"},"content":{"rendered":"<\/div><\/div><\/div><!-- close content main div --><\/div><\/div><div id='av-layout-grid-1' class='av-layout-grid-container entry-content-wrapper main_color av-flex-cells   av-border-cells container_wrap fullsize'   >\n<div class=\"flex_cell no_margin av_two_third   \" style='vertical-align:top; padding:30px; '><div class='flex_cell_inner' ><section class=\"av_textblock_section \"  itemscope=\"itemscope\" itemtype=\"https:\/\/schema.org\/CreativeWork\" ><div class='avia_textblock  '   itemprop=\"text\" ><h1><strong><span style=\"color: #333399;\">Efeito comprovado: <\/span><\/strong><strong>Escolha uma cama m\u00e9dica RotoBed\u00ae para prevenir \u00falceras de press\u00e3o<\/strong><\/h1>\n<\/div><\/section><br \/>\n<div style='height:25px' class='hr hr-invisible  '><span class='hr-inner ' ><span class='hr-inner-style'><\/span><\/span><\/div><br \/>\n<div class='avia-image-container  av-styling-    avia-align-center '  itemprop=\"ImageObject\" itemscope=\"itemscope\" itemtype=\"https:\/\/schema.org\/ImageObject\"  ><div class='avia-image-container-inner'><img class='avia_image ' src='https:\/\/rotobed.com\/pt\/wp-content\/uploads\/2020\/01\/Lisbeth-02A-\u00a9-Jonas-Fotografi-1-5-845x684.jpg' alt='Prevent pressure ulcers with a rotating bed' title='Lisbeth'   itemprop=\"thumbnailUrl\"  \/><\/div><\/div><br \/>\n<div style='height:25px' class='hr hr-invisible  '><span class='hr-inner ' ><span class='hr-inner-style'><\/span><\/span><\/div><br \/>\n<section class=\"av_textblock_section \"  itemscope=\"itemscope\" itemtype=\"https:\/\/schema.org\/CreativeWork\" ><div class='avia_textblock  '   itemprop=\"text\" ><h3><strong>Lisbeth Buhl, Terapeuta Ocupacional de um Instituto de Defici\u00eancia, realizou um teste \u00e0 RotoBed\u00ae.<\/strong><\/h3>\n<p>Test\u00e1mos a cama rotativa RotoBed\u00ae como parte de um projeto. O objetivo era principalmente descobrir se a cama podia tornar um paciente autossuficiente a um ponto em que a necessidade de assist\u00eancia para entrar e sair da cama pudesse ser adiada ou omitida por completo. Test\u00e1mos a cama com 11 pacientes que estavam perto de uma fase em que os servi\u00e7os de cuidados domicili\u00e1rios prestados pelo munic\u00edpio se tornariam necess\u00e1rios, e os resultados revelaram-se muito positivos.<\/p>\n<p>Quer\u00edamos ter a certeza que obt\u00ednhamos resultados exatos. Primeiro visit\u00e1mos o doente e fizemos uma avalia\u00e7\u00e3o profissional, COPM, com base na pr\u00f3pria avalia\u00e7\u00e3o do doente. Em seguida, o paciente veio ao Instituto de Defici\u00eancia para um teste a fim de garantir que poderia usar as fun\u00e7\u00f5es da cama. Logo ap\u00f3s a entrega da cama, fizemos uma visita de acompanhamento na casa do paciente com uma revis\u00e3o adicional de toda a opera\u00e7\u00e3o, e ap\u00f3s 3-4 semanas uma terceira visita para uma avalia\u00e7\u00e3o final.<\/p>\n<h2>Prevenir \u00falceras de press\u00e3o e fraturas<\/h2>\n<p>O risco de \u00falceras de press\u00e3o \u00e9 reduzido gra\u00e7as a uma menor tor\u00e7\u00e3o e pux\u00e3o da pele tanto a entrar como a sair, e na tentativa de encontrar uma boa posi\u00e7\u00e3o corporal. Tal faz com que seja uma boa cama para prevenir \u00falceras de press\u00e3o. A cama tamb\u00e9m evita quedas, e as pessoas com osteoporose t\u00eam menos dores e um menor risco de fraturas gra\u00e7as a menor necessidade de manipula\u00e7\u00f5es.<\/p>\n<p>Vale a pena gastar algum tempo para assegurar que o paciente conhece a cama e se sente confort\u00e1vel ao us\u00e1-la. Todos os pacientes do projeto se tornaram mais autossuficientes e est\u00e3o muito satisfeitos com isso. Poderem levantar-se ou ir para a cama sozinhos ofereceu uma liberdade valiosa a eles e \u00e0s suas fam\u00edlias.<\/p>\n<h2>Marido e mulher &#8211; n\u00e3o paciente e cuidador<\/h2>\n<p>Os pacientes envolvidos sofrem de doen\u00e7as cr\u00f3nicas, tais como Parkinson e artrite. T\u00eam uma quantidade limitada de energia e utiliz\u00e1-la toda ao sair da cama seria uma pena. A maioria \u00e9 idosa, e os seus c\u00f4njuges muitas vezes n\u00e3o t\u00eam a for\u00e7a f\u00edsica necess\u00e1ria para ajudar. Com uma RotoBed\u00ae, o casal tem uma melhor oportunidade de ser marido e mulher em vez de paciente deficiente e cuidador. Dessa forma, os c\u00f4njuges tamb\u00e9m ficam muito satisfeitos com a cama.<\/p>\n<\/div><\/section><\/p>\n<\/div><\/div><div class=\"flex_cell no_margin av_one_third   \" style='vertical-align:top; padding:30px; '><div class='flex_cell_inner' ><p><div class='avia-image-container  av-styling-    avia-align-center '  itemprop=\"ImageObject\" itemscope=\"itemscope\" itemtype=\"https:\/\/schema.org\/ImageObject\"  ><div class='avia-image-container-inner'><img class='avia_image ' src='https:\/\/rotobed.com\/pt\/wp-content\/uploads\/2020\/10\/Skitser-ligges\u00e5r--300x109.jpg' alt='rotobed prevent pressure ulcers' title='Pressure points'   itemprop=\"thumbnailUrl\"  \/><\/div><\/div><br \/>\n<section class=\"av_textblock_section \"  itemscope=\"itemscope\" itemtype=\"https:\/\/schema.org\/CreativeWork\" ><div class='avia_textblock  '   itemprop=\"text\" ><h3><strong>As \u00falceras de press\u00e3o s\u00e3o dolorosas e comuns em doentes acamados<\/strong><\/h3>\n<p>As \u00falceras de press\u00e3o &#8211; tamb\u00e9m chamadas feridas de cama ou dec\u00fabito &#8211; surgem onde a pele est\u00e1 perto dos ossos e s\u00e3o causadas por uma press\u00e3o prolongada contra a pele e os tecidos logo abaixo. As \u00e1reas vulner\u00e1veis s\u00e3o ombros, calcanhares, ancas, n\u00e1degas, cotovelos, tornozelos, nuca e lombar, especialmente o c\u00f3ccix.<\/p>\n<p>As \u00falceras de press\u00e3o podem ser muito dolorosas e requerem tratamento e cuidados prolongados. Uma pessoa saud\u00e1vel muda de posi\u00e7\u00e3o at\u00e9 30 vezes numa s\u00f3 noite, mas as pessoas paralisadas ou debilitadas s\u00e3o incapazes de o fazer e s\u00e3o suscet\u00edveis de desenvolver \u00falceras de press\u00e3o se a preven\u00e7\u00e3o n\u00e3o for iniciada. \u00c9 mais prov\u00e1vel que contraia \u00falceras de press\u00e3o se:<\/p>\n<section>\n<div class=\"section\">\n<div id=\"section-2\" class=\"section-body\">\n<ul>\n<li>Tiver de usar uma cadeira de rodas ou ficar na cama durante muito tempo<\/li>\n<li>For um adulto mais velho<\/li>\n<li>N\u00e3o puder mover certas partes do seu corpo sem ajuda<\/li>\n<li>Tiver uma doen\u00e7a que afeta o fluxo sangu\u00edneo, incluindo diabetes ou doen\u00e7a vascular<\/li>\n<li>Tiver doen\u00e7a de Alzheimer ou outra condi\u00e7\u00e3o que afete o seu estado mental<\/li>\n<li>Tiver pele fr\u00e1gil<\/li>\n<li>N\u00e3o puder controlar a sua bexiga ou intestinos<\/li>\n<li>N\u00e3o tiver nutri\u00e7\u00e3o suficiente<\/li>\n<li>(fonte:\u00a0<a href=\"https:\/\/medlineplus.gov\/ency\/patientinstructions\/000740.htm\">Biblioteca Nacional de Medicina dos E.U.A<\/a>,)<\/li>\n<\/ul>\n<\/div>\n<\/div>\n<\/section>\n<p><strong>Solu\u00e7\u00f5es RotoBed\u00ae para \u00falceras de press\u00e3o<\/strong><\/p>\n<p>Com uma cama rotativa, o risco de \u00falceras de press\u00e3o \u00e9 reduzido gra\u00e7as a uma menor tor\u00e7\u00e3o e pux\u00e3o da pele tanto a entrar como a sair, e na tentativa de encontrar uma boa posi\u00e7\u00e3o corporal. Al\u00e9m disso, a RotoBed\u00ae pode ser entregue com colch\u00f5es de espuma de alta qualidade com prote\u00e7\u00e3o e tratamento documentados de \u00falceras de press\u00e3o em todas as 4 fases.<\/p>\n<\/div><\/section><br \/>\n<div style=' margin-top:10px; margin-bottom:10px;'  class='hr hr-custom hr-center hr-icon-no  '><span class='hr-inner   inner-border-av-border-thin' style=' width:100%;' ><span class='hr-inner-style'><\/span><\/span><\/div><br \/>\n<div style='padding-bottom:0px;' class='av-special-heading av-special-heading-h3     '><h3 class='av-special-heading-tag '  itemprop=\"headline\"  >Quem mais pode se beneficiar com um RotoBed\u00ae? Veja o que outros usu\u00e1rios e parentes dizem sobre suas experi\u00eancias.<\/h3><div class='special-heading-border'><div class='special-heading-inner-border' ><\/div><\/div><\/div><br \/>\n<div style='height:10px' class='hr hr-invisible  '><span class='hr-inner ' ><span class='hr-inner-style'><\/span><\/span><\/div><br \/>\n<div class='avia-image-container  av-styling-    avia-align-center '  itemprop=\"ImageObject\" itemscope=\"itemscope\" itemtype=\"https:\/\/schema.org\/ImageObject\"  ><div class='avia-image-container-inner'><a href='https:\/\/rotobed.com\/pt\/cases-pt\/' class='avia_image'  ><img class='avia_image ' src='https:\/\/rotobed.com\/pt\/wp-content\/uploads\/2020\/11\/Hans-04-\u00a9-Jonas-Fotografi-1030x687.jpg' alt='rotation bed user testemony' title='Hans Villadsen has a RotoBed\u00ae'  itemprop=\"thumbnailUrl\"  \/><\/a><\/div><\/div><br \/>\n<div class='avia-button-wrap avia-button-center '><a href='https:\/\/rotobed.com\/pt\/cases-pt\/' class='avia-button   avia-icon_select-no avia-color-theme-color avia-size-x-large avia-position-center '   ><span class='avia_iconbox_title' >Mostre-me todos os depoimentos RotoBeds\u00ae<\/span><\/a><\/div><\/p>\n<\/div><\/div><\/div>\n","protected":false},"excerpt":{"rendered":"","protected":false},"author":2,"featured_media":0,"parent":0,"menu_order":0,"comment_status":"closed","ping_status":"closed","template":"","meta":[],"yoast_head":"<!-- This site is optimized with the Yoast SEO plugin v16.9 - https:\/\/yoast.com\/wordpress\/plugins\/seo\/ -->\n<title>Lisbeth Buhl PT - RotoBed<\/title>\n<meta name=\"robots\" content=\"index, follow, max-snippet:-1, max-image-preview:large, max-video-preview:-1\" \/>\n<link rel=\"canonical\" href=\"https:\/\/rotobed.com\/pt\/lisbeth-buhl-pt\/\" \/>\n<meta property=\"og:locale\" content=\"en_US\" \/>\n<meta property=\"og:type\" content=\"article\" \/>\n<meta property=\"og:title\" content=\"Lisbeth Buhl PT - RotoBed\" \/>\n<meta property=\"og:url\" content=\"https:\/\/rotobed.com\/pt\/lisbeth-buhl-pt\/\" \/>\n<meta property=\"og:site_name\" content=\"RotoBed\" \/>\n<meta property=\"article:modified_time\" content=\"2021-06-16T07:58:31+00:00\" \/>\n<meta name=\"twitter:card\" content=\"summary\" \/>\n<meta name=\"twitter:label1\" content=\"Est. reading time\" \/>\n\t<meta name=\"twitter:data1\" content=\"7 minutes\" \/>\n<script type=\"application\/ld+json\" class=\"yoast-schema-graph\">{\"@context\":\"https:\/\/schema.org\",\"@graph\":[{\"@type\":\"WebSite\",\"@id\":\"https:\/\/rotobed.com\/pt\/#website\",\"url\":\"https:\/\/rotobed.com\/pt\/\",\"name\":\"RotoBed\",\"description\":\"\",\"potentialAction\":[{\"@type\":\"SearchAction\",\"target\":{\"@type\":\"EntryPoint\",\"urlTemplate\":\"https:\/\/rotobed.com\/pt\/?s={search_term_string}\"},\"query-input\":\"required name=search_term_string\"}],\"inLanguage\":\"en-US\"},{\"@type\":\"WebPage\",\"@id\":\"https:\/\/rotobed.com\/pt\/lisbeth-buhl-pt\/#webpage\",\"url\":\"https:\/\/rotobed.com\/pt\/lisbeth-buhl-pt\/\",\"name\":\"Lisbeth Buhl PT - RotoBed\",\"isPartOf\":{\"@id\":\"https:\/\/rotobed.com\/pt\/#website\"},\"datePublished\":\"2021-06-15T09:56:34+00:00\",\"dateModified\":\"2021-06-16T07:58:31+00:00\",\"breadcrumb\":{\"@id\":\"https:\/\/rotobed.com\/pt\/lisbeth-buhl-pt\/#breadcrumb\"},\"inLanguage\":\"en-US\",\"potentialAction\":[{\"@type\":\"ReadAction\",\"target\":[\"https:\/\/rotobed.com\/pt\/lisbeth-buhl-pt\/\"]}]},{\"@type\":\"BreadcrumbList\",\"@id\":\"https:\/\/rotobed.com\/pt\/lisbeth-buhl-pt\/#breadcrumb\",\"itemListElement\":[{\"@type\":\"ListItem\",\"position\":1,\"name\":\"Hjem\",\"item\":\"https:\/\/rotobed.com\/pt\/\"},{\"@type\":\"ListItem\",\"position\":2,\"name\":\"Lisbeth Buhl PT\"}]}]}<\/script>\n<!-- \/ Yoast SEO plugin. -->","yoast_head_json":{"title":"Lisbeth Buhl PT - RotoBed","robots":{"index":"index","follow":"follow","max-snippet":"max-snippet:-1","max-image-preview":"max-image-preview:large","max-video-preview":"max-video-preview:-1"},"canonical":"https:\/\/rotobed.com\/pt\/lisbeth-buhl-pt\/","og_locale":"en_US","og_type":"article","og_title":"Lisbeth Buhl PT - RotoBed","og_url":"https:\/\/rotobed.com\/pt\/lisbeth-buhl-pt\/","og_site_name":"RotoBed","article_modified_time":"2021-06-16T07:58:31+00:00","twitter_card":"summary","twitter_misc":{"Est. reading time":"7 minutes"},"schema":{"@context":"https:\/\/schema.org","@graph":[{"@type":"WebSite","@id":"https:\/\/rotobed.com\/pt\/#website","url":"https:\/\/rotobed.com\/pt\/","name":"RotoBed","description":"","potentialAction":[{"@type":"SearchAction","target":{"@type":"EntryPoint","urlTemplate":"https:\/\/rotobed.com\/pt\/?s={search_term_string}"},"query-input":"required name=search_term_string"}],"inLanguage":"en-US"},{"@type":"WebPage","@id":"https:\/\/rotobed.com\/pt\/lisbeth-buhl-pt\/#webpage","url":"https:\/\/rotobed.com\/pt\/lisbeth-buhl-pt\/","name":"Lisbeth Buhl PT - RotoBed","isPartOf":{"@id":"https:\/\/rotobed.com\/pt\/#website"},"datePublished":"2021-06-15T09:56:34+00:00","dateModified":"2021-06-16T07:58:31+00:00","breadcrumb":{"@id":"https:\/\/rotobed.com\/pt\/lisbeth-buhl-pt\/#breadcrumb"},"inLanguage":"en-US","potentialAction":[{"@type":"ReadAction","target":["https:\/\/rotobed.com\/pt\/lisbeth-buhl-pt\/"]}]},{"@type":"BreadcrumbList","@id":"https:\/\/rotobed.com\/pt\/lisbeth-buhl-pt\/#breadcrumb","itemListElement":[{"@type":"ListItem","position":1,"name":"Hjem","item":"https:\/\/rotobed.com\/pt\/"},{"@type":"ListItem","position":2,"name":"Lisbeth Buhl PT"}]}]}},"_links":{"self":[{"href":"https:\/\/rotobed.com\/pt\/wp-json\/wp\/v2\/pages\/7970"}],"collection":[{"href":"https:\/\/rotobed.com\/pt\/wp-json\/wp\/v2\/pages"}],"about":[{"href":"https:\/\/rotobed.com\/pt\/wp-json\/wp\/v2\/types\/page"}],"author":[{"embeddable":true,"href":"https:\/\/rotobed.com\/pt\/wp-json\/wp\/v2\/users\/2"}],"replies":[{"embeddable":true,"href":"https:\/\/rotobed.com\/pt\/wp-json\/wp\/v2\/comments?post=7970"}],"version-history":[{"count":4,"href":"https:\/\/rotobed.com\/pt\/wp-json\/wp\/v2\/pages\/7970\/revisions"}],"predecessor-version":[{"id":8074,"href":"https:\/\/rotobed.com\/pt\/wp-json\/wp\/v2\/pages\/7970\/revisions\/8074"}],"wp:attachment":[{"href":"https:\/\/rotobed.com\/pt\/wp-json\/wp\/v2\/media?parent=7970"}],"curies":[{"name":"wp","href":"https:\/\/api.w.org\/{rel}","templated":true}]}}