{"id":7975,"date":"2021-06-15T10:12:41","date_gmt":"2021-06-15T10:12:41","guid":{"rendered":"https:\/\/rotobed.com\/pt\/?page_id=7975"},"modified":"2021-06-16T07:59:09","modified_gmt":"2021-06-16T07:59:09","slug":"esther-sogaard-pt","status":"publish","type":"page","link":"https:\/\/rotobed.com\/pt\/esther-sogaard-pt\/","title":{"rendered":"Esther S\u00f8gaard PT"},"content":{"rendered":"<\/div><\/div><\/div><!-- close content main div --><\/div><\/div><div id='av-layout-grid-1' class='av-layout-grid-container entry-content-wrapper main_color av-flex-cells   av-border-cells container_wrap fullsize'   >\n<div class=\"flex_cell no_margin av_two_third   \" style='vertical-align:top; padding:30px; '><div class='flex_cell_inner' ><section class=\"av_textblock_section \"  itemscope=\"itemscope\" itemtype=\"https:\/\/schema.org\/CreativeWork\" ><div class='avia_textblock  '  style='font-size:40px; '  itemprop=\"text\" ><h1 style=\"text-align: center;\"><span style=\"color: #2a0a66;\">Joelhos enormes devido a linfedema:<\/span><\/h1>\n<h1 style=\"text-align: center;\"><strong>Agora tenho a minha vida de volta<\/strong><\/h1>\n<\/div><\/section><br \/>\n<div style='height:30px' class='hr hr-invisible  '><span class='hr-inner ' ><span class='hr-inner-style'><\/span><\/span><\/div><br \/>\n<div class='avia-image-container  av-styling-    avia-align-center '  itemprop=\"ImageObject\" itemscope=\"itemscope\" itemtype=\"https:\/\/schema.org\/ImageObject\"  ><div class='avia-image-container-inner'><img class='avia_image ' src='https:\/\/rotobed.com\/pt\/wp-content\/uploads\/2015\/09\/Ester-1-1030x687.jpg' alt='lymphedema RotoBed' title='Esthers testimonial'   itemprop=\"thumbnailUrl\"  \/><\/div><\/div><br \/>\n<div style='height:20px' class='hr hr-invisible  '><span class='hr-inner ' ><span class='hr-inner-style'><\/span><\/span><\/div><br \/>\n<section class=\"av_textblock_section \"  itemscope=\"itemscope\" itemtype=\"https:\/\/schema.org\/CreativeWork\" ><div class='avia_textblock  '   itemprop=\"text\" ><h3><strong>Linfedema: Esther Soegaard tem 77 anos de idade. Sofre de linfedema e n\u00e3o \u00e9 capaz de levantar as suas pr\u00f3prias pernas. A Esther recebeu uma RotoBed\u00ae h\u00e1 tr\u00eas anos.<\/strong><\/h3>\n<p>Devido ao linfedema, as minhas pernas est\u00e3o t\u00e3o inchadas que o per\u00edmetro do meu joelho \u00e9 de 92 cent\u00edmetros, e n\u00e3o consigo levantar as minhas pernas para entrar na cama sozinha.<\/p>\n<p>Durante muitos anos, a minha vida foi controlada pela agenda dos prestadores de cuidados. Antes de ser aprovada para uma RotoBed\u00ae, tinha a ajuda de cuidadores na minha casa at\u00e9 seis vezes por dia. O seu hor\u00e1rio dizia que chegariam \u00e0s 12:30 para me ajudarem a entrar na cama para a minha sesta, o que significava que eu tinha de terminar o almo\u00e7o antes disso.<\/p>\n<p>\u00c0 noite, era colocada na cama entre as 21:30 e 22:30, dependendo do que se adequava ao programa do munic\u00edpio. Era frustrante n\u00e3o poder ir para a cama quando eu queria e pior ainda se tivesse convidados. Eles teriam de sair de casa antes da chegada dos cuidadores, independentemente de estarmos a divertir-nos e eu poderia estar a meio de um jogo de cartas com uma boa m\u00e3o. Quando tinha de ir \u00e0 casa de banho \u00e0 noite, muitas vezes ficava sentada e esperava que os cuidadores viessem e me levassem de volta para a cama. Isto resultou numa qualidade de sono realmente m\u00e1.<\/p>\n<p>Quando consegui a RotoBed\u00ae totalmente autom\u00e1tica, consegui entrar na cama sem ajuda. Deixei de fazer a sesta todos os dias uma vez que dormia muito melhor \u00e0 noite, e a assist\u00eancia dos prestadores de cuidados foi reduzida para duas vezes por dia. Agora como quando estou com fome e n\u00e3o porque os prestadores de cuidados chegar\u00e3o em breve.<\/p>\n<p>A RotoBed\u00ae deu-me uma grande qualidade de vida. Eu, n\u00e3o os hor\u00e1rios dos prestadores de cuidados ou o munic\u00edpio, controlo a minha vida. E quando calculo o que esta cama poupa ao munic\u00edpio em horas de cuidados, espero que todos fiquem contentes.<\/p>\n<\/div><\/section><br \/>\n<div style=' margin-top:30px; margin-bottom:60px;'  class='hr hr-custom hr-center hr-icon-no  '><span class='hr-inner   inner-border-av-border-thin' style=' width:100%;' ><span class='hr-inner-style'><\/span><\/span><\/div><br \/>\n<div class=\"flex_column av_one_half  flex_column_div av-zero-column-padding first  \" style='border-radius:0px; '><section class=\"av_textblock_section \"  itemscope=\"itemscope\" itemtype=\"https:\/\/schema.org\/CreativeWork\" ><div class='avia_textblock  '  style='font-size:14px; '  itemprop=\"text\" ><h2>Quem mais pode se beneficiar com um RotoBed\u00ae?<\/h2>\n<p>Hans Villadsen sofre de Parkinson e, no final, sua esposa n\u00e3o foi mais capaz de ajud\u00e1-lo sozinha.<\/p>\n<p>Veja o que este casal e outros usu\u00e1rios e parentes dizem sobre suas experi\u00eancias com RotoBed\u00ae.<\/p>\n<\/div><\/section><br \/>\n<div style='height:20px' class='hr hr-invisible  '><span class='hr-inner ' ><span class='hr-inner-style'><\/span><\/span><\/div><br \/>\n<div class='avia-button-wrap avia-button-left '><a href='https:\/\/rotobed.com\/pt\/cases-pt\/' class='avia-button   avia-icon_select-no avia-color-theme-color avia-size-x-large avia-position-left '   ><span class='avia_iconbox_title' >Mostre-me todos os depoimentos RotoBeds\u00ae<\/span><\/a><\/div><\/p><\/div><div class=\"flex_column av_one_half  flex_column_div av-zero-column-padding   \" style='border-radius:0px; '><div class='avia-image-container  av-styling-    avia-align-center '  itemprop=\"ImageObject\" itemscope=\"itemscope\" itemtype=\"https:\/\/schema.org\/ImageObject\"  ><div class='avia-image-container-inner'><a href='https:\/\/rotobed.com\/pt\/cases-pt\/' class='avia_image'  ><img class='avia_image ' src='https:\/\/rotobed.com\/pt\/wp-content\/uploads\/2020\/11\/Hans-04-\u00a9-Jonas-Fotografi-1030x687.jpg' alt='rotation bed user testemony' title='Hans Villadsen has a RotoBed\u00ae'  itemprop=\"thumbnailUrl\"  \/><\/a><\/div><\/div><\/div><\/p>\n<\/div><\/div><div class=\"flex_cell no_margin av_one_third   \" style='vertical-align:top; padding:30px; '><div class='flex_cell_inner' ><p><div class='avia-image-container  av-styling-    avia-align-center '  itemprop=\"ImageObject\" itemscope=\"itemscope\" itemtype=\"https:\/\/schema.org\/ImageObject\"  ><div class='avia-image-container-inner'><img class='avia_image ' src='https:\/\/rotobed.com\/pt\/wp-content\/uploads\/2021\/06\/lymfodem-portugal.png' alt='' title='lymf\u00f8dem portugal'   itemprop=\"thumbnailUrl\"  \/><\/div><\/div><br \/>\n<section class=\"av_textblock_section \"  itemscope=\"itemscope\" itemtype=\"https:\/\/schema.org\/CreativeWork\" ><div class='avia_textblock  '   itemprop=\"text\" ><h3 style=\"text-align: center;\"><strong>O que \u00e9 linfedema?<\/strong><\/h3>\n<p>O sistema linf\u00e1tico \u00e9 uma parte importante do sistema imunit\u00e1rio do corpo. \u00c9 uma rede de g\u00e2nglios linf\u00e1ticos, dutos ou vasos, e \u00f3rg\u00e3os que trabalham em conjunto para recolher e transportar o l\u00edquido linf\u00e1tico transparente atrav\u00e9s dos tecidos at\u00e9 ao sangue. Quando o l\u00edquido linf\u00e1tico circula no corpo, traz consigo gl\u00f3bulos brancos que ajudam o corpo a combater infe\u00e7\u00f5es.<\/p>\n<p>Se o sistema linf\u00e1tico for danificado, a linfa n\u00e3o circula adequadamente e pode ocorrer um incha\u00e7o chamado linfedema.<\/p>\n<p>\u00c9 feita uma distin\u00e7\u00e3o entre linfedema prim\u00e1rio e linfedema secund\u00e1rio:<\/p>\n<p><strong>Linfedema prim\u00e1rio<\/strong><\/p>\n<p>Ocorre devido a malforma\u00e7\u00f5es ou ao desenvolvimento deficiente do sistema linf\u00e1tico. O incha\u00e7o \u00e9 mais frequentemente observado na adolesc\u00eancia ou quando o paciente tem 30-40 anos de idade. Em casos raros, o linfedema prim\u00e1rio \u00e9 observado \u00e0 nascen\u00e7a.<\/p>\n<p><strong>Linfedema secund\u00e1rio<\/strong><\/p>\n<p>Ocorre se o sistema linf\u00e1tico for danificado, por exemplo, ap\u00f3s cirurgia e\/ou radioterapia. Isto poderia, por exemplo, ser num bra\u00e7o ap\u00f3s uma cirurgia ao cancro da mama onde os g\u00e2nglios linf\u00e1ticos da axila tenham sido removidos ou numa perna ap\u00f3s uma cirurgia no abd\u00f3men onde os g\u00e2nglios linf\u00e1ticos da virilha tenham sido removidos.<\/p>\n<p>No mundo ocidental, a maioria dos casos de linfedema secund\u00e1rio ocorre como uma consequ\u00eancia tardia do tratamento do cancro. O incha\u00e7o pode ocorrer logo ap\u00f3s o tratamento ou v\u00e1rios anos depois.<\/p>\n<p><strong>Sintomas de linfedema<\/strong><\/p>\n<p>Os primeiros sintomas de linfedema podem ser incha\u00e7o, peso e tens\u00e3o, desconforto, formigueiro, dor ou rigidez na parte afetada do corpo. No in\u00edcio, o incha\u00e7o ir\u00e1 diminuir \u00e0 noite, mas se n\u00e3o for tratado, torna-se permanente.<\/p>\n<p>Um linfedema n\u00e3o \u00e9 perigoso, mas pode causar um grande desconforto se n\u00e3o for tratado.<\/p>\n<p>Com a cirurgia e a quimioterapia, pode observar-se um incha\u00e7o transit\u00f3rio que n\u00e3o \u00e9 necessariamente um sinal de linfedema.<\/p>\n<p><strong>Tratamento<\/strong><\/p>\n<p>A compress\u00e3o \u00e9 o tratamento mais eficiente do linfedema. O objetivo do tratamento \u00e9 reduzir o incha\u00e7o e, portanto, o desconforto por meio de ligaduras de compress\u00e3o. Tamb\u00e9m a massagem, cuidados de pele e exerc\u00edcios fazem parte do tratamento. (fontes: <a href=\"http:\/\/www.cancer.org\/\">www.cancer.org,<\/a><u>\u00a0<\/u><a href=\"http:\/\/www.medicalnewstoday.com\/\">www.medicalnewstoday.com<\/a>)<\/p>\n<\/div><\/section><\/p>\n<\/div><\/div><\/div>\n","protected":false},"excerpt":{"rendered":"","protected":false},"author":2,"featured_media":0,"parent":0,"menu_order":0,"comment_status":"closed","ping_status":"closed","template":"","meta":[],"yoast_head":"<!-- This site is optimized with the Yoast SEO plugin v16.9 - https:\/\/yoast.com\/wordpress\/plugins\/seo\/ -->\n<title>Esther S\u00f8gaard PT - RotoBed<\/title>\n<meta name=\"robots\" content=\"index, follow, max-snippet:-1, max-image-preview:large, max-video-preview:-1\" \/>\n<link rel=\"canonical\" href=\"https:\/\/rotobed.com\/pt\/esther-sogaard-pt\/\" \/>\n<meta property=\"og:locale\" content=\"en_US\" \/>\n<meta property=\"og:type\" content=\"article\" \/>\n<meta property=\"og:title\" content=\"Esther S\u00f8gaard PT - RotoBed\" \/>\n<meta property=\"og:url\" content=\"https:\/\/rotobed.com\/pt\/esther-sogaard-pt\/\" \/>\n<meta property=\"og:site_name\" content=\"RotoBed\" \/>\n<meta property=\"article:modified_time\" content=\"2021-06-16T07:59:09+00:00\" \/>\n<meta name=\"twitter:card\" content=\"summary\" \/>\n<meta name=\"twitter:label1\" content=\"Est. reading time\" \/>\n\t<meta name=\"twitter:data1\" content=\"7 minutes\" \/>\n<script type=\"application\/ld+json\" class=\"yoast-schema-graph\">{\"@context\":\"https:\/\/schema.org\",\"@graph\":[{\"@type\":\"WebSite\",\"@id\":\"https:\/\/rotobed.com\/pt\/#website\",\"url\":\"https:\/\/rotobed.com\/pt\/\",\"name\":\"RotoBed\",\"description\":\"\",\"potentialAction\":[{\"@type\":\"SearchAction\",\"target\":{\"@type\":\"EntryPoint\",\"urlTemplate\":\"https:\/\/rotobed.com\/pt\/?s={search_term_string}\"},\"query-input\":\"required name=search_term_string\"}],\"inLanguage\":\"en-US\"},{\"@type\":\"WebPage\",\"@id\":\"https:\/\/rotobed.com\/pt\/esther-sogaard-pt\/#webpage\",\"url\":\"https:\/\/rotobed.com\/pt\/esther-sogaard-pt\/\",\"name\":\"Esther S\\u00f8gaard PT - RotoBed\",\"isPartOf\":{\"@id\":\"https:\/\/rotobed.com\/pt\/#website\"},\"datePublished\":\"2021-06-15T10:12:41+00:00\",\"dateModified\":\"2021-06-16T07:59:09+00:00\",\"breadcrumb\":{\"@id\":\"https:\/\/rotobed.com\/pt\/esther-sogaard-pt\/#breadcrumb\"},\"inLanguage\":\"en-US\",\"potentialAction\":[{\"@type\":\"ReadAction\",\"target\":[\"https:\/\/rotobed.com\/pt\/esther-sogaard-pt\/\"]}]},{\"@type\":\"BreadcrumbList\",\"@id\":\"https:\/\/rotobed.com\/pt\/esther-sogaard-pt\/#breadcrumb\",\"itemListElement\":[{\"@type\":\"ListItem\",\"position\":1,\"name\":\"Hjem\",\"item\":\"https:\/\/rotobed.com\/pt\/\"},{\"@type\":\"ListItem\",\"position\":2,\"name\":\"Esther S\\u00f8gaard PT\"}]}]}<\/script>\n<!-- \/ Yoast SEO plugin. -->","yoast_head_json":{"title":"Esther S\u00f8gaard PT - RotoBed","robots":{"index":"index","follow":"follow","max-snippet":"max-snippet:-1","max-image-preview":"max-image-preview:large","max-video-preview":"max-video-preview:-1"},"canonical":"https:\/\/rotobed.com\/pt\/esther-sogaard-pt\/","og_locale":"en_US","og_type":"article","og_title":"Esther S\u00f8gaard PT - RotoBed","og_url":"https:\/\/rotobed.com\/pt\/esther-sogaard-pt\/","og_site_name":"RotoBed","article_modified_time":"2021-06-16T07:59:09+00:00","twitter_card":"summary","twitter_misc":{"Est. reading time":"7 minutes"},"schema":{"@context":"https:\/\/schema.org","@graph":[{"@type":"WebSite","@id":"https:\/\/rotobed.com\/pt\/#website","url":"https:\/\/rotobed.com\/pt\/","name":"RotoBed","description":"","potentialAction":[{"@type":"SearchAction","target":{"@type":"EntryPoint","urlTemplate":"https:\/\/rotobed.com\/pt\/?s={search_term_string}"},"query-input":"required name=search_term_string"}],"inLanguage":"en-US"},{"@type":"WebPage","@id":"https:\/\/rotobed.com\/pt\/esther-sogaard-pt\/#webpage","url":"https:\/\/rotobed.com\/pt\/esther-sogaard-pt\/","name":"Esther S\u00f8gaard PT - RotoBed","isPartOf":{"@id":"https:\/\/rotobed.com\/pt\/#website"},"datePublished":"2021-06-15T10:12:41+00:00","dateModified":"2021-06-16T07:59:09+00:00","breadcrumb":{"@id":"https:\/\/rotobed.com\/pt\/esther-sogaard-pt\/#breadcrumb"},"inLanguage":"en-US","potentialAction":[{"@type":"ReadAction","target":["https:\/\/rotobed.com\/pt\/esther-sogaard-pt\/"]}]},{"@type":"BreadcrumbList","@id":"https:\/\/rotobed.com\/pt\/esther-sogaard-pt\/#breadcrumb","itemListElement":[{"@type":"ListItem","position":1,"name":"Hjem","item":"https:\/\/rotobed.com\/pt\/"},{"@type":"ListItem","position":2,"name":"Esther S\u00f8gaard PT"}]}]}},"_links":{"self":[{"href":"https:\/\/rotobed.com\/pt\/wp-json\/wp\/v2\/pages\/7975"}],"collection":[{"href":"https:\/\/rotobed.com\/pt\/wp-json\/wp\/v2\/pages"}],"about":[{"href":"https:\/\/rotobed.com\/pt\/wp-json\/wp\/v2\/types\/page"}],"author":[{"embeddable":true,"href":"https:\/\/rotobed.com\/pt\/wp-json\/wp\/v2\/users\/2"}],"replies":[{"embeddable":true,"href":"https:\/\/rotobed.com\/pt\/wp-json\/wp\/v2\/comments?post=7975"}],"version-history":[{"count":6,"href":"https:\/\/rotobed.com\/pt\/wp-json\/wp\/v2\/pages\/7975\/revisions"}],"predecessor-version":[{"id":8076,"href":"https:\/\/rotobed.com\/pt\/wp-json\/wp\/v2\/pages\/7975\/revisions\/8076"}],"wp:attachment":[{"href":"https:\/\/rotobed.com\/pt\/wp-json\/wp\/v2\/media?parent=7975"}],"curies":[{"name":"wp","href":"https:\/\/api.w.org\/{rel}","templated":true}]}}