{"id":8025,"date":"2021-06-15T13:18:58","date_gmt":"2021-06-15T13:18:58","guid":{"rendered":"https:\/\/rotobed.com\/pt\/?page_id=8025"},"modified":"2022-01-21T13:23:19","modified_gmt":"2022-01-21T13:23:19","slug":"cases-pt","status":"publish","type":"page","link":"https:\/\/rotobed.com\/pt\/cases-pt\/","title":{"rendered":"Cases PT"},"content":{"rendered":"<div style='height:30px' class='hr hr-invisible  '><span class='hr-inner ' ><span class='hr-inner-style'><\/span><\/span><\/div>\n<div class=\"flex_column av_one_fourth  flex_column_div av-zero-column-padding first  \" style='border-radius:0px; '><section class=\"av_textblock_section \"  itemscope=\"itemscope\" itemtype=\"https:\/\/schema.org\/CreativeWork\" ><div class='avia_textblock  '   itemprop=\"text\" ><blockquote>\n<p>&#8220;Posso ir para a cama quando quiser, posso levantar-me quando quiser. Posso fazer as coisas sozinha. Para mim, isso significa liberdade.&#8221;<\/p>\n<\/blockquote>\n<\/div><\/section><\/div>\n<div class=\"flex_column av_one_half  flex_column_div av-zero-column-padding   \" style='border-radius:0px; '><p><div style='height:20px' class='hr hr-invisible  '><span class='hr-inner ' ><span class='hr-inner-style'><\/span><\/span><\/div><br \/>\n<div style='text-align:center; font-size:45px; ' class='av-rotator-container av-rotation-container-center   av-fixed-rotator-width' data-interval='5' data-animation='1' data-fixWidth='1'><h1 class='av-rotator-container-inner '>Uma cama rotativa pode mudar sua vida:<span class='av-rotator-text av-rotator-multiline-off '><\/span><\/h1><\/div><br \/>\n<div style='height:20px' class='hr hr-invisible  '><span class='hr-inner ' ><span class='hr-inner-style'><\/span><\/span><\/div><br \/>\n<section class=\"av_textblock_section \"  itemscope=\"itemscope\" itemtype=\"https:\/\/schema.org\/CreativeWork\" ><div class='avia_textblock  '   itemprop=\"text\" ><h3 style=\"text-align: center;\">Testemunhos de usu\u00e1rios da RotoBed\u00ae<\/h3>\n<\/div><\/section><\/p><\/div>\n<div class=\"flex_column av_one_fourth  flex_column_div av-zero-column-padding   \" style='border-radius:0px; '><section class=\"av_textblock_section \"  itemscope=\"itemscope\" itemtype=\"https:\/\/schema.org\/CreativeWork\" ><div class='avia_textblock  '   itemprop=\"text\" ><blockquote>\n<p>&#8220;Quando meu marido comprou seu RotoBed\u00aeFree, ele se tornou mais autossuficiente. Isso acendeu a luz em seus olhos.&#8221;<\/p>\n<\/blockquote>\n<\/div><\/section><\/div>\n<div style='height:20px' class='hr hr-invisible  '><span class='hr-inner ' ><span class='hr-inner-style'><\/span><\/span><\/div>\n<div class=\"flex_column av_one_third  flex_column_div av-zero-column-padding first  \" style='border-radius:0px; '><p><div class='avia-image-container  av-styling-    avia-align-center '  itemprop=\"ImageObject\" itemscope=\"itemscope\" itemtype=\"https:\/\/schema.org\/ImageObject\"  ><div class='avia-image-container-inner'><a href='https:\/\/rotobed.com\/pt\/hans-villadsen-pt\/' class='avia_image'  ><img class='avia_image ' src='https:\/\/rotobed.com\/pt\/wp-content\/uploads\/2020\/11\/Hans-04-\u00a9-Jonas-Fotografi-1030x687.jpg' alt='rotation bed user testemony' title='Hans Villadsen has a RotoBed\u00ae'  itemprop=\"thumbnailUrl\"  \/><\/a><\/div><\/div><br \/>\n<section class=\"av_textblock_section \"  itemscope=\"itemscope\" itemtype=\"https:\/\/schema.org\/CreativeWork\" ><div class='avia_textblock  '   itemprop=\"text\" ><h4><strong><a href=\"https:\/\/rotobed.com\/pt\/hans-villadsen-pt\/\">Hans Villadsen<\/a>,<\/strong> 76 anos de idade. Sofre com a agressiva PSP Parkinson. Hans comprou uma RotoBed\u00aeFree para evitar ser levantado para entrar e sair da cama. Esta \u00e9 a \u00fanica forma digna de se viver, diz a sua esposa.<\/h4>\n<\/div><\/section><\/p><\/div>\n<div class=\"flex_column av_one_third  flex_column_div av-zero-column-padding   \" style='border-radius:0px; '><p><div class='avia-image-container  av-styling-    avia-align-center '  itemprop=\"ImageObject\" itemscope=\"itemscope\" itemtype=\"https:\/\/schema.org\/ImageObject\"  ><div class='avia-image-container-inner'><a href='https:\/\/rotobed.com\/pt\/michael-salling\/' class='avia_image'  ><img class='avia_image ' src='https:\/\/rotobed.com\/pt\/wp-content\/uploads\/2022\/01\/Salling-01-@JonasFotografi-1-1030x687.jpg' alt='rotobed cama testemunhos' title='Michael Salling Testemunho RotoBed'  itemprop=\"thumbnailUrl\"  \/><\/a><\/div><\/div><br \/>\n<section class=\"av_textblock_section \"  itemscope=\"itemscope\" itemtype=\"https:\/\/schema.org\/CreativeWork\" ><div class='avia_textblock  '   itemprop=\"text\" ><h4><a href=\"https:\/\/rotobed.com\/pt\/michael-salling\/\">Michael Salling tem 52 anos e sofre de esclerose m\u00faltipla. Com uma RotoBed\u00ae, Michael agora consegue sair da cama sozinho. Ele diz que \u00e9 &#8220;um sucesso instant\u00e2neo&#8221;.<\/a><\/h4>\n<\/div><\/section><\/p><\/div><div class=\"flex_column av_one_third  flex_column_div av-zero-column-padding   \" style='border-radius:0px; '><p><div class='avia-image-container  av-styling-    avia-align-center '  itemprop=\"ImageObject\" itemscope=\"itemscope\" itemtype=\"https:\/\/schema.org\/ImageObject\"  ><div class='avia-image-container-inner'><a href='https:\/\/rotobed.com\/pt\/lisbeth-buhl-pt\/' class='avia_image'  ><img class='avia_image ' src='https:\/\/rotobed.com\/pt\/wp-content\/uploads\/2020\/01\/Lisbeth-02A-\u00a9-Jonas-Fotografi-1-1-1030x686.jpg' alt='Rotobed rotating care bed' title='RotoBed\u00ae case story'  itemprop=\"thumbnailUrl\"  \/><\/a><\/div><\/div><br \/>\n<section class=\"av_textblock_section \"  itemscope=\"itemscope\" itemtype=\"https:\/\/schema.org\/CreativeWork\" ><div class='avia_textblock  '   itemprop=\"text\" ><h4><a href=\"https:\/\/rotobed.com\/pt\/lisbeth-buhl-pt\/\"><strong>Lisbeth Buhl<\/strong><\/a>, Terapeuta Ocupacional de um Instituto de Defici\u00eancia, realizou um teste de camas rotativas. Lisbeth descobriu que a cama adiou a necessidade de cuidados domicili\u00e1rios.<\/h4>\n<\/div><\/section><\/p><\/div><\/p>\n<div class=\"flex_column av_one_third  flex_column_div av-zero-column-padding first  \" style='border-radius:0px; '><p><div class='avia-image-container  av-styling-    avia-align-center '  itemprop=\"ImageObject\" itemscope=\"itemscope\" itemtype=\"https:\/\/schema.org\/ImageObject\"  ><div class='avia-image-container-inner'><a href='https:\/\/rotobed.com\/pt\/esther-sogaard-pt\/' class='avia_image'  ><img class='avia_image ' src='https:\/\/rotobed.com\/pt\/wp-content\/uploads\/2015\/09\/Ester-03A-1030x685.jpg' alt='' title='Ester-03A'  itemprop=\"thumbnailUrl\"  \/><\/a><\/div><\/div><br \/>\n<section class=\"av_textblock_section \"  itemscope=\"itemscope\" itemtype=\"https:\/\/schema.org\/CreativeWork\" ><div class='avia_textblock  '   itemprop=\"text\" ><h4><a href=\"https:\/\/rotobed.com\/pt\/esther-sogaard-pt\/\"><strong>Esther Soegaard<\/strong><\/a>, 77 anos de idade. Esther sofre de linfedema e n\u00e3o \u00e9 capaz de levantar as suas pr\u00f3prias pernas. Obteve uma RotoBed\u00ae h\u00e1 tr\u00eas anos e recuperou o controlo da sua pr\u00f3pria vida.<\/h4>\n<\/div><\/section><\/p><\/div>\n<div class=\"flex_column av_one_third  flex_column_div av-zero-column-padding   \" style='border-radius:0px; '><p><div class='avia-image-container  av-styling-    avia-align-center '  itemprop=\"ImageObject\" itemscope=\"itemscope\" itemtype=\"https:\/\/schema.org\/ImageObject\"  ><div class='avia-image-container-inner'><a href='https:\/\/rotobed.com\/pt\/tommy-hansen-2\/' class='avia_image'  ><img class='avia_image ' src='https:\/\/rotobed.com\/pt\/wp-content\/uploads\/2016\/10\/Tommy-1030x687.jpg' alt='rotational care bed' title='Tommy calls his rotational bed brilliant'  itemprop=\"thumbnailUrl\"  \/><\/a><\/div><\/div><br \/>\n<section class=\"av_textblock_section \"  itemscope=\"itemscope\" itemtype=\"https:\/\/schema.org\/CreativeWork\" ><div class='avia_textblock  '   itemprop=\"text\" ><h4><a href=\"https:\/\/rotobed.com\/pt\/en\/tommy-hansen-2\/\"><strong>Tommy Hansen<\/strong><\/a>, 49 years old. Born spastic. Tommy has had a RotoBed\u00ae for 20 months. He says getting so easily out of bed reduces his fatigue and lets him spend energy on more interesting things.<\/h4>\n<h4><strong>\u00a0<\/strong><\/h4>\n<\/div><\/section><\/p><\/div>\n<div class=\"flex_column av_one_third  flex_column_div av-zero-column-padding   \" style='border-radius:0px; '><p><div class='avia-image-container  av-styling-    avia-align-center '  itemprop=\"ImageObject\" itemscope=\"itemscope\" itemtype=\"https:\/\/schema.org\/ImageObject\"  ><div class='avia-image-container-inner'><a href='https:\/\/rotobed.com\/pt\/kristina-sangvita-en\/' class='avia_image'  ><img class='avia_image ' src='https:\/\/rotobed.com\/pt\/wp-content\/uploads\/2016\/10\/Kristina-1030x687.jpg' alt='rotational bed testimony' title='Kristina&#039;s rotational bed'  itemprop=\"thumbnailUrl\"  \/><\/a><\/div><\/div><br \/>\n<section class=\"av_textblock_section \"  itemscope=\"itemscope\" itemtype=\"https:\/\/schema.org\/CreativeWork\" ><div class='avia_textblock  '   itemprop=\"text\" ><h4><a href=\"https:\/\/rotobed.com\/pt\/en\/kristina-song-vita\/\"><strong>Kristina Sangvita<\/strong><\/a>,\u00a0 39 years old.\u00a0 Kristina is partially paralyzed after a car accident 16 years ago. She had a RotoBed\u00ae for one and a half years, but no longer needs it. She believes the bed played an important role in her recovery.<\/h4>\n<\/div><\/section><\/p><\/div>\n<div class=\"flex_column av_one_third  flex_column_div av-zero-column-padding first  \" style='border-radius:0px; '><p><div class='avia-image-container  av-styling-    avia-align-center '  itemprop=\"ImageObject\" itemscope=\"itemscope\" itemtype=\"https:\/\/schema.org\/ImageObject\"  ><div class='avia-image-container-inner'><a href='https:\/\/rotobed.com\/pt\/bed-for-parkinson\/' class='avia_image'  ><img class='avia_image ' src='https:\/\/rotobed.com\/pt\/wp-content\/uploads\/2015\/09\/Bonnich-1030x687.jpg' alt='' title='Bonnich'  itemprop=\"thumbnailUrl\"  \/><\/a><\/div><\/div><br \/>\n<section class=\"av_textblock_section \"  itemscope=\"itemscope\" itemtype=\"https:\/\/schema.org\/CreativeWork\" ><div class='avia_textblock  '   itemprop=\"text\" ><h4><a href=\"https:\/\/rotobed.com\/pt\/en\/bonnich-petersen-2\/\"><strong>Bonnich Petersen<\/strong><\/a>, 77 years old, retired baker. Suffers from Parkinson&#8217;s and arthritis. Bonnich has had a rotational bed\u00a0 for 15 months. He is happy he doesn&#8217;t need to wake up his wife at night anymore.<\/h4>\n<\/div><\/section><\/p><\/div>\n<div class=\"flex_column av_one_third  flex_column_div av-zero-column-padding   \" style='border-radius:0px; '><p><div class='avia-image-container  av-styling-    avia-align-center '  itemprop=\"ImageObject\" itemscope=\"itemscope\" itemtype=\"https:\/\/schema.org\/ImageObject\"  ><div class='avia-image-container-inner'><a href='https:\/\/rotobed.com\/pt\/bed-for-ms\/' class='avia_image'  ><img class='avia_image ' src='https:\/\/rotobed.com\/pt\/wp-content\/uploads\/2015\/09\/Helle-Pedersen-1030x687.jpg' alt='' title='Helle-Pedersen'  itemprop=\"thumbnailUrl\"  \/><\/a><\/div><\/div><br \/>\n<section class=\"av_textblock_section \"  itemscope=\"itemscope\" itemtype=\"https:\/\/schema.org\/CreativeWork\" ><div class='avia_textblock  '   itemprop=\"text\" ><h4><a href=\"https:\/\/rotobed.com\/pt\/en\/helle-petersen-2\/\"><strong>Helle Pedersen<\/strong><\/a>, 63 years old. Helle was diagnosed with multiple sclerosis in 1999. She has ad a RotoBed\u00ae for 2 years. To her, the rotational bed means freedom.<\/h4>\n<\/div><\/section><\/p><\/div>\n<div class=\"flex_column av_one_third  flex_column_div av-zero-column-padding   \" style='border-radius:0px; '><p><div class='avia-image-container  av-styling-    avia-align-center '  itemprop=\"ImageObject\" itemscope=\"itemscope\" itemtype=\"https:\/\/schema.org\/ImageObject\"  ><div class='avia-image-container-inner'><a href='https:\/\/rotobed.com\/pt\/bed-for-cerebral-palsy\/' class='avia_image'  ><img class='avia_image ' src='https:\/\/rotobed.com\/pt\/wp-content\/uploads\/2015\/09\/Peter-1030x687.jpg' alt='' title='Peter'  itemprop=\"thumbnailUrl\"  \/><\/a><\/div><\/div><br \/>\n<section class=\"av_textblock_section \"  itemscope=\"itemscope\" itemtype=\"https:\/\/schema.org\/CreativeWork\" ><div class='avia_textblock  '   itemprop=\"text\" ><h4><a href=\"https:\/\/rotobed.com\/pt\/en\/peter-kristoffersen-2\/\"><strong>Peter Kristoffersen<\/strong><\/a>, 56 years old. Born spastic. Has been living in a nursing home for many years. At first, Peter didn&#8217;t want a rotational bed. But one morning the caregivers couldn&#8217;t find him&#8230;<\/h4>\n<\/div><\/section><\/p><\/div>\n<div class=\"flex_column av_one_third  flex_column_div av-zero-column-padding first  \" style='border-radius:0px; '><p><div class='avia-image-container  av-styling-    avia-align-center '  itemprop=\"ImageObject\" itemscope=\"itemscope\" itemtype=\"https:\/\/schema.org\/ImageObject\"  ><div class='avia-image-container-inner'><a href='https:\/\/rotobed.com\/pt\/jack-joensson-2\/' class='avia_image'  ><img class='avia_image ' src='https:\/\/rotobed.com\/pt\/wp-content\/uploads\/2015\/09\/Jack-1030x687.jpg' alt='care bed pain' title='Jack&#039;s testimonial'  itemprop=\"thumbnailUrl\"  \/><\/a><\/div><\/div><br \/>\n<section class=\"av_textblock_section \"  itemscope=\"itemscope\" itemtype=\"https:\/\/schema.org\/CreativeWork\" ><div class='avia_textblock  '   itemprop=\"text\" ><h4><a href=\"https:\/\/rotobed.com\/pt\/en\/jack-joensson-2\/\"><strong>Jack J\u00f8nsson<\/strong><\/a>, 73 years old. Jack is hemiplegic after a blood clot, and his wife was exhausted after caring for him herself. Jack has had a RotoBed\u00ae for 2 years, and both he and his wife are thrilled about it.<\/h4>\n<\/div><\/section><\/p><\/div>\n<div class=\"flex_column av_one_third  flex_column_div av-zero-column-padding   \" style='border-radius:0px; '><p><div class='avia-image-container  av-styling-    avia-align-center '  itemprop=\"ImageObject\" itemscope=\"itemscope\" itemtype=\"https:\/\/schema.org\/ImageObject\"  ><div class='avia-image-container-inner'><a href='https:\/\/rotobed.com\/pt\/bed-for-als-patient\/' class='avia_image'  ><img class='avia_image ' src='https:\/\/rotobed.com\/pt\/wp-content\/uploads\/2016\/10\/Jan-1030x687.jpg' alt='bed for als patient' title='RotoBed\u00ae ALS patient'  itemprop=\"thumbnailUrl\"  \/><\/a><\/div><\/div><br \/>\n<section class=\"av_textblock_section \"  itemscope=\"itemscope\" itemtype=\"https:\/\/schema.org\/CreativeWork\" ><div class='avia_textblock  '   itemprop=\"text\" ><h4><strong><a href=\"https:\/\/rotobed.com\/pt\/bed-for-als-patient\">Jan Roenhoff<\/a>,<\/strong> diagnosed with ALS at age 48. The disease forced him to move to a care home, and at about the same time he got a RotoBed\u00ae.<\/h4>\n<\/div><\/section><\/p><\/div>\n","protected":false},"excerpt":{"rendered":"","protected":false},"author":2,"featured_media":0,"parent":0,"menu_order":0,"comment_status":"closed","ping_status":"closed","template":"","meta":[],"yoast_head":"<!-- This site is optimized with the Yoast SEO plugin v16.9 - https:\/\/yoast.com\/wordpress\/plugins\/seo\/ -->\n<title>Cases PT - RotoBed<\/title>\n<meta name=\"robots\" content=\"index, follow, max-snippet:-1, max-image-preview:large, max-video-preview:-1\" \/>\n<link rel=\"canonical\" href=\"https:\/\/rotobed.com\/pt\/cases-pt\/\" \/>\n<meta property=\"og:locale\" content=\"en_US\" \/>\n<meta property=\"og:type\" content=\"article\" \/>\n<meta property=\"og:title\" content=\"Cases PT - RotoBed\" \/>\n<meta property=\"og:url\" content=\"https:\/\/rotobed.com\/pt\/cases-pt\/\" \/>\n<meta property=\"og:site_name\" content=\"RotoBed\" \/>\n<meta property=\"article:modified_time\" content=\"2022-01-21T13:23:19+00:00\" \/>\n<meta name=\"twitter:card\" content=\"summary\" \/>\n<meta name=\"twitter:label1\" content=\"Est. reading time\" \/>\n\t<meta name=\"twitter:data1\" content=\"5 minutes\" \/>\n<script type=\"application\/ld+json\" class=\"yoast-schema-graph\">{\"@context\":\"https:\/\/schema.org\",\"@graph\":[{\"@type\":\"WebSite\",\"@id\":\"https:\/\/rotobed.com\/pt\/#website\",\"url\":\"https:\/\/rotobed.com\/pt\/\",\"name\":\"RotoBed\",\"description\":\"\",\"potentialAction\":[{\"@type\":\"SearchAction\",\"target\":{\"@type\":\"EntryPoint\",\"urlTemplate\":\"https:\/\/rotobed.com\/pt\/?s={search_term_string}\"},\"query-input\":\"required name=search_term_string\"}],\"inLanguage\":\"en-US\"},{\"@type\":\"WebPage\",\"@id\":\"https:\/\/rotobed.com\/pt\/cases-pt\/#webpage\",\"url\":\"https:\/\/rotobed.com\/pt\/cases-pt\/\",\"name\":\"Cases PT - RotoBed\",\"isPartOf\":{\"@id\":\"https:\/\/rotobed.com\/pt\/#website\"},\"datePublished\":\"2021-06-15T13:18:58+00:00\",\"dateModified\":\"2022-01-21T13:23:19+00:00\",\"breadcrumb\":{\"@id\":\"https:\/\/rotobed.com\/pt\/cases-pt\/#breadcrumb\"},\"inLanguage\":\"en-US\",\"potentialAction\":[{\"@type\":\"ReadAction\",\"target\":[\"https:\/\/rotobed.com\/pt\/cases-pt\/\"]}]},{\"@type\":\"BreadcrumbList\",\"@id\":\"https:\/\/rotobed.com\/pt\/cases-pt\/#breadcrumb\",\"itemListElement\":[{\"@type\":\"ListItem\",\"position\":1,\"name\":\"Hjem\",\"item\":\"https:\/\/rotobed.com\/pt\/\"},{\"@type\":\"ListItem\",\"position\":2,\"name\":\"Cases PT\"}]}]}<\/script>\n<!-- \/ Yoast SEO plugin. -->","yoast_head_json":{"title":"Cases PT - RotoBed","robots":{"index":"index","follow":"follow","max-snippet":"max-snippet:-1","max-image-preview":"max-image-preview:large","max-video-preview":"max-video-preview:-1"},"canonical":"https:\/\/rotobed.com\/pt\/cases-pt\/","og_locale":"en_US","og_type":"article","og_title":"Cases PT - RotoBed","og_url":"https:\/\/rotobed.com\/pt\/cases-pt\/","og_site_name":"RotoBed","article_modified_time":"2022-01-21T13:23:19+00:00","twitter_card":"summary","twitter_misc":{"Est. reading time":"5 minutes"},"schema":{"@context":"https:\/\/schema.org","@graph":[{"@type":"WebSite","@id":"https:\/\/rotobed.com\/pt\/#website","url":"https:\/\/rotobed.com\/pt\/","name":"RotoBed","description":"","potentialAction":[{"@type":"SearchAction","target":{"@type":"EntryPoint","urlTemplate":"https:\/\/rotobed.com\/pt\/?s={search_term_string}"},"query-input":"required name=search_term_string"}],"inLanguage":"en-US"},{"@type":"WebPage","@id":"https:\/\/rotobed.com\/pt\/cases-pt\/#webpage","url":"https:\/\/rotobed.com\/pt\/cases-pt\/","name":"Cases PT - RotoBed","isPartOf":{"@id":"https:\/\/rotobed.com\/pt\/#website"},"datePublished":"2021-06-15T13:18:58+00:00","dateModified":"2022-01-21T13:23:19+00:00","breadcrumb":{"@id":"https:\/\/rotobed.com\/pt\/cases-pt\/#breadcrumb"},"inLanguage":"en-US","potentialAction":[{"@type":"ReadAction","target":["https:\/\/rotobed.com\/pt\/cases-pt\/"]}]},{"@type":"BreadcrumbList","@id":"https:\/\/rotobed.com\/pt\/cases-pt\/#breadcrumb","itemListElement":[{"@type":"ListItem","position":1,"name":"Hjem","item":"https:\/\/rotobed.com\/pt\/"},{"@type":"ListItem","position":2,"name":"Cases PT"}]}]}},"_links":{"self":[{"href":"https:\/\/rotobed.com\/pt\/wp-json\/wp\/v2\/pages\/8025"}],"collection":[{"href":"https:\/\/rotobed.com\/pt\/wp-json\/wp\/v2\/pages"}],"about":[{"href":"https:\/\/rotobed.com\/pt\/wp-json\/wp\/v2\/types\/page"}],"author":[{"embeddable":true,"href":"https:\/\/rotobed.com\/pt\/wp-json\/wp\/v2\/users\/2"}],"replies":[{"embeddable":true,"href":"https:\/\/rotobed.com\/pt\/wp-json\/wp\/v2\/comments?post=8025"}],"version-history":[{"count":12,"href":"https:\/\/rotobed.com\/pt\/wp-json\/wp\/v2\/pages\/8025\/revisions"}],"predecessor-version":[{"id":8289,"href":"https:\/\/rotobed.com\/pt\/wp-json\/wp\/v2\/pages\/8025\/revisions\/8289"}],"wp:attachment":[{"href":"https:\/\/rotobed.com\/pt\/wp-json\/wp\/v2\/media?parent=8025"}],"curies":[{"name":"wp","href":"https:\/\/api.w.org\/{rel}","templated":true}]}}