{"id":8177,"date":"2022-01-05T12:50:54","date_gmt":"2022-01-05T12:50:54","guid":{"rendered":"https:\/\/rotobed.com\/pt\/?page_id=8177"},"modified":"2022-01-21T13:17:11","modified_gmt":"2022-01-21T13:17:11","slug":"rotobedchange","status":"publish","type":"page","link":"https:\/\/rotobed.com\/pt\/rotobedchange\/","title":{"rendered":"RotoBed\u00aeChange"},"content":{"rendered":"<div style='height:20px' class='hr hr-invisible  '><span class='hr-inner ' ><span class='hr-inner-style'><\/span><\/span><\/div>\n<div class='avia-image-container  av-styling-    avia-align-center '  itemprop=\"ImageObject\" itemscope=\"itemscope\" itemtype=\"https:\/\/schema.org\/ImageObject\"  ><div class='avia-image-container-inner'><img class='avia_image ' src='https:\/\/rotobed.com\/pt\/wp-content\/uploads\/2022\/01\/Change-med-gron-high.jpg' alt='rotobed change care bed roto pivot' title='RotoBed\u00aeChange'   itemprop=\"thumbnailUrl\"  \/><\/div><\/div>\n<div style='height:10px' class='hr hr-invisible  '><span class='hr-inner ' ><span class='hr-inner-style'><\/span><\/span><\/div>\n<div class=\"flex_column av_one_full  flex_column_div av-zero-column-padding first  \" style='border-radius:0px; '><section class=\"av_textblock_section \"  itemscope=\"itemscope\" itemtype=\"https:\/\/schema.org\/CreativeWork\" ><div class='avia_textblock  '   itemprop=\"text\" ><h1 style=\"text-align: center;\">Tem dificuldade em sair da cama?<\/h1>\n<\/div><\/section><br \/>\n<div class='avia-gallery  avia-gallery-1 avia_lazyload avia_animate_when_visible '  itemprop=\"ImageObject\" itemscope=\"itemscope\" itemtype=\"https:\/\/schema.org\/ImageObject\" ><div class='avia-gallery-thumb'> <a href='https:\/\/rotobed.com\/pt\/wp-content\/uploads\/2022\/01\/Change-gron-gyda-liggende.jpg' data-rel='gallery-1' data-prev-img='https:\/\/rotobed.com\/pt\/wp-content\/uploads\/2022\/01\/Change-gron-gyda-liggende-495x400.jpg' class='first_thumb lightbox ' data-onclick='1' title=''  itemprop=\"thumbnailUrl\" ><img  src='https:\/\/rotobed.com\/pt\/wp-content\/uploads\/2022\/01\/Change-gron-gyda-liggende-495x400.jpg' width='495' height='400'  title='RotoBed\u00aeChange posi\u00e7\u00e3o de dormir' alt='rotobed cama rotativa' \/><\/a> <a href='https:\/\/rotobed.com\/pt\/wp-content\/uploads\/2022\/01\/Change-gron-gyda.jpg' data-rel='gallery-1' data-prev-img='https:\/\/rotobed.com\/pt\/wp-content\/uploads\/2022\/01\/Change-gron-gyda-495x400.jpg' class='lightbox ' data-onclick='2' title=''  itemprop=\"thumbnailUrl\" ><img  src='https:\/\/rotobed.com\/pt\/wp-content\/uploads\/2022\/01\/Change-gron-gyda-495x400.jpg' width='495' height='400'  title='RotoBed\u00aeChange' alt='rotobed change cama rotativa' \/><\/a> <a href='https:\/\/rotobed.com\/pt\/wp-content\/uploads\/2022\/01\/Change-gron-gyda-staende.jpg' data-rel='gallery-1' data-prev-img='https:\/\/rotobed.com\/pt\/wp-content\/uploads\/2022\/01\/Change-gron-gyda-staende-495x400.jpg' class='lightbox ' data-onclick='3' title=''  itemprop=\"thumbnailUrl\" ><img  src='https:\/\/rotobed.com\/pt\/wp-content\/uploads\/2022\/01\/Change-gron-gyda-staende-495x400.jpg' width='495' height='400'  title='RotoBed\u00aeChange posi\u00e7\u00e3o de p\u00e9' alt='rotobed robo bed cama rotativa' \/><\/a><\/div><\/div><\/p><\/div>\n<div style='height:10px' class='hr hr-invisible  '><span class='hr-inner ' ><span class='hr-inner-style'><\/span><\/span><\/div>\n<div class=\"flex_column av_one_half  no_margin flex_column_div av-zero-column-padding first  \" style='background-color:#a8a8a8; border-radius:0px; '><p><div style='height:27px' class='hr hr-invisible  '><span class='hr-inner ' ><span class='hr-inner-style'><\/span><\/span><\/div><br \/>\n<section class=\"av_textblock_section \"  itemscope=\"itemscope\" itemtype=\"https:\/\/schema.org\/CreativeWork\" ><div class='avia_textblock  '  style='font-size:18px; '  itemprop=\"text\" ><h3 style=\"text-align: center;\"><strong>Com uma RotoBed\u00aeChange, a vida ser\u00e1 mais f\u00e1cil<\/strong><\/h3>\n<p style=\"text-align: center;\">Em menos de um minuto, a cama roda suavemente facilitando a sua sa\u00edda da cama<\/p>\n<p style=\"text-align: center;\">Com menor esfor\u00e7o f\u00edsico, tudo o que precisa fazer \u00e9 premir 1 bot\u00e3o<\/p>\n<p style=\"text-align: center;\">Ganhando Liberdade, Mobilidade, Dignidade e Qualidade de vida<\/p>\n<\/div><\/section><br \/>\n<section class=\"av_textblock_section \"  itemscope=\"itemscope\" itemtype=\"https:\/\/schema.org\/CreativeWork\" ><div class='avia_textblock  '  style='font-size:28px; '  itemprop=\"text\" ><p style=\"text-align: center;\"><span style=\"color: #ffffff;\">Acredite na nossa palavra \u2013 ou deixe alguns dos nossos felizes utilizadores convenc\u00ea-lo<\/span><\/p>\n<\/div><\/section><br \/>\n<div class='avia-image-container  av-styling-    avia-align-center '  itemprop=\"ImageObject\" itemscope=\"itemscope\" itemtype=\"https:\/\/schema.org\/ImageObject\"  ><div class='avia-image-container-inner'><a href='https:\/\/rotobed.com\/pt\/cases-pt\/' class='avia_image'  ><img class='avia_image ' src='https:\/\/rotobed.com\/pt\/wp-content\/uploads\/2022\/01\/Salling-01-@JonasFotografi-1030x687.jpg' alt='rotobed user testimonial rotational care bed' title='RotoBed\u00ae user suffering from sclerosis'  itemprop=\"thumbnailUrl\"  \/><\/a><\/div><\/div><br \/>\n<div style='height:5px' class='hr hr-invisible  '><span class='hr-inner ' ><span class='hr-inner-style'><\/span><\/span><\/div><br \/>\n<div class='avia-button-wrap avia-button-center '><a href='https:\/\/rotobed.com\/pt\/cases-pt\/' class='avia-button   avia-icon_select-no avia-color-grey avia-size-x-large avia-position-center '   ><span class='avia_iconbox_title' >Veja como os utilizadores descrevem a sua vida com uma RotoBed\u00ae<\/span><\/a><\/div><br \/>\n<div style='height:21px' class='hr hr-invisible  '><span class='hr-inner ' ><span class='hr-inner-style'><\/span><\/span><\/div><\/p><\/div><div class=\"flex_column av_one_half  no_margin flex_column_div av-zero-column-padding   \" style='background-color:#83a846; border-radius:0px; '><p><div style='height:35px' class='hr hr-invisible  '><span class='hr-inner ' ><span class='hr-inner-style'><\/span><\/span><\/div><br \/>\n<section class=\"av_textblock_section \"  itemscope=\"itemscope\" itemtype=\"https:\/\/schema.org\/CreativeWork\" ><div class='avia_textblock  '  style='font-size:35px; '  itemprop=\"text\" ><p style=\"text-align: center;\"><span style=\"color: #000000;\"><a style=\"color: #000000;\" href=\"https:\/\/rotobed.com\/pt\/wp-content\/uploads\/2022\/01\/POR-Change-Classic-Home.pdf\">Mais informa\u00e7\u00f5es na brochura<\/a><\/span><\/p>\n<\/div><\/section><br \/>\n<div style='height:35px' class='hr hr-invisible  '><span class='hr-inner ' ><span class='hr-inner-style'><\/span><\/span><\/div><br \/>\n<br \/>\n<div class='avia-image-container  av-styling-    avia-align-center '  itemprop=\"ImageObject\" itemscope=\"itemscope\" itemtype=\"https:\/\/schema.org\/ImageObject\"  ><div class='avia-image-container-inner'><a href='https:\/\/rotobed.com\/pt\/wp-content\/uploads\/2022\/01\/POR-Change-Classic-Home.pdf' class='avia_image'  ><img class='avia_image ' src='https:\/\/rotobed.com\/pt\/wp-content\/uploads\/2022\/01\/Forside-portugisisk-brochure.jpg' alt='' title='Forside portugisisk brochure'  itemprop=\"thumbnailUrl\"  \/><\/a><\/div><\/div><br \/>\n<div style='height:65px' class='hr hr-invisible  '><span class='hr-inner ' ><span class='hr-inner-style'><\/span><\/span><\/div><\/p><\/div><\/p>\n<div class=\"flex_column av_one_half  no_margin flex_column_div av-zero-column-padding first  \" style='background-color:#5e5e5e; border-radius:0px; '><section class=\"av_textblock_section \"  itemscope=\"itemscope\" itemtype=\"https:\/\/schema.org\/CreativeWork\" ><div class='avia_textblock  '  style='font-size:24px; '  itemprop=\"text\" ><p style=\"text-align: center;\"><span style=\"color: #ffffff;\">As nossas camas ocupam pouco espa\u00e7o<\/span><\/p>\n<\/div><\/section><br \/>\n<div class='avia-image-container  av-styling-    avia-align-center '  itemprop=\"ImageObject\" itemscope=\"itemscope\" itemtype=\"https:\/\/schema.org\/ImageObject\"  ><div class='avia-image-container-inner'><img class='avia_image ' src='https:\/\/rotobed.com\/pt\/wp-content\/uploads\/2022\/01\/Flad-skitse-RotoBed\u00ae-Change-rotated-e1641457570450-1030x734.jpg' alt='rotobed dimensions rotating care bed' title='RotoBed\u00ae Change sketch'   itemprop=\"thumbnailUrl\"  \/><\/div><\/div><br \/>\n<div style='height:3px' class='hr hr-invisible  '><span class='hr-inner ' ><span class='hr-inner-style'><\/span><\/span><\/div><br \/>\n<section class=\"av_textblock_section \"  itemscope=\"itemscope\" itemtype=\"https:\/\/schema.org\/CreativeWork\" ><div class='avia_textblock  '  style='font-size:15px; '  itemprop=\"text\" ><p style=\"text-align: center;\"><span style=\"color: #ffffff;\">RotoBed\u00aeChange tem um design t\u00e3o agrad\u00e1vel que o seu companheiro(a) vai querer uma tamb\u00e9m! O harmonioso design dinamarqu\u00eas ganhou v\u00e1rios pr\u00e9mios de design:<\/span><\/p>\n<\/div><\/section><br \/>\n<div style='height:5px' class='hr hr-invisible  '><span class='hr-inner ' ><span class='hr-inner-style'><\/span><\/span><\/div><\/p><\/div>\n<div class=\"flex_column av_one_half  no_margin flex_column_div av-zero-column-padding   \" style='background-color:#5e5e5e; border-radius:0px; '><div class='avia-image-container  av-styling-    avia-align-center '  itemprop=\"ImageObject\" itemscope=\"itemscope\" itemtype=\"https:\/\/schema.org\/ImageObject\"  ><div class='avia-image-container-inner'><img class='avia_image ' src='https:\/\/rotobed.com\/pt\/wp-content\/uploads\/2022\/01\/3226-Forside-scaled.jpg' alt='' title='3226 Forside'   itemprop=\"thumbnailUrl\"  \/><\/div><\/div><\/div>\n<div style='height:10px' class='hr hr-invisible  '><span class='hr-inner ' ><span class='hr-inner-style'><\/span><\/span><\/div>\n<div class='avia-gallery  avia-gallery-2 avia_lazyload avia_animate_when_visible '  itemprop=\"ImageObject\" itemscope=\"itemscope\" itemtype=\"https:\/\/schema.org\/ImageObject\" ><div class='avia-gallery-thumb'> <a href='https:\/\/rotobed.com\/pt\/wp-content\/uploads\/2022\/01\/IF-Design-Award-delt-1.jpg' data-rel='gallery-2' data-prev-img='https:\/\/rotobed.com\/pt\/wp-content\/uploads\/2022\/01\/IF-Design-Award-delt-1-495x400.jpg' class='first_thumb lightbox ' data-onclick='1' title=''  itemprop=\"thumbnailUrl\" ><img  src='https:\/\/rotobed.com\/pt\/wp-content\/uploads\/2022\/01\/IF-Design-Award-delt-1-495x400.jpg' width='495' height='400'  title='IF Design Award delt 1' alt='' \/><\/a> <a href='https:\/\/rotobed.com\/pt\/wp-content\/uploads\/2022\/01\/IF-Design-Award-delt-2.jpg' data-rel='gallery-2' data-prev-img='https:\/\/rotobed.com\/pt\/wp-content\/uploads\/2022\/01\/IF-Design-Award-delt-2-495x400.jpg' class='lightbox ' data-onclick='2' title=''  itemprop=\"thumbnailUrl\" ><img  src='https:\/\/rotobed.com\/pt\/wp-content\/uploads\/2022\/01\/IF-Design-Award-delt-2-495x400.jpg' width='495' height='400'  title='IF Design Award' alt='rotobed danish design award rotation pivot bed' \/><\/a> <a href='https:\/\/rotobed.com\/pt\/wp-content\/uploads\/2021\/04\/SIT-Furniture-Design-Award-2020-logo-1030x484.png' data-rel='gallery-2' data-prev-img='https:\/\/rotobed.com\/pt\/wp-content\/uploads\/2021\/04\/SIT-Furniture-Design-Award-2020-logo-495x400.png' class='lightbox ' data-onclick='3' title=''  itemprop=\"thumbnailUrl\" ><img  src='https:\/\/rotobed.com\/pt\/wp-content\/uploads\/2021\/04\/SIT-Furniture-Design-Award-2020-logo-495x400.png' width='495' height='400'  title='SIT-Furniture-Design-Award-2020 logo' alt='' \/><\/a> <a href='https:\/\/rotobed.com\/pt\/wp-content\/uploads\/2022\/01\/IDA-20-Gold-1030x945.jpg' data-rel='gallery-2' data-prev-img='https:\/\/rotobed.com\/pt\/wp-content\/uploads\/2022\/01\/IDA-20-Gold-495x400.jpg' class='lightbox ' data-onclick='4' title=''  itemprop=\"thumbnailUrl\" ><img  src='https:\/\/rotobed.com\/pt\/wp-content\/uploads\/2022\/01\/IDA-20-Gold-495x400.jpg' width='495' height='400'  title='IDA 2020 Gold Award' alt='rotobed design award danish design' \/><\/a> <a href='https:\/\/rotobed.com\/pt\/wp-content\/uploads\/2020\/07\/create_all_winner_seal.png' data-rel='gallery-2' data-prev-img='https:\/\/rotobed.com\/pt\/wp-content\/uploads\/2020\/07\/create_all_winner_seal-495x400.png' class='lightbox ' data-onclick='5' title=''  itemprop=\"thumbnailUrl\" ><img  src='https:\/\/rotobed.com\/pt\/wp-content\/uploads\/2020\/07\/create_all_winner_seal-495x400.png' width='495' height='400'  title='European Design Award' alt='rotation bed design award' \/><\/a><\/div><\/div>\n<div class=\"flex_column av_one_half  flex_column_div av-zero-column-padding first  \" style='border-radius:0px; '><div class='avia-gallery  avia-gallery-3 avia_lazyload avia_animate_when_visible '  itemprop=\"ImageObject\" itemscope=\"itemscope\" itemtype=\"https:\/\/schema.org\/ImageObject\" ><a class='avia-gallery-big fakeLightbox lightbox avia-gallery-big-crop-thumb ' href='https:\/\/rotobed.com\/pt\/wp-content\/uploads\/2020\/04\/RotoBed-LightPackage-kvadratisk-1030x1030.jpg'  data-onclick='1' title='RotoBed\u00aeLight Package' ><span class='avia-gallery-big-inner'  itemprop=\"thumbnailUrl\" >\t<img width='495' height='400' src='https:\/\/rotobed.com\/pt\/wp-content\/uploads\/2020\/04\/RotoBed-LightPackage-kvadratisk-495x400.jpg' title='RotoBed\u00aeLight Package' alt='rotobed v\u00e5rds\u00e4ng rotation lampa' \/>\t<span class='avia-gallery-caption'>RotoBed\u00aeLight Package<\/span><\/span><\/a><div class='avia-gallery-thumb'> <a href='https:\/\/rotobed.com\/pt\/wp-content\/uploads\/2020\/04\/RotoBed-LightPackage-kvadratisk-1030x1030.jpg' data-rel='gallery-3' data-prev-img='https:\/\/rotobed.com\/pt\/wp-content\/uploads\/2020\/04\/RotoBed-LightPackage-kvadratisk-495x400.jpg' class='first_thumb lightbox ' data-onclick='1' title='RotoBed\u00aeLight Package'  itemprop=\"thumbnailUrl\" ><img data-avia-tooltip='RotoBed\u00aeLight Package' src='https:\/\/rotobed.com\/pt\/wp-content\/uploads\/2020\/04\/RotoBed-LightPackage-kvadratisk-495x400.jpg' width='495' height='400'  title='RotoBed\u00aeLight Package' alt='rotobed v\u00e5rds\u00e4ng rotation lampa' \/><\/a> <a href='https:\/\/rotobed.com\/pt\/wp-content\/uploads\/2019\/12\/Rotobed-Sidetable-Wooden-parts-HSJD-06.06.19-1030x721.jpg' data-rel='gallery-3' data-prev-img='https:\/\/rotobed.com\/pt\/wp-content\/uploads\/2019\/12\/Rotobed-Sidetable-Wooden-parts-HSJD-06.06.19-495x400.jpg' class='lightbox ' data-onclick='2' title='RotoBed\u00aeBedside Table'  itemprop=\"thumbnailUrl\" ><img data-avia-tooltip='RotoBed\u00aeBedside Table' src='https:\/\/rotobed.com\/pt\/wp-content\/uploads\/2019\/12\/Rotobed-Sidetable-Wooden-parts-HSJD-06.06.19-495x400.jpg' width='495' height='400'  title='RotoBed\u00aeBedside Table' alt='pivot bed bedside table' \/><\/a> <a href='https:\/\/rotobed.com\/pt\/wp-content\/uploads\/2020\/04\/Pude-besk\u00e5ret-2-1030x1030.jpg' data-rel='gallery-3' data-prev-img='https:\/\/rotobed.com\/pt\/wp-content\/uploads\/2020\/04\/Pude-besk\u00e5ret-2-495x400.jpg' class='lightbox ' data-onclick='3' title=''  itemprop=\"thumbnailUrl\" ><img  src='https:\/\/rotobed.com\/pt\/wp-content\/uploads\/2020\/04\/Pude-besk\u00e5ret-2-495x400.jpg' width='495' height='400'  title='RotoBed\u00aePillow' alt='rotobed rotation v\u00e5rds\u00e4ng pute' \/><\/a> <a href='https:\/\/rotobed.com\/pt\/wp-content\/uploads\/2019\/12\/RemoteControl-Wireless-1030x1030.jpg' data-rel='gallery-3' data-prev-img='https:\/\/rotobed.com\/pt\/wp-content\/uploads\/2019\/12\/RemoteControl-Wireless-495x400.jpg' class='lightbox ' data-onclick='4' title='RotoBed\u00aeWireless'  itemprop=\"thumbnailUrl\" ><img data-avia-tooltip='RotoBed\u00aeWireless' src='https:\/\/rotobed.com\/pt\/wp-content\/uploads\/2019\/12\/RemoteControl-Wireless-495x400.jpg' width='495' height='400'  title='RemoteControl Wireless' alt='RotoBed care bed nursing bed remote control' \/><\/a><\/div><\/div><\/div>\n<div class=\"flex_column av_one_half  flex_column_div av-zero-column-padding   \" style='border-radius:0px; '><p><div style='height:20px' class='hr hr-invisible  '><span class='hr-inner ' ><span class='hr-inner-style'><\/span><\/span><\/div><br \/>\n<section class=\"av_textblock_section \"  itemscope=\"itemscope\" itemtype=\"https:\/\/schema.org\/CreativeWork\" ><div class='avia_textblock  '  style='font-size:24px; '  itemprop=\"text\" ><p><strong><span style=\"color: #800000;\">RotoBed\u00ae oferece uma vasta gama de acess\u00f3rios funcionais. Grande parte desses acess\u00f3rios de alta qualidade s\u00e3o especialmente projetados para RotoBed\u00ae facilitando ainda mais o dia a dia do utilizador.<\/span><\/strong><\/p>\n<\/div><\/section><br \/>\n<div class='avia-button-wrap avia-button-center '><a href='https:\/\/rotobed.com\/pt\/accessories\/' class='avia-button   avia-icon_select-no avia-color-grey avia-size-large avia-position-center '   ><span class='avia_iconbox_title' >Visualizar os Acess\u00f3rios <\/span><\/a><\/div><br \/>\n<div style=' margin-top:30px; margin-bottom:30px;'  class='hr hr-custom hr-center hr-icon-no  '><span class='hr-inner   inner-border-av-border-thin' style=' width:100%;' ><span class='hr-inner-style'><\/span><\/span><\/div><br \/>\n<section class=\"av_textblock_section \"  itemscope=\"itemscope\" itemtype=\"https:\/\/schema.org\/CreativeWork\" ><div class='avia_textblock  '  style='font-size:24px; '  itemprop=\"text\" ><p><span style=\"color: #800000;\"><strong>Pretende mais informa\u00e7\u00f5es sobre as nossas camas rotat\u00f3rias? <\/strong><strong>Estamos dispon\u00edveis para o ajudar!<\/strong><\/span><\/p>\n<\/div><\/section><br \/>\n<div class='avia-button-wrap avia-button-center '><a href='https:\/\/rotobed.com\/pt\/contato\/' class='avia-button   avia-icon_select-no avia-color-grey avia-size-large avia-position-center '   ><span class='avia_iconbox_title' >Entre em contato com a equipe RotoBed\u00ae<\/span><\/a><\/div><\/p><\/div>\n<div style='height:20px' class='hr hr-invisible  '><span class='hr-inner ' ><span class='hr-inner-style'><\/span><\/span><\/div>\n","protected":false},"excerpt":{"rendered":"","protected":false},"author":2,"featured_media":0,"parent":0,"menu_order":0,"comment_status":"closed","ping_status":"closed","template":"","meta":[],"yoast_head":"<!-- This site is optimized with the Yoast SEO plugin v16.9 - https:\/\/yoast.com\/wordpress\/plugins\/seo\/ -->\n<title>RotoBed\u00aeChange - RotoBed<\/title>\n<meta name=\"robots\" content=\"index, follow, max-snippet:-1, max-image-preview:large, max-video-preview:-1\" \/>\n<link rel=\"canonical\" href=\"https:\/\/rotobed.com\/pt\/rotobedchange\/\" \/>\n<meta property=\"og:locale\" content=\"en_US\" \/>\n<meta property=\"og:type\" content=\"article\" \/>\n<meta property=\"og:title\" content=\"RotoBed\u00aeChange - RotoBed\" \/>\n<meta property=\"og:url\" content=\"https:\/\/rotobed.com\/pt\/rotobedchange\/\" \/>\n<meta property=\"og:site_name\" content=\"RotoBed\" \/>\n<meta property=\"article:modified_time\" content=\"2022-01-21T13:17:11+00:00\" \/>\n<meta name=\"twitter:card\" content=\"summary\" \/>\n<meta name=\"twitter:label1\" content=\"Est. reading time\" \/>\n\t<meta name=\"twitter:data1\" content=\"4 minutes\" \/>\n<script type=\"application\/ld+json\" class=\"yoast-schema-graph\">{\"@context\":\"https:\/\/schema.org\",\"@graph\":[{\"@type\":\"WebSite\",\"@id\":\"https:\/\/rotobed.com\/pt\/#website\",\"url\":\"https:\/\/rotobed.com\/pt\/\",\"name\":\"RotoBed\",\"description\":\"\",\"potentialAction\":[{\"@type\":\"SearchAction\",\"target\":{\"@type\":\"EntryPoint\",\"urlTemplate\":\"https:\/\/rotobed.com\/pt\/?s={search_term_string}\"},\"query-input\":\"required name=search_term_string\"}],\"inLanguage\":\"en-US\"},{\"@type\":\"WebPage\",\"@id\":\"https:\/\/rotobed.com\/pt\/rotobedchange\/#webpage\",\"url\":\"https:\/\/rotobed.com\/pt\/rotobedchange\/\",\"name\":\"RotoBed\\u00aeChange - RotoBed\",\"isPartOf\":{\"@id\":\"https:\/\/rotobed.com\/pt\/#website\"},\"datePublished\":\"2022-01-05T12:50:54+00:00\",\"dateModified\":\"2022-01-21T13:17:11+00:00\",\"breadcrumb\":{\"@id\":\"https:\/\/rotobed.com\/pt\/rotobedchange\/#breadcrumb\"},\"inLanguage\":\"en-US\",\"potentialAction\":[{\"@type\":\"ReadAction\",\"target\":[\"https:\/\/rotobed.com\/pt\/rotobedchange\/\"]}]},{\"@type\":\"BreadcrumbList\",\"@id\":\"https:\/\/rotobed.com\/pt\/rotobedchange\/#breadcrumb\",\"itemListElement\":[{\"@type\":\"ListItem\",\"position\":1,\"name\":\"Hjem\",\"item\":\"https:\/\/rotobed.com\/pt\/\"},{\"@type\":\"ListItem\",\"position\":2,\"name\":\"RotoBed\\u00aeChange\"}]}]}<\/script>\n<!-- \/ Yoast SEO plugin. -->","yoast_head_json":{"title":"RotoBed\u00aeChange - RotoBed","robots":{"index":"index","follow":"follow","max-snippet":"max-snippet:-1","max-image-preview":"max-image-preview:large","max-video-preview":"max-video-preview:-1"},"canonical":"https:\/\/rotobed.com\/pt\/rotobedchange\/","og_locale":"en_US","og_type":"article","og_title":"RotoBed\u00aeChange - RotoBed","og_url":"https:\/\/rotobed.com\/pt\/rotobedchange\/","og_site_name":"RotoBed","article_modified_time":"2022-01-21T13:17:11+00:00","twitter_card":"summary","twitter_misc":{"Est. reading time":"4 minutes"},"schema":{"@context":"https:\/\/schema.org","@graph":[{"@type":"WebSite","@id":"https:\/\/rotobed.com\/pt\/#website","url":"https:\/\/rotobed.com\/pt\/","name":"RotoBed","description":"","potentialAction":[{"@type":"SearchAction","target":{"@type":"EntryPoint","urlTemplate":"https:\/\/rotobed.com\/pt\/?s={search_term_string}"},"query-input":"required name=search_term_string"}],"inLanguage":"en-US"},{"@type":"WebPage","@id":"https:\/\/rotobed.com\/pt\/rotobedchange\/#webpage","url":"https:\/\/rotobed.com\/pt\/rotobedchange\/","name":"RotoBed\u00aeChange - RotoBed","isPartOf":{"@id":"https:\/\/rotobed.com\/pt\/#website"},"datePublished":"2022-01-05T12:50:54+00:00","dateModified":"2022-01-21T13:17:11+00:00","breadcrumb":{"@id":"https:\/\/rotobed.com\/pt\/rotobedchange\/#breadcrumb"},"inLanguage":"en-US","potentialAction":[{"@type":"ReadAction","target":["https:\/\/rotobed.com\/pt\/rotobedchange\/"]}]},{"@type":"BreadcrumbList","@id":"https:\/\/rotobed.com\/pt\/rotobedchange\/#breadcrumb","itemListElement":[{"@type":"ListItem","position":1,"name":"Hjem","item":"https:\/\/rotobed.com\/pt\/"},{"@type":"ListItem","position":2,"name":"RotoBed\u00aeChange"}]}]}},"_links":{"self":[{"href":"https:\/\/rotobed.com\/pt\/wp-json\/wp\/v2\/pages\/8177"}],"collection":[{"href":"https:\/\/rotobed.com\/pt\/wp-json\/wp\/v2\/pages"}],"about":[{"href":"https:\/\/rotobed.com\/pt\/wp-json\/wp\/v2\/types\/page"}],"author":[{"embeddable":true,"href":"https:\/\/rotobed.com\/pt\/wp-json\/wp\/v2\/users\/2"}],"replies":[{"embeddable":true,"href":"https:\/\/rotobed.com\/pt\/wp-json\/wp\/v2\/comments?post=8177"}],"version-history":[{"count":49,"href":"https:\/\/rotobed.com\/pt\/wp-json\/wp\/v2\/pages\/8177\/revisions"}],"predecessor-version":[{"id":8287,"href":"https:\/\/rotobed.com\/pt\/wp-json\/wp\/v2\/pages\/8177\/revisions\/8287"}],"wp:attachment":[{"href":"https:\/\/rotobed.com\/pt\/wp-json\/wp\/v2\/media?parent=8177"}],"curies":[{"name":"wp","href":"https:\/\/api.w.org\/{rel}","templated":true}]}}