{"id":147,"date":"2015-11-30T10:26:23","date_gmt":"2015-11-30T10:26:23","guid":{"rendered":"https:\/\/rotobed.com\/se\/?page_id=147"},"modified":"2020-04-06T06:50:13","modified_gmt":"2020-04-06T06:50:13","slug":"jan-roenhoff","status":"publish","type":"page","link":"https:\/\/rotobed.com\/se\/jan-roenhoff\/","title":{"rendered":"Jan R\u00f8nhoff"},"content":{"rendered":"<div style='height:50px' class='hr hr-invisible  '><span class='hr-inner ' ><span class='hr-inner-style'><\/span><\/span><\/div>\n<div class=\"flex_column av_three_fourth  flex_column_div av-zero-column-padding first  \" style='border-radius:0px; '><p><div class='avia-image-container  av-styling-    avia-align-center '  itemprop=\"ImageObject\" itemscope=\"itemscope\" itemtype=\"https:\/\/schema.org\/ImageObject\"  ><div class='avia-image-container-inner'><img class='avia_image ' src='https:\/\/rotobed.com\/se\/wp-content\/uploads\/2015\/09\/Jan-03-1030x687.jpg' alt='' title='Jan-03'   itemprop=\"thumbnailUrl\"  \/><\/div><\/div><br \/>\n<section class=\"av_textblock_section \"  itemscope=\"itemscope\" itemtype=\"https:\/\/schema.org\/CreativeWork\" ><div class='avia_textblock  '   itemprop=\"text\" ><h1>Nu kan jeg overskue at st\u00e5 op<\/h1>\n<h3>Jan R\u00f8nhoff, Holstebro. 52 \u00e5r. Fik konstateret nervesygdommen ALS som 48-\u00e5rig. Gift med Charlotte. Fik for et \u00e5r siden egen plejebolig og en RotoBed\u00ae.<\/h3>\n<p>Jeg har l\u00f8bet, cyklet og v\u00e6ret landmand i mange \u00e5r. Nu kan jeg kun st\u00e5 op i f\u00e5 sekunder uden st\u00f8tte. Jeg pr\u00f8ver at fokusere p\u00e5 de positive ting og oplevelser i stedet for at bruge kr\u00e6fterne p\u00e5 noget negativt, og der har sengen v\u00e6ret et utroligt stort plus. Med ALS ved man, at det kun bliver v\u00e6rre, og hvis jeg t\u00e6nker negativt og er frustreret, s\u00e5 eskalerer sygdommen. F\u00f8r jeg fik sengen, var det blevet en kamp at st\u00e5 op og komme i seng; jeg brugte s\u00e5 mange kr\u00e6fter p\u00e5 det og blev tit frustreret. Nu er det legende let og s\u00e5 behageligt, at jeg n\u00e6sten kan sove imens. S\u00e5dan et hj\u00e6lpemiddel g\u00f8r, at man kan overskue at komme ud af sengen og har lyst til at st\u00e5 op.<\/p>\n<p>Sengen er ogs\u00e5 p\u00e6n. En normal hospitalsseng er s\u00e5 kold, som noget kan v\u00e6re, men n\u00e5r denne her er k\u00f8rt ned, s\u00e5 ligner den en ganske almindelig seng. Det har stor betydning for mig ikke mindst i forhold til min 11-\u00e5rige datter, som af og til sover hjemme hos mig. N\u00e5r far render ind i s\u00e5dan en sygdom, er der mange ting, der skal accepteres. Jeg skal nok komme dertil, hvor det hele kommer til at ligne et hospital, men det beh\u00f8ver ikke v\u00e6re endnu. Det er vigtigt for mig, at min datter ogs\u00e5 kan f\u00f8lge med.<\/p>\n<p>Den psykiske virkning ved friheden til at klare sig selv er stor. Kommunen sparer ogs\u00e5 penge, for uden sengen skulle jeg have hj\u00e6lp mindst fire gange i d\u00f8gnet. Nu har jeg en times reng\u00f8ring hver 14. dag.<\/p>\n<\/div><\/section><\/p><\/div><div class=\"flex_column av_one_fourth  flex_column_div av-zero-column-padding   \" style='border-radius:0px; '><p><div style='padding-bottom:10px;' class='av-special-heading av-special-heading-h1    '><h1 class='av-special-heading-tag '  itemprop=\"headline\"  > 9 sp\u00e6ndende cases med RotoBed\u00ae <\/h1><div class='special-heading-border'><div class='special-heading-inner-border' ><\/div><\/div><\/div><br \/>\n<div style='height:50px' class='hr hr-invisible  '><span class='hr-inner ' ><span class='hr-inner-style'><\/span><\/span><\/div><br \/>\n<div class='avia-button-wrap avia-button-right '><a href='' class='avia-button   avia-icon_select-no avia-color-theme-color avia-size-medium avia-position-right '   ><span class='avia_iconbox_title' >Se oversigten her<\/span><\/a><\/div><\/p><\/div><div style='height:50px' class='hr hr-invisible  '><span class='hr-inner ' ><span class='hr-inner-style'><\/span><\/span><\/div><\/p>\n","protected":false},"excerpt":{"rendered":"","protected":false},"author":1,"featured_media":0,"parent":0,"menu_order":0,"comment_status":"closed","ping_status":"closed","template":"","meta":[],"yoast_head":"<!-- This site is optimized with the Yoast SEO plugin v16.9 - https:\/\/yoast.com\/wordpress\/plugins\/seo\/ -->\n<title>Jan R\u00f8nhoff - RotoBed<\/title>\n<meta name=\"robots\" content=\"index, follow, max-snippet:-1, max-image-preview:large, max-video-preview:-1\" \/>\n<link rel=\"canonical\" href=\"https:\/\/rotobed.com\/se\/jan-roenhoff\/\" \/>\n<meta property=\"og:locale\" content=\"en_US\" \/>\n<meta property=\"og:type\" content=\"article\" \/>\n<meta property=\"og:title\" content=\"Jan R\u00f8nhoff - RotoBed\" \/>\n<meta property=\"og:url\" content=\"https:\/\/rotobed.com\/se\/jan-roenhoff\/\" \/>\n<meta property=\"og:site_name\" content=\"RotoBed\" \/>\n<meta property=\"article:modified_time\" content=\"2020-04-06T06:50:13+00:00\" \/>\n<meta name=\"twitter:card\" content=\"summary\" \/>\n<meta name=\"twitter:label1\" content=\"Est. reading time\" \/>\n\t<meta name=\"twitter:data1\" content=\"4 minutes\" \/>\n<script type=\"application\/ld+json\" class=\"yoast-schema-graph\">{\"@context\":\"https:\/\/schema.org\",\"@graph\":[{\"@type\":\"WebSite\",\"@id\":\"https:\/\/rotobed.com\/se\/#website\",\"url\":\"https:\/\/rotobed.com\/se\/\",\"name\":\"RotoBed\",\"description\":\"\",\"potentialAction\":[{\"@type\":\"SearchAction\",\"target\":{\"@type\":\"EntryPoint\",\"urlTemplate\":\"https:\/\/rotobed.com\/se\/?s={search_term_string}\"},\"query-input\":\"required name=search_term_string\"}],\"inLanguage\":\"en-US\"},{\"@type\":\"WebPage\",\"@id\":\"https:\/\/rotobed.com\/se\/jan-roenhoff\/#webpage\",\"url\":\"https:\/\/rotobed.com\/se\/jan-roenhoff\/\",\"name\":\"Jan R\\u00f8nhoff - RotoBed\",\"isPartOf\":{\"@id\":\"https:\/\/rotobed.com\/se\/#website\"},\"datePublished\":\"2015-11-30T10:26:23+00:00\",\"dateModified\":\"2020-04-06T06:50:13+00:00\",\"breadcrumb\":{\"@id\":\"https:\/\/rotobed.com\/se\/jan-roenhoff\/#breadcrumb\"},\"inLanguage\":\"en-US\",\"potentialAction\":[{\"@type\":\"ReadAction\",\"target\":[\"https:\/\/rotobed.com\/se\/jan-roenhoff\/\"]}]},{\"@type\":\"BreadcrumbList\",\"@id\":\"https:\/\/rotobed.com\/se\/jan-roenhoff\/#breadcrumb\",\"itemListElement\":[{\"@type\":\"ListItem\",\"position\":1,\"name\":\"Hjem\",\"item\":\"https:\/\/rotobed.com\/se\/\"},{\"@type\":\"ListItem\",\"position\":2,\"name\":\"Jan R\\u00f8nhoff\"}]}]}<\/script>\n<!-- \/ Yoast SEO plugin. -->","yoast_head_json":{"title":"Jan R\u00f8nhoff - RotoBed","robots":{"index":"index","follow":"follow","max-snippet":"max-snippet:-1","max-image-preview":"max-image-preview:large","max-video-preview":"max-video-preview:-1"},"canonical":"https:\/\/rotobed.com\/se\/jan-roenhoff\/","og_locale":"en_US","og_type":"article","og_title":"Jan R\u00f8nhoff - RotoBed","og_url":"https:\/\/rotobed.com\/se\/jan-roenhoff\/","og_site_name":"RotoBed","article_modified_time":"2020-04-06T06:50:13+00:00","twitter_card":"summary","twitter_misc":{"Est. reading time":"4 minutes"},"schema":{"@context":"https:\/\/schema.org","@graph":[{"@type":"WebSite","@id":"https:\/\/rotobed.com\/se\/#website","url":"https:\/\/rotobed.com\/se\/","name":"RotoBed","description":"","potentialAction":[{"@type":"SearchAction","target":{"@type":"EntryPoint","urlTemplate":"https:\/\/rotobed.com\/se\/?s={search_term_string}"},"query-input":"required name=search_term_string"}],"inLanguage":"en-US"},{"@type":"WebPage","@id":"https:\/\/rotobed.com\/se\/jan-roenhoff\/#webpage","url":"https:\/\/rotobed.com\/se\/jan-roenhoff\/","name":"Jan R\u00f8nhoff - RotoBed","isPartOf":{"@id":"https:\/\/rotobed.com\/se\/#website"},"datePublished":"2015-11-30T10:26:23+00:00","dateModified":"2020-04-06T06:50:13+00:00","breadcrumb":{"@id":"https:\/\/rotobed.com\/se\/jan-roenhoff\/#breadcrumb"},"inLanguage":"en-US","potentialAction":[{"@type":"ReadAction","target":["https:\/\/rotobed.com\/se\/jan-roenhoff\/"]}]},{"@type":"BreadcrumbList","@id":"https:\/\/rotobed.com\/se\/jan-roenhoff\/#breadcrumb","itemListElement":[{"@type":"ListItem","position":1,"name":"Hjem","item":"https:\/\/rotobed.com\/se\/"},{"@type":"ListItem","position":2,"name":"Jan R\u00f8nhoff"}]}]}},"_links":{"self":[{"href":"https:\/\/rotobed.com\/se\/wp-json\/wp\/v2\/pages\/147"}],"collection":[{"href":"https:\/\/rotobed.com\/se\/wp-json\/wp\/v2\/pages"}],"about":[{"href":"https:\/\/rotobed.com\/se\/wp-json\/wp\/v2\/types\/page"}],"author":[{"embeddable":true,"href":"https:\/\/rotobed.com\/se\/wp-json\/wp\/v2\/users\/1"}],"replies":[{"embeddable":true,"href":"https:\/\/rotobed.com\/se\/wp-json\/wp\/v2\/comments?post=147"}],"version-history":[{"count":16,"href":"https:\/\/rotobed.com\/se\/wp-json\/wp\/v2\/pages\/147\/revisions"}],"predecessor-version":[{"id":6678,"href":"https:\/\/rotobed.com\/se\/wp-json\/wp\/v2\/pages\/147\/revisions\/6678"}],"wp:attachment":[{"href":"https:\/\/rotobed.com\/se\/wp-json\/wp\/v2\/media?parent=147"}],"curies":[{"name":"wp","href":"https:\/\/api.w.org\/{rel}","templated":true}]}}