{"id":200,"date":"2015-12-06T22:01:09","date_gmt":"2015-12-06T22:01:09","guid":{"rendered":"https:\/\/rotobed.com\/se\/?page_id=200"},"modified":"2017-11-22T11:36:48","modified_gmt":"2017-11-22T11:36:48","slug":"jack-joensson","status":"publish","type":"page","link":"https:\/\/rotobed.com\/se\/jack-joensson\/","title":{"rendered":"Jack J\u00f8nsson"},"content":{"rendered":"<div style='height:50px' class='hr hr-invisible  '><span class='hr-inner ' ><span class='hr-inner-style'><\/span><\/span><\/div>\n<div class=\"flex_column av_three_fourth  flex_column_div av-zero-column-padding first  \" style='border-radius:0px; '><p><div class='avia-image-container  av-styling-    avia-align-center '  itemprop=\"ImageObject\" itemscope=\"itemscope\" itemtype=\"https:\/\/schema.org\/ImageObject\"  ><div class='avia-image-container-inner'><img class='avia_image ' src='https:\/\/rotobed.com\/se\/wp-content\/uploads\/2015\/09\/Jack-1030x687.jpg' alt='' title='Jack'   itemprop=\"thumbnailUrl\"  \/><\/div><\/div><br \/>\n<section class=\"av_textblock_section \"  itemscope=\"itemscope\" itemtype=\"https:\/\/schema.org\/CreativeWork\" ><div class='avia_textblock  '   itemprop=\"text\" ><h1>Hj\u00e6lperne viser min seng frem<\/h1>\n<h3>Jack J\u00f8nsson, Ish\u00f8j. 71 \u00e5r. Er lam i h\u00f8jre side efter en blodprop. Har haft RotoBed\u00ae fuldautomatisk i et \u00e5r.<\/h3>\n<p>F\u00f8r havde jeg en hospitalsseng, men den kunne ikke dreje. S\u00e5 n\u00e5r plejerne skulle have mig ud af sengen, lagde de et h\u00e5ndkl\u00e6de rundt om mig og trak. Det kunne de jo ikke t\u00e5le, og det gjorde ogs\u00e5 ondt p\u00e5 mig.<\/p>\n<p>S\u00e5 havde jeg en fornuftig forflytningsvejleder, der havde set den her RotoBed\u00ae p\u00e5 en udstilling og t\u00e6nkte, at det var noget for mig. Jeg pr\u00f8vede den der, hvor de har hj\u00e6lpemidler, og jeg havde det bare s\u00e5dan: Det er eddermame sagen \u2013 den skal det v\u00e6re! Og s\u00e5 fik jeg den samme eftermiddag, det var helt fantastisk.<\/p>\n<p>F\u00f8r f\u00f8lte jeg mig meget handicappet, og det var et stort irritationsmoment. Nu f\u00f8ler jeg det slet ikke s\u00e5dan mere, og stemningen er ogs\u00e5 blevet meget bedre, n\u00e5r hj\u00e6lperne skal have mig ud af sengen. F\u00f8r gjorde det jo ondt; s\u00e5 faldt der m\u00e5ske nogle knubbede ord, og s\u00e5 blev de ogs\u00e5 sure.<\/p>\n<p>Nu ringer de ti minutter, f\u00f8r de kommer, og s\u00e5 har jeg k\u00f8rt mig op til siddende. De ordner alt det med sko og bukser og str\u00f8mper, mens sengen er k\u00f8rt ud mod gulvet, og de er s\u00e5 glade for den, at de tager familien med p\u00e5 arbejde for at se vidunderet. De er meget benovede.<\/p>\n<\/div><\/section><\/p><\/div><div class=\"flex_column av_one_fourth  flex_column_div av-zero-column-padding   \" style='border-radius:0px; '><p><div style='padding-bottom:10px;' class='av-special-heading av-special-heading-h1    '><h1 class='av-special-heading-tag '  itemprop=\"headline\"  > 9 sp\u00e6ndende cases med RotoBed\u00ae fuldautomatisk<\/h1><div class='special-heading-border'><div class='special-heading-inner-border' ><\/div><\/div><\/div><br \/>\n<div style='height:50px' class='hr hr-invisible  '><span class='hr-inner ' ><span class='hr-inner-style'><\/span><\/span><\/div><br \/>\n<div class='avia-button-wrap avia-button-right '><a href='' class='avia-button   avia-icon_select-no avia-color-theme-color avia-size-medium avia-position-right '   ><span class='avia_iconbox_title' >Se oversigten her<\/span><\/a><\/div><\/p><\/div><div class=\"flex_column av_one_half  flex_column_div av-zero-column-padding first  \" style='border-radius:0px; '><section class=\"av_textblock_section \"  itemscope=\"itemscope\" itemtype=\"https:\/\/schema.org\/CreativeWork\" ><div class='avia_textblock  '   itemprop=\"text\" ><h2>Det er det bedste, der er sket for Jack<\/h2>\n<p><em>Kirsten J\u00f8nsson, hustru til Jack.<\/em><\/p>\n<p>Det er helt fantastisk, hvad den seng har gjort for Jack. Han er blevet s\u00e5 glad af det. Glad, fordi han har meget mere v\u00e6rdighed nu. Og glad, fordi han ikke er til besv\u00e6r for andre.<\/p>\n<p>For mig var det den rene svir, da han fik sengen, for jeg havde jo v\u00e6ret vant til at b\u00f8vle med at f\u00e5 ham ud af den gamle. Nu er Jack lige flyttet i en \u00e6ldrebolig, fordi han syntes, det var for h\u00e5rdt for mig. S\u00e5 nu er det hj\u00e6lperne, der har gl\u00e6de af den. Vi er virkelig taknemmelige overfor kommunen. Hvis man skal blive syg og handicappet, s\u00e5 er Ish\u00f8j bare den bedste kommune at bo i.<\/p>\n<\/div><\/section><\/div><\/p>\n<div class=\"flex_column av_one_fourth  flex_column_div av-zero-column-padding   \" style='border-radius:0px; '><div class='avia-image-container  av-styling-    avia-align-center '  itemprop=\"ImageObject\" itemscope=\"itemscope\" itemtype=\"https:\/\/schema.org\/ImageObject\"  ><div class='avia-image-container-inner'><img class='avia_image ' src='https:\/\/rotobed.com\/se\/wp-content\/uploads\/2015\/09\/Kirsten-1030x687.jpg' alt='' title='Kirsten'   itemprop=\"thumbnailUrl\"  \/><\/div><\/div><\/div>\n<div style='height:50px' class='hr hr-invisible  '><span class='hr-inner ' ><span class='hr-inner-style'><\/span><\/span><\/div>\n","protected":false},"excerpt":{"rendered":"","protected":false},"author":1,"featured_media":0,"parent":0,"menu_order":0,"comment_status":"closed","ping_status":"closed","template":"","meta":[],"yoast_head":"<!-- This site is optimized with the Yoast SEO plugin v16.9 - https:\/\/yoast.com\/wordpress\/plugins\/seo\/ -->\n<title>Jack J\u00f8nsson - RotoBed<\/title>\n<meta name=\"robots\" content=\"index, follow, max-snippet:-1, max-image-preview:large, max-video-preview:-1\" \/>\n<link rel=\"canonical\" href=\"https:\/\/rotobed.com\/se\/jack-joensson\/\" \/>\n<meta property=\"og:locale\" content=\"en_US\" \/>\n<meta property=\"og:type\" content=\"article\" \/>\n<meta property=\"og:title\" content=\"Jack J\u00f8nsson - RotoBed\" \/>\n<meta property=\"og:url\" content=\"https:\/\/rotobed.com\/se\/jack-joensson\/\" \/>\n<meta property=\"og:site_name\" content=\"RotoBed\" \/>\n<meta property=\"article:modified_time\" content=\"2017-11-22T11:36:48+00:00\" \/>\n<meta name=\"twitter:card\" content=\"summary\" \/>\n<meta name=\"twitter:label1\" content=\"Est. reading time\" \/>\n\t<meta name=\"twitter:data1\" content=\"5 minutes\" \/>\n<script type=\"application\/ld+json\" class=\"yoast-schema-graph\">{\"@context\":\"https:\/\/schema.org\",\"@graph\":[{\"@type\":\"WebSite\",\"@id\":\"https:\/\/rotobed.com\/se\/#website\",\"url\":\"https:\/\/rotobed.com\/se\/\",\"name\":\"RotoBed\",\"description\":\"\",\"potentialAction\":[{\"@type\":\"SearchAction\",\"target\":{\"@type\":\"EntryPoint\",\"urlTemplate\":\"https:\/\/rotobed.com\/se\/?s={search_term_string}\"},\"query-input\":\"required name=search_term_string\"}],\"inLanguage\":\"en-US\"},{\"@type\":\"WebPage\",\"@id\":\"https:\/\/rotobed.com\/se\/jack-joensson\/#webpage\",\"url\":\"https:\/\/rotobed.com\/se\/jack-joensson\/\",\"name\":\"Jack J\\u00f8nsson - RotoBed\",\"isPartOf\":{\"@id\":\"https:\/\/rotobed.com\/se\/#website\"},\"datePublished\":\"2015-12-06T22:01:09+00:00\",\"dateModified\":\"2017-11-22T11:36:48+00:00\",\"breadcrumb\":{\"@id\":\"https:\/\/rotobed.com\/se\/jack-joensson\/#breadcrumb\"},\"inLanguage\":\"en-US\",\"potentialAction\":[{\"@type\":\"ReadAction\",\"target\":[\"https:\/\/rotobed.com\/se\/jack-joensson\/\"]}]},{\"@type\":\"BreadcrumbList\",\"@id\":\"https:\/\/rotobed.com\/se\/jack-joensson\/#breadcrumb\",\"itemListElement\":[{\"@type\":\"ListItem\",\"position\":1,\"name\":\"Hjem\",\"item\":\"https:\/\/rotobed.com\/se\/\"},{\"@type\":\"ListItem\",\"position\":2,\"name\":\"Jack J\\u00f8nsson\"}]}]}<\/script>\n<!-- \/ Yoast SEO plugin. -->","yoast_head_json":{"title":"Jack J\u00f8nsson - RotoBed","robots":{"index":"index","follow":"follow","max-snippet":"max-snippet:-1","max-image-preview":"max-image-preview:large","max-video-preview":"max-video-preview:-1"},"canonical":"https:\/\/rotobed.com\/se\/jack-joensson\/","og_locale":"en_US","og_type":"article","og_title":"Jack J\u00f8nsson - RotoBed","og_url":"https:\/\/rotobed.com\/se\/jack-joensson\/","og_site_name":"RotoBed","article_modified_time":"2017-11-22T11:36:48+00:00","twitter_card":"summary","twitter_misc":{"Est. reading time":"5 minutes"},"schema":{"@context":"https:\/\/schema.org","@graph":[{"@type":"WebSite","@id":"https:\/\/rotobed.com\/se\/#website","url":"https:\/\/rotobed.com\/se\/","name":"RotoBed","description":"","potentialAction":[{"@type":"SearchAction","target":{"@type":"EntryPoint","urlTemplate":"https:\/\/rotobed.com\/se\/?s={search_term_string}"},"query-input":"required name=search_term_string"}],"inLanguage":"en-US"},{"@type":"WebPage","@id":"https:\/\/rotobed.com\/se\/jack-joensson\/#webpage","url":"https:\/\/rotobed.com\/se\/jack-joensson\/","name":"Jack J\u00f8nsson - RotoBed","isPartOf":{"@id":"https:\/\/rotobed.com\/se\/#website"},"datePublished":"2015-12-06T22:01:09+00:00","dateModified":"2017-11-22T11:36:48+00:00","breadcrumb":{"@id":"https:\/\/rotobed.com\/se\/jack-joensson\/#breadcrumb"},"inLanguage":"en-US","potentialAction":[{"@type":"ReadAction","target":["https:\/\/rotobed.com\/se\/jack-joensson\/"]}]},{"@type":"BreadcrumbList","@id":"https:\/\/rotobed.com\/se\/jack-joensson\/#breadcrumb","itemListElement":[{"@type":"ListItem","position":1,"name":"Hjem","item":"https:\/\/rotobed.com\/se\/"},{"@type":"ListItem","position":2,"name":"Jack J\u00f8nsson"}]}]}},"_links":{"self":[{"href":"https:\/\/rotobed.com\/se\/wp-json\/wp\/v2\/pages\/200"}],"collection":[{"href":"https:\/\/rotobed.com\/se\/wp-json\/wp\/v2\/pages"}],"about":[{"href":"https:\/\/rotobed.com\/se\/wp-json\/wp\/v2\/types\/page"}],"author":[{"embeddable":true,"href":"https:\/\/rotobed.com\/se\/wp-json\/wp\/v2\/users\/1"}],"replies":[{"embeddable":true,"href":"https:\/\/rotobed.com\/se\/wp-json\/wp\/v2\/comments?post=200"}],"version-history":[{"count":6,"href":"https:\/\/rotobed.com\/se\/wp-json\/wp\/v2\/pages\/200\/revisions"}],"predecessor-version":[{"id":2627,"href":"https:\/\/rotobed.com\/se\/wp-json\/wp\/v2\/pages\/200\/revisions\/2627"}],"wp:attachment":[{"href":"https:\/\/rotobed.com\/se\/wp-json\/wp\/v2\/media?parent=200"}],"curies":[{"name":"wp","href":"https:\/\/api.w.org\/{rel}","templated":true}]}}