{"id":204,"date":"2015-12-06T22:06:22","date_gmt":"2015-12-06T22:06:22","guid":{"rendered":"https:\/\/rotobed.com\/se\/?page_id=204"},"modified":"2018-03-18T07:02:10","modified_gmt":"2018-03-18T07:02:10","slug":"helle-pedersen-3","status":"publish","type":"page","link":"https:\/\/rotobed.com\/se\/helle-pedersen-3\/","title":{"rendered":"Helle Pedersen"},"content":{"rendered":"<div style='height:50px' class='hr hr-invisible  '><span class='hr-inner ' ><span class='hr-inner-style'><\/span><\/span><\/div>\n<div class=\"flex_column av_three_fourth  flex_column_div av-zero-column-padding first  \" style='border-radius:0px; '><p><div class='avia-image-container  av-styling-    avia-align-center '  itemprop=\"ImageObject\" itemscope=\"itemscope\" itemtype=\"https:\/\/schema.org\/ImageObject\"  ><div class='avia-image-container-inner'><img class='avia_image ' src='https:\/\/rotobed.com\/se\/wp-content\/uploads\/2015\/09\/Helle-Pedersen-1030x687.jpg' alt='' title='Helle-Pedersen'   itemprop=\"thumbnailUrl\"  \/><\/div><\/div><br \/>\n<section class=\"av_textblock_section \"  itemscope=\"itemscope\" itemtype=\"https:\/\/schema.org\/CreativeWork\" ><div class='avia_textblock  '   itemprop=\"text\" ><h1>Den har hurtigt tjent sig ind<\/h1>\n<h3>Helle Pedersen, H\u00f8ng. 61 \u00e5r. Fik Sclerose i 1999. Har haft RotoBed\u00ae fuldautomatisk i et \u00e5r.<\/h3>\n<p>Jeg har efterh\u00e5nden ingen kr\u00e6fter i benene og kan ikke selv svinge mig ud af sengen. Min mand er halvsidigt lammet efter en blodprop og kan kun bruge den ene h\u00e5nd, s\u00e5 for ham er det ogs\u00e5 sv\u00e6rt at hj\u00e6lpe. Hvis der skulle komme hj\u00e6lpere i vores sovev\u00e6relse om natten, ville han nok flytte ud, og det ville g\u00e5 ud over vores \u00e6gteskab.<\/p>\n<p>Kommunen gav mig f\u00f8rst afslag p\u00e5 en RotoBed\u00ae plejeseng. Men jeg klagede og forklarede, hvordan vores hverdag er, og hvor meget hj\u00e6lp, jeg ellers skulle have, og s\u00e5 fik jeg den bevilget. Der er en tendens til, at man ikke tror, at handicappede har et liv. Min mand og jeg tager b\u00e5de i biografen og i teatret, og jeg vil da ikke v\u00e6re afh\u00e6ngig af at skulle hjem i seng, n\u00e5r det passer kommunen. Jeg vil gerne bevare min selvst\u00e6ndighed.<\/p>\n<p>Hvis jeg bare skulle sidde herhjemme og passe mig selv hele dagen, ville jeg blive mere og mere deprimeret, og s\u00e5 ville min sclerose ogs\u00e5 blive v\u00e6rre. S\u00e5dan fungerer det jo.<\/p>\n<p>For kommunen er \u00f8konomien tit det vigtigste, og der m\u00e5 man sige, at RotoBed\u00ae fuldautomatisk hurtigt kan tjene sig selv ind, n\u00e5r den st\u00e5r i stedet for hj\u00e6lp fem gange i d\u00f8gnet.<\/p>\n<p>For mig betyder sengen alt. Jeg kan g\u00e5 i seng, n\u00e5r jeg synes, st\u00e5 op, n\u00e5r jeg synes, og jeg er fri for at have hj\u00e6lpere rendende i huset og for at skulle v\u00e6re hjemme p\u00e5 et bestemt tidspunkt. Jeg kan selv, og det er frihed.<\/p>\n<\/div><\/section><\/p><\/div><div class=\"flex_column av_one_fourth  flex_column_div av-zero-column-padding   \" style='border-radius:0px; '><p><div style='padding-bottom:10px;' class='av-special-heading av-special-heading-h1    '><h1 class='av-special-heading-tag '  itemprop=\"headline\"  > 9 sp\u00e6ndende cases med RotoBed\u00ae fuldautomatisk<\/h1><div class='special-heading-border'><div class='special-heading-inner-border' ><\/div><\/div><\/div><br \/>\n<div style='height:50px' class='hr hr-invisible  '><span class='hr-inner ' ><span class='hr-inner-style'><\/span><\/span><\/div><br \/>\n<div class='avia-button-wrap avia-button-right '><a href='' class='avia-button   avia-icon_select-no avia-color-theme-color avia-size-medium avia-position-right '   ><span class='avia_iconbox_title' >Se oversigten her<\/span><\/a><\/div><\/p><\/div><\/p>\n","protected":false},"excerpt":{"rendered":"","protected":false},"author":1,"featured_media":0,"parent":0,"menu_order":0,"comment_status":"closed","ping_status":"closed","template":"","meta":[],"yoast_head":"<!-- This site is optimized with the Yoast SEO plugin v16.9 - https:\/\/yoast.com\/wordpress\/plugins\/seo\/ -->\n<title>Helle Pedersen - RotoBed<\/title>\n<meta name=\"robots\" content=\"index, follow, max-snippet:-1, max-image-preview:large, max-video-preview:-1\" \/>\n<link rel=\"canonical\" href=\"https:\/\/rotobed.com\/se\/helle-pedersen-3\/\" \/>\n<meta property=\"og:locale\" content=\"en_US\" \/>\n<meta property=\"og:type\" content=\"article\" \/>\n<meta property=\"og:title\" content=\"Helle Pedersen - RotoBed\" \/>\n<meta property=\"og:url\" content=\"https:\/\/rotobed.com\/se\/helle-pedersen-3\/\" \/>\n<meta property=\"og:site_name\" content=\"RotoBed\" \/>\n<meta property=\"article:modified_time\" content=\"2018-03-18T07:02:10+00:00\" \/>\n<meta name=\"twitter:card\" content=\"summary\" \/>\n<meta name=\"twitter:label1\" content=\"Est. reading time\" \/>\n\t<meta name=\"twitter:data1\" content=\"3 minutes\" \/>\n<script type=\"application\/ld+json\" class=\"yoast-schema-graph\">{\"@context\":\"https:\/\/schema.org\",\"@graph\":[{\"@type\":\"WebSite\",\"@id\":\"https:\/\/rotobed.com\/se\/#website\",\"url\":\"https:\/\/rotobed.com\/se\/\",\"name\":\"RotoBed\",\"description\":\"\",\"potentialAction\":[{\"@type\":\"SearchAction\",\"target\":{\"@type\":\"EntryPoint\",\"urlTemplate\":\"https:\/\/rotobed.com\/se\/?s={search_term_string}\"},\"query-input\":\"required name=search_term_string\"}],\"inLanguage\":\"en-US\"},{\"@type\":\"WebPage\",\"@id\":\"https:\/\/rotobed.com\/se\/helle-pedersen-3\/#webpage\",\"url\":\"https:\/\/rotobed.com\/se\/helle-pedersen-3\/\",\"name\":\"Helle Pedersen - RotoBed\",\"isPartOf\":{\"@id\":\"https:\/\/rotobed.com\/se\/#website\"},\"datePublished\":\"2015-12-06T22:06:22+00:00\",\"dateModified\":\"2018-03-18T07:02:10+00:00\",\"breadcrumb\":{\"@id\":\"https:\/\/rotobed.com\/se\/helle-pedersen-3\/#breadcrumb\"},\"inLanguage\":\"en-US\",\"potentialAction\":[{\"@type\":\"ReadAction\",\"target\":[\"https:\/\/rotobed.com\/se\/helle-pedersen-3\/\"]}]},{\"@type\":\"BreadcrumbList\",\"@id\":\"https:\/\/rotobed.com\/se\/helle-pedersen-3\/#breadcrumb\",\"itemListElement\":[{\"@type\":\"ListItem\",\"position\":1,\"name\":\"Hjem\",\"item\":\"https:\/\/rotobed.com\/se\/\"},{\"@type\":\"ListItem\",\"position\":2,\"name\":\"Helle Pedersen\"}]}]}<\/script>\n<!-- \/ Yoast SEO plugin. -->","yoast_head_json":{"title":"Helle Pedersen - RotoBed","robots":{"index":"index","follow":"follow","max-snippet":"max-snippet:-1","max-image-preview":"max-image-preview:large","max-video-preview":"max-video-preview:-1"},"canonical":"https:\/\/rotobed.com\/se\/helle-pedersen-3\/","og_locale":"en_US","og_type":"article","og_title":"Helle Pedersen - RotoBed","og_url":"https:\/\/rotobed.com\/se\/helle-pedersen-3\/","og_site_name":"RotoBed","article_modified_time":"2018-03-18T07:02:10+00:00","twitter_card":"summary","twitter_misc":{"Est. reading time":"3 minutes"},"schema":{"@context":"https:\/\/schema.org","@graph":[{"@type":"WebSite","@id":"https:\/\/rotobed.com\/se\/#website","url":"https:\/\/rotobed.com\/se\/","name":"RotoBed","description":"","potentialAction":[{"@type":"SearchAction","target":{"@type":"EntryPoint","urlTemplate":"https:\/\/rotobed.com\/se\/?s={search_term_string}"},"query-input":"required name=search_term_string"}],"inLanguage":"en-US"},{"@type":"WebPage","@id":"https:\/\/rotobed.com\/se\/helle-pedersen-3\/#webpage","url":"https:\/\/rotobed.com\/se\/helle-pedersen-3\/","name":"Helle Pedersen - RotoBed","isPartOf":{"@id":"https:\/\/rotobed.com\/se\/#website"},"datePublished":"2015-12-06T22:06:22+00:00","dateModified":"2018-03-18T07:02:10+00:00","breadcrumb":{"@id":"https:\/\/rotobed.com\/se\/helle-pedersen-3\/#breadcrumb"},"inLanguage":"en-US","potentialAction":[{"@type":"ReadAction","target":["https:\/\/rotobed.com\/se\/helle-pedersen-3\/"]}]},{"@type":"BreadcrumbList","@id":"https:\/\/rotobed.com\/se\/helle-pedersen-3\/#breadcrumb","itemListElement":[{"@type":"ListItem","position":1,"name":"Hjem","item":"https:\/\/rotobed.com\/se\/"},{"@type":"ListItem","position":2,"name":"Helle Pedersen"}]}]}},"_links":{"self":[{"href":"https:\/\/rotobed.com\/se\/wp-json\/wp\/v2\/pages\/204"}],"collection":[{"href":"https:\/\/rotobed.com\/se\/wp-json\/wp\/v2\/pages"}],"about":[{"href":"https:\/\/rotobed.com\/se\/wp-json\/wp\/v2\/types\/page"}],"author":[{"embeddable":true,"href":"https:\/\/rotobed.com\/se\/wp-json\/wp\/v2\/users\/1"}],"replies":[{"embeddable":true,"href":"https:\/\/rotobed.com\/se\/wp-json\/wp\/v2\/comments?post=204"}],"version-history":[{"count":6,"href":"https:\/\/rotobed.com\/se\/wp-json\/wp\/v2\/pages\/204\/revisions"}],"predecessor-version":[{"id":3667,"href":"https:\/\/rotobed.com\/se\/wp-json\/wp\/v2\/pages\/204\/revisions\/3667"}],"wp:attachment":[{"href":"https:\/\/rotobed.com\/se\/wp-json\/wp\/v2\/media?parent=204"}],"curies":[{"name":"wp","href":"https:\/\/api.w.org\/{rel}","templated":true}]}}