{"id":208,"date":"2015-12-06T22:08:56","date_gmt":"2015-12-06T22:08:56","guid":{"rendered":"https:\/\/rotobed.com\/se\/?page_id=208"},"modified":"2017-11-22T12:06:15","modified_gmt":"2017-11-22T12:06:15","slug":"kristina-sangvita","status":"publish","type":"page","link":"https:\/\/rotobed.com\/se\/kristina-sangvita\/","title":{"rendered":"Kristina Sangvita"},"content":{"rendered":"<div style='height:50px' class='hr hr-invisible  '><span class='hr-inner ' ><span class='hr-inner-style'><\/span><\/span><\/div>\n<div class=\"flex_column av_three_fourth  flex_column_div av-zero-column-padding first  \" style='border-radius:0px; '><p><div class='avia-image-container  av-styling-    avia-align-center '  itemprop=\"ImageObject\" itemscope=\"itemscope\" itemtype=\"https:\/\/schema.org\/ImageObject\"  ><div class='avia-image-container-inner'><img class='avia_image ' src='https:\/\/rotobed.com\/se\/wp-content\/uploads\/2015\/09\/Kristina-1030x687.jpg' alt='' title='Kristina'   itemprop=\"thumbnailUrl\"  \/><\/div><\/div><br \/>\n<section class=\"av_textblock_section \"  itemscope=\"itemscope\" itemtype=\"https:\/\/schema.org\/CreativeWork\" ><div class='avia_textblock  '   itemprop=\"text\" ><h1>Det er en solstr\u00e5le-historie<\/h1>\n<h3>Kristina Sangvita, R\u00f8dovre. 39 \u00e5r. Delvist lam efter en trafikulykke for 16 \u00e5r siden. Havde en RotoBed\u00ae fuldautomatisk i halvandet \u00e5r, men har ikke l\u00e6ngere brug for den.<\/h3>\n<p>Det liv, jeg havde f\u00f8r, var ikke v\u00e6rd at leve. At blive flyttet rundt p\u00e5 hele tiden, at v\u00e6re indesp\u00e6rret, fordi man ikke selv kan komme ud af sengen, at ligge og holde sig hele natten, fordi man ikke kan komme p\u00e5 toilet selv \u2013 det var forf\u00e6rdeligt.<\/p>\n<p>Jeg k\u00e6mpede meget l\u00e6nge for at f\u00e5 en RotoBed\u00ae fuldautomatisk, men kommunen afviste hele vejen igennem. Til sidst fik jeg lov at l\u00e5ne sengen af RotoBed\u00ae, og s\u00e5 skete der bare s\u00e5 meget med mig, fordi jeg pludselig selv kunne komme ud og ind af sengen.<\/p>\n<p>Jeg fik det fysisk meget bedre, fordi der ikke l\u00e6ngere blev hevet og trukket i mine led. Men jeg fik det ogs\u00e5 mentalt bedre, fordi jeg ikke l\u00e6ngere skulle k\u00e6mpe for at f\u00e5 en bedre seng.<\/p>\n<p>Det gav b\u00e5de fysisk og mental ro, og jeg fik en bedre bl\u00e6refunktion, fordi jeg ikke skulle holde mig hver morgen, indtil hj\u00e6lperne kom. Og vigtigst gjorde det, at jeg ikke bare skulle koncentrere mig om at overleve og blive opbevaret og rykket rundt p\u00e5 som en ting, men at jeg rent faktisk kunne leve et meningsfyldt liv.<\/p>\n<p>Da jeg havde haft RotoBed\u00ae fuldautomatisk i et \u00e5r, bad jeg selv om f\u00e6rre hj\u00e6lpertimer, fordi jeg kunne meget mere. Jeg troede ikke, det nogensinde kunne ske, men pludselig kunne jeg m\u00e6rke mit ene ben for f\u00f8rste gang i mange \u00e5r.\u00a0 Senere kunne jeg vippe lidt med t\u00e6erne, og i dag kan jeg sidde p\u00e5 en kontorstol og skubbe mig rundt p\u00e5 gulvet.\u00a0 P\u00e5 de helt gode dage kan jeg st\u00e5 op i nogle sekunder.<\/p>\n<p>Jeg kan jo ikke sige, om det er RotoBed\u00ae sengen, der har gjort det, men jeg er sikker p\u00e5, den er medvirkende. Nu har jeg f\u00e5et det s\u00e5 godt, at jeg ikke l\u00e6ngere beh\u00f8ver den. Jeg sover i en helt almindelig elevationsseng. Det er da en solstr\u00e5lehistorie.<\/p>\n<\/div><\/section><\/p><\/div><div class=\"flex_column av_one_fourth  flex_column_div av-zero-column-padding   \" style='border-radius:0px; '><p><div style='padding-bottom:10px;' class='av-special-heading av-special-heading-h1    '><h1 class='av-special-heading-tag '  itemprop=\"headline\"  > 9 sp\u00e6ndende cases med RotoBed\u00ae fuldautomatisk<\/h1><div class='special-heading-border'><div class='special-heading-inner-border' ><\/div><\/div><\/div><br \/>\n<div style='height:50px' class='hr hr-invisible  '><span class='hr-inner ' ><span class='hr-inner-style'><\/span><\/span><\/div><br \/>\n<div class='avia-button-wrap avia-button-right '><a href='' class='avia-button   avia-icon_select-no avia-color-theme-color avia-size-medium avia-position-right '   ><span class='avia_iconbox_title' >Se oversigten her<\/span><\/a><\/div><\/p><\/div><div style='height:50px' class='hr hr-invisible  '><span class='hr-inner ' ><span class='hr-inner-style'><\/span><\/span><\/div><\/p>\n","protected":false},"excerpt":{"rendered":"","protected":false},"author":1,"featured_media":0,"parent":0,"menu_order":0,"comment_status":"closed","ping_status":"closed","template":"","meta":[],"yoast_head":"<!-- This site is optimized with the Yoast SEO plugin v16.9 - https:\/\/yoast.com\/wordpress\/plugins\/seo\/ -->\n<title>Kristina Sangvita - RotoBed<\/title>\n<meta name=\"robots\" content=\"index, follow, max-snippet:-1, max-image-preview:large, max-video-preview:-1\" \/>\n<link rel=\"canonical\" href=\"https:\/\/rotobed.com\/se\/kristina-sangvita\/\" \/>\n<meta property=\"og:locale\" content=\"en_US\" \/>\n<meta property=\"og:type\" content=\"article\" \/>\n<meta property=\"og:title\" content=\"Kristina Sangvita - RotoBed\" \/>\n<meta property=\"og:url\" content=\"https:\/\/rotobed.com\/se\/kristina-sangvita\/\" \/>\n<meta property=\"og:site_name\" content=\"RotoBed\" \/>\n<meta property=\"article:modified_time\" content=\"2017-11-22T12:06:15+00:00\" \/>\n<meta name=\"twitter:card\" content=\"summary\" \/>\n<meta name=\"twitter:label1\" content=\"Est. reading time\" \/>\n\t<meta name=\"twitter:data1\" content=\"4 minutes\" \/>\n<script type=\"application\/ld+json\" class=\"yoast-schema-graph\">{\"@context\":\"https:\/\/schema.org\",\"@graph\":[{\"@type\":\"WebSite\",\"@id\":\"https:\/\/rotobed.com\/se\/#website\",\"url\":\"https:\/\/rotobed.com\/se\/\",\"name\":\"RotoBed\",\"description\":\"\",\"potentialAction\":[{\"@type\":\"SearchAction\",\"target\":{\"@type\":\"EntryPoint\",\"urlTemplate\":\"https:\/\/rotobed.com\/se\/?s={search_term_string}\"},\"query-input\":\"required name=search_term_string\"}],\"inLanguage\":\"en-US\"},{\"@type\":\"WebPage\",\"@id\":\"https:\/\/rotobed.com\/se\/kristina-sangvita\/#webpage\",\"url\":\"https:\/\/rotobed.com\/se\/kristina-sangvita\/\",\"name\":\"Kristina Sangvita - RotoBed\",\"isPartOf\":{\"@id\":\"https:\/\/rotobed.com\/se\/#website\"},\"datePublished\":\"2015-12-06T22:08:56+00:00\",\"dateModified\":\"2017-11-22T12:06:15+00:00\",\"breadcrumb\":{\"@id\":\"https:\/\/rotobed.com\/se\/kristina-sangvita\/#breadcrumb\"},\"inLanguage\":\"en-US\",\"potentialAction\":[{\"@type\":\"ReadAction\",\"target\":[\"https:\/\/rotobed.com\/se\/kristina-sangvita\/\"]}]},{\"@type\":\"BreadcrumbList\",\"@id\":\"https:\/\/rotobed.com\/se\/kristina-sangvita\/#breadcrumb\",\"itemListElement\":[{\"@type\":\"ListItem\",\"position\":1,\"name\":\"Hjem\",\"item\":\"https:\/\/rotobed.com\/se\/\"},{\"@type\":\"ListItem\",\"position\":2,\"name\":\"Kristina Sangvita\"}]}]}<\/script>\n<!-- \/ Yoast SEO plugin. -->","yoast_head_json":{"title":"Kristina Sangvita - RotoBed","robots":{"index":"index","follow":"follow","max-snippet":"max-snippet:-1","max-image-preview":"max-image-preview:large","max-video-preview":"max-video-preview:-1"},"canonical":"https:\/\/rotobed.com\/se\/kristina-sangvita\/","og_locale":"en_US","og_type":"article","og_title":"Kristina Sangvita - RotoBed","og_url":"https:\/\/rotobed.com\/se\/kristina-sangvita\/","og_site_name":"RotoBed","article_modified_time":"2017-11-22T12:06:15+00:00","twitter_card":"summary","twitter_misc":{"Est. reading time":"4 minutes"},"schema":{"@context":"https:\/\/schema.org","@graph":[{"@type":"WebSite","@id":"https:\/\/rotobed.com\/se\/#website","url":"https:\/\/rotobed.com\/se\/","name":"RotoBed","description":"","potentialAction":[{"@type":"SearchAction","target":{"@type":"EntryPoint","urlTemplate":"https:\/\/rotobed.com\/se\/?s={search_term_string}"},"query-input":"required name=search_term_string"}],"inLanguage":"en-US"},{"@type":"WebPage","@id":"https:\/\/rotobed.com\/se\/kristina-sangvita\/#webpage","url":"https:\/\/rotobed.com\/se\/kristina-sangvita\/","name":"Kristina Sangvita - RotoBed","isPartOf":{"@id":"https:\/\/rotobed.com\/se\/#website"},"datePublished":"2015-12-06T22:08:56+00:00","dateModified":"2017-11-22T12:06:15+00:00","breadcrumb":{"@id":"https:\/\/rotobed.com\/se\/kristina-sangvita\/#breadcrumb"},"inLanguage":"en-US","potentialAction":[{"@type":"ReadAction","target":["https:\/\/rotobed.com\/se\/kristina-sangvita\/"]}]},{"@type":"BreadcrumbList","@id":"https:\/\/rotobed.com\/se\/kristina-sangvita\/#breadcrumb","itemListElement":[{"@type":"ListItem","position":1,"name":"Hjem","item":"https:\/\/rotobed.com\/se\/"},{"@type":"ListItem","position":2,"name":"Kristina Sangvita"}]}]}},"_links":{"self":[{"href":"https:\/\/rotobed.com\/se\/wp-json\/wp\/v2\/pages\/208"}],"collection":[{"href":"https:\/\/rotobed.com\/se\/wp-json\/wp\/v2\/pages"}],"about":[{"href":"https:\/\/rotobed.com\/se\/wp-json\/wp\/v2\/types\/page"}],"author":[{"embeddable":true,"href":"https:\/\/rotobed.com\/se\/wp-json\/wp\/v2\/users\/1"}],"replies":[{"embeddable":true,"href":"https:\/\/rotobed.com\/se\/wp-json\/wp\/v2\/comments?post=208"}],"version-history":[{"count":6,"href":"https:\/\/rotobed.com\/se\/wp-json\/wp\/v2\/pages\/208\/revisions"}],"predecessor-version":[{"id":2665,"href":"https:\/\/rotobed.com\/se\/wp-json\/wp\/v2\/pages\/208\/revisions\/2665"}],"wp:attachment":[{"href":"https:\/\/rotobed.com\/se\/wp-json\/wp\/v2\/media?parent=208"}],"curies":[{"name":"wp","href":"https:\/\/api.w.org\/{rel}","templated":true}]}}