{"id":5066,"date":"2019-12-08T18:38:29","date_gmt":"2019-12-08T18:38:29","guid":{"rendered":"https:\/\/rotobed.com\/se\/?page_id=5066"},"modified":"2020-10-29T13:23:13","modified_gmt":"2020-10-29T13:23:13","slug":"rotobed-tillbehor","status":"publish","type":"page","link":"https:\/\/rotobed.com\/se\/rotobed-tillbehor\/","title":{"rendered":"Accessories &#8211; sells"},"content":{"rendered":"<p>&nbsp;<\/p>\n<h1 style=\"text-align: center;\">RotoBed\u00ae tillbeh\u00f6r<\/h1>\n<p>RotoBed\u00aeHome och RotoBed\u00aeFree g\u00e5r att f\u00e5 med en m\u00e4ngd kvalitetstillbeh\u00f6r som underl\u00e4ttar vardagen f\u00f6r anv\u00e4ndaren. M\u00e5nga av tillbeh\u00f6ren har tagits fram speciellt f\u00f6r Roto-s\u00e4ngarna.<\/p>\n<div class=\"woocommerce columns-4 \"><\/div>\n","protected":false},"excerpt":{"rendered":"<p>&nbsp; RotoBed\u00ae tillbeh\u00f6r RotoBed\u00aeHome och RotoBed\u00aeFree g\u00e5r att f\u00e5 med en m\u00e4ngd kvalitetstillbeh\u00f6r som underl\u00e4ttar vardagen f\u00f6r anv\u00e4ndaren. M\u00e5nga av tillbeh\u00f6ren har tagits fram speciellt f\u00f6r Roto-s\u00e4ngarna.<\/p>\n","protected":false},"author":1,"featured_media":0,"parent":0,"menu_order":0,"comment_status":"closed","ping_status":"closed","template":"","meta":[],"yoast_head":"<!-- This site is optimized with the Yoast SEO plugin v16.9 - https:\/\/yoast.com\/wordpress\/plugins\/seo\/ -->\n<title>RotoBed\u00ae tillbeh\u00f6r til vrids\u00e4ngarna RotoBed\u00aeHome och RotoBed\u00aeFree<\/title>\n<meta name=\"description\" content=\"RotoBed\u00ae erbjuder h\u00f6gkvalitativa tillbeh\u00f6r till v\u00e5ra vridbara s\u00e4ngar. Nattbord, lampor, s\u00e4ngkl\u00e4der, kuddar, patenterat belysningssystem och mer.\" \/>\n<meta name=\"robots\" content=\"index, follow, max-snippet:-1, max-image-preview:large, max-video-preview:-1\" \/>\n<link rel=\"canonical\" href=\"https:\/\/rotobed.com\/se\/rotobed-tillbehor\/\" \/>\n<meta property=\"og:locale\" content=\"en_US\" \/>\n<meta property=\"og:type\" content=\"article\" \/>\n<meta property=\"og:title\" content=\"RotoBed\u00ae tillbeh\u00f6r til vrids\u00e4ngarna RotoBed\u00aeHome och RotoBed\u00aeFree\" \/>\n<meta property=\"og:description\" content=\"RotoBed\u00ae erbjuder h\u00f6gkvalitativa tillbeh\u00f6r till v\u00e5ra vridbara s\u00e4ngar. Nattbord, lampor, s\u00e4ngkl\u00e4der, kuddar, patenterat belysningssystem och mer.\" \/>\n<meta property=\"og:url\" content=\"https:\/\/rotobed.com\/se\/rotobed-tillbehor\/\" \/>\n<meta property=\"og:site_name\" content=\"RotoBed\" \/>\n<meta property=\"article:modified_time\" content=\"2020-10-29T13:23:13+00:00\" \/>\n<meta name=\"twitter:card\" content=\"summary\" \/>\n<script type=\"application\/ld+json\" class=\"yoast-schema-graph\">{\"@context\":\"https:\/\/schema.org\",\"@graph\":[{\"@type\":\"WebSite\",\"@id\":\"https:\/\/rotobed.com\/se\/#website\",\"url\":\"https:\/\/rotobed.com\/se\/\",\"name\":\"RotoBed\",\"description\":\"\",\"potentialAction\":[{\"@type\":\"SearchAction\",\"target\":{\"@type\":\"EntryPoint\",\"urlTemplate\":\"https:\/\/rotobed.com\/se\/?s={search_term_string}\"},\"query-input\":\"required name=search_term_string\"}],\"inLanguage\":\"en-US\"},{\"@type\":\"WebPage\",\"@id\":\"https:\/\/rotobed.com\/se\/rotobed-tillbehor\/#webpage\",\"url\":\"https:\/\/rotobed.com\/se\/rotobed-tillbehor\/\",\"name\":\"RotoBed\\u00ae tillbeh\\u00f6r til vrids\\u00e4ngarna RotoBed\\u00aeHome och RotoBed\\u00aeFree\",\"isPartOf\":{\"@id\":\"https:\/\/rotobed.com\/se\/#website\"},\"datePublished\":\"2019-12-08T18:38:29+00:00\",\"dateModified\":\"2020-10-29T13:23:13+00:00\",\"description\":\"RotoBed\\u00ae erbjuder h\\u00f6gkvalitativa tillbeh\\u00f6r till v\\u00e5ra vridbara s\\u00e4ngar. Nattbord, lampor, s\\u00e4ngkl\\u00e4der, kuddar, patenterat belysningssystem och mer.\",\"breadcrumb\":{\"@id\":\"https:\/\/rotobed.com\/se\/rotobed-tillbehor\/#breadcrumb\"},\"inLanguage\":\"en-US\",\"potentialAction\":[{\"@type\":\"ReadAction\",\"target\":[\"https:\/\/rotobed.com\/se\/rotobed-tillbehor\/\"]}]},{\"@type\":\"BreadcrumbList\",\"@id\":\"https:\/\/rotobed.com\/se\/rotobed-tillbehor\/#breadcrumb\",\"itemListElement\":[{\"@type\":\"ListItem\",\"position\":1,\"name\":\"Hjem\",\"item\":\"https:\/\/rotobed.com\/se\/\"},{\"@type\":\"ListItem\",\"position\":2,\"name\":\"Accessories &#8211; sells\"}]}]}<\/script>\n<!-- \/ Yoast SEO plugin. -->","yoast_head_json":{"title":"RotoBed\u00ae tillbeh\u00f6r til vrids\u00e4ngarna RotoBed\u00aeHome och RotoBed\u00aeFree","description":"RotoBed\u00ae erbjuder h\u00f6gkvalitativa tillbeh\u00f6r till v\u00e5ra vridbara s\u00e4ngar. Nattbord, lampor, s\u00e4ngkl\u00e4der, kuddar, patenterat belysningssystem och mer.","robots":{"index":"index","follow":"follow","max-snippet":"max-snippet:-1","max-image-preview":"max-image-preview:large","max-video-preview":"max-video-preview:-1"},"canonical":"https:\/\/rotobed.com\/se\/rotobed-tillbehor\/","og_locale":"en_US","og_type":"article","og_title":"RotoBed\u00ae tillbeh\u00f6r til vrids\u00e4ngarna RotoBed\u00aeHome och RotoBed\u00aeFree","og_description":"RotoBed\u00ae erbjuder h\u00f6gkvalitativa tillbeh\u00f6r till v\u00e5ra vridbara s\u00e4ngar. Nattbord, lampor, s\u00e4ngkl\u00e4der, kuddar, patenterat belysningssystem och mer.","og_url":"https:\/\/rotobed.com\/se\/rotobed-tillbehor\/","og_site_name":"RotoBed","article_modified_time":"2020-10-29T13:23:13+00:00","twitter_card":"summary","schema":{"@context":"https:\/\/schema.org","@graph":[{"@type":"WebSite","@id":"https:\/\/rotobed.com\/se\/#website","url":"https:\/\/rotobed.com\/se\/","name":"RotoBed","description":"","potentialAction":[{"@type":"SearchAction","target":{"@type":"EntryPoint","urlTemplate":"https:\/\/rotobed.com\/se\/?s={search_term_string}"},"query-input":"required name=search_term_string"}],"inLanguage":"en-US"},{"@type":"WebPage","@id":"https:\/\/rotobed.com\/se\/rotobed-tillbehor\/#webpage","url":"https:\/\/rotobed.com\/se\/rotobed-tillbehor\/","name":"RotoBed\u00ae tillbeh\u00f6r til vrids\u00e4ngarna RotoBed\u00aeHome och RotoBed\u00aeFree","isPartOf":{"@id":"https:\/\/rotobed.com\/se\/#website"},"datePublished":"2019-12-08T18:38:29+00:00","dateModified":"2020-10-29T13:23:13+00:00","description":"RotoBed\u00ae erbjuder h\u00f6gkvalitativa tillbeh\u00f6r till v\u00e5ra vridbara s\u00e4ngar. Nattbord, lampor, s\u00e4ngkl\u00e4der, kuddar, patenterat belysningssystem och mer.","breadcrumb":{"@id":"https:\/\/rotobed.com\/se\/rotobed-tillbehor\/#breadcrumb"},"inLanguage":"en-US","potentialAction":[{"@type":"ReadAction","target":["https:\/\/rotobed.com\/se\/rotobed-tillbehor\/"]}]},{"@type":"BreadcrumbList","@id":"https:\/\/rotobed.com\/se\/rotobed-tillbehor\/#breadcrumb","itemListElement":[{"@type":"ListItem","position":1,"name":"Hjem","item":"https:\/\/rotobed.com\/se\/"},{"@type":"ListItem","position":2,"name":"Accessories &#8211; sells"}]}]}},"_links":{"self":[{"href":"https:\/\/rotobed.com\/se\/wp-json\/wp\/v2\/pages\/5066"}],"collection":[{"href":"https:\/\/rotobed.com\/se\/wp-json\/wp\/v2\/pages"}],"about":[{"href":"https:\/\/rotobed.com\/se\/wp-json\/wp\/v2\/types\/page"}],"author":[{"embeddable":true,"href":"https:\/\/rotobed.com\/se\/wp-json\/wp\/v2\/users\/1"}],"replies":[{"embeddable":true,"href":"https:\/\/rotobed.com\/se\/wp-json\/wp\/v2\/comments?post=5066"}],"version-history":[{"count":36,"href":"https:\/\/rotobed.com\/se\/wp-json\/wp\/v2\/pages\/5066\/revisions"}],"predecessor-version":[{"id":7289,"href":"https:\/\/rotobed.com\/se\/wp-json\/wp\/v2\/pages\/5066\/revisions\/7289"}],"wp:attachment":[{"href":"https:\/\/rotobed.com\/se\/wp-json\/wp\/v2\/media?parent=5066"}],"curies":[{"name":"wp","href":"https:\/\/api.w.org\/{rel}","templated":true}]}}