{"id":5391,"date":"2020-02-04T10:05:56","date_gmt":"2020-02-04T10:05:56","guid":{"rendered":"https:\/\/rotobed.com\/se\/?page_id=5391"},"modified":"2020-03-26T12:35:12","modified_gmt":"2020-03-26T12:35:12","slug":"rotobedhome","status":"publish","type":"page","link":"https:\/\/rotobed.com\/se\/rotobedhome\/","title":{"rendered":"RotoBed\u00aeHome"},"content":{"rendered":"<div id='fullscreen_slider_1' class='avia-fullscreen-slider main_color   container_wrap fullsize'   ><div  data-size='no scaling'  data-lightbox_size='large'  data-animation='slide'  data-ids='5400'  data-video_counter='0'  data-autoplay='true'  data-bg_slider='true'  data-slide_height='100'  data-handle='av_fullscreen'  data-interval='10'  data-class=' '  data-css_id='fullscreen_slider_1'  data-scroll_down=''  data-control_layout='av-control-default'  data-custom_markup=''  data-perma_caption=''  data-autoplay_stopper='1'  data-image_attachment=''  data-min_height='0px'  data-stretch=''  class='avia-slideshow avia-slideshow-1  av-control-default av-default-height-applied avia-slideshow-no scaling av_fullscreen   avia-slide-slider '  itemprop=\"ImageObject\" itemscope=\"itemscope\" itemtype=\"https:\/\/schema.org\/ImageObject\" ><ul class='avia-slideshow-inner' style='padding-bottom: 75.02850627138%;'><li style='background-position:center center;' data-img-url='https:\/\/rotobed.com\/se\/wp-content\/uploads\/2020\/01\/A3-81052-Milj\u00f8.jpg' class=' av-single-slide slide-1 ' ><div data-rel='slideshow-1' class='avia-slide-wrap'  ><div class = \"caption_fullwidth av-slideshow-caption caption_left\"><div class = \"container caption_container\"><div class = \"slideshow_caption\"><div class = \"slideshow_inner_caption\"><div class = \"slideshow_align_caption\"><a href='http:\/\/'  class='avia-slideshow-button avia-button avia-color-theme-color ' data-duration='800' data-easing='easeInOutQuad'>K\u00f8b RotoBed\u00aeHome her<\/a><\/div><\/div><\/div><\/div><\/div><\/div><\/li><\/ul><\/div><\/div>\n<div  class='hr hr-full hr-no-shadow  '><span class='hr-inner ' ><span class='hr-inner-style'><\/span><\/span><\/div>\n<section class=\"av_textblock_section \"  itemscope=\"itemscope\" itemtype=\"https:\/\/schema.org\/CreativeWork\" ><div class='avia_textblock  '   itemprop=\"text\" ><h1 style=\"text-align: center;\">RotoBed\u00aeHome med automatisk drejefunktion<\/h1>\n<h1 style=\"text-align: center;\">&#8211; hj\u00e6lper dig hver eneste dag<\/h1>\n<\/div><\/section>\n<div class=\"flex_column av_one_half  flex_column_div av-zero-column-padding first  \" style='border-radius:0px; '><section class=\"av_textblock_section \"  itemscope=\"itemscope\" itemtype=\"https:\/\/schema.org\/CreativeWork\" ><div class='avia_textblock  '   itemprop=\"text\" ><h3>RotoBed\u00aeHome er en innovativ seng med et v\u00e6ld af h\u00f8jteknologiske funktioner. Du kan s\u00e6tte dit helt eget pr\u00e6g p\u00e5 din seng ved at v\u00e6lge farver og gavle. Design din RotoBed\u00aeHome her.<\/h3>\n<p>Med en RotoBed\u00aeHome kan du f\u00e5 mere frihed og h\u00f8jere livskvalitet:<\/p>\n<ul>\n<li>Personer, der har sv\u00e6rt ved at komme ud og ind i sengen selv, kan med en RotoBed\u00aeHome klare ind- og udstigning uden brug af kr\u00e6fter.<\/li>\n<li>Blot ved et enkelt tryk p\u00e5 en fjernbetjening k\u00f8res sengen op i stoleposition og roteres ud mod rummet. Det tager mindre end et minut.<\/li>\n<li>Dette letter udstigning og eventuel overgang til k\u00f8restol eller st\u00e5lift.<\/li>\n<li>Liggefladen er 4-delt og giver optimal st\u00f8tte.<\/li>\n<li>RotoBed\u00aeHome har foruden rotationen el-funktion p\u00e5 ryg- og ben-del.<\/li>\n<li>Den roterende mekanisme er st\u00f8jsvag og behagelig for brugeren.<\/li>\n<li>Enkel og overskuelig fjernbetjening.<\/li>\n<li>Mulighed for at v\u00e6lge mellem skr\u00e5 og vinkelret udstigning.<\/li>\n<li>Mulighed for at lagre favorit-indstillinger.<\/li>\n<\/ul>\n<\/div><\/section><\/div>\n<div class=\"flex_column av_one_half  flex_column_div av-zero-column-padding   \" style='border-radius:0px; '><p><div class='avia-gallery  avia-gallery-1 avia_lazyload avia_animate_when_visible '  itemprop=\"ImageObject\" itemscope=\"itemscope\" itemtype=\"https:\/\/schema.org\/ImageObject\" ><div class='avia-gallery-thumb'> <a href='https:\/\/rotobed.com\/se\/wp-content\/uploads\/2020\/01\/A3-81053.Milj\u00f8-1030x773.jpg' data-rel='gallery-1' data-prev-img='https:\/\/rotobed.com\/se\/wp-content\/uploads\/2020\/01\/A3-81053.Milj\u00f8-495x400.jpg' class='first_thumb lightbox ' data-onclick='1' title=''  itemprop=\"thumbnailUrl\" ><img  src='https:\/\/rotobed.com\/se\/wp-content\/uploads\/2020\/01\/A3-81053.Milj\u00f8-495x400.jpg' width='495' height='400'  title='RotoBed\u00aeHome Hans Sandgren' alt='RotoBed Home carebed Hans Sandgren nursing bed' \/><\/a> <a href='https:\/\/rotobed.com\/se\/wp-content\/uploads\/2020\/01\/RotoBed-Home-low-low-r\u00f8d.jpg' data-rel='gallery-1' data-prev-img='https:\/\/rotobed.com\/se\/wp-content\/uploads\/2020\/01\/RotoBed-Home-low-low-r\u00f8d-495x400.jpg' class='lightbox ' data-onclick='2' title=''  itemprop=\"thumbnailUrl\" ><img  src='https:\/\/rotobed.com\/se\/wp-content\/uploads\/2020\/01\/RotoBed-Home-low-low-r\u00f8d-495x400.jpg' width='495' height='400'  title='RotoBed\u00aeHome Low-Low red' alt='rotating bed care bed roto' \/><\/a> <a href='https:\/\/rotobed.com\/se\/wp-content\/uploads\/2020\/01\/Home-Spotlight--1030x773.jpg' data-rel='gallery-1' data-prev-img='https:\/\/rotobed.com\/se\/wp-content\/uploads\/2020\/01\/Home-Spotlight--495x400.jpg' class='lightbox ' data-onclick='3' title=''  itemprop=\"thumbnailUrl\" ><img  src='https:\/\/rotobed.com\/se\/wp-content\/uploads\/2020\/01\/Home-Spotlight--495x400.jpg' width='495' height='400'  title='RotoBed\u00aeHome' alt='RotoBed carebed Hans Sandgren design nursing bed' \/><\/a> <a href='https:\/\/rotobed.com\/se\/wp-content\/uploads\/2019\/12\/RemoteControl-Wireless-1030x1030.jpg' data-rel='gallery-1' data-prev-img='https:\/\/rotobed.com\/se\/wp-content\/uploads\/2019\/12\/RemoteControl-Wireless-495x400.jpg' class='lightbox ' data-onclick='4' title='RotoBed\u00aeWireless'  itemprop=\"thumbnailUrl\" ><img data-avia-tooltip='RotoBed\u00aeWireless' src='https:\/\/rotobed.com\/se\/wp-content\/uploads\/2019\/12\/RemoteControl-Wireless-495x400.jpg' width='495' height='400'  title='RemoteControl Wireless' alt='RotoBed care bed nursing bed remote control' \/><\/a> <a href='https:\/\/rotobed.com\/se\/wp-content\/uploads\/2019\/12\/UnderbedLight-1030x773.jpg' data-rel='gallery-1' data-prev-img='https:\/\/rotobed.com\/se\/wp-content\/uploads\/2019\/12\/UnderbedLight-495x400.jpg' class='lightbox ' data-onclick='5' title=''  itemprop=\"thumbnailUrl\" ><img  src='https:\/\/rotobed.com\/se\/wp-content\/uploads\/2019\/12\/UnderbedLight-495x400.jpg' width='495' height='400'  title='RotoBed\u00aeUnderbedLight' alt='rotobed rotating care bed underbed light' \/><\/a><\/div><\/div><br \/>\n<div  data-size='no scaling'  data-lightbox_size='large'  data-animation='fade'  data-ids='5422,5430,5429,5424,5425,5428'  data-video_counter='0'  data-autoplay='true'  data-bg_slider='false'  data-slide_height=''  data-handle='av_slideshow'  data-interval='2'  data-class=' '  data-css_id=''  data-scroll_down=''  data-control_layout='av-control-default'  data-custom_markup=''  data-perma_caption=''  data-autoplay_stopper=''  data-image_attachment=''  data-min_height='0px'  class='avia-slideshow avia-slideshow-2  av-control-default av-default-height-applied avia-slideshow-no scaling av_slideshow   avia-fade-slider '  itemprop=\"ImageObject\" itemscope=\"itemscope\" itemtype=\"https:\/\/schema.org\/ImageObject\" ><ul class='avia-slideshow-inner' style='padding-bottom: 73.973774230331%;'><li  class=' slide-1 ' ><div data-rel='slideshow-2' class='avia-slide-wrap'  ><img src='https:\/\/rotobed.com\/se\/wp-content\/uploads\/2020\/01\/81057.jpg' width='3508' height='2595' title='RotoBed\u00aeHome' alt='rotating bed rotobed care bed'  itemprop=\"thumbnailUrl\"   \/><\/div><\/li><li  class=' slide-2 ' ><div data-rel='slideshow-2' class='avia-slide-wrap'  ><img src='https:\/\/rotobed.com\/se\/wp-content\/uploads\/2020\/01\/81056.jpg' width='3508' height='2595' title='RotoBed\u00aeHome' alt='RotoBed Home rotative bed'  itemprop=\"thumbnailUrl\"   \/><\/div><\/li><li  class=' slide-3 ' ><div data-rel='slideshow-2' class='avia-slide-wrap'  ><img src='https:\/\/rotobed.com\/se\/wp-content\/uploads\/2020\/01\/81055.jpg' width='3508' height='2595' title='RotoBed\u00aeHome rotation' alt='RotoBed rotating bed'  itemprop=\"thumbnailUrl\"   \/><\/div><\/li><li  class=' slide-4 ' ><div data-rel='slideshow-2' class='avia-slide-wrap'  ><img src='https:\/\/rotobed.com\/se\/wp-content\/uploads\/2020\/01\/81059.jpg' width='3508' height='2595' title='RotoBed\u00aeHome perpendicular exit' alt='rotating bed rotobed care roto bed'  itemprop=\"thumbnailUrl\"   \/><\/div><\/li><li  class=' slide-5 ' ><div data-rel='slideshow-2' class='avia-slide-wrap'  ><img src='https:\/\/rotobed.com\/se\/wp-content\/uploads\/2020\/01\/81060.jpg' width='3508' height='2595' title='81060' alt=''  itemprop=\"thumbnailUrl\"   \/><\/div><\/li><li  class=' slide-6 ' ><div data-rel='slideshow-2' class='avia-slide-wrap'  ><img src='https:\/\/rotobed.com\/se\/wp-content\/uploads\/2020\/01\/81063.jpg' width='3508' height='2595' title='RotoBed\u00aeHome' alt='RotoBed\u00aeHome rotating bed'  itemprop=\"thumbnailUrl\"   \/><\/div><\/li><\/ul><div class='avia-slideshow-arrows avia-slideshow-controls'><a href='#prev' class='prev-slide' aria-hidden='true' data-av_icon='\ue87c' data-av_iconfont='entypo-fontello'>Previous<\/a><a href='#next' class='next-slide' aria-hidden='true' data-av_icon='\ue87d' data-av_iconfont='entypo-fontello'>Next<\/a><\/div><div class='avia-slideshow-dots avia-slideshow-controls'><a href='#1' class='goto-slide active' >1<\/a><a href='#2' class='goto-slide ' >2<\/a><a href='#3' class='goto-slide ' >3<\/a><a href='#4' class='goto-slide ' >4<\/a><a href='#5' class='goto-slide ' >5<\/a><a href='#6' class='goto-slide ' >6<\/a><\/div><\/div><\/p><\/div>\n<div class=\"flex_column av_one_third  flex_column_div av-zero-column-padding first  \" style='border-width:4px; border-color:#a59a93; border-style:solid; border-radius:0px; '><section class=\"av_textblock_section \"  itemscope=\"itemscope\" itemtype=\"https:\/\/schema.org\/CreativeWork\" ><div class='avia_textblock  '   itemprop=\"text\" ><p style=\"padding-left: 60px;\"><strong>Skitse med m\u00e5l for roteret seng<\/strong><\/p>\n<\/div><\/section><br \/>\n<div class='avia-image-container  av-styling-    avia-align-center '  itemprop=\"ImageObject\" itemscope=\"itemscope\" itemtype=\"https:\/\/schema.org\/ImageObject\"  ><div class='avia-image-container-inner'><img class='avia_image ' src='https:\/\/rotobed.com\/se\/wp-content\/uploads\/2020\/03\/Home-skitse-med-st\u00f8rre-m\u00e5l-195x300.jpg' alt='rotobed v\u00e5rdseng vrid' title='RotoBed\u00aeHome skiss'   itemprop=\"thumbnailUrl\"  \/><\/div><\/div><\/p><\/div><div class=\"flex_column av_one_third  flex_column_div av-zero-column-padding   \" style='border-width:4px; border-color:#a59a93; border-style:solid; border-radius:0px; '><article class=\"iconbox iconbox_top main_color    \"  itemscope=\"itemscope\" itemtype=\"https:\/\/schema.org\/CreativeWork\" ><div class=\"iconbox_content\"><header class=\"entry-content-header\"><div class=\"iconbox_icon heading-color \" aria-hidden='true' data-av_icon='\ue81f' data-av_iconfont='entypo-fontello'  ><\/div><h3 class='iconbox_content_title '  itemprop=\"headline\"  >Teknisk info<\/h3><\/header><div class='iconbox_content_container  '  itemprop=\"text\"  ><p>Udstigningsh\u00f8jde: 40-59 cm<\/p>\n<p>Madrasm\u00e5l: 85 x 205 cm<\/p>\n<p>Tr\u00e6sort: Egetr\u00e6sfin\u00e9r<\/p>\n<p>Max brugerv\u00e6gt: 190 kg<\/p>\n<p><strong>V\u00e6gtangivelser<\/strong><\/p>\n<p>Hovedgavl: 22 kg<\/p>\n<p>Fodgavl: 20 kg<\/p>\n<p>Ramme: 104 kg<\/p>\n<p>Samlet v\u00e6gt: 146 kg<\/p>\n<p>F\u00e5s med diverse<a href=\"https:\/\/rotobed.com\/se\/da\/tilbehoer\/\"> <u>tilbeh\u00f8r<\/u><\/a><\/p>\n<p><strong>Krav og normer<\/strong><\/p>\n<p style=\"text-align: left;\">RotoBed\u00aeHome er CE godkendt og opfylder de nyeste europ\u00e6iske normer efter direktiv\u00a02006\/42\/ef and ISO EN 12100:2011<\/p>\n<p style=\"text-align: left;\">Motorer og kontrolboks i topkvalitet udviklet i samarbejde med LINAK og godkendt efter standard IPX6W.<\/p>\n<\/div><\/div><footer class=\"entry-footer\"><\/footer><\/article><\/div><\/p>\n<div class=\"flex_column av_one_third  flex_column_div av-zero-column-padding   \" style='border-width:4px; border-color:#a59a93; border-style:solid; border-radius:0px; '><section class=\"av_textblock_section \"  itemscope=\"itemscope\" itemtype=\"https:\/\/schema.org\/CreativeWork\" ><div class='avia_textblock  '   itemprop=\"text\" ><p style=\"padding-left: 60px;\"><strong>Pakning p\u00e5 palle<\/strong><\/p>\n<\/div><\/section><br \/>\n<div class='avia-image-container  av-styling-    avia-align-center '  itemprop=\"ImageObject\" itemscope=\"itemscope\" itemtype=\"https:\/\/schema.org\/ImageObject\"  ><div class='avia-image-container-inner'><img class='avia_image ' src='https:\/\/rotobed.com\/se\/wp-content\/uploads\/2020\/01\/Skitse-RotoBed\u00aeHome-p\u00e5-palle-210x300.jpg' alt='rotobed v\u00e5rdseng rotation transport' title='RotoBed\u00aeHome transport'   itemprop=\"thumbnailUrl\"  \/><\/div><\/div><\/p><\/div>\n<div  class='hr hr-default  '><span class='hr-inner ' ><span class='hr-inner-style'><\/span><\/span><\/div>\n","protected":false},"excerpt":{"rendered":"","protected":false},"author":2,"featured_media":0,"parent":0,"menu_order":0,"comment_status":"closed","ping_status":"closed","template":"","meta":[],"yoast_head":"<!-- This site is optimized with the Yoast SEO plugin v16.9 - https:\/\/yoast.com\/wordpress\/plugins\/seo\/ -->\n<title>RotoBed\u00aeHome - RotoBed<\/title>\n<meta name=\"robots\" content=\"index, follow, max-snippet:-1, max-image-preview:large, max-video-preview:-1\" \/>\n<link rel=\"canonical\" href=\"https:\/\/rotobed.com\/se\/rotobedhome\/\" \/>\n<meta property=\"og:locale\" content=\"en_US\" \/>\n<meta property=\"og:type\" content=\"article\" \/>\n<meta property=\"og:title\" content=\"RotoBed\u00aeHome - RotoBed\" \/>\n<meta property=\"og:url\" content=\"https:\/\/rotobed.com\/se\/rotobedhome\/\" \/>\n<meta property=\"og:site_name\" content=\"RotoBed\" \/>\n<meta property=\"article:modified_time\" content=\"2020-03-26T12:35:12+00:00\" \/>\n<meta name=\"twitter:card\" content=\"summary\" \/>\n<meta name=\"twitter:label1\" content=\"Est. reading time\" \/>\n\t<meta name=\"twitter:data1\" content=\"7 minutes\" \/>\n<script type=\"application\/ld+json\" class=\"yoast-schema-graph\">{\"@context\":\"https:\/\/schema.org\",\"@graph\":[{\"@type\":\"WebSite\",\"@id\":\"https:\/\/rotobed.com\/se\/#website\",\"url\":\"https:\/\/rotobed.com\/se\/\",\"name\":\"RotoBed\",\"description\":\"\",\"potentialAction\":[{\"@type\":\"SearchAction\",\"target\":{\"@type\":\"EntryPoint\",\"urlTemplate\":\"https:\/\/rotobed.com\/se\/?s={search_term_string}\"},\"query-input\":\"required name=search_term_string\"}],\"inLanguage\":\"en-US\"},{\"@type\":\"WebPage\",\"@id\":\"https:\/\/rotobed.com\/se\/rotobedhome\/#webpage\",\"url\":\"https:\/\/rotobed.com\/se\/rotobedhome\/\",\"name\":\"RotoBed\\u00aeHome - RotoBed\",\"isPartOf\":{\"@id\":\"https:\/\/rotobed.com\/se\/#website\"},\"datePublished\":\"2020-02-04T10:05:56+00:00\",\"dateModified\":\"2020-03-26T12:35:12+00:00\",\"breadcrumb\":{\"@id\":\"https:\/\/rotobed.com\/se\/rotobedhome\/#breadcrumb\"},\"inLanguage\":\"en-US\",\"potentialAction\":[{\"@type\":\"ReadAction\",\"target\":[\"https:\/\/rotobed.com\/se\/rotobedhome\/\"]}]},{\"@type\":\"BreadcrumbList\",\"@id\":\"https:\/\/rotobed.com\/se\/rotobedhome\/#breadcrumb\",\"itemListElement\":[{\"@type\":\"ListItem\",\"position\":1,\"name\":\"Hjem\",\"item\":\"https:\/\/rotobed.com\/se\/\"},{\"@type\":\"ListItem\",\"position\":2,\"name\":\"RotoBed\\u00aeHome\"}]}]}<\/script>\n<!-- \/ Yoast SEO plugin. -->","yoast_head_json":{"title":"RotoBed\u00aeHome - RotoBed","robots":{"index":"index","follow":"follow","max-snippet":"max-snippet:-1","max-image-preview":"max-image-preview:large","max-video-preview":"max-video-preview:-1"},"canonical":"https:\/\/rotobed.com\/se\/rotobedhome\/","og_locale":"en_US","og_type":"article","og_title":"RotoBed\u00aeHome - RotoBed","og_url":"https:\/\/rotobed.com\/se\/rotobedhome\/","og_site_name":"RotoBed","article_modified_time":"2020-03-26T12:35:12+00:00","twitter_card":"summary","twitter_misc":{"Est. reading time":"7 minutes"},"schema":{"@context":"https:\/\/schema.org","@graph":[{"@type":"WebSite","@id":"https:\/\/rotobed.com\/se\/#website","url":"https:\/\/rotobed.com\/se\/","name":"RotoBed","description":"","potentialAction":[{"@type":"SearchAction","target":{"@type":"EntryPoint","urlTemplate":"https:\/\/rotobed.com\/se\/?s={search_term_string}"},"query-input":"required name=search_term_string"}],"inLanguage":"en-US"},{"@type":"WebPage","@id":"https:\/\/rotobed.com\/se\/rotobedhome\/#webpage","url":"https:\/\/rotobed.com\/se\/rotobedhome\/","name":"RotoBed\u00aeHome - RotoBed","isPartOf":{"@id":"https:\/\/rotobed.com\/se\/#website"},"datePublished":"2020-02-04T10:05:56+00:00","dateModified":"2020-03-26T12:35:12+00:00","breadcrumb":{"@id":"https:\/\/rotobed.com\/se\/rotobedhome\/#breadcrumb"},"inLanguage":"en-US","potentialAction":[{"@type":"ReadAction","target":["https:\/\/rotobed.com\/se\/rotobedhome\/"]}]},{"@type":"BreadcrumbList","@id":"https:\/\/rotobed.com\/se\/rotobedhome\/#breadcrumb","itemListElement":[{"@type":"ListItem","position":1,"name":"Hjem","item":"https:\/\/rotobed.com\/se\/"},{"@type":"ListItem","position":2,"name":"RotoBed\u00aeHome"}]}]}},"_links":{"self":[{"href":"https:\/\/rotobed.com\/se\/wp-json\/wp\/v2\/pages\/5391"}],"collection":[{"href":"https:\/\/rotobed.com\/se\/wp-json\/wp\/v2\/pages"}],"about":[{"href":"https:\/\/rotobed.com\/se\/wp-json\/wp\/v2\/types\/page"}],"author":[{"embeddable":true,"href":"https:\/\/rotobed.com\/se\/wp-json\/wp\/v2\/users\/2"}],"replies":[{"embeddable":true,"href":"https:\/\/rotobed.com\/se\/wp-json\/wp\/v2\/comments?post=5391"}],"version-history":[{"count":78,"href":"https:\/\/rotobed.com\/se\/wp-json\/wp\/v2\/pages\/5391\/revisions"}],"predecessor-version":[{"id":7275,"href":"https:\/\/rotobed.com\/se\/wp-json\/wp\/v2\/pages\/5391\/revisions\/7275"}],"wp:attachment":[{"href":"https:\/\/rotobed.com\/se\/wp-json\/wp\/v2\/media?parent=5391"}],"curies":[{"name":"wp","href":"https:\/\/api.w.org\/{rel}","templated":true}]}}